{"id":798,"date":"2024-06-20T15:19:07","date_gmt":"2024-06-20T12:19:07","guid":{"rendered":"https:\/\/vet-chem.com\/about\/"},"modified":"2024-08-28T19:03:17","modified_gmt":"2024-08-28T16:03:17","slug":"about","status":"publish","type":"page","link":"https:\/\/vet-chem.com\/de\/about\/","title":{"rendered":"\u00dcber uns"},"content":{"rendered":"\t\t<div data-elementor-type=\"wp-page\" data-elementor-id=\"798\" class=\"elementor elementor-798 elementor-206\">\n\t\t\t\t\t\t<section class=\"elementor-section elementor-top-section elementor-element elementor-element-7034a10 elementor-section-full_width elementor-section-height-default elementor-section-height-default wpr-particle-no wpr-jarallax-no wpr-parallax-no wpr-sticky-section-no\" data-id=\"7034a10\" data-element_type=\"section\" data-e-type=\"section\" data-settings=\"{&quot;background_background&quot;:&quot;classic&quot;}\">\n\t\t\t\t\t\t\t<div class=\"elementor-background-overlay\"><\/div>\n\t\t\t\t\t\t\t<div class=\"elementor-container elementor-column-gap-default\">\n\t\t\t\t\t<div class=\"elementor-column elementor-col-100 elementor-top-column elementor-element elementor-element-75cd4ba\" data-id=\"75cd4ba\" data-element_type=\"column\" data-e-type=\"column\" data-settings=\"{&quot;background_background&quot;:&quot;classic&quot;}\">\n\t\t\t<div class=\"elementor-widget-wrap elementor-element-populated\">\n\t\t\t\t\t\t<div class=\"elementor-element elementor-element-4ff9189 elementor-widget elementor-widget-heading\" data-id=\"4ff9189\" data-element_type=\"widget\" data-e-type=\"widget\" data-widget_type=\"heading.default\">\n\t\t\t\t<div class=\"elementor-widget-container\">\n\t\t\t\t\t<h2 class=\"elementor-heading-title elementor-size-default\">Firmen\u00fcbersicht<\/h2>\t\t\t\t<\/div>\n\t\t\t\t<\/div>\n\t\t\t\t\t<\/div>\n\t\t<\/div>\n\t\t\t\t\t<\/div>\n\t\t<\/section>\n\t\t\t\t<section class=\"elementor-section elementor-top-section elementor-element elementor-element-b0f25a2 elementor-section-boxed elementor-section-height-default elementor-section-height-default wpr-particle-no wpr-jarallax-no wpr-parallax-no wpr-sticky-section-no\" data-id=\"b0f25a2\" data-element_type=\"section\" data-e-type=\"section\">\n\t\t\t\t\t\t<div class=\"elementor-container elementor-column-gap-default\">\n\t\t\t\t\t<div class=\"elementor-column elementor-col-100 elementor-top-column elementor-element elementor-element-117707f\" data-id=\"117707f\" data-element_type=\"column\" data-e-type=\"column\" data-settings=\"{&quot;background_background&quot;:&quot;classic&quot;}\">\n\t\t\t<div class=\"elementor-widget-wrap elementor-element-populated\">\n\t\t\t\t\t\t<div class=\"elementor-element elementor-element-047a8b8 elementor-widget elementor-widget-image\" data-id=\"047a8b8\" data-element_type=\"widget\" data-e-type=\"widget\" data-widget_type=\"image.default\">\n\t\t\t\t<div class=\"elementor-widget-container\">\n\t\t\t\t\t\t\t\t\t\t\t\t\t\t\t<img decoding=\"async\" src=\"https:\/\/vet-chem.com\/wp-content\/uploads\/2024\/06\/logo-w.svg\" class=\"attachment-full size-full wp-image-745\" alt=\"\" \/>\t\t\t\t\t\t\t\t\t\t\t\t\t\t\t<\/div>\n\t\t\t\t<\/div>\n\t\t\t\t<div class=\"elementor-element elementor-element-edcd911 elementor-widget elementor-widget-text-editor\" data-id=\"edcd911\" data-element_type=\"widget\" data-e-type=\"widget\" data-widget_type=\"text-editor.default\">\n\t\t\t\t<div class=\"elementor-widget-container\">\n\t\t\t\t\t\t\t\t\t<p>Wir m\u00f6chten diese Gelegenheit nutzen, um uns vorzustellen. Wir sind Vet Chem, ein junges, aufstrebendes Unternehmen. Unser Hauptsitz befindet sich in &#8230; Deutschland. Wir sind eine Niederlassung von Homeservis, einem Unternehmen, das auf die Erbringung von Logistikdienstleistungen f\u00fcr Privathaushalte spezialisiert ist. Unsere Spezialisierung auf die Herstellung und den Vertrieb von Tierarzneimitteln ist das Ergebnis unserer Vision vom Bedarf des globalen Marktes an diesen Produkten. Vet Chem beliefert seine internationalen Kunden mit allen Arten von Tierarzneimitteln. Wir haben einen Partnerschaftsvertrag mit f\u00fchrenden Unternehmen in der Herstellung von Tierarzneimitteln unterzeichnet, die GMP- und WHO-zertifiziert sind. Wir blicken zuversichtlich in die Zukunft.<\/p>\t\t\t\t\t\t\t\t<\/div>\n\t\t\t\t<\/div>\n\t\t\t\t\t<\/div>\n\t\t<\/div>\n\t\t\t\t\t<\/div>\n\t\t<\/section>\n\t\t\t\t<section class=\"elementor-section elementor-top-section elementor-element elementor-element-e184030 elementor-section-boxed elementor-section-height-default elementor-section-height-default wpr-particle-no wpr-jarallax-no wpr-parallax-no wpr-sticky-section-no\" data-id=\"e184030\" data-element_type=\"section\" data-e-type=\"section\">\n\t\t\t\t\t\t<div class=\"elementor-container elementor-column-gap-default\">\n\t\t\t\t\t<div class=\"elementor-column elementor-col-100 elementor-top-column elementor-element elementor-element-bb0c30e\" data-id=\"bb0c30e\" data-element_type=\"column\" data-e-type=\"column\">\n\t\t\t<div class=\"elementor-widget-wrap elementor-element-populated\">\n\t\t\t\t\t\t<div class=\"elementor-element elementor-element-35dcb7e elementor-widget elementor-widget-google_maps\" data-id=\"35dcb7e\" data-element_type=\"widget\" data-e-type=\"widget\" data-widget_type=\"google_maps.default\">\n\t\t\t\t<div class=\"elementor-widget-container\">\n\t\t\t\t\t\t\t<div class=\"elementor-custom-embed\">\n\t\t\t<iframe loading=\"lazy\"\n\t\t\t\t\tsrc=\"https:\/\/maps.google.com\/maps?q=Schweizer%20Str.%2024%2C%2001069%20Dresden%2C%20Germany&#038;t=m&#038;z=14&#038;output=embed&#038;iwloc=near\"\n\t\t\t\t\ttitle=\"Schweizer Str. 24, 01069 Dresden, Germany\"\n\t\t\t\t\taria-label=\"Schweizer Str. 24, 01069 Dresden, Germany\"\n\t\t\t><\/iframe>\n\t\t<\/div>\n\t\t\t\t\t\t<\/div>\n\t\t\t\t<\/div>\n\t\t\t\t\t<\/div>\n\t\t<\/div>\n\t\t\t\t\t<\/div>\n\t\t<\/section>\n\t\t\t\t<\/div>\n\t\t","protected":false},"excerpt":{"rendered":"<p>Firmen\u00fcbersicht Wir m\u00f6chten diese Gelegenheit nutzen, um uns vorzustellen. Wir sind Vet Chem, ein junges, aufstrebendes Unternehmen. Unser Hauptsitz befindet sich in &#8230; Deutschland. Wir sind eine Niederlassung von Homeservis, einem Unternehmen, das auf die Erbringung von Logistikdienstleistungen f\u00fcr Privathaushalte spezialisiert ist. Unsere Spezialisierung auf die Herstellung und den Vertrieb von Tierarzneimitteln ist das Ergebnis unserer Vision vom Bedarf des globalen Marktes an diesen Produkten. Vet Chem beliefert seine internationalen Kunden mit allen Arten von Tierarzneimitteln. Wir haben einen Partnerschaftsvertrag mit f\u00fchrenden Unternehmen in der Herstellung von Tierarzneimitteln unterzeichnet, die GMP- und WHO-zertifiziert sind. Wir blicken zuversichtlich in die Zukunft.<\/p>\n","protected":false},"author":1,"featured_media":0,"parent":0,"menu_order":0,"comment_status":"closed","ping_status":"closed","template":"","meta":{"site-sidebar-layout":"no-sidebar","site-content-layout":"","ast-site-content-layout":"full-width-container","site-content-style":"default","site-sidebar-style":"default","ast-global-header-display":"","ast-banner-title-visibility":"","ast-main-header-display":"","ast-hfb-above-header-display":"","ast-hfb-below-header-display":"","ast-hfb-mobile-header-display":"","site-post-title":"disabled","ast-breadcrumbs-content":"","ast-featured-img":"disabled","footer-sml-layout":"","ast-disable-related-posts":"","theme-transparent-header-meta":"default","adv-header-id-meta":"","stick-header-meta":"","header-above-stick-meta":"","header-main-stick-meta":"","header-below-stick-meta":"","astra-migrate-meta-layouts":"set","ast-page-background-enabled":"default","ast-page-background-meta":{"desktop":{"background-color":"var(--ast-global-color-4)","background-image":"","background-repeat":"repeat","background-position":"center center","background-size":"auto","background-attachment":"scroll","background-type":"","background-media":"","overlay-type":"","overlay-color":"","overlay-opacity":"","overlay-gradient":""},"tablet":{"background-color":"","background-image":"","background-repeat":"repeat","background-position":"center center","background-size":"auto","background-attachment":"scroll","background-type":"","background-media":"","overlay-type":"","overlay-color":"","overlay-opacity":"","overlay-gradient":""},"mobile":{"background-color":"","background-image":"","background-repeat":"repeat","background-position":"center center","background-size":"auto","background-attachment":"scroll","background-type":"","background-media":"","overlay-type":"","overlay-color":"","overlay-opacity":"","overlay-gradient":""}},"ast-content-background-meta":{"desktop":{"background-color":"var(--ast-global-color-5)","background-image":"","background-repeat":"repeat","background-position":"center center","background-size":"auto","background-attachment":"scroll","background-type":"","background-media":"","overlay-type":"","overlay-color":"","overlay-opacity":"","overlay-gradient":""},"tablet":{"background-color":"var(--ast-global-color-5)","background-image":"","background-repeat":"repeat","background-position":"center center","background-size":"auto","background-attachment":"scroll","background-type":"","background-media":"","overlay-type":"","overlay-color":"","overlay-opacity":"","overlay-gradient":""},"mobile":{"background-color":"var(--ast-global-color-5)","background-image":"","background-repeat":"repeat","background-position":"center center","background-size":"auto","background-attachment":"scroll","background-type":"","background-media":"","overlay-type":"","overlay-color":"","overlay-opacity":"","overlay-gradient":""}},"footnotes":""},"class_list":["post-798","page","type-page","status-publish","hentry"],"yoast_head":"<!-- This site is optimized with the Yoast SEO plugin v27.3 - https:\/\/yoast.com\/product\/yoast-seo-wordpress\/ -->\n<title>\u00dcber uns - Vetchem<\/title>\n<meta name=\"robots\" content=\"index, follow, max-snippet:-1, max-image-preview:large, max-video-preview:-1\" \/>\n<link rel=\"canonical\" href=\"https:\/\/vet-chem.com\/de\/about\/\" \/>\n<meta property=\"og:locale\" content=\"de_DE\" \/>\n<meta property=\"og:type\" content=\"article\" \/>\n<meta property=\"og:title\" content=\"\u00dcber uns - Vetchem\" \/>\n<meta property=\"og:description\" content=\"Firmen\u00fcbersicht Wir m\u00f6chten diese Gelegenheit nutzen, um uns vorzustellen. Wir sind Vet Chem, ein junges, aufstrebendes Unternehmen. Unser Hauptsitz befindet sich in &#8230; Deutschland. Wir sind eine Niederlassung von Homeservis, einem Unternehmen, das auf die Erbringung von Logistikdienstleistungen f\u00fcr Privathaushalte spezialisiert ist. Unsere Spezialisierung auf die Herstellung und den Vertrieb von Tierarzneimitteln ist das Ergebnis unserer Vision vom Bedarf des globalen Marktes an diesen Produkten. Vet Chem beliefert seine internationalen Kunden mit allen Arten von Tierarzneimitteln. Wir haben einen Partnerschaftsvertrag mit f\u00fchrenden Unternehmen in der Herstellung von Tierarzneimitteln unterzeichnet, die GMP- und WHO-zertifiziert sind. Wir blicken zuversichtlich in die Zukunft.\" \/>\n<meta property=\"og:url\" content=\"https:\/\/vet-chem.com\/de\/about\/\" \/>\n<meta property=\"og:site_name\" content=\"Vetchem\" \/>\n<meta property=\"article:publisher\" content=\"https:\/\/www.facebook.com\/VetChemGerman\" \/>\n<meta property=\"article:modified_time\" content=\"2024-08-28T16:03:17+00:00\" \/>\n<meta property=\"og:image\" content=\"https:\/\/vet-chem.com\/wp-content\/uploads\/2024\/06\/logo-w.svg\" \/>\n<meta name=\"twitter:card\" content=\"summary_large_image\" \/>\n<meta name=\"twitter:label1\" content=\"Gesch\u00e4tzte Lesezeit\" \/>\n\t<meta name=\"twitter:data1\" content=\"1\u00a0Minute\" \/>\n<script type=\"application\/ld+json\" class=\"yoast-schema-graph\">{\"@context\":\"https:\\\/\\\/schema.org\",\"@graph\":[{\"@type\":\"WebPage\",\"@id\":\"https:\\\/\\\/vet-chem.com\\\/de\\\/about\\\/\",\"url\":\"https:\\\/\\\/vet-chem.com\\\/de\\\/about\\\/\",\"name\":\"\u00dcber uns - Vetchem\",\"isPartOf\":{\"@id\":\"https:\\\/\\\/vet-chem.com\\\/de\\\/#website\"},\"primaryImageOfPage\":{\"@id\":\"https:\\\/\\\/vet-chem.com\\\/de\\\/about\\\/#primaryimage\"},\"image\":{\"@id\":\"https:\\\/\\\/vet-chem.com\\\/de\\\/about\\\/#primaryimage\"},\"thumbnailUrl\":\"https:\\\/\\\/vet-chem.com\\\/wp-content\\\/uploads\\\/2024\\\/06\\\/logo-w.svg\",\"datePublished\":\"2024-06-20T12:19:07+00:00\",\"dateModified\":\"2024-08-28T16:03:17+00:00\",\"breadcrumb\":{\"@id\":\"https:\\\/\\\/vet-chem.com\\\/de\\\/about\\\/#breadcrumb\"},\"inLanguage\":\"de\",\"potentialAction\":[{\"@type\":\"ReadAction\",\"target\":[\"https:\\\/\\\/vet-chem.com\\\/de\\\/about\\\/\"]}]},{\"@type\":\"ImageObject\",\"inLanguage\":\"de\",\"@id\":\"https:\\\/\\\/vet-chem.com\\\/de\\\/about\\\/#primaryimage\",\"url\":\"https:\\\/\\\/vet-chem.com\\\/wp-content\\\/uploads\\\/2024\\\/06\\\/logo-w.svg\",\"contentUrl\":\"https:\\\/\\\/vet-chem.com\\\/wp-content\\\/uploads\\\/2024\\\/06\\\/logo-w.svg\"},{\"@type\":\"BreadcrumbList\",\"@id\":\"https:\\\/\\\/vet-chem.com\\\/de\\\/about\\\/#breadcrumb\",\"itemListElement\":[{\"@type\":\"ListItem\",\"position\":1,\"name\":\"Home\",\"item\":\"https:\\\/\\\/vet-chem.com\\\/de\\\/home\\\/\"},{\"@type\":\"ListItem\",\"position\":2,\"name\":\"\u00dcber uns\"}]},{\"@type\":\"WebSite\",\"@id\":\"https:\\\/\\\/vet-chem.com\\\/de\\\/#website\",\"url\":\"https:\\\/\\\/vet-chem.com\\\/de\\\/\",\"name\":\"Vetchem\",\"description\":\"\",\"publisher\":{\"@id\":\"https:\\\/\\\/vet-chem.com\\\/de\\\/#organization\"},\"potentialAction\":[{\"@type\":\"SearchAction\",\"target\":{\"@type\":\"EntryPoint\",\"urlTemplate\":\"https:\\\/\\\/vet-chem.com\\\/de\\\/?s={search_term_string}\"},\"query-input\":{\"@type\":\"PropertyValueSpecification\",\"valueRequired\":true,\"valueName\":\"search_term_string\"}}],\"inLanguage\":\"de\"},{\"@type\":\"Organization\",\"@id\":\"https:\\\/\\\/vet-chem.com\\\/de\\\/#organization\",\"name\":\"Vetchem\",\"url\":\"https:\\\/\\\/vet-chem.com\\\/de\\\/\",\"logo\":{\"@type\":\"ImageObject\",\"inLanguage\":\"de\",\"@id\":\"https:\\\/\\\/vet-chem.com\\\/de\\\/#\\\/schema\\\/logo\\\/image\\\/\",\"url\":\"https:\\\/\\\/vet-chem.com\\\/wp-content\\\/uploads\\\/2024\\\/06\\\/logo.svg\",\"contentUrl\":\"https:\\\/\\\/vet-chem.com\\\/wp-content\\\/uploads\\\/2024\\\/06\\\/logo.svg\",\"width\":412,\"height\":195,\"caption\":\"Vetchem\"},\"image\":{\"@id\":\"https:\\\/\\\/vet-chem.com\\\/de\\\/#\\\/schema\\\/logo\\\/image\\\/\"},\"sameAs\":[\"https:\\\/\\\/www.facebook.com\\\/VetChemGerman\"]}]}<\/script>\n<!-- \/ Yoast SEO plugin. -->","yoast_head_json":{"title":"\u00dcber uns - Vetchem","robots":{"index":"index","follow":"follow","max-snippet":"max-snippet:-1","max-image-preview":"max-image-preview:large","max-video-preview":"max-video-preview:-1"},"canonical":"https:\/\/vet-chem.com\/de\/about\/","og_locale":"de_DE","og_type":"article","og_title":"\u00dcber uns - Vetchem","og_description":"Firmen\u00fcbersicht Wir m\u00f6chten diese Gelegenheit nutzen, um uns vorzustellen. Wir sind Vet Chem, ein junges, aufstrebendes Unternehmen. Unser Hauptsitz befindet sich in &#8230; Deutschland. Wir sind eine Niederlassung von Homeservis, einem Unternehmen, das auf die Erbringung von Logistikdienstleistungen f\u00fcr Privathaushalte spezialisiert ist. Unsere Spezialisierung auf die Herstellung und den Vertrieb von Tierarzneimitteln ist das Ergebnis unserer Vision vom Bedarf des globalen Marktes an diesen Produkten. Vet Chem beliefert seine internationalen Kunden mit allen Arten von Tierarzneimitteln. Wir haben einen Partnerschaftsvertrag mit f\u00fchrenden Unternehmen in der Herstellung von Tierarzneimitteln unterzeichnet, die GMP- und WHO-zertifiziert sind. Wir blicken zuversichtlich in die Zukunft.","og_url":"https:\/\/vet-chem.com\/de\/about\/","og_site_name":"Vetchem","article_publisher":"https:\/\/www.facebook.com\/VetChemGerman","article_modified_time":"2024-08-28T16:03:17+00:00","og_image":[{"url":"https:\/\/vet-chem.com\/wp-content\/uploads\/2024\/06\/logo-w.svg","type":"","width":"","height":""}],"twitter_card":"summary_large_image","twitter_misc":{"Gesch\u00e4tzte Lesezeit":"1\u00a0Minute"},"schema":{"@context":"https:\/\/schema.org","@graph":[{"@type":"WebPage","@id":"https:\/\/vet-chem.com\/de\/about\/","url":"https:\/\/vet-chem.com\/de\/about\/","name":"\u00dcber uns - Vetchem","isPartOf":{"@id":"https:\/\/vet-chem.com\/de\/#website"},"primaryImageOfPage":{"@id":"https:\/\/vet-chem.com\/de\/about\/#primaryimage"},"image":{"@id":"https:\/\/vet-chem.com\/de\/about\/#primaryimage"},"thumbnailUrl":"https:\/\/vet-chem.com\/wp-content\/uploads\/2024\/06\/logo-w.svg","datePublished":"2024-06-20T12:19:07+00:00","dateModified":"2024-08-28T16:03:17+00:00","breadcrumb":{"@id":"https:\/\/vet-chem.com\/de\/about\/#breadcrumb"},"inLanguage":"de","potentialAction":[{"@type":"ReadAction","target":["https:\/\/vet-chem.com\/de\/about\/"]}]},{"@type":"ImageObject","inLanguage":"de","@id":"https:\/\/vet-chem.com\/de\/about\/#primaryimage","url":"https:\/\/vet-chem.com\/wp-content\/uploads\/2024\/06\/logo-w.svg","contentUrl":"https:\/\/vet-chem.com\/wp-content\/uploads\/2024\/06\/logo-w.svg"},{"@type":"BreadcrumbList","@id":"https:\/\/vet-chem.com\/de\/about\/#breadcrumb","itemListElement":[{"@type":"ListItem","position":1,"name":"Home","item":"https:\/\/vet-chem.com\/de\/home\/"},{"@type":"ListItem","position":2,"name":"\u00dcber uns"}]},{"@type":"WebSite","@id":"https:\/\/vet-chem.com\/de\/#website","url":"https:\/\/vet-chem.com\/de\/","name":"Vetchem","description":"","publisher":{"@id":"https:\/\/vet-chem.com\/de\/#organization"},"potentialAction":[{"@type":"SearchAction","target":{"@type":"EntryPoint","urlTemplate":"https:\/\/vet-chem.com\/de\/?s={search_term_string}"},"query-input":{"@type":"PropertyValueSpecification","valueRequired":true,"valueName":"search_term_string"}}],"inLanguage":"de"},{"@type":"Organization","@id":"https:\/\/vet-chem.com\/de\/#organization","name":"Vetchem","url":"https:\/\/vet-chem.com\/de\/","logo":{"@type":"ImageObject","inLanguage":"de","@id":"https:\/\/vet-chem.com\/de\/#\/schema\/logo\/image\/","url":"https:\/\/vet-chem.com\/wp-content\/uploads\/2024\/06\/logo.svg","contentUrl":"https:\/\/vet-chem.com\/wp-content\/uploads\/2024\/06\/logo.svg","width":412,"height":195,"caption":"Vetchem"},"image":{"@id":"https:\/\/vet-chem.com\/de\/#\/schema\/logo\/image\/"},"sameAs":["https:\/\/www.facebook.com\/VetChemGerman"]}]}},"_links":{"self":[{"href":"https:\/\/vet-chem.com\/de\/wp-json\/wp\/v2\/pages\/798","targetHints":{"allow":["GET"]}}],"collection":[{"href":"https:\/\/vet-chem.com\/de\/wp-json\/wp\/v2\/pages"}],"about":[{"href":"https:\/\/vet-chem.com\/de\/wp-json\/wp\/v2\/types\/page"}],"author":[{"embeddable":true,"href":"https:\/\/vet-chem.com\/de\/wp-json\/wp\/v2\/users\/1"}],"replies":[{"embeddable":true,"href":"https:\/\/vet-chem.com\/de\/wp-json\/wp\/v2\/comments?post=798"}],"version-history":[{"count":4,"href":"https:\/\/vet-chem.com\/de\/wp-json\/wp\/v2\/pages\/798\/revisions"}],"predecessor-version":[{"id":802,"href":"https:\/\/vet-chem.com\/de\/wp-json\/wp\/v2\/pages\/798\/revisions\/802"}],"wp:attachment":[{"href":"https:\/\/vet-chem.com\/de\/wp-json\/wp\/v2\/media?parent=798"}],"curies":[{"name":"wp","href":"https:\/\/api.w.org\/{rel}","templated":true}]}}