{"id":893,"date":"2024-08-10T16:04:52","date_gmt":"2024-08-10T13:04:52","guid":{"rendered":"https:\/\/vet-chem.com\/product\/paravit-c-chem-ws\/"},"modified":"2024-08-31T16:40:07","modified_gmt":"2024-08-31T13:40:07","slug":"paravit-c-chem-ws","status":"publish","type":"product","link":"https:\/\/vet-chem.com\/de\/product\/paravit-c-chem-ws\/","title":{"rendered":"PARAVIT-C CHEM WS"},"content":{"rendered":"<p>Je 100 g enthalten:<br \/>\nParacetamol &#8230;&#8230;&#8230;&#8230;. 50 g<br \/>\nVitamin C &#8230;&#8230;&#8230;&#8230;&#8230;.. 30 g<br \/>\nNatriumchlorid &#8230;.. 6,5 g<br \/>\nKaliumchlorid &#8230;.. 4 g<br \/>\nTr\u00e4gerstoff zugesetzt zu &#8230;.. 100 g<\/p>\n<p>Indikation:<br \/>\nFiebersenkend, schmerzstillend, stresshemmend und entz\u00fcndungshemmend.<br \/>\nWird als Begleitmedikament zur Behandlung von Rheuma und Arthritis verwendet.<br \/>\nSchmerzstillend, stresshemmend bei Viren, Bakterien, Parasiten und Klimaver\u00e4nderungen usw.<br \/>\nSt\u00e4rkt die Immunit\u00e4t von Tieren.<br \/>\nNur f\u00fcr die Verwendung in der Veterin\u00e4rmedizin.<\/p>\n<p>Dosierung und Verabreichung:<br \/>\nGefl\u00fcgel: 10-20 g pro 200 l Trinkwasser,<br \/>\nf\u00fcr 3-4 Tage;<br \/>\nSchafe: 0,3-1,2 g\/Schaf\/Tag, gemischt mit<br \/>\nTrinkwasser,<br \/>\nf\u00fcr 3 Tage;<br \/>\nK\u00e4lber: 1\u20134 g pro Kalb\/Tag, gemischt mit Trinkwasser, 3 Tage lang;<\/p>\n<p>K\u00fche: 5\u201310 g\/Kuh\/Tag, gemischt mit Trinkwasser, 3 Tage lang.<\/p>\n<p>Gegenanzeigen:<\/p>\n<p>Bei Leber- und Nierenentz\u00fcndungen wird von der Anwendung abgeraten.<\/p>\n<p>Wartezeit: Keine.<\/p>\n<p>Lagerung:<br \/>\nDicht verschlossen, k\u00fchl und trocken lagern, Licht vermeiden.<\/p>\n<p>Verpackung: 1000 g und 500 g<\/p>\n","protected":false},"excerpt":{"rendered":"<p>Je 100 g enthalten: Paracetamol &#8230;&#8230;&#8230;&#8230;. 50 g Vitamin C &#8230;&#8230;&#8230;&#8230;&#8230;.. 30 g Natriumchlorid &#8230;.. 6,5 g Kaliumchlorid &#8230;.. 4 g Tr\u00e4gerstoff zugesetzt zu &#8230;.. 100 g Indikation: Fiebersenkend, schmerzstillend, stresshemmend und entz\u00fcndungshemmend. Wird als Begleitmedikament zur Behandlung von Rheuma und Arthritis verwendet. Schmerzstillend, stresshemmend bei Viren, Bakterien, Parasiten und Klimaver\u00e4nderungen usw. St\u00e4rkt die Immunit\u00e4t von Tieren. Nur f\u00fcr die Verwendung in der Veterin\u00e4rmedizin. Dosierung und Verabreichung: Gefl\u00fcgel: 10-20 g pro 200 l Trinkwasser, f\u00fcr 3-4 Tage; Schafe: 0,3-1,2 g\/Schaf\/Tag, gemischt mit Trinkwasser, f\u00fcr 3 Tage; K\u00e4lber: 1\u20134 g pro Kalb\/Tag, gemischt mit Trinkwasser, 3 Tage lang; K\u00fche: 5\u201310 g\/Kuh\/Tag, gemischt mit Trinkwasser, 3 Tage lang. Gegenanzeigen: Bei Leber- und Nierenentz\u00fcndungen wird von der Anwendung abgeraten. Wartezeit: Keine. Lagerung: Dicht verschlossen, k\u00fchl und trocken lagern, Licht vermeiden. Verpackung: 1000 g und 500 g<\/p>\n","protected":false},"featured_media":796,"comment_status":"open","ping_status":"closed","template":"","meta":{"site-sidebar-layout":"default","site-content-layout":"","ast-site-content-layout":"default","site-content-style":"default","site-sidebar-style":"default","ast-global-header-display":"","ast-banner-title-visibility":"","ast-main-header-display":"","ast-hfb-above-header-display":"","ast-hfb-below-header-display":"","ast-hfb-mobile-header-display":"","site-post-title":"","ast-breadcrumbs-content":"","ast-featured-img":"","footer-sml-layout":"","ast-disable-related-posts":"","theme-transparent-header-meta":"default","adv-header-id-meta":"","stick-header-meta":"","header-above-stick-meta":"","header-main-stick-meta":"","header-below-stick-meta":"","astra-migrate-meta-layouts":"set","ast-page-background-enabled":"default","ast-page-background-meta":{"desktop":{"background-color":"var(--ast-global-color-4)","background-image":"","background-repeat":"repeat","background-position":"center center","background-size":"auto","background-attachment":"scroll","background-type":"","background-media":"","overlay-type":"","overlay-color":"","overlay-opacity":"","overlay-gradient":""},"tablet":{"background-color":"","background-image":"","background-repeat":"repeat","background-position":"center center","background-size":"auto","background-attachment":"scroll","background-type":"","background-media":"","overlay-type":"","overlay-color":"","overlay-opacity":"","overlay-gradient":""},"mobile":{"background-color":"","background-image":"","background-repeat":"repeat","background-position":"center center","background-size":"auto","background-attachment":"scroll","background-type":"","background-media":"","overlay-type":"","overlay-color":"","overlay-opacity":"","overlay-gradient":""}},"ast-content-background-meta":{"desktop":{"background-color":"var(--ast-global-color-5)","background-image":"","background-repeat":"repeat","background-position":"center center","background-size":"auto","background-attachment":"scroll","background-type":"","background-media":"","overlay-type":"","overlay-color":"","overlay-opacity":"","overlay-gradient":""},"tablet":{"background-color":"var(--ast-global-color-5)","background-image":"","background-repeat":"repeat","background-position":"center center","background-size":"auto","background-attachment":"scroll","background-type":"","background-media":"","overlay-type":"","overlay-color":"","overlay-opacity":"","overlay-gradient":""},"mobile":{"background-color":"var(--ast-global-color-5)","background-image":"","background-repeat":"repeat","background-position":"center center","background-size":"auto","background-attachment":"scroll","background-type":"","background-media":"","overlay-type":"","overlay-color":"","overlay-opacity":"","overlay-gradient":""}}},"product_brand":[],"product_cat":[45],"product_tag":[],"class_list":{"0":"post-893","1":"product","2":"type-product","3":"status-publish","4":"has-post-thumbnail","6":"product_cat-nutritional-products-powder-de","7":"desktop-align-left","8":"tablet-align-left","9":"mobile-align-left","11":"first","12":"instock","13":"shipping-taxable","14":"product-type-simple"},"yoast_head":"<!-- This site is optimized with the Yoast SEO plugin v27.3 - https:\/\/yoast.com\/product\/yoast-seo-wordpress\/ -->\n<title>PARAVIT-C CHEM WS - Vetchem<\/title>\n<meta name=\"robots\" content=\"index, follow, max-snippet:-1, max-image-preview:large, max-video-preview:-1\" \/>\n<link rel=\"canonical\" href=\"https:\/\/vet-chem.com\/de\/product\/paravit-c-chem-ws\/\" \/>\n<meta property=\"og:locale\" content=\"de_DE\" \/>\n<meta property=\"og:type\" content=\"article\" \/>\n<meta property=\"og:title\" content=\"PARAVIT-C CHEM WS - Vetchem\" \/>\n<meta property=\"og:description\" content=\"Je 100 g enthalten: Paracetamol &#8230;&#8230;&#8230;&#8230;. 50 g Vitamin C &#8230;&#8230;&#8230;&#8230;&#8230;.. 30 g Natriumchlorid &#8230;.. 6,5 g Kaliumchlorid &#8230;.. 4 g Tr\u00e4gerstoff zugesetzt zu &#8230;.. 100 g Indikation: Fiebersenkend, schmerzstillend, stresshemmend und entz\u00fcndungshemmend. Wird als Begleitmedikament zur Behandlung von Rheuma und Arthritis verwendet. Schmerzstillend, stresshemmend bei Viren, Bakterien, Parasiten und Klimaver\u00e4nderungen usw. St\u00e4rkt die Immunit\u00e4t von Tieren. Nur f\u00fcr die Verwendung in der Veterin\u00e4rmedizin. Dosierung und Verabreichung: Gefl\u00fcgel: 10-20 g pro 200 l Trinkwasser, f\u00fcr 3-4 Tage; Schafe: 0,3-1,2 g\/Schaf\/Tag, gemischt mit Trinkwasser, f\u00fcr 3 Tage; K\u00e4lber: 1\u20134 g pro Kalb\/Tag, gemischt mit Trinkwasser, 3 Tage lang; K\u00fche: 5\u201310 g\/Kuh\/Tag, gemischt mit Trinkwasser, 3 Tage lang. Gegenanzeigen: Bei Leber- und Nierenentz\u00fcndungen wird von der Anwendung abgeraten. Wartezeit: Keine. Lagerung: Dicht verschlossen, k\u00fchl und trocken lagern, Licht vermeiden. Verpackung: 1000 g und 500 g\" \/>\n<meta property=\"og:url\" content=\"https:\/\/vet-chem.com\/de\/product\/paravit-c-chem-ws\/\" \/>\n<meta property=\"og:site_name\" content=\"Vetchem\" \/>\n<meta property=\"article:publisher\" content=\"https:\/\/www.facebook.com\/VetChemGerman\" \/>\n<meta property=\"article:modified_time\" content=\"2024-08-31T13:40:07+00:00\" \/>\n<meta property=\"og:image\" content=\"https:\/\/vet-chem.com\/wp-content\/uploads\/2024\/08\/PARAVIT-C-CHEM-WS.jpg\" \/>\n\t<meta property=\"og:image:width\" content=\"879\" \/>\n\t<meta property=\"og:image:height\" content=\"1000\" \/>\n\t<meta property=\"og:image:type\" content=\"image\/jpeg\" \/>\n<meta name=\"twitter:card\" content=\"summary_large_image\" \/>\n<meta name=\"twitter:label1\" content=\"Gesch\u00e4tzte Lesezeit\" \/>\n\t<meta name=\"twitter:data1\" content=\"1\u00a0Minute\" \/>\n<script type=\"application\/ld+json\" class=\"yoast-schema-graph\">{\"@context\":\"https:\\\/\\\/schema.org\",\"@graph\":[{\"@type\":\"WebPage\",\"@id\":\"https:\\\/\\\/vet-chem.com\\\/de\\\/product\\\/paravit-c-chem-ws\\\/\",\"url\":\"https:\\\/\\\/vet-chem.com\\\/de\\\/product\\\/paravit-c-chem-ws\\\/\",\"name\":\"PARAVIT-C CHEM WS - Vetchem\",\"isPartOf\":{\"@id\":\"https:\\\/\\\/vet-chem.com\\\/de\\\/#website\"},\"primaryImageOfPage\":{\"@id\":\"https:\\\/\\\/vet-chem.com\\\/de\\\/product\\\/paravit-c-chem-ws\\\/#primaryimage\"},\"image\":{\"@id\":\"https:\\\/\\\/vet-chem.com\\\/de\\\/product\\\/paravit-c-chem-ws\\\/#primaryimage\"},\"thumbnailUrl\":\"https:\\\/\\\/vet-chem.com\\\/wp-content\\\/uploads\\\/2024\\\/08\\\/PARAVIT-C-CHEM-WS.jpg\",\"datePublished\":\"2024-08-10T13:04:52+00:00\",\"dateModified\":\"2024-08-31T13:40:07+00:00\",\"breadcrumb\":{\"@id\":\"https:\\\/\\\/vet-chem.com\\\/de\\\/product\\\/paravit-c-chem-ws\\\/#breadcrumb\"},\"inLanguage\":\"de\",\"potentialAction\":[{\"@type\":\"ReadAction\",\"target\":[\"https:\\\/\\\/vet-chem.com\\\/de\\\/product\\\/paravit-c-chem-ws\\\/\"]}]},{\"@type\":\"ImageObject\",\"inLanguage\":\"de\",\"@id\":\"https:\\\/\\\/vet-chem.com\\\/de\\\/product\\\/paravit-c-chem-ws\\\/#primaryimage\",\"url\":\"https:\\\/\\\/vet-chem.com\\\/wp-content\\\/uploads\\\/2024\\\/08\\\/PARAVIT-C-CHEM-WS.jpg\",\"contentUrl\":\"https:\\\/\\\/vet-chem.com\\\/wp-content\\\/uploads\\\/2024\\\/08\\\/PARAVIT-C-CHEM-WS.jpg\",\"width\":879,\"height\":1000},{\"@type\":\"BreadcrumbList\",\"@id\":\"https:\\\/\\\/vet-chem.com\\\/de\\\/product\\\/paravit-c-chem-ws\\\/#breadcrumb\",\"itemListElement\":[{\"@type\":\"ListItem\",\"position\":1,\"name\":\"Home\",\"item\":\"https:\\\/\\\/vet-chem.com\\\/de\\\/home\\\/\"},{\"@type\":\"ListItem\",\"position\":2,\"name\":\"Produkte\",\"item\":\"https:\\\/\\\/vet-chem.com\\\/de\\\/shop\\\/\"},{\"@type\":\"ListItem\",\"position\":3,\"name\":\"PARAVIT-C CHEM WS\"}]},{\"@type\":\"WebSite\",\"@id\":\"https:\\\/\\\/vet-chem.com\\\/de\\\/#website\",\"url\":\"https:\\\/\\\/vet-chem.com\\\/de\\\/\",\"name\":\"Vetchem\",\"description\":\"\",\"publisher\":{\"@id\":\"https:\\\/\\\/vet-chem.com\\\/de\\\/#organization\"},\"potentialAction\":[{\"@type\":\"SearchAction\",\"target\":{\"@type\":\"EntryPoint\",\"urlTemplate\":\"https:\\\/\\\/vet-chem.com\\\/de\\\/?s={search_term_string}\"},\"query-input\":{\"@type\":\"PropertyValueSpecification\",\"valueRequired\":true,\"valueName\":\"search_term_string\"}}],\"inLanguage\":\"de\"},{\"@type\":\"Organization\",\"@id\":\"https:\\\/\\\/vet-chem.com\\\/de\\\/#organization\",\"name\":\"Vetchem\",\"url\":\"https:\\\/\\\/vet-chem.com\\\/de\\\/\",\"logo\":{\"@type\":\"ImageObject\",\"inLanguage\":\"de\",\"@id\":\"https:\\\/\\\/vet-chem.com\\\/de\\\/#\\\/schema\\\/logo\\\/image\\\/\",\"url\":\"https:\\\/\\\/vet-chem.com\\\/wp-content\\\/uploads\\\/2024\\\/06\\\/logo.svg\",\"contentUrl\":\"https:\\\/\\\/vet-chem.com\\\/wp-content\\\/uploads\\\/2024\\\/06\\\/logo.svg\",\"width\":412,\"height\":195,\"caption\":\"Vetchem\"},\"image\":{\"@id\":\"https:\\\/\\\/vet-chem.com\\\/de\\\/#\\\/schema\\\/logo\\\/image\\\/\"},\"sameAs\":[\"https:\\\/\\\/www.facebook.com\\\/VetChemGerman\"]}]}<\/script>\n<!-- \/ Yoast SEO plugin. -->","yoast_head_json":{"title":"PARAVIT-C CHEM WS - Vetchem","robots":{"index":"index","follow":"follow","max-snippet":"max-snippet:-1","max-image-preview":"max-image-preview:large","max-video-preview":"max-video-preview:-1"},"canonical":"https:\/\/vet-chem.com\/de\/product\/paravit-c-chem-ws\/","og_locale":"de_DE","og_type":"article","og_title":"PARAVIT-C CHEM WS - Vetchem","og_description":"Je 100 g enthalten: Paracetamol &#8230;&#8230;&#8230;&#8230;. 50 g Vitamin C &#8230;&#8230;&#8230;&#8230;&#8230;.. 30 g Natriumchlorid &#8230;.. 6,5 g Kaliumchlorid &#8230;.. 4 g Tr\u00e4gerstoff zugesetzt zu &#8230;.. 100 g Indikation: Fiebersenkend, schmerzstillend, stresshemmend und entz\u00fcndungshemmend. Wird als Begleitmedikament zur Behandlung von Rheuma und Arthritis verwendet. Schmerzstillend, stresshemmend bei Viren, Bakterien, Parasiten und Klimaver\u00e4nderungen usw. St\u00e4rkt die Immunit\u00e4t von Tieren. Nur f\u00fcr die Verwendung in der Veterin\u00e4rmedizin. Dosierung und Verabreichung: Gefl\u00fcgel: 10-20 g pro 200 l Trinkwasser, f\u00fcr 3-4 Tage; Schafe: 0,3-1,2 g\/Schaf\/Tag, gemischt mit Trinkwasser, f\u00fcr 3 Tage; K\u00e4lber: 1\u20134 g pro Kalb\/Tag, gemischt mit Trinkwasser, 3 Tage lang; K\u00fche: 5\u201310 g\/Kuh\/Tag, gemischt mit Trinkwasser, 3 Tage lang. Gegenanzeigen: Bei Leber- und Nierenentz\u00fcndungen wird von der Anwendung abgeraten. Wartezeit: Keine. Lagerung: Dicht verschlossen, k\u00fchl und trocken lagern, Licht vermeiden. Verpackung: 1000 g und 500 g","og_url":"https:\/\/vet-chem.com\/de\/product\/paravit-c-chem-ws\/","og_site_name":"Vetchem","article_publisher":"https:\/\/www.facebook.com\/VetChemGerman","article_modified_time":"2024-08-31T13:40:07+00:00","og_image":[{"width":879,"height":1000,"url":"https:\/\/vet-chem.com\/wp-content\/uploads\/2024\/08\/PARAVIT-C-CHEM-WS.jpg","type":"image\/jpeg"}],"twitter_card":"summary_large_image","twitter_misc":{"Gesch\u00e4tzte Lesezeit":"1\u00a0Minute"},"schema":{"@context":"https:\/\/schema.org","@graph":[{"@type":"WebPage","@id":"https:\/\/vet-chem.com\/de\/product\/paravit-c-chem-ws\/","url":"https:\/\/vet-chem.com\/de\/product\/paravit-c-chem-ws\/","name":"PARAVIT-C CHEM WS - Vetchem","isPartOf":{"@id":"https:\/\/vet-chem.com\/de\/#website"},"primaryImageOfPage":{"@id":"https:\/\/vet-chem.com\/de\/product\/paravit-c-chem-ws\/#primaryimage"},"image":{"@id":"https:\/\/vet-chem.com\/de\/product\/paravit-c-chem-ws\/#primaryimage"},"thumbnailUrl":"https:\/\/vet-chem.com\/wp-content\/uploads\/2024\/08\/PARAVIT-C-CHEM-WS.jpg","datePublished":"2024-08-10T13:04:52+00:00","dateModified":"2024-08-31T13:40:07+00:00","breadcrumb":{"@id":"https:\/\/vet-chem.com\/de\/product\/paravit-c-chem-ws\/#breadcrumb"},"inLanguage":"de","potentialAction":[{"@type":"ReadAction","target":["https:\/\/vet-chem.com\/de\/product\/paravit-c-chem-ws\/"]}]},{"@type":"ImageObject","inLanguage":"de","@id":"https:\/\/vet-chem.com\/de\/product\/paravit-c-chem-ws\/#primaryimage","url":"https:\/\/vet-chem.com\/wp-content\/uploads\/2024\/08\/PARAVIT-C-CHEM-WS.jpg","contentUrl":"https:\/\/vet-chem.com\/wp-content\/uploads\/2024\/08\/PARAVIT-C-CHEM-WS.jpg","width":879,"height":1000},{"@type":"BreadcrumbList","@id":"https:\/\/vet-chem.com\/de\/product\/paravit-c-chem-ws\/#breadcrumb","itemListElement":[{"@type":"ListItem","position":1,"name":"Home","item":"https:\/\/vet-chem.com\/de\/home\/"},{"@type":"ListItem","position":2,"name":"Produkte","item":"https:\/\/vet-chem.com\/de\/shop\/"},{"@type":"ListItem","position":3,"name":"PARAVIT-C CHEM WS"}]},{"@type":"WebSite","@id":"https:\/\/vet-chem.com\/de\/#website","url":"https:\/\/vet-chem.com\/de\/","name":"Vetchem","description":"","publisher":{"@id":"https:\/\/vet-chem.com\/de\/#organization"},"potentialAction":[{"@type":"SearchAction","target":{"@type":"EntryPoint","urlTemplate":"https:\/\/vet-chem.com\/de\/?s={search_term_string}"},"query-input":{"@type":"PropertyValueSpecification","valueRequired":true,"valueName":"search_term_string"}}],"inLanguage":"de"},{"@type":"Organization","@id":"https:\/\/vet-chem.com\/de\/#organization","name":"Vetchem","url":"https:\/\/vet-chem.com\/de\/","logo":{"@type":"ImageObject","inLanguage":"de","@id":"https:\/\/vet-chem.com\/de\/#\/schema\/logo\/image\/","url":"https:\/\/vet-chem.com\/wp-content\/uploads\/2024\/06\/logo.svg","contentUrl":"https:\/\/vet-chem.com\/wp-content\/uploads\/2024\/06\/logo.svg","width":412,"height":195,"caption":"Vetchem"},"image":{"@id":"https:\/\/vet-chem.com\/de\/#\/schema\/logo\/image\/"},"sameAs":["https:\/\/www.facebook.com\/VetChemGerman"]}]}},"_links":{"self":[{"href":"https:\/\/vet-chem.com\/de\/wp-json\/wp\/v2\/product\/893","targetHints":{"allow":["GET"]}}],"collection":[{"href":"https:\/\/vet-chem.com\/de\/wp-json\/wp\/v2\/product"}],"about":[{"href":"https:\/\/vet-chem.com\/de\/wp-json\/wp\/v2\/types\/product"}],"replies":[{"embeddable":true,"href":"https:\/\/vet-chem.com\/de\/wp-json\/wp\/v2\/comments?post=893"}],"wp:featuredmedia":[{"embeddable":true,"href":"https:\/\/vet-chem.com\/de\/wp-json\/wp\/v2\/media\/796"}],"wp:attachment":[{"href":"https:\/\/vet-chem.com\/de\/wp-json\/wp\/v2\/media?parent=893"}],"wp:term":[{"taxonomy":"product_brand","embeddable":true,"href":"https:\/\/vet-chem.com\/de\/wp-json\/wp\/v2\/product_brand?post=893"},{"taxonomy":"product_cat","embeddable":true,"href":"https:\/\/vet-chem.com\/de\/wp-json\/wp\/v2\/product_cat?post=893"},{"taxonomy":"product_tag","embeddable":true,"href":"https:\/\/vet-chem.com\/de\/wp-json\/wp\/v2\/product_tag?post=893"}],"curies":[{"name":"wp","href":"https:\/\/api.w.org\/{rel}","templated":true}]}}