{"id":896,"date":"2024-08-07T15:41:30","date_gmt":"2024-08-07T12:41:30","guid":{"rendered":"https:\/\/vet-chem.com\/product\/vetchem-k3\/"},"modified":"2024-08-31T16:41:16","modified_gmt":"2024-08-31T13:41:16","slug":"vetchem-k3","status":"publish","type":"product","link":"https:\/\/vet-chem.com\/de\/product\/vetchem-k3\/","title":{"rendered":"VETCHEM K3"},"content":{"rendered":"<p>ZUSAMMENSETZUNG:<br \/>\nJedes Gramm enth\u00e4lt:<br \/>\nMenadion-Natriumbisulfit (Vit. K3) &#8230; 125 mg.<\/p>\n<p>EIGENSCHAFTEN:<br \/>\nVITAMIN K 12,5 % ist f\u00fcr die Bildung von Prothrombin in der Leber unerl\u00e4sslich, und ein Mangel an diesem Vitamin<br \/>\nf\u00fchrt zu Hypothrombin\u00e4mie. Ein Mangel an Prothrombin im Blut unterbricht die Kette von Ereignissen, die<br \/>\nzur Bildung von Blutgerinnseln f\u00fchren, sodass bei kleinen Prellungen anhaltende Blutungen mit<br \/>\nder Bildung gro\u00dfer H\u00e4matome und der Entwicklung schwerer h\u00e4morrhagischer An\u00e4mie und<br \/>\nh\u00e4molytischer Gelbsucht folgen. Das h\u00e4morrhagische Syndrom aufgrund von Vitamin-K-Mangel bei Gefl\u00fcgel tritt h\u00e4ufig<br \/>\nunter Stressbedingungen auf (z. B. Krankheiten, schlechtes Wetter, Schnabelk\u00fcrzung, Impfung, falsche<br \/>\nMedikation usw.).<br \/>\nINDIKATIONEN:<br \/>\nVITAMIN K 12,5 % ist bei Gefl\u00fcgel und anderen Tieren zur Vorbeugung und Behandlung von<br \/>\nBlutungen im Zusammenhang mit verschiedenen Krankheiten wie Kokzidiose und Gumboro sowie<br \/>\nh\u00e4morrhagischen Syndromen aufgrund von Vitamin-K-Mangel und zur Vorbeugung und Reduzierung von Blutflecken<br \/>\nin Eiern angezeigt.<br \/>\nDOSIERUNG UND ANWENDUNG:<br \/>\nGefl\u00fcgel: Behandlung: 10 g pro 200 Liter Trinkwasser f\u00fcr 7-10 Tage.<br \/>\nLAGERUNG: Bei einer Temperatur unter 30 \u00b0C lagern. An einem dunklen Ort aufbewahren.<br \/>\nVERPACKUNG: 100 g, 500 g und 1 kg. Beutel aus Aluminiumfolie.<\/p>\n","protected":false},"excerpt":{"rendered":"<p>ZUSAMMENSETZUNG: Jedes Gramm enth\u00e4lt: Menadion-Natriumbisulfit (Vit. K3) &#8230; 125 mg. EIGENSCHAFTEN: VITAMIN K 12,5 % ist f\u00fcr die Bildung von Prothrombin in der Leber unerl\u00e4sslich, und ein Mangel an diesem Vitamin f\u00fchrt zu Hypothrombin\u00e4mie. Ein Mangel an Prothrombin im Blut unterbricht die Kette von Ereignissen, die zur Bildung von Blutgerinnseln f\u00fchren, sodass bei kleinen Prellungen anhaltende Blutungen mit der Bildung gro\u00dfer H\u00e4matome und der Entwicklung schwerer h\u00e4morrhagischer An\u00e4mie und h\u00e4molytischer Gelbsucht folgen. Das h\u00e4morrhagische Syndrom aufgrund von Vitamin-K-Mangel bei Gefl\u00fcgel tritt h\u00e4ufig unter Stressbedingungen auf (z. B. Krankheiten, schlechtes Wetter, Schnabelk\u00fcrzung, Impfung, falsche Medikation usw.). INDIKATIONEN: VITAMIN K 12,5 % ist bei Gefl\u00fcgel und anderen Tieren zur Vorbeugung und Behandlung von Blutungen im Zusammenhang mit verschiedenen Krankheiten wie Kokzidiose und Gumboro sowie h\u00e4morrhagischen Syndromen aufgrund von Vitamin-K-Mangel und zur Vorbeugung und Reduzierung von Blutflecken in Eiern angezeigt. DOSIERUNG UND ANWENDUNG: Gefl\u00fcgel: Behandlung: 10 g pro 200 Liter Trinkwasser f\u00fcr 7-10 Tage. LAGERUNG: Bei einer Temperatur unter 30 \u00b0C lagern. An einem dunklen Ort aufbewahren. VERPACKUNG: 100 g, 500 g und 1 kg. Beutel aus Aluminiumfolie.<\/p>\n","protected":false},"featured_media":791,"comment_status":"open","ping_status":"closed","template":"","meta":{"site-sidebar-layout":"default","site-content-layout":"","ast-site-content-layout":"default","site-content-style":"default","site-sidebar-style":"default","ast-global-header-display":"","ast-banner-title-visibility":"","ast-main-header-display":"","ast-hfb-above-header-display":"","ast-hfb-below-header-display":"","ast-hfb-mobile-header-display":"","site-post-title":"","ast-breadcrumbs-content":"","ast-featured-img":"","footer-sml-layout":"","ast-disable-related-posts":"","theme-transparent-header-meta":"default","adv-header-id-meta":"","stick-header-meta":"","header-above-stick-meta":"","header-main-stick-meta":"","header-below-stick-meta":"","astra-migrate-meta-layouts":"set","ast-page-background-enabled":"default","ast-page-background-meta":{"desktop":{"background-color":"var(--ast-global-color-4)","background-image":"","background-repeat":"repeat","background-position":"center center","background-size":"auto","background-attachment":"scroll","background-type":"","background-media":"","overlay-type":"","overlay-color":"","overlay-opacity":"","overlay-gradient":""},"tablet":{"background-color":"","background-image":"","background-repeat":"repeat","background-position":"center center","background-size":"auto","background-attachment":"scroll","background-type":"","background-media":"","overlay-type":"","overlay-color":"","overlay-opacity":"","overlay-gradient":""},"mobile":{"background-color":"","background-image":"","background-repeat":"repeat","background-position":"center center","background-size":"auto","background-attachment":"scroll","background-type":"","background-media":"","overlay-type":"","overlay-color":"","overlay-opacity":"","overlay-gradient":""}},"ast-content-background-meta":{"desktop":{"background-color":"var(--ast-global-color-5)","background-image":"","background-repeat":"repeat","background-position":"center center","background-size":"auto","background-attachment":"scroll","background-type":"","background-media":"","overlay-type":"","overlay-color":"","overlay-opacity":"","overlay-gradient":""},"tablet":{"background-color":"var(--ast-global-color-5)","background-image":"","background-repeat":"repeat","background-position":"center center","background-size":"auto","background-attachment":"scroll","background-type":"","background-media":"","overlay-type":"","overlay-color":"","overlay-opacity":"","overlay-gradient":""},"mobile":{"background-color":"var(--ast-global-color-5)","background-image":"","background-repeat":"repeat","background-position":"center center","background-size":"auto","background-attachment":"scroll","background-type":"","background-media":"","overlay-type":"","overlay-color":"","overlay-opacity":"","overlay-gradient":""}}},"product_brand":[],"product_cat":[45],"product_tag":[],"class_list":{"0":"post-896","1":"product","2":"type-product","3":"status-publish","4":"has-post-thumbnail","6":"product_cat-nutritional-products-powder-de","7":"desktop-align-left","8":"tablet-align-left","9":"mobile-align-left","11":"first","12":"instock","13":"shipping-taxable","14":"product-type-simple"},"yoast_head":"<!-- This site is optimized with the Yoast SEO plugin v27.3 - https:\/\/yoast.com\/product\/yoast-seo-wordpress\/ -->\n<title>VETCHEM K3 - Vetchem<\/title>\n<meta name=\"robots\" content=\"index, follow, max-snippet:-1, max-image-preview:large, max-video-preview:-1\" \/>\n<link rel=\"canonical\" href=\"https:\/\/vet-chem.com\/de\/product\/vetchem-k3\/\" \/>\n<meta property=\"og:locale\" content=\"de_DE\" \/>\n<meta property=\"og:type\" content=\"article\" \/>\n<meta property=\"og:title\" content=\"VETCHEM K3 - Vetchem\" \/>\n<meta property=\"og:description\" content=\"ZUSAMMENSETZUNG: Jedes Gramm enth\u00e4lt: Menadion-Natriumbisulfit (Vit. K3) &#8230; 125 mg. EIGENSCHAFTEN: VITAMIN K 12,5 % ist f\u00fcr die Bildung von Prothrombin in der Leber unerl\u00e4sslich, und ein Mangel an diesem Vitamin f\u00fchrt zu Hypothrombin\u00e4mie. Ein Mangel an Prothrombin im Blut unterbricht die Kette von Ereignissen, die zur Bildung von Blutgerinnseln f\u00fchren, sodass bei kleinen Prellungen anhaltende Blutungen mit der Bildung gro\u00dfer H\u00e4matome und der Entwicklung schwerer h\u00e4morrhagischer An\u00e4mie und h\u00e4molytischer Gelbsucht folgen. Das h\u00e4morrhagische Syndrom aufgrund von Vitamin-K-Mangel bei Gefl\u00fcgel tritt h\u00e4ufig unter Stressbedingungen auf (z. B. Krankheiten, schlechtes Wetter, Schnabelk\u00fcrzung, Impfung, falsche Medikation usw.). INDIKATIONEN: VITAMIN K 12,5 % ist bei Gefl\u00fcgel und anderen Tieren zur Vorbeugung und Behandlung von Blutungen im Zusammenhang mit verschiedenen Krankheiten wie Kokzidiose und Gumboro sowie h\u00e4morrhagischen Syndromen aufgrund von Vitamin-K-Mangel und zur Vorbeugung und Reduzierung von Blutflecken in Eiern angezeigt. DOSIERUNG UND ANWENDUNG: Gefl\u00fcgel: Behandlung: 10 g pro 200 Liter Trinkwasser f\u00fcr 7-10 Tage. LAGERUNG: Bei einer Temperatur unter 30 \u00b0C lagern. An einem dunklen Ort aufbewahren. VERPACKUNG: 100 g, 500 g und 1 kg. Beutel aus Aluminiumfolie.\" \/>\n<meta property=\"og:url\" content=\"https:\/\/vet-chem.com\/de\/product\/vetchem-k3\/\" \/>\n<meta property=\"og:site_name\" content=\"Vetchem\" \/>\n<meta property=\"article:publisher\" content=\"https:\/\/www.facebook.com\/VetChemGerman\" \/>\n<meta property=\"article:modified_time\" content=\"2024-08-31T13:41:16+00:00\" \/>\n<meta property=\"og:image\" content=\"https:\/\/vet-chem.com\/wp-content\/uploads\/2024\/08\/VETCHEM-K3.jpg\" \/>\n\t<meta property=\"og:image:width\" content=\"1103\" \/>\n\t<meta property=\"og:image:height\" content=\"1280\" \/>\n\t<meta property=\"og:image:type\" content=\"image\/jpeg\" \/>\n<meta name=\"twitter:card\" content=\"summary_large_image\" \/>\n<meta name=\"twitter:label1\" content=\"Gesch\u00e4tzte Lesezeit\" \/>\n\t<meta name=\"twitter:data1\" content=\"1\u00a0Minute\" \/>\n<script type=\"application\/ld+json\" class=\"yoast-schema-graph\">{\"@context\":\"https:\\\/\\\/schema.org\",\"@graph\":[{\"@type\":\"WebPage\",\"@id\":\"https:\\\/\\\/vet-chem.com\\\/de\\\/product\\\/vetchem-k3\\\/\",\"url\":\"https:\\\/\\\/vet-chem.com\\\/de\\\/product\\\/vetchem-k3\\\/\",\"name\":\"VETCHEM K3 - Vetchem\",\"isPartOf\":{\"@id\":\"https:\\\/\\\/vet-chem.com\\\/de\\\/#website\"},\"primaryImageOfPage\":{\"@id\":\"https:\\\/\\\/vet-chem.com\\\/de\\\/product\\\/vetchem-k3\\\/#primaryimage\"},\"image\":{\"@id\":\"https:\\\/\\\/vet-chem.com\\\/de\\\/product\\\/vetchem-k3\\\/#primaryimage\"},\"thumbnailUrl\":\"https:\\\/\\\/vet-chem.com\\\/wp-content\\\/uploads\\\/2024\\\/08\\\/VETCHEM-K3.jpg\",\"datePublished\":\"2024-08-07T12:41:30+00:00\",\"dateModified\":\"2024-08-31T13:41:16+00:00\",\"breadcrumb\":{\"@id\":\"https:\\\/\\\/vet-chem.com\\\/de\\\/product\\\/vetchem-k3\\\/#breadcrumb\"},\"inLanguage\":\"de\",\"potentialAction\":[{\"@type\":\"ReadAction\",\"target\":[\"https:\\\/\\\/vet-chem.com\\\/de\\\/product\\\/vetchem-k3\\\/\"]}]},{\"@type\":\"ImageObject\",\"inLanguage\":\"de\",\"@id\":\"https:\\\/\\\/vet-chem.com\\\/de\\\/product\\\/vetchem-k3\\\/#primaryimage\",\"url\":\"https:\\\/\\\/vet-chem.com\\\/wp-content\\\/uploads\\\/2024\\\/08\\\/VETCHEM-K3.jpg\",\"contentUrl\":\"https:\\\/\\\/vet-chem.com\\\/wp-content\\\/uploads\\\/2024\\\/08\\\/VETCHEM-K3.jpg\",\"width\":1103,\"height\":1280},{\"@type\":\"BreadcrumbList\",\"@id\":\"https:\\\/\\\/vet-chem.com\\\/de\\\/product\\\/vetchem-k3\\\/#breadcrumb\",\"itemListElement\":[{\"@type\":\"ListItem\",\"position\":1,\"name\":\"Home\",\"item\":\"https:\\\/\\\/vet-chem.com\\\/de\\\/home\\\/\"},{\"@type\":\"ListItem\",\"position\":2,\"name\":\"Produkte\",\"item\":\"https:\\\/\\\/vet-chem.com\\\/de\\\/shop\\\/\"},{\"@type\":\"ListItem\",\"position\":3,\"name\":\"VETCHEM K3\"}]},{\"@type\":\"WebSite\",\"@id\":\"https:\\\/\\\/vet-chem.com\\\/de\\\/#website\",\"url\":\"https:\\\/\\\/vet-chem.com\\\/de\\\/\",\"name\":\"Vetchem\",\"description\":\"\",\"publisher\":{\"@id\":\"https:\\\/\\\/vet-chem.com\\\/de\\\/#organization\"},\"potentialAction\":[{\"@type\":\"SearchAction\",\"target\":{\"@type\":\"EntryPoint\",\"urlTemplate\":\"https:\\\/\\\/vet-chem.com\\\/de\\\/?s={search_term_string}\"},\"query-input\":{\"@type\":\"PropertyValueSpecification\",\"valueRequired\":true,\"valueName\":\"search_term_string\"}}],\"inLanguage\":\"de\"},{\"@type\":\"Organization\",\"@id\":\"https:\\\/\\\/vet-chem.com\\\/de\\\/#organization\",\"name\":\"Vetchem\",\"url\":\"https:\\\/\\\/vet-chem.com\\\/de\\\/\",\"logo\":{\"@type\":\"ImageObject\",\"inLanguage\":\"de\",\"@id\":\"https:\\\/\\\/vet-chem.com\\\/de\\\/#\\\/schema\\\/logo\\\/image\\\/\",\"url\":\"https:\\\/\\\/vet-chem.com\\\/wp-content\\\/uploads\\\/2024\\\/06\\\/logo.svg\",\"contentUrl\":\"https:\\\/\\\/vet-chem.com\\\/wp-content\\\/uploads\\\/2024\\\/06\\\/logo.svg\",\"width\":412,\"height\":195,\"caption\":\"Vetchem\"},\"image\":{\"@id\":\"https:\\\/\\\/vet-chem.com\\\/de\\\/#\\\/schema\\\/logo\\\/image\\\/\"},\"sameAs\":[\"https:\\\/\\\/www.facebook.com\\\/VetChemGerman\"]}]}<\/script>\n<!-- \/ Yoast SEO plugin. -->","yoast_head_json":{"title":"VETCHEM K3 - Vetchem","robots":{"index":"index","follow":"follow","max-snippet":"max-snippet:-1","max-image-preview":"max-image-preview:large","max-video-preview":"max-video-preview:-1"},"canonical":"https:\/\/vet-chem.com\/de\/product\/vetchem-k3\/","og_locale":"de_DE","og_type":"article","og_title":"VETCHEM K3 - Vetchem","og_description":"ZUSAMMENSETZUNG: Jedes Gramm enth\u00e4lt: Menadion-Natriumbisulfit (Vit. K3) &#8230; 125 mg. EIGENSCHAFTEN: VITAMIN K 12,5 % ist f\u00fcr die Bildung von Prothrombin in der Leber unerl\u00e4sslich, und ein Mangel an diesem Vitamin f\u00fchrt zu Hypothrombin\u00e4mie. Ein Mangel an Prothrombin im Blut unterbricht die Kette von Ereignissen, die zur Bildung von Blutgerinnseln f\u00fchren, sodass bei kleinen Prellungen anhaltende Blutungen mit der Bildung gro\u00dfer H\u00e4matome und der Entwicklung schwerer h\u00e4morrhagischer An\u00e4mie und h\u00e4molytischer Gelbsucht folgen. Das h\u00e4morrhagische Syndrom aufgrund von Vitamin-K-Mangel bei Gefl\u00fcgel tritt h\u00e4ufig unter Stressbedingungen auf (z. B. Krankheiten, schlechtes Wetter, Schnabelk\u00fcrzung, Impfung, falsche Medikation usw.). INDIKATIONEN: VITAMIN K 12,5 % ist bei Gefl\u00fcgel und anderen Tieren zur Vorbeugung und Behandlung von Blutungen im Zusammenhang mit verschiedenen Krankheiten wie Kokzidiose und Gumboro sowie h\u00e4morrhagischen Syndromen aufgrund von Vitamin-K-Mangel und zur Vorbeugung und Reduzierung von Blutflecken in Eiern angezeigt. DOSIERUNG UND ANWENDUNG: Gefl\u00fcgel: Behandlung: 10 g pro 200 Liter Trinkwasser f\u00fcr 7-10 Tage. LAGERUNG: Bei einer Temperatur unter 30 \u00b0C lagern. An einem dunklen Ort aufbewahren. VERPACKUNG: 100 g, 500 g und 1 kg. Beutel aus Aluminiumfolie.","og_url":"https:\/\/vet-chem.com\/de\/product\/vetchem-k3\/","og_site_name":"Vetchem","article_publisher":"https:\/\/www.facebook.com\/VetChemGerman","article_modified_time":"2024-08-31T13:41:16+00:00","og_image":[{"width":1103,"height":1280,"url":"https:\/\/vet-chem.com\/wp-content\/uploads\/2024\/08\/VETCHEM-K3.jpg","type":"image\/jpeg"}],"twitter_card":"summary_large_image","twitter_misc":{"Gesch\u00e4tzte Lesezeit":"1\u00a0Minute"},"schema":{"@context":"https:\/\/schema.org","@graph":[{"@type":"WebPage","@id":"https:\/\/vet-chem.com\/de\/product\/vetchem-k3\/","url":"https:\/\/vet-chem.com\/de\/product\/vetchem-k3\/","name":"VETCHEM K3 - Vetchem","isPartOf":{"@id":"https:\/\/vet-chem.com\/de\/#website"},"primaryImageOfPage":{"@id":"https:\/\/vet-chem.com\/de\/product\/vetchem-k3\/#primaryimage"},"image":{"@id":"https:\/\/vet-chem.com\/de\/product\/vetchem-k3\/#primaryimage"},"thumbnailUrl":"https:\/\/vet-chem.com\/wp-content\/uploads\/2024\/08\/VETCHEM-K3.jpg","datePublished":"2024-08-07T12:41:30+00:00","dateModified":"2024-08-31T13:41:16+00:00","breadcrumb":{"@id":"https:\/\/vet-chem.com\/de\/product\/vetchem-k3\/#breadcrumb"},"inLanguage":"de","potentialAction":[{"@type":"ReadAction","target":["https:\/\/vet-chem.com\/de\/product\/vetchem-k3\/"]}]},{"@type":"ImageObject","inLanguage":"de","@id":"https:\/\/vet-chem.com\/de\/product\/vetchem-k3\/#primaryimage","url":"https:\/\/vet-chem.com\/wp-content\/uploads\/2024\/08\/VETCHEM-K3.jpg","contentUrl":"https:\/\/vet-chem.com\/wp-content\/uploads\/2024\/08\/VETCHEM-K3.jpg","width":1103,"height":1280},{"@type":"BreadcrumbList","@id":"https:\/\/vet-chem.com\/de\/product\/vetchem-k3\/#breadcrumb","itemListElement":[{"@type":"ListItem","position":1,"name":"Home","item":"https:\/\/vet-chem.com\/de\/home\/"},{"@type":"ListItem","position":2,"name":"Produkte","item":"https:\/\/vet-chem.com\/de\/shop\/"},{"@type":"ListItem","position":3,"name":"VETCHEM K3"}]},{"@type":"WebSite","@id":"https:\/\/vet-chem.com\/de\/#website","url":"https:\/\/vet-chem.com\/de\/","name":"Vetchem","description":"","publisher":{"@id":"https:\/\/vet-chem.com\/de\/#organization"},"potentialAction":[{"@type":"SearchAction","target":{"@type":"EntryPoint","urlTemplate":"https:\/\/vet-chem.com\/de\/?s={search_term_string}"},"query-input":{"@type":"PropertyValueSpecification","valueRequired":true,"valueName":"search_term_string"}}],"inLanguage":"de"},{"@type":"Organization","@id":"https:\/\/vet-chem.com\/de\/#organization","name":"Vetchem","url":"https:\/\/vet-chem.com\/de\/","logo":{"@type":"ImageObject","inLanguage":"de","@id":"https:\/\/vet-chem.com\/de\/#\/schema\/logo\/image\/","url":"https:\/\/vet-chem.com\/wp-content\/uploads\/2024\/06\/logo.svg","contentUrl":"https:\/\/vet-chem.com\/wp-content\/uploads\/2024\/06\/logo.svg","width":412,"height":195,"caption":"Vetchem"},"image":{"@id":"https:\/\/vet-chem.com\/de\/#\/schema\/logo\/image\/"},"sameAs":["https:\/\/www.facebook.com\/VetChemGerman"]}]}},"_links":{"self":[{"href":"https:\/\/vet-chem.com\/de\/wp-json\/wp\/v2\/product\/896","targetHints":{"allow":["GET"]}}],"collection":[{"href":"https:\/\/vet-chem.com\/de\/wp-json\/wp\/v2\/product"}],"about":[{"href":"https:\/\/vet-chem.com\/de\/wp-json\/wp\/v2\/types\/product"}],"replies":[{"embeddable":true,"href":"https:\/\/vet-chem.com\/de\/wp-json\/wp\/v2\/comments?post=896"}],"wp:featuredmedia":[{"embeddable":true,"href":"https:\/\/vet-chem.com\/de\/wp-json\/wp\/v2\/media\/791"}],"wp:attachment":[{"href":"https:\/\/vet-chem.com\/de\/wp-json\/wp\/v2\/media?parent=896"}],"wp:term":[{"taxonomy":"product_brand","embeddable":true,"href":"https:\/\/vet-chem.com\/de\/wp-json\/wp\/v2\/product_brand?post=896"},{"taxonomy":"product_cat","embeddable":true,"href":"https:\/\/vet-chem.com\/de\/wp-json\/wp\/v2\/product_cat?post=896"},{"taxonomy":"product_tag","embeddable":true,"href":"https:\/\/vet-chem.com\/de\/wp-json\/wp\/v2\/product_tag?post=896"}],"curies":[{"name":"wp","href":"https:\/\/api.w.org\/{rel}","templated":true}]}}