{"id":897,"date":"2024-08-07T15:40:28","date_gmt":"2024-08-07T12:40:28","guid":{"rendered":"https:\/\/vet-chem.com\/product\/progesteronchem\/"},"modified":"2024-08-31T16:41:42","modified_gmt":"2024-08-31T13:41:42","slug":"progesteronchem","status":"publish","type":"product","link":"https:\/\/vet-chem.com\/de\/product\/progesteronchem\/","title":{"rendered":"PROGESTERONCHEM"},"content":{"rendered":"<p>Zusammensetzung:<br \/>\nJeder ml enth\u00e4lt:<br \/>\nHydroxyprogesteroncaproat: 250 mg.<\/p>\n<p>Beschreibung:<br \/>\nPROGESTERONCHEM INJEKTION hilft bei der L\u00f6sung von<br \/>\nReproduktionsproblemen wie gewohnheitsm\u00e4\u00dfigen Fehlgeburten,<br \/>\nWiederbesamungen, Gelbk\u00f6rperschw\u00e4che,<br \/>\nGeb\u00e4rmuttervorfall, \u00d6struseinduktion und<br \/>\ndurch Progesteronmangel verursachte Unfruchtbarkeit.<\/p>\n<p>Indikationen:<br \/>\n&#8211; Nachbesamung. Drohende Fehlgeburten. Wiederbesamung. Geb\u00e4rmutter- und Vaginalvorfall.<br \/>\n&#8211; Zur L\u00f6sung von Reproduktionsproblemen wie gewohnheitsm\u00e4\u00dfigen Fehlgeburten, Wiederbesamungen, Gelbk\u00f6rperschw\u00e4che,<br \/>\nGeb\u00e4rmuttervorfall, \u00d6struseinduktion und<br \/>\ndurch Progesteronmangel verursachte Unfruchtbarkeit.<\/p>\n<p>Dosierung und Verabreichung:<br \/>\n&#8211; W\u00e4hrend der fr\u00fchen Phase der Schwangerschaft \u2013 2 ml intramuskul\u00e4r, nach 45 Tagen Schwangerschaft. 4-5 Mal im Abstand von 10 Tagen wiederholen.<br \/>\n&#8211; W\u00e4hrend der mittleren und sp\u00e4ten Schwangerschaft &#8211; 2 ml intramuskul\u00e4r, t\u00e4glich f\u00fcr 3 Tage, gefolgt von einer Injektion pro Woche f\u00fcr 3 Wochen.<\/p>\n<p>Behandlung &amp; Pflege:<\/p>\n<p>Zur Aufrechterhaltung der Schwangerschaft.<br \/>\nZur Entwicklung der Milchdr\u00fcsen w\u00e4hrend der Schwangerschaft.<br \/>\nZur Behandlung von stillem \u00d6strus.<br \/>\nZur Einleitung der Ovulationshitze.<\/p>\n<p>Entzugsphase:<br \/>\nMilch: 7 Tage &amp; Fleisch: 28 Tage<\/p>\n<p>Lagerung:<\/p>\n<p>Lagern Sie es unter 30 \u00b0C an einem trockenen Ort,<br \/>\ngesch\u00fctzt vor Licht.<br \/>\nBewahren Sie alle Medikamente immer au\u00dferhalb der<br \/>\nReichweite von Kindern auf.<br \/>\nNicht einfrieren lassen.<\/p>\n<p>NUR F\u00dcR TIERE<br \/>\nAU\u00dfER REICHWEITE VON KINDERN AUFBEWAHREN<br \/>\nNUR F\u00dcR TIER\u00c4RZTLICHE VERWENDUNG<\/p>\n","protected":false},"excerpt":{"rendered":"<p>Zusammensetzung: Jeder ml enth\u00e4lt: Hydroxyprogesteroncaproat: 250 mg. Beschreibung: PROGESTERONCHEM INJEKTION hilft bei der L\u00f6sung von Reproduktionsproblemen wie gewohnheitsm\u00e4\u00dfigen Fehlgeburten, Wiederbesamungen, Gelbk\u00f6rperschw\u00e4che, Geb\u00e4rmuttervorfall, \u00d6struseinduktion und durch Progesteronmangel verursachte Unfruchtbarkeit. Indikationen: &#8211; Nachbesamung. Drohende Fehlgeburten. Wiederbesamung. Geb\u00e4rmutter- und Vaginalvorfall. &#8211; Zur L\u00f6sung von Reproduktionsproblemen wie gewohnheitsm\u00e4\u00dfigen Fehlgeburten, Wiederbesamungen, Gelbk\u00f6rperschw\u00e4che, Geb\u00e4rmuttervorfall, \u00d6struseinduktion und durch Progesteronmangel verursachte Unfruchtbarkeit. Dosierung und Verabreichung: &#8211; W\u00e4hrend der fr\u00fchen Phase der Schwangerschaft \u2013 2 ml intramuskul\u00e4r, nach 45 Tagen Schwangerschaft. 4-5 Mal im Abstand von 10 Tagen wiederholen. &#8211; W\u00e4hrend der mittleren und sp\u00e4ten Schwangerschaft &#8211; 2 ml intramuskul\u00e4r, t\u00e4glich f\u00fcr 3 Tage, gefolgt von einer Injektion pro Woche f\u00fcr 3 Wochen. Behandlung &amp; Pflege: Zur Aufrechterhaltung der Schwangerschaft. Zur Entwicklung der Milchdr\u00fcsen w\u00e4hrend der Schwangerschaft. Zur Behandlung von stillem \u00d6strus. Zur Einleitung der Ovulationshitze. Entzugsphase: Milch: 7 Tage &amp; Fleisch: 28 Tage Lagerung: Lagern Sie es unter 30 \u00b0C an einem trockenen Ort, gesch\u00fctzt vor Licht. Bewahren Sie alle Medikamente immer au\u00dferhalb der Reichweite von Kindern auf. Nicht einfrieren lassen. NUR F\u00dcR TIERE AU\u00dfER REICHWEITE VON KINDERN AUFBEWAHREN NUR F\u00dcR TIER\u00c4RZTLICHE VERWENDUNG<\/p>\n","protected":false},"featured_media":790,"comment_status":"open","ping_status":"closed","template":"","meta":{"site-sidebar-layout":"default","site-content-layout":"","ast-site-content-layout":"default","site-content-style":"default","site-sidebar-style":"default","ast-global-header-display":"","ast-banner-title-visibility":"","ast-main-header-display":"","ast-hfb-above-header-display":"","ast-hfb-below-header-display":"","ast-hfb-mobile-header-display":"","site-post-title":"","ast-breadcrumbs-content":"","ast-featured-img":"","footer-sml-layout":"","ast-disable-related-posts":"","theme-transparent-header-meta":"default","adv-header-id-meta":"","stick-header-meta":"","header-above-stick-meta":"","header-main-stick-meta":"","header-below-stick-meta":"","astra-migrate-meta-layouts":"set","ast-page-background-enabled":"default","ast-page-background-meta":{"desktop":{"background-color":"var(--ast-global-color-4)","background-image":"","background-repeat":"repeat","background-position":"center center","background-size":"auto","background-attachment":"scroll","background-type":"","background-media":"","overlay-type":"","overlay-color":"","overlay-opacity":"","overlay-gradient":""},"tablet":{"background-color":"","background-image":"","background-repeat":"repeat","background-position":"center center","background-size":"auto","background-attachment":"scroll","background-type":"","background-media":"","overlay-type":"","overlay-color":"","overlay-opacity":"","overlay-gradient":""},"mobile":{"background-color":"","background-image":"","background-repeat":"repeat","background-position":"center center","background-size":"auto","background-attachment":"scroll","background-type":"","background-media":"","overlay-type":"","overlay-color":"","overlay-opacity":"","overlay-gradient":""}},"ast-content-background-meta":{"desktop":{"background-color":"var(--ast-global-color-5)","background-image":"","background-repeat":"repeat","background-position":"center center","background-size":"auto","background-attachment":"scroll","background-type":"","background-media":"","overlay-type":"","overlay-color":"","overlay-opacity":"","overlay-gradient":""},"tablet":{"background-color":"var(--ast-global-color-5)","background-image":"","background-repeat":"repeat","background-position":"center center","background-size":"auto","background-attachment":"scroll","background-type":"","background-media":"","overlay-type":"","overlay-color":"","overlay-opacity":"","overlay-gradient":""},"mobile":{"background-color":"var(--ast-global-color-5)","background-image":"","background-repeat":"repeat","background-position":"center center","background-size":"auto","background-attachment":"scroll","background-type":"","background-media":"","overlay-type":"","overlay-color":"","overlay-opacity":"","overlay-gradient":""}}},"product_brand":[],"product_cat":[42],"product_tag":[],"class_list":{"0":"post-897","1":"product","2":"type-product","3":"status-publish","4":"has-post-thumbnail","6":"product_cat-unkategorisiert","7":"desktop-align-left","8":"tablet-align-left","9":"mobile-align-left","11":"first","12":"instock","13":"shipping-taxable","14":"product-type-simple"},"yoast_head":"<!-- This site is optimized with the Yoast SEO plugin v27.3 - https:\/\/yoast.com\/product\/yoast-seo-wordpress\/ -->\n<title>PROGESTERONCHEM - Vetchem<\/title>\n<meta name=\"robots\" content=\"index, follow, max-snippet:-1, max-image-preview:large, max-video-preview:-1\" \/>\n<link rel=\"canonical\" href=\"https:\/\/vet-chem.com\/de\/product\/progesteronchem\/\" \/>\n<meta property=\"og:locale\" content=\"de_DE\" \/>\n<meta property=\"og:type\" content=\"article\" \/>\n<meta property=\"og:title\" content=\"PROGESTERONCHEM - Vetchem\" \/>\n<meta property=\"og:description\" content=\"Zusammensetzung: Jeder ml enth\u00e4lt: Hydroxyprogesteroncaproat: 250 mg. Beschreibung: PROGESTERONCHEM INJEKTION hilft bei der L\u00f6sung von Reproduktionsproblemen wie gewohnheitsm\u00e4\u00dfigen Fehlgeburten, Wiederbesamungen, Gelbk\u00f6rperschw\u00e4che, Geb\u00e4rmuttervorfall, \u00d6struseinduktion und durch Progesteronmangel verursachte Unfruchtbarkeit. Indikationen: &#8211; Nachbesamung. Drohende Fehlgeburten. Wiederbesamung. Geb\u00e4rmutter- und Vaginalvorfall. &#8211; Zur L\u00f6sung von Reproduktionsproblemen wie gewohnheitsm\u00e4\u00dfigen Fehlgeburten, Wiederbesamungen, Gelbk\u00f6rperschw\u00e4che, Geb\u00e4rmuttervorfall, \u00d6struseinduktion und durch Progesteronmangel verursachte Unfruchtbarkeit. Dosierung und Verabreichung: &#8211; W\u00e4hrend der fr\u00fchen Phase der Schwangerschaft \u2013 2 ml intramuskul\u00e4r, nach 45 Tagen Schwangerschaft. 4-5 Mal im Abstand von 10 Tagen wiederholen. &#8211; W\u00e4hrend der mittleren und sp\u00e4ten Schwangerschaft &#8211; 2 ml intramuskul\u00e4r, t\u00e4glich f\u00fcr 3 Tage, gefolgt von einer Injektion pro Woche f\u00fcr 3 Wochen. Behandlung &amp; Pflege: Zur Aufrechterhaltung der Schwangerschaft. Zur Entwicklung der Milchdr\u00fcsen w\u00e4hrend der Schwangerschaft. Zur Behandlung von stillem \u00d6strus. Zur Einleitung der Ovulationshitze. Entzugsphase: Milch: 7 Tage &amp; Fleisch: 28 Tage Lagerung: Lagern Sie es unter 30 \u00b0C an einem trockenen Ort, gesch\u00fctzt vor Licht. Bewahren Sie alle Medikamente immer au\u00dferhalb der Reichweite von Kindern auf. Nicht einfrieren lassen. NUR F\u00dcR TIERE AU\u00dfER REICHWEITE VON KINDERN AUFBEWAHREN NUR F\u00dcR TIER\u00c4RZTLICHE VERWENDUNG\" \/>\n<meta property=\"og:url\" content=\"https:\/\/vet-chem.com\/de\/product\/progesteronchem\/\" \/>\n<meta property=\"og:site_name\" content=\"Vetchem\" \/>\n<meta property=\"article:publisher\" content=\"https:\/\/www.facebook.com\/VetChemGerman\" \/>\n<meta property=\"article:modified_time\" content=\"2024-08-31T13:41:42+00:00\" \/>\n<meta property=\"og:image\" content=\"https:\/\/vet-chem.com\/wp-content\/uploads\/2024\/08\/PROGESTERONCHEM.jpg\" \/>\n\t<meta property=\"og:image:width\" content=\"1280\" \/>\n\t<meta property=\"og:image:height\" content=\"1238\" \/>\n\t<meta property=\"og:image:type\" content=\"image\/jpeg\" \/>\n<meta name=\"twitter:card\" content=\"summary_large_image\" \/>\n<meta name=\"twitter:label1\" content=\"Gesch\u00e4tzte Lesezeit\" \/>\n\t<meta name=\"twitter:data1\" content=\"1\u00a0Minute\" \/>\n<script type=\"application\/ld+json\" class=\"yoast-schema-graph\">{\"@context\":\"https:\\\/\\\/schema.org\",\"@graph\":[{\"@type\":\"WebPage\",\"@id\":\"https:\\\/\\\/vet-chem.com\\\/de\\\/product\\\/progesteronchem\\\/\",\"url\":\"https:\\\/\\\/vet-chem.com\\\/de\\\/product\\\/progesteronchem\\\/\",\"name\":\"PROGESTERONCHEM - Vetchem\",\"isPartOf\":{\"@id\":\"https:\\\/\\\/vet-chem.com\\\/de\\\/#website\"},\"primaryImageOfPage\":{\"@id\":\"https:\\\/\\\/vet-chem.com\\\/de\\\/product\\\/progesteronchem\\\/#primaryimage\"},\"image\":{\"@id\":\"https:\\\/\\\/vet-chem.com\\\/de\\\/product\\\/progesteronchem\\\/#primaryimage\"},\"thumbnailUrl\":\"https:\\\/\\\/vet-chem.com\\\/wp-content\\\/uploads\\\/2024\\\/08\\\/PROGESTERONCHEM.jpg\",\"datePublished\":\"2024-08-07T12:40:28+00:00\",\"dateModified\":\"2024-08-31T13:41:42+00:00\",\"breadcrumb\":{\"@id\":\"https:\\\/\\\/vet-chem.com\\\/de\\\/product\\\/progesteronchem\\\/#breadcrumb\"},\"inLanguage\":\"de\",\"potentialAction\":[{\"@type\":\"ReadAction\",\"target\":[\"https:\\\/\\\/vet-chem.com\\\/de\\\/product\\\/progesteronchem\\\/\"]}]},{\"@type\":\"ImageObject\",\"inLanguage\":\"de\",\"@id\":\"https:\\\/\\\/vet-chem.com\\\/de\\\/product\\\/progesteronchem\\\/#primaryimage\",\"url\":\"https:\\\/\\\/vet-chem.com\\\/wp-content\\\/uploads\\\/2024\\\/08\\\/PROGESTERONCHEM.jpg\",\"contentUrl\":\"https:\\\/\\\/vet-chem.com\\\/wp-content\\\/uploads\\\/2024\\\/08\\\/PROGESTERONCHEM.jpg\",\"width\":1280,\"height\":1238},{\"@type\":\"BreadcrumbList\",\"@id\":\"https:\\\/\\\/vet-chem.com\\\/de\\\/product\\\/progesteronchem\\\/#breadcrumb\",\"itemListElement\":[{\"@type\":\"ListItem\",\"position\":1,\"name\":\"Home\",\"item\":\"https:\\\/\\\/vet-chem.com\\\/de\\\/home\\\/\"},{\"@type\":\"ListItem\",\"position\":2,\"name\":\"Produkte\",\"item\":\"https:\\\/\\\/vet-chem.com\\\/de\\\/shop\\\/\"},{\"@type\":\"ListItem\",\"position\":3,\"name\":\"PROGESTERONCHEM\"}]},{\"@type\":\"WebSite\",\"@id\":\"https:\\\/\\\/vet-chem.com\\\/de\\\/#website\",\"url\":\"https:\\\/\\\/vet-chem.com\\\/de\\\/\",\"name\":\"Vetchem\",\"description\":\"\",\"publisher\":{\"@id\":\"https:\\\/\\\/vet-chem.com\\\/de\\\/#organization\"},\"potentialAction\":[{\"@type\":\"SearchAction\",\"target\":{\"@type\":\"EntryPoint\",\"urlTemplate\":\"https:\\\/\\\/vet-chem.com\\\/de\\\/?s={search_term_string}\"},\"query-input\":{\"@type\":\"PropertyValueSpecification\",\"valueRequired\":true,\"valueName\":\"search_term_string\"}}],\"inLanguage\":\"de\"},{\"@type\":\"Organization\",\"@id\":\"https:\\\/\\\/vet-chem.com\\\/de\\\/#organization\",\"name\":\"Vetchem\",\"url\":\"https:\\\/\\\/vet-chem.com\\\/de\\\/\",\"logo\":{\"@type\":\"ImageObject\",\"inLanguage\":\"de\",\"@id\":\"https:\\\/\\\/vet-chem.com\\\/de\\\/#\\\/schema\\\/logo\\\/image\\\/\",\"url\":\"https:\\\/\\\/vet-chem.com\\\/wp-content\\\/uploads\\\/2024\\\/06\\\/logo.svg\",\"contentUrl\":\"https:\\\/\\\/vet-chem.com\\\/wp-content\\\/uploads\\\/2024\\\/06\\\/logo.svg\",\"width\":412,\"height\":195,\"caption\":\"Vetchem\"},\"image\":{\"@id\":\"https:\\\/\\\/vet-chem.com\\\/de\\\/#\\\/schema\\\/logo\\\/image\\\/\"},\"sameAs\":[\"https:\\\/\\\/www.facebook.com\\\/VetChemGerman\"]}]}<\/script>\n<!-- \/ Yoast SEO plugin. -->","yoast_head_json":{"title":"PROGESTERONCHEM - Vetchem","robots":{"index":"index","follow":"follow","max-snippet":"max-snippet:-1","max-image-preview":"max-image-preview:large","max-video-preview":"max-video-preview:-1"},"canonical":"https:\/\/vet-chem.com\/de\/product\/progesteronchem\/","og_locale":"de_DE","og_type":"article","og_title":"PROGESTERONCHEM - Vetchem","og_description":"Zusammensetzung: Jeder ml enth\u00e4lt: Hydroxyprogesteroncaproat: 250 mg. Beschreibung: PROGESTERONCHEM INJEKTION hilft bei der L\u00f6sung von Reproduktionsproblemen wie gewohnheitsm\u00e4\u00dfigen Fehlgeburten, Wiederbesamungen, Gelbk\u00f6rperschw\u00e4che, Geb\u00e4rmuttervorfall, \u00d6struseinduktion und durch Progesteronmangel verursachte Unfruchtbarkeit. Indikationen: &#8211; Nachbesamung. Drohende Fehlgeburten. Wiederbesamung. Geb\u00e4rmutter- und Vaginalvorfall. &#8211; Zur L\u00f6sung von Reproduktionsproblemen wie gewohnheitsm\u00e4\u00dfigen Fehlgeburten, Wiederbesamungen, Gelbk\u00f6rperschw\u00e4che, Geb\u00e4rmuttervorfall, \u00d6struseinduktion und durch Progesteronmangel verursachte Unfruchtbarkeit. Dosierung und Verabreichung: &#8211; W\u00e4hrend der fr\u00fchen Phase der Schwangerschaft \u2013 2 ml intramuskul\u00e4r, nach 45 Tagen Schwangerschaft. 4-5 Mal im Abstand von 10 Tagen wiederholen. &#8211; W\u00e4hrend der mittleren und sp\u00e4ten Schwangerschaft &#8211; 2 ml intramuskul\u00e4r, t\u00e4glich f\u00fcr 3 Tage, gefolgt von einer Injektion pro Woche f\u00fcr 3 Wochen. Behandlung &amp; Pflege: Zur Aufrechterhaltung der Schwangerschaft. Zur Entwicklung der Milchdr\u00fcsen w\u00e4hrend der Schwangerschaft. Zur Behandlung von stillem \u00d6strus. Zur Einleitung der Ovulationshitze. Entzugsphase: Milch: 7 Tage &amp; Fleisch: 28 Tage Lagerung: Lagern Sie es unter 30 \u00b0C an einem trockenen Ort, gesch\u00fctzt vor Licht. Bewahren Sie alle Medikamente immer au\u00dferhalb der Reichweite von Kindern auf. Nicht einfrieren lassen. NUR F\u00dcR TIERE AU\u00dfER REICHWEITE VON KINDERN AUFBEWAHREN NUR F\u00dcR TIER\u00c4RZTLICHE VERWENDUNG","og_url":"https:\/\/vet-chem.com\/de\/product\/progesteronchem\/","og_site_name":"Vetchem","article_publisher":"https:\/\/www.facebook.com\/VetChemGerman","article_modified_time":"2024-08-31T13:41:42+00:00","og_image":[{"width":1280,"height":1238,"url":"https:\/\/vet-chem.com\/wp-content\/uploads\/2024\/08\/PROGESTERONCHEM.jpg","type":"image\/jpeg"}],"twitter_card":"summary_large_image","twitter_misc":{"Gesch\u00e4tzte Lesezeit":"1\u00a0Minute"},"schema":{"@context":"https:\/\/schema.org","@graph":[{"@type":"WebPage","@id":"https:\/\/vet-chem.com\/de\/product\/progesteronchem\/","url":"https:\/\/vet-chem.com\/de\/product\/progesteronchem\/","name":"PROGESTERONCHEM - Vetchem","isPartOf":{"@id":"https:\/\/vet-chem.com\/de\/#website"},"primaryImageOfPage":{"@id":"https:\/\/vet-chem.com\/de\/product\/progesteronchem\/#primaryimage"},"image":{"@id":"https:\/\/vet-chem.com\/de\/product\/progesteronchem\/#primaryimage"},"thumbnailUrl":"https:\/\/vet-chem.com\/wp-content\/uploads\/2024\/08\/PROGESTERONCHEM.jpg","datePublished":"2024-08-07T12:40:28+00:00","dateModified":"2024-08-31T13:41:42+00:00","breadcrumb":{"@id":"https:\/\/vet-chem.com\/de\/product\/progesteronchem\/#breadcrumb"},"inLanguage":"de","potentialAction":[{"@type":"ReadAction","target":["https:\/\/vet-chem.com\/de\/product\/progesteronchem\/"]}]},{"@type":"ImageObject","inLanguage":"de","@id":"https:\/\/vet-chem.com\/de\/product\/progesteronchem\/#primaryimage","url":"https:\/\/vet-chem.com\/wp-content\/uploads\/2024\/08\/PROGESTERONCHEM.jpg","contentUrl":"https:\/\/vet-chem.com\/wp-content\/uploads\/2024\/08\/PROGESTERONCHEM.jpg","width":1280,"height":1238},{"@type":"BreadcrumbList","@id":"https:\/\/vet-chem.com\/de\/product\/progesteronchem\/#breadcrumb","itemListElement":[{"@type":"ListItem","position":1,"name":"Home","item":"https:\/\/vet-chem.com\/de\/home\/"},{"@type":"ListItem","position":2,"name":"Produkte","item":"https:\/\/vet-chem.com\/de\/shop\/"},{"@type":"ListItem","position":3,"name":"PROGESTERONCHEM"}]},{"@type":"WebSite","@id":"https:\/\/vet-chem.com\/de\/#website","url":"https:\/\/vet-chem.com\/de\/","name":"Vetchem","description":"","publisher":{"@id":"https:\/\/vet-chem.com\/de\/#organization"},"potentialAction":[{"@type":"SearchAction","target":{"@type":"EntryPoint","urlTemplate":"https:\/\/vet-chem.com\/de\/?s={search_term_string}"},"query-input":{"@type":"PropertyValueSpecification","valueRequired":true,"valueName":"search_term_string"}}],"inLanguage":"de"},{"@type":"Organization","@id":"https:\/\/vet-chem.com\/de\/#organization","name":"Vetchem","url":"https:\/\/vet-chem.com\/de\/","logo":{"@type":"ImageObject","inLanguage":"de","@id":"https:\/\/vet-chem.com\/de\/#\/schema\/logo\/image\/","url":"https:\/\/vet-chem.com\/wp-content\/uploads\/2024\/06\/logo.svg","contentUrl":"https:\/\/vet-chem.com\/wp-content\/uploads\/2024\/06\/logo.svg","width":412,"height":195,"caption":"Vetchem"},"image":{"@id":"https:\/\/vet-chem.com\/de\/#\/schema\/logo\/image\/"},"sameAs":["https:\/\/www.facebook.com\/VetChemGerman"]}]}},"_links":{"self":[{"href":"https:\/\/vet-chem.com\/de\/wp-json\/wp\/v2\/product\/897","targetHints":{"allow":["GET"]}}],"collection":[{"href":"https:\/\/vet-chem.com\/de\/wp-json\/wp\/v2\/product"}],"about":[{"href":"https:\/\/vet-chem.com\/de\/wp-json\/wp\/v2\/types\/product"}],"replies":[{"embeddable":true,"href":"https:\/\/vet-chem.com\/de\/wp-json\/wp\/v2\/comments?post=897"}],"wp:featuredmedia":[{"embeddable":true,"href":"https:\/\/vet-chem.com\/de\/wp-json\/wp\/v2\/media\/790"}],"wp:attachment":[{"href":"https:\/\/vet-chem.com\/de\/wp-json\/wp\/v2\/media?parent=897"}],"wp:term":[{"taxonomy":"product_brand","embeddable":true,"href":"https:\/\/vet-chem.com\/de\/wp-json\/wp\/v2\/product_brand?post=897"},{"taxonomy":"product_cat","embeddable":true,"href":"https:\/\/vet-chem.com\/de\/wp-json\/wp\/v2\/product_cat?post=897"},{"taxonomy":"product_tag","embeddable":true,"href":"https:\/\/vet-chem.com\/de\/wp-json\/wp\/v2\/product_tag?post=897"}],"curies":[{"name":"wp","href":"https:\/\/api.w.org\/{rel}","templated":true}]}}