{"id":898,"date":"2024-08-07T15:38:25","date_gmt":"2024-08-07T12:38:25","guid":{"rendered":"https:\/\/vet-chem.com\/product\/furochem\/"},"modified":"2024-08-31T16:42:04","modified_gmt":"2024-08-31T13:42:04","slug":"furochem","status":"publish","type":"product","link":"https:\/\/vet-chem.com\/de\/product\/furochem\/","title":{"rendered":"FUROCHEM"},"content":{"rendered":"<p>Zusammensetzung:<br \/>\nJeder ml enth\u00e4lt<br \/>\nFurosemid-Natrium B.P.<br \/>\nentspricht 50 mg Furosemid.<br \/>\nHilfsstoffe \u2026 q.s.<\/p>\n<p>Indikationen:<\/p>\n<p>Es wird zur Behandlung von kongestiver<br \/>\nKardiomyopathie, Lungen\u00f6dem,<br \/>\nhyperkalzi\u00f6ser Nephropathie, Ur\u00e4mie und als Zusatztherapie bei<br \/>\nHyperkali\u00e4mie und gelegentlich als<br \/>\nblutdrucksenkendes Mittel verwendet. Bei Rindern wird es zur<br \/>\nBehandlung von Euter\u00f6demen nach der Geburt und<br \/>\ndamit verbundenen Strukturen verwendet. Bei Rennpferden hilft es,<br \/>\nEpistaxie (durch k\u00f6rperliche Belastung<br \/>\ninduzierte Lungenblutung) zu verhindern oder zu<br \/>\nreduzieren.<\/p>\n<p>Gegenanzeigen:<\/p>\n<p>Verwenden Sie das Produkt nicht bei akuter<br \/>\nglomerul\u00e4rer Nephritis, Nierenversagen mit Anurie,<br \/>\nElektrolytmangelkrankheit oder \u00dcberdosierung mit<br \/>\nDigitalis.<br \/>\nNicht gleichzeitig mit einer Aminoglykosid-Antibiotika-Behandlung anwenden.<\/p>\n<p>Dosierung und Verabreichung:<\/p>\n<p>Hunde und Katzen: 1 bis 2 mg\/kg K\u00f6rpergewicht<br \/>\nein- oder zweimal t\u00e4glich im Abstand von 6 bis 8 Stunden.<\/p>\n<p>Rinder: 0,5 &#8211; 1 mg\/kg K\u00f6rpergewicht.<\/p>\n<p>Pferde: 0,5 &#8211; 1 mg\/kg K\u00f6rpergewicht<br \/>\nein- oder zweimal t\u00e4glich im Abstand von 6 bis 8 Stunden.<\/p>\n<p>Verabreichung:<br \/>\nIntramuskul\u00e4r (IM) oder intraven\u00f6s (IV)<\/p>\n<p>Entzugszeiten:<\/p>\n<p>Verwenden Sie keine Pferde, die f\u00fcr den menschlichen Verzehr bestimmt sind. Behandelte Pferde d\u00fcrfen niemals f\u00fcr den menschlichen Verzehr geschlachtet werden.<br \/>\nRinder: Fleisch und Milch: 48 Stunden.<\/p>\n<p>Lagerung:<\/p>\n<p>Bei kontrollierter Raumtemperatur zwischen 15\u00b0 und 30\u00b0C (59\u00b0 &#8211; 86\u00b0F) lagern.<br \/>\nLichteinwirkung vermeiden.<\/p>\n<p>NUR F\u00dcR TIERE<br \/>\nAUF DER REICHWEITE VON KINDERN AUFBEWAHREN<br \/>\nNUR F\u00dcR TIER\u00c4RZTLICHE VERWENDUNG<\/p>\n","protected":false},"excerpt":{"rendered":"<p>Zusammensetzung: Jeder ml enth\u00e4lt Furosemid-Natrium B.P. entspricht 50 mg Furosemid. Hilfsstoffe \u2026 q.s. Indikationen: Es wird zur Behandlung von kongestiver Kardiomyopathie, Lungen\u00f6dem, hyperkalzi\u00f6ser Nephropathie, Ur\u00e4mie und als Zusatztherapie bei Hyperkali\u00e4mie und gelegentlich als blutdrucksenkendes Mittel verwendet. Bei Rindern wird es zur Behandlung von Euter\u00f6demen nach der Geburt und damit verbundenen Strukturen verwendet. Bei Rennpferden hilft es, Epistaxie (durch k\u00f6rperliche Belastung induzierte Lungenblutung) zu verhindern oder zu reduzieren. Gegenanzeigen: Verwenden Sie das Produkt nicht bei akuter glomerul\u00e4rer Nephritis, Nierenversagen mit Anurie, Elektrolytmangelkrankheit oder \u00dcberdosierung mit Digitalis. Nicht gleichzeitig mit einer Aminoglykosid-Antibiotika-Behandlung anwenden. Dosierung und Verabreichung: Hunde und Katzen: 1 bis 2 mg\/kg K\u00f6rpergewicht ein- oder zweimal t\u00e4glich im Abstand von 6 bis 8 Stunden. Rinder: 0,5 &#8211; 1 mg\/kg K\u00f6rpergewicht. Pferde: 0,5 &#8211; 1 mg\/kg K\u00f6rpergewicht ein- oder zweimal t\u00e4glich im Abstand von 6 bis 8 Stunden. Verabreichung: Intramuskul\u00e4r (IM) oder intraven\u00f6s (IV) Entzugszeiten: Verwenden Sie keine Pferde, die f\u00fcr den menschlichen Verzehr bestimmt sind. Behandelte Pferde d\u00fcrfen niemals f\u00fcr den menschlichen Verzehr geschlachtet werden. Rinder: Fleisch und Milch: 48 Stunden. Lagerung: Bei kontrollierter Raumtemperatur zwischen 15\u00b0 und 30\u00b0C (59\u00b0 &#8211; 86\u00b0F) lagern. Lichteinwirkung vermeiden. NUR F\u00dcR TIERE AUF DER REICHWEITE VON KINDERN AUFBEWAHREN NUR F\u00dcR TIER\u00c4RZTLICHE VERWENDUNG<\/p>\n","protected":false},"featured_media":789,"comment_status":"open","ping_status":"closed","template":"","meta":{"site-sidebar-layout":"default","site-content-layout":"","ast-site-content-layout":"default","site-content-style":"default","site-sidebar-style":"default","ast-global-header-display":"","ast-banner-title-visibility":"","ast-main-header-display":"","ast-hfb-above-header-display":"","ast-hfb-below-header-display":"","ast-hfb-mobile-header-display":"","site-post-title":"","ast-breadcrumbs-content":"","ast-featured-img":"","footer-sml-layout":"","ast-disable-related-posts":"","theme-transparent-header-meta":"default","adv-header-id-meta":"","stick-header-meta":"","header-above-stick-meta":"","header-main-stick-meta":"","header-below-stick-meta":"","astra-migrate-meta-layouts":"set","ast-page-background-enabled":"default","ast-page-background-meta":{"desktop":{"background-color":"var(--ast-global-color-4)","background-image":"","background-repeat":"repeat","background-position":"center center","background-size":"auto","background-attachment":"scroll","background-type":"","background-media":"","overlay-type":"","overlay-color":"","overlay-opacity":"","overlay-gradient":""},"tablet":{"background-color":"","background-image":"","background-repeat":"repeat","background-position":"center center","background-size":"auto","background-attachment":"scroll","background-type":"","background-media":"","overlay-type":"","overlay-color":"","overlay-opacity":"","overlay-gradient":""},"mobile":{"background-color":"","background-image":"","background-repeat":"repeat","background-position":"center center","background-size":"auto","background-attachment":"scroll","background-type":"","background-media":"","overlay-type":"","overlay-color":"","overlay-opacity":"","overlay-gradient":""}},"ast-content-background-meta":{"desktop":{"background-color":"var(--ast-global-color-5)","background-image":"","background-repeat":"repeat","background-position":"center center","background-size":"auto","background-attachment":"scroll","background-type":"","background-media":"","overlay-type":"","overlay-color":"","overlay-opacity":"","overlay-gradient":""},"tablet":{"background-color":"var(--ast-global-color-5)","background-image":"","background-repeat":"repeat","background-position":"center center","background-size":"auto","background-attachment":"scroll","background-type":"","background-media":"","overlay-type":"","overlay-color":"","overlay-opacity":"","overlay-gradient":""},"mobile":{"background-color":"var(--ast-global-color-5)","background-image":"","background-repeat":"repeat","background-position":"center center","background-size":"auto","background-attachment":"scroll","background-type":"","background-media":"","overlay-type":"","overlay-color":"","overlay-opacity":"","overlay-gradient":""}}},"product_brand":[],"product_cat":[42],"product_tag":[],"class_list":{"0":"post-898","1":"product","2":"type-product","3":"status-publish","4":"has-post-thumbnail","6":"product_cat-unkategorisiert","7":"desktop-align-left","8":"tablet-align-left","9":"mobile-align-left","11":"first","12":"instock","13":"shipping-taxable","14":"product-type-simple"},"yoast_head":"<!-- This site is optimized with the Yoast SEO plugin v27.3 - https:\/\/yoast.com\/product\/yoast-seo-wordpress\/ -->\n<title>FUROCHEM - Vetchem<\/title>\n<meta name=\"robots\" content=\"index, follow, max-snippet:-1, max-image-preview:large, max-video-preview:-1\" \/>\n<link rel=\"canonical\" href=\"https:\/\/vet-chem.com\/de\/product\/furochem\/\" \/>\n<meta property=\"og:locale\" content=\"de_DE\" \/>\n<meta property=\"og:type\" content=\"article\" \/>\n<meta property=\"og:title\" content=\"FUROCHEM - Vetchem\" \/>\n<meta property=\"og:description\" content=\"Zusammensetzung: Jeder ml enth\u00e4lt Furosemid-Natrium B.P. entspricht 50 mg Furosemid. Hilfsstoffe \u2026 q.s. Indikationen: Es wird zur Behandlung von kongestiver Kardiomyopathie, Lungen\u00f6dem, hyperkalzi\u00f6ser Nephropathie, Ur\u00e4mie und als Zusatztherapie bei Hyperkali\u00e4mie und gelegentlich als blutdrucksenkendes Mittel verwendet. Bei Rindern wird es zur Behandlung von Euter\u00f6demen nach der Geburt und damit verbundenen Strukturen verwendet. Bei Rennpferden hilft es, Epistaxie (durch k\u00f6rperliche Belastung induzierte Lungenblutung) zu verhindern oder zu reduzieren. Gegenanzeigen: Verwenden Sie das Produkt nicht bei akuter glomerul\u00e4rer Nephritis, Nierenversagen mit Anurie, Elektrolytmangelkrankheit oder \u00dcberdosierung mit Digitalis. Nicht gleichzeitig mit einer Aminoglykosid-Antibiotika-Behandlung anwenden. Dosierung und Verabreichung: Hunde und Katzen: 1 bis 2 mg\/kg K\u00f6rpergewicht ein- oder zweimal t\u00e4glich im Abstand von 6 bis 8 Stunden. Rinder: 0,5 &#8211; 1 mg\/kg K\u00f6rpergewicht. Pferde: 0,5 &#8211; 1 mg\/kg K\u00f6rpergewicht ein- oder zweimal t\u00e4glich im Abstand von 6 bis 8 Stunden. Verabreichung: Intramuskul\u00e4r (IM) oder intraven\u00f6s (IV) Entzugszeiten: Verwenden Sie keine Pferde, die f\u00fcr den menschlichen Verzehr bestimmt sind. Behandelte Pferde d\u00fcrfen niemals f\u00fcr den menschlichen Verzehr geschlachtet werden. Rinder: Fleisch und Milch: 48 Stunden. Lagerung: Bei kontrollierter Raumtemperatur zwischen 15\u00b0 und 30\u00b0C (59\u00b0 &#8211; 86\u00b0F) lagern. Lichteinwirkung vermeiden. NUR F\u00dcR TIERE AUF DER REICHWEITE VON KINDERN AUFBEWAHREN NUR F\u00dcR TIER\u00c4RZTLICHE VERWENDUNG\" \/>\n<meta property=\"og:url\" content=\"https:\/\/vet-chem.com\/de\/product\/furochem\/\" \/>\n<meta property=\"og:site_name\" content=\"Vetchem\" \/>\n<meta property=\"article:publisher\" content=\"https:\/\/www.facebook.com\/VetChemGerman\" \/>\n<meta property=\"article:modified_time\" content=\"2024-08-31T13:42:04+00:00\" \/>\n<meta property=\"og:image\" content=\"https:\/\/vet-chem.com\/wp-content\/uploads\/2024\/08\/FUROCHEM.jpg\" \/>\n\t<meta property=\"og:image:width\" content=\"1280\" \/>\n\t<meta property=\"og:image:height\" content=\"1238\" \/>\n\t<meta property=\"og:image:type\" content=\"image\/jpeg\" \/>\n<meta name=\"twitter:card\" content=\"summary_large_image\" \/>\n<meta name=\"twitter:label1\" content=\"Gesch\u00e4tzte Lesezeit\" \/>\n\t<meta name=\"twitter:data1\" content=\"1\u00a0Minute\" \/>\n<script type=\"application\/ld+json\" class=\"yoast-schema-graph\">{\"@context\":\"https:\\\/\\\/schema.org\",\"@graph\":[{\"@type\":\"WebPage\",\"@id\":\"https:\\\/\\\/vet-chem.com\\\/de\\\/product\\\/furochem\\\/\",\"url\":\"https:\\\/\\\/vet-chem.com\\\/de\\\/product\\\/furochem\\\/\",\"name\":\"FUROCHEM - Vetchem\",\"isPartOf\":{\"@id\":\"https:\\\/\\\/vet-chem.com\\\/de\\\/#website\"},\"primaryImageOfPage\":{\"@id\":\"https:\\\/\\\/vet-chem.com\\\/de\\\/product\\\/furochem\\\/#primaryimage\"},\"image\":{\"@id\":\"https:\\\/\\\/vet-chem.com\\\/de\\\/product\\\/furochem\\\/#primaryimage\"},\"thumbnailUrl\":\"https:\\\/\\\/vet-chem.com\\\/wp-content\\\/uploads\\\/2024\\\/08\\\/FUROCHEM.jpg\",\"datePublished\":\"2024-08-07T12:38:25+00:00\",\"dateModified\":\"2024-08-31T13:42:04+00:00\",\"breadcrumb\":{\"@id\":\"https:\\\/\\\/vet-chem.com\\\/de\\\/product\\\/furochem\\\/#breadcrumb\"},\"inLanguage\":\"de\",\"potentialAction\":[{\"@type\":\"ReadAction\",\"target\":[\"https:\\\/\\\/vet-chem.com\\\/de\\\/product\\\/furochem\\\/\"]}]},{\"@type\":\"ImageObject\",\"inLanguage\":\"de\",\"@id\":\"https:\\\/\\\/vet-chem.com\\\/de\\\/product\\\/furochem\\\/#primaryimage\",\"url\":\"https:\\\/\\\/vet-chem.com\\\/wp-content\\\/uploads\\\/2024\\\/08\\\/FUROCHEM.jpg\",\"contentUrl\":\"https:\\\/\\\/vet-chem.com\\\/wp-content\\\/uploads\\\/2024\\\/08\\\/FUROCHEM.jpg\",\"width\":1280,\"height\":1238},{\"@type\":\"BreadcrumbList\",\"@id\":\"https:\\\/\\\/vet-chem.com\\\/de\\\/product\\\/furochem\\\/#breadcrumb\",\"itemListElement\":[{\"@type\":\"ListItem\",\"position\":1,\"name\":\"Home\",\"item\":\"https:\\\/\\\/vet-chem.com\\\/de\\\/home\\\/\"},{\"@type\":\"ListItem\",\"position\":2,\"name\":\"Produkte\",\"item\":\"https:\\\/\\\/vet-chem.com\\\/de\\\/shop\\\/\"},{\"@type\":\"ListItem\",\"position\":3,\"name\":\"FUROCHEM\"}]},{\"@type\":\"WebSite\",\"@id\":\"https:\\\/\\\/vet-chem.com\\\/de\\\/#website\",\"url\":\"https:\\\/\\\/vet-chem.com\\\/de\\\/\",\"name\":\"Vetchem\",\"description\":\"\",\"publisher\":{\"@id\":\"https:\\\/\\\/vet-chem.com\\\/de\\\/#organization\"},\"potentialAction\":[{\"@type\":\"SearchAction\",\"target\":{\"@type\":\"EntryPoint\",\"urlTemplate\":\"https:\\\/\\\/vet-chem.com\\\/de\\\/?s={search_term_string}\"},\"query-input\":{\"@type\":\"PropertyValueSpecification\",\"valueRequired\":true,\"valueName\":\"search_term_string\"}}],\"inLanguage\":\"de\"},{\"@type\":\"Organization\",\"@id\":\"https:\\\/\\\/vet-chem.com\\\/de\\\/#organization\",\"name\":\"Vetchem\",\"url\":\"https:\\\/\\\/vet-chem.com\\\/de\\\/\",\"logo\":{\"@type\":\"ImageObject\",\"inLanguage\":\"de\",\"@id\":\"https:\\\/\\\/vet-chem.com\\\/de\\\/#\\\/schema\\\/logo\\\/image\\\/\",\"url\":\"https:\\\/\\\/vet-chem.com\\\/wp-content\\\/uploads\\\/2024\\\/06\\\/logo.svg\",\"contentUrl\":\"https:\\\/\\\/vet-chem.com\\\/wp-content\\\/uploads\\\/2024\\\/06\\\/logo.svg\",\"width\":412,\"height\":195,\"caption\":\"Vetchem\"},\"image\":{\"@id\":\"https:\\\/\\\/vet-chem.com\\\/de\\\/#\\\/schema\\\/logo\\\/image\\\/\"},\"sameAs\":[\"https:\\\/\\\/www.facebook.com\\\/VetChemGerman\"]}]}<\/script>\n<!-- \/ Yoast SEO plugin. -->","yoast_head_json":{"title":"FUROCHEM - Vetchem","robots":{"index":"index","follow":"follow","max-snippet":"max-snippet:-1","max-image-preview":"max-image-preview:large","max-video-preview":"max-video-preview:-1"},"canonical":"https:\/\/vet-chem.com\/de\/product\/furochem\/","og_locale":"de_DE","og_type":"article","og_title":"FUROCHEM - Vetchem","og_description":"Zusammensetzung: Jeder ml enth\u00e4lt Furosemid-Natrium B.P. entspricht 50 mg Furosemid. Hilfsstoffe \u2026 q.s. Indikationen: Es wird zur Behandlung von kongestiver Kardiomyopathie, Lungen\u00f6dem, hyperkalzi\u00f6ser Nephropathie, Ur\u00e4mie und als Zusatztherapie bei Hyperkali\u00e4mie und gelegentlich als blutdrucksenkendes Mittel verwendet. Bei Rindern wird es zur Behandlung von Euter\u00f6demen nach der Geburt und damit verbundenen Strukturen verwendet. Bei Rennpferden hilft es, Epistaxie (durch k\u00f6rperliche Belastung induzierte Lungenblutung) zu verhindern oder zu reduzieren. Gegenanzeigen: Verwenden Sie das Produkt nicht bei akuter glomerul\u00e4rer Nephritis, Nierenversagen mit Anurie, Elektrolytmangelkrankheit oder \u00dcberdosierung mit Digitalis. Nicht gleichzeitig mit einer Aminoglykosid-Antibiotika-Behandlung anwenden. Dosierung und Verabreichung: Hunde und Katzen: 1 bis 2 mg\/kg K\u00f6rpergewicht ein- oder zweimal t\u00e4glich im Abstand von 6 bis 8 Stunden. Rinder: 0,5 &#8211; 1 mg\/kg K\u00f6rpergewicht. Pferde: 0,5 &#8211; 1 mg\/kg K\u00f6rpergewicht ein- oder zweimal t\u00e4glich im Abstand von 6 bis 8 Stunden. Verabreichung: Intramuskul\u00e4r (IM) oder intraven\u00f6s (IV) Entzugszeiten: Verwenden Sie keine Pferde, die f\u00fcr den menschlichen Verzehr bestimmt sind. Behandelte Pferde d\u00fcrfen niemals f\u00fcr den menschlichen Verzehr geschlachtet werden. Rinder: Fleisch und Milch: 48 Stunden. Lagerung: Bei kontrollierter Raumtemperatur zwischen 15\u00b0 und 30\u00b0C (59\u00b0 &#8211; 86\u00b0F) lagern. Lichteinwirkung vermeiden. NUR F\u00dcR TIERE AUF DER REICHWEITE VON KINDERN AUFBEWAHREN NUR F\u00dcR TIER\u00c4RZTLICHE VERWENDUNG","og_url":"https:\/\/vet-chem.com\/de\/product\/furochem\/","og_site_name":"Vetchem","article_publisher":"https:\/\/www.facebook.com\/VetChemGerman","article_modified_time":"2024-08-31T13:42:04+00:00","og_image":[{"width":1280,"height":1238,"url":"https:\/\/vet-chem.com\/wp-content\/uploads\/2024\/08\/FUROCHEM.jpg","type":"image\/jpeg"}],"twitter_card":"summary_large_image","twitter_misc":{"Gesch\u00e4tzte Lesezeit":"1\u00a0Minute"},"schema":{"@context":"https:\/\/schema.org","@graph":[{"@type":"WebPage","@id":"https:\/\/vet-chem.com\/de\/product\/furochem\/","url":"https:\/\/vet-chem.com\/de\/product\/furochem\/","name":"FUROCHEM - Vetchem","isPartOf":{"@id":"https:\/\/vet-chem.com\/de\/#website"},"primaryImageOfPage":{"@id":"https:\/\/vet-chem.com\/de\/product\/furochem\/#primaryimage"},"image":{"@id":"https:\/\/vet-chem.com\/de\/product\/furochem\/#primaryimage"},"thumbnailUrl":"https:\/\/vet-chem.com\/wp-content\/uploads\/2024\/08\/FUROCHEM.jpg","datePublished":"2024-08-07T12:38:25+00:00","dateModified":"2024-08-31T13:42:04+00:00","breadcrumb":{"@id":"https:\/\/vet-chem.com\/de\/product\/furochem\/#breadcrumb"},"inLanguage":"de","potentialAction":[{"@type":"ReadAction","target":["https:\/\/vet-chem.com\/de\/product\/furochem\/"]}]},{"@type":"ImageObject","inLanguage":"de","@id":"https:\/\/vet-chem.com\/de\/product\/furochem\/#primaryimage","url":"https:\/\/vet-chem.com\/wp-content\/uploads\/2024\/08\/FUROCHEM.jpg","contentUrl":"https:\/\/vet-chem.com\/wp-content\/uploads\/2024\/08\/FUROCHEM.jpg","width":1280,"height":1238},{"@type":"BreadcrumbList","@id":"https:\/\/vet-chem.com\/de\/product\/furochem\/#breadcrumb","itemListElement":[{"@type":"ListItem","position":1,"name":"Home","item":"https:\/\/vet-chem.com\/de\/home\/"},{"@type":"ListItem","position":2,"name":"Produkte","item":"https:\/\/vet-chem.com\/de\/shop\/"},{"@type":"ListItem","position":3,"name":"FUROCHEM"}]},{"@type":"WebSite","@id":"https:\/\/vet-chem.com\/de\/#website","url":"https:\/\/vet-chem.com\/de\/","name":"Vetchem","description":"","publisher":{"@id":"https:\/\/vet-chem.com\/de\/#organization"},"potentialAction":[{"@type":"SearchAction","target":{"@type":"EntryPoint","urlTemplate":"https:\/\/vet-chem.com\/de\/?s={search_term_string}"},"query-input":{"@type":"PropertyValueSpecification","valueRequired":true,"valueName":"search_term_string"}}],"inLanguage":"de"},{"@type":"Organization","@id":"https:\/\/vet-chem.com\/de\/#organization","name":"Vetchem","url":"https:\/\/vet-chem.com\/de\/","logo":{"@type":"ImageObject","inLanguage":"de","@id":"https:\/\/vet-chem.com\/de\/#\/schema\/logo\/image\/","url":"https:\/\/vet-chem.com\/wp-content\/uploads\/2024\/06\/logo.svg","contentUrl":"https:\/\/vet-chem.com\/wp-content\/uploads\/2024\/06\/logo.svg","width":412,"height":195,"caption":"Vetchem"},"image":{"@id":"https:\/\/vet-chem.com\/de\/#\/schema\/logo\/image\/"},"sameAs":["https:\/\/www.facebook.com\/VetChemGerman"]}]}},"_links":{"self":[{"href":"https:\/\/vet-chem.com\/de\/wp-json\/wp\/v2\/product\/898","targetHints":{"allow":["GET"]}}],"collection":[{"href":"https:\/\/vet-chem.com\/de\/wp-json\/wp\/v2\/product"}],"about":[{"href":"https:\/\/vet-chem.com\/de\/wp-json\/wp\/v2\/types\/product"}],"replies":[{"embeddable":true,"href":"https:\/\/vet-chem.com\/de\/wp-json\/wp\/v2\/comments?post=898"}],"wp:featuredmedia":[{"embeddable":true,"href":"https:\/\/vet-chem.com\/de\/wp-json\/wp\/v2\/media\/789"}],"wp:attachment":[{"href":"https:\/\/vet-chem.com\/de\/wp-json\/wp\/v2\/media?parent=898"}],"wp:term":[{"taxonomy":"product_brand","embeddable":true,"href":"https:\/\/vet-chem.com\/de\/wp-json\/wp\/v2\/product_brand?post=898"},{"taxonomy":"product_cat","embeddable":true,"href":"https:\/\/vet-chem.com\/de\/wp-json\/wp\/v2\/product_cat?post=898"},{"taxonomy":"product_tag","embeddable":true,"href":"https:\/\/vet-chem.com\/de\/wp-json\/wp\/v2\/product_tag?post=898"}],"curies":[{"name":"wp","href":"https:\/\/api.w.org\/{rel}","templated":true}]}}