{"id":899,"date":"2024-08-07T15:37:33","date_gmt":"2024-08-07T12:37:33","guid":{"rendered":"https:\/\/vet-chem.com\/product\/enrochem100-oral-liquid\/"},"modified":"2024-08-31T16:42:44","modified_gmt":"2024-08-31T13:42:44","slug":"enrochem100-oral-liquid","status":"publish","type":"product","link":"https:\/\/vet-chem.com\/de\/product\/enrochem100-oral-liquid\/","title":{"rendered":"ENROCHEM100 ORAL LIQUID"},"content":{"rendered":"<p>Zusammensetzung: Jeder ml enth\u00e4lt:<br \/>\nEnrofloxacin (hausintern): 100 mg<br \/>\nIndikationen:<br \/>\nBei K\u00e4lbern, Ziegen, Gefl\u00fcgel und Schafen.<br \/>\nMagen-Darm-Erkrankungen, Atemwegsinfektionen<br \/>\nund Erkrankungen, die durch G+ve- und G-ve-Bakterien verursacht werden.<br \/>\nHarnwegsinfektionen, die durch Enrofloxacin-empfindliche Mikroorganismen wie Campylobacter,<br \/>\nE.coli, Haemophilus, Mycoplasma, Pasteurella und<br \/>\nSalmonella-Arten verursacht werden.<br \/>\nDosierung und Verabreichung:<br \/>\nGefl\u00fcgel:<br \/>\n1 l \/ 1500-2000 l Trinkwasser f\u00fcr 3-5 Tage<br \/>\nZur oralen Verabreichung:<br \/>\nK\u00e4lber, Ziegen und Schafe: Zweimal t\u00e4glich 10 ml \/ 75-150 kg K\u00f6rpergewicht f\u00fcr 3-5 Tage.<br \/>\nZur Behandlung:<br \/>\nHinweis: F\u00fcr K\u00e4lber und L\u00e4mmer, die noch nicht wiederk\u00e4uen.<br \/>\nBei bakteriellen und Mykoplasmen-Infektionen 3 Tage lang t\u00e4glich 10 mg\/kg K\u00f6rpergewicht (1 ml L\u00f6sung in 2 l Wasser) anwenden. Bei einer Salmonelleninfektion sollte die Behandlung 5 Tage oder nach Anweisung des Tierarztes erfolgen. Wartezeit: F\u00fcr Fleisch: 12 Tage.<\/p>\n","protected":false},"excerpt":{"rendered":"<p>Zusammensetzung: Jeder ml enth\u00e4lt: Enrofloxacin (hausintern): 100 mg Indikationen: Bei K\u00e4lbern, Ziegen, Gefl\u00fcgel und Schafen. Magen-Darm-Erkrankungen, Atemwegsinfektionen und Erkrankungen, die durch G+ve- und G-ve-Bakterien verursacht werden. Harnwegsinfektionen, die durch Enrofloxacin-empfindliche Mikroorganismen wie Campylobacter, E.coli, Haemophilus, Mycoplasma, Pasteurella und Salmonella-Arten verursacht werden. Dosierung und Verabreichung: Gefl\u00fcgel: 1 l \/ 1500-2000 l Trinkwasser f\u00fcr 3-5 Tage Zur oralen Verabreichung: K\u00e4lber, Ziegen und Schafe: Zweimal t\u00e4glich 10 ml \/ 75-150 kg K\u00f6rpergewicht f\u00fcr 3-5 Tage. Zur Behandlung: Hinweis: F\u00fcr K\u00e4lber und L\u00e4mmer, die noch nicht wiederk\u00e4uen. Bei bakteriellen und Mykoplasmen-Infektionen 3 Tage lang t\u00e4glich 10 mg\/kg K\u00f6rpergewicht (1 ml L\u00f6sung in 2 l Wasser) anwenden. Bei einer Salmonelleninfektion sollte die Behandlung 5 Tage oder nach Anweisung des Tierarztes erfolgen. Wartezeit: F\u00fcr Fleisch: 12 Tage.<\/p>\n","protected":false},"featured_media":788,"comment_status":"open","ping_status":"closed","template":"","meta":{"site-sidebar-layout":"default","site-content-layout":"","ast-site-content-layout":"default","site-content-style":"default","site-sidebar-style":"default","ast-global-header-display":"","ast-banner-title-visibility":"","ast-main-header-display":"","ast-hfb-above-header-display":"","ast-hfb-below-header-display":"","ast-hfb-mobile-header-display":"","site-post-title":"","ast-breadcrumbs-content":"","ast-featured-img":"","footer-sml-layout":"","ast-disable-related-posts":"","theme-transparent-header-meta":"default","adv-header-id-meta":"","stick-header-meta":"","header-above-stick-meta":"","header-main-stick-meta":"","header-below-stick-meta":"","astra-migrate-meta-layouts":"set","ast-page-background-enabled":"default","ast-page-background-meta":{"desktop":{"background-color":"var(--ast-global-color-4)","background-image":"","background-repeat":"repeat","background-position":"center center","background-size":"auto","background-attachment":"scroll","background-type":"","background-media":"","overlay-type":"","overlay-color":"","overlay-opacity":"","overlay-gradient":""},"tablet":{"background-color":"","background-image":"","background-repeat":"repeat","background-position":"center center","background-size":"auto","background-attachment":"scroll","background-type":"","background-media":"","overlay-type":"","overlay-color":"","overlay-opacity":"","overlay-gradient":""},"mobile":{"background-color":"","background-image":"","background-repeat":"repeat","background-position":"center center","background-size":"auto","background-attachment":"scroll","background-type":"","background-media":"","overlay-type":"","overlay-color":"","overlay-opacity":"","overlay-gradient":""}},"ast-content-background-meta":{"desktop":{"background-color":"var(--ast-global-color-5)","background-image":"","background-repeat":"repeat","background-position":"center center","background-size":"auto","background-attachment":"scroll","background-type":"","background-media":"","overlay-type":"","overlay-color":"","overlay-opacity":"","overlay-gradient":""},"tablet":{"background-color":"var(--ast-global-color-5)","background-image":"","background-repeat":"repeat","background-position":"center center","background-size":"auto","background-attachment":"scroll","background-type":"","background-media":"","overlay-type":"","overlay-color":"","overlay-opacity":"","overlay-gradient":""},"mobile":{"background-color":"var(--ast-global-color-5)","background-image":"","background-repeat":"repeat","background-position":"center center","background-size":"auto","background-attachment":"scroll","background-type":"","background-media":"","overlay-type":"","overlay-color":"","overlay-opacity":"","overlay-gradient":""}}},"product_brand":[],"product_cat":[46],"product_tag":[],"class_list":{"0":"post-899","1":"product","2":"type-product","3":"status-publish","4":"has-post-thumbnail","6":"product_cat-oral-liquid-de","7":"desktop-align-left","8":"tablet-align-left","9":"mobile-align-left","11":"first","12":"instock","13":"shipping-taxable","14":"product-type-simple"},"yoast_head":"<!-- This site is optimized with the Yoast SEO plugin v27.3 - https:\/\/yoast.com\/product\/yoast-seo-wordpress\/ -->\n<title>ENROCHEM100 ORAL LIQUID - Vetchem<\/title>\n<meta name=\"robots\" content=\"index, follow, max-snippet:-1, max-image-preview:large, max-video-preview:-1\" \/>\n<link rel=\"canonical\" href=\"https:\/\/vet-chem.com\/de\/product\/enrochem100-oral-liquid\/\" \/>\n<meta property=\"og:locale\" content=\"de_DE\" \/>\n<meta property=\"og:type\" content=\"article\" \/>\n<meta property=\"og:title\" content=\"ENROCHEM100 ORAL LIQUID - Vetchem\" \/>\n<meta property=\"og:description\" content=\"Zusammensetzung: Jeder ml enth\u00e4lt: Enrofloxacin (hausintern): 100 mg Indikationen: Bei K\u00e4lbern, Ziegen, Gefl\u00fcgel und Schafen. Magen-Darm-Erkrankungen, Atemwegsinfektionen und Erkrankungen, die durch G+ve- und G-ve-Bakterien verursacht werden. Harnwegsinfektionen, die durch Enrofloxacin-empfindliche Mikroorganismen wie Campylobacter, E.coli, Haemophilus, Mycoplasma, Pasteurella und Salmonella-Arten verursacht werden. Dosierung und Verabreichung: Gefl\u00fcgel: 1 l \/ 1500-2000 l Trinkwasser f\u00fcr 3-5 Tage Zur oralen Verabreichung: K\u00e4lber, Ziegen und Schafe: Zweimal t\u00e4glich 10 ml \/ 75-150 kg K\u00f6rpergewicht f\u00fcr 3-5 Tage. Zur Behandlung: Hinweis: F\u00fcr K\u00e4lber und L\u00e4mmer, die noch nicht wiederk\u00e4uen. Bei bakteriellen und Mykoplasmen-Infektionen 3 Tage lang t\u00e4glich 10 mg\/kg K\u00f6rpergewicht (1 ml L\u00f6sung in 2 l Wasser) anwenden. Bei einer Salmonelleninfektion sollte die Behandlung 5 Tage oder nach Anweisung des Tierarztes erfolgen. Wartezeit: F\u00fcr Fleisch: 12 Tage.\" \/>\n<meta property=\"og:url\" content=\"https:\/\/vet-chem.com\/de\/product\/enrochem100-oral-liquid\/\" \/>\n<meta property=\"og:site_name\" content=\"Vetchem\" \/>\n<meta property=\"article:publisher\" content=\"https:\/\/www.facebook.com\/VetChemGerman\" \/>\n<meta property=\"article:modified_time\" content=\"2024-08-31T13:42:44+00:00\" \/>\n<meta property=\"og:image\" content=\"https:\/\/vet-chem.com\/wp-content\/uploads\/2024\/08\/ENROCHEM100.jpg\" \/>\n\t<meta property=\"og:image:width\" content=\"1004\" \/>\n\t<meta property=\"og:image:height\" content=\"1280\" \/>\n\t<meta property=\"og:image:type\" content=\"image\/jpeg\" \/>\n<meta name=\"twitter:card\" content=\"summary_large_image\" \/>\n<meta name=\"twitter:label1\" content=\"Gesch\u00e4tzte Lesezeit\" \/>\n\t<meta name=\"twitter:data1\" content=\"1\u00a0Minute\" \/>\n<script type=\"application\/ld+json\" class=\"yoast-schema-graph\">{\"@context\":\"https:\\\/\\\/schema.org\",\"@graph\":[{\"@type\":\"WebPage\",\"@id\":\"https:\\\/\\\/vet-chem.com\\\/de\\\/product\\\/enrochem100-oral-liquid\\\/\",\"url\":\"https:\\\/\\\/vet-chem.com\\\/de\\\/product\\\/enrochem100-oral-liquid\\\/\",\"name\":\"ENROCHEM100 ORAL LIQUID - Vetchem\",\"isPartOf\":{\"@id\":\"https:\\\/\\\/vet-chem.com\\\/de\\\/#website\"},\"primaryImageOfPage\":{\"@id\":\"https:\\\/\\\/vet-chem.com\\\/de\\\/product\\\/enrochem100-oral-liquid\\\/#primaryimage\"},\"image\":{\"@id\":\"https:\\\/\\\/vet-chem.com\\\/de\\\/product\\\/enrochem100-oral-liquid\\\/#primaryimage\"},\"thumbnailUrl\":\"https:\\\/\\\/vet-chem.com\\\/wp-content\\\/uploads\\\/2024\\\/08\\\/ENROCHEM100.jpg\",\"datePublished\":\"2024-08-07T12:37:33+00:00\",\"dateModified\":\"2024-08-31T13:42:44+00:00\",\"breadcrumb\":{\"@id\":\"https:\\\/\\\/vet-chem.com\\\/de\\\/product\\\/enrochem100-oral-liquid\\\/#breadcrumb\"},\"inLanguage\":\"de\",\"potentialAction\":[{\"@type\":\"ReadAction\",\"target\":[\"https:\\\/\\\/vet-chem.com\\\/de\\\/product\\\/enrochem100-oral-liquid\\\/\"]}]},{\"@type\":\"ImageObject\",\"inLanguage\":\"de\",\"@id\":\"https:\\\/\\\/vet-chem.com\\\/de\\\/product\\\/enrochem100-oral-liquid\\\/#primaryimage\",\"url\":\"https:\\\/\\\/vet-chem.com\\\/wp-content\\\/uploads\\\/2024\\\/08\\\/ENROCHEM100.jpg\",\"contentUrl\":\"https:\\\/\\\/vet-chem.com\\\/wp-content\\\/uploads\\\/2024\\\/08\\\/ENROCHEM100.jpg\",\"width\":1004,\"height\":1280},{\"@type\":\"BreadcrumbList\",\"@id\":\"https:\\\/\\\/vet-chem.com\\\/de\\\/product\\\/enrochem100-oral-liquid\\\/#breadcrumb\",\"itemListElement\":[{\"@type\":\"ListItem\",\"position\":1,\"name\":\"Home\",\"item\":\"https:\\\/\\\/vet-chem.com\\\/de\\\/home\\\/\"},{\"@type\":\"ListItem\",\"position\":2,\"name\":\"Produkte\",\"item\":\"https:\\\/\\\/vet-chem.com\\\/de\\\/shop\\\/\"},{\"@type\":\"ListItem\",\"position\":3,\"name\":\"ENROCHEM100 ORAL LIQUID\"}]},{\"@type\":\"WebSite\",\"@id\":\"https:\\\/\\\/vet-chem.com\\\/de\\\/#website\",\"url\":\"https:\\\/\\\/vet-chem.com\\\/de\\\/\",\"name\":\"Vetchem\",\"description\":\"\",\"publisher\":{\"@id\":\"https:\\\/\\\/vet-chem.com\\\/de\\\/#organization\"},\"potentialAction\":[{\"@type\":\"SearchAction\",\"target\":{\"@type\":\"EntryPoint\",\"urlTemplate\":\"https:\\\/\\\/vet-chem.com\\\/de\\\/?s={search_term_string}\"},\"query-input\":{\"@type\":\"PropertyValueSpecification\",\"valueRequired\":true,\"valueName\":\"search_term_string\"}}],\"inLanguage\":\"de\"},{\"@type\":\"Organization\",\"@id\":\"https:\\\/\\\/vet-chem.com\\\/de\\\/#organization\",\"name\":\"Vetchem\",\"url\":\"https:\\\/\\\/vet-chem.com\\\/de\\\/\",\"logo\":{\"@type\":\"ImageObject\",\"inLanguage\":\"de\",\"@id\":\"https:\\\/\\\/vet-chem.com\\\/de\\\/#\\\/schema\\\/logo\\\/image\\\/\",\"url\":\"https:\\\/\\\/vet-chem.com\\\/wp-content\\\/uploads\\\/2024\\\/06\\\/logo.svg\",\"contentUrl\":\"https:\\\/\\\/vet-chem.com\\\/wp-content\\\/uploads\\\/2024\\\/06\\\/logo.svg\",\"width\":412,\"height\":195,\"caption\":\"Vetchem\"},\"image\":{\"@id\":\"https:\\\/\\\/vet-chem.com\\\/de\\\/#\\\/schema\\\/logo\\\/image\\\/\"},\"sameAs\":[\"https:\\\/\\\/www.facebook.com\\\/VetChemGerman\"]}]}<\/script>\n<!-- \/ Yoast SEO plugin. -->","yoast_head_json":{"title":"ENROCHEM100 ORAL LIQUID - Vetchem","robots":{"index":"index","follow":"follow","max-snippet":"max-snippet:-1","max-image-preview":"max-image-preview:large","max-video-preview":"max-video-preview:-1"},"canonical":"https:\/\/vet-chem.com\/de\/product\/enrochem100-oral-liquid\/","og_locale":"de_DE","og_type":"article","og_title":"ENROCHEM100 ORAL LIQUID - Vetchem","og_description":"Zusammensetzung: Jeder ml enth\u00e4lt: Enrofloxacin (hausintern): 100 mg Indikationen: Bei K\u00e4lbern, Ziegen, Gefl\u00fcgel und Schafen. Magen-Darm-Erkrankungen, Atemwegsinfektionen und Erkrankungen, die durch G+ve- und G-ve-Bakterien verursacht werden. Harnwegsinfektionen, die durch Enrofloxacin-empfindliche Mikroorganismen wie Campylobacter, E.coli, Haemophilus, Mycoplasma, Pasteurella und Salmonella-Arten verursacht werden. Dosierung und Verabreichung: Gefl\u00fcgel: 1 l \/ 1500-2000 l Trinkwasser f\u00fcr 3-5 Tage Zur oralen Verabreichung: K\u00e4lber, Ziegen und Schafe: Zweimal t\u00e4glich 10 ml \/ 75-150 kg K\u00f6rpergewicht f\u00fcr 3-5 Tage. Zur Behandlung: Hinweis: F\u00fcr K\u00e4lber und L\u00e4mmer, die noch nicht wiederk\u00e4uen. Bei bakteriellen und Mykoplasmen-Infektionen 3 Tage lang t\u00e4glich 10 mg\/kg K\u00f6rpergewicht (1 ml L\u00f6sung in 2 l Wasser) anwenden. Bei einer Salmonelleninfektion sollte die Behandlung 5 Tage oder nach Anweisung des Tierarztes erfolgen. Wartezeit: F\u00fcr Fleisch: 12 Tage.","og_url":"https:\/\/vet-chem.com\/de\/product\/enrochem100-oral-liquid\/","og_site_name":"Vetchem","article_publisher":"https:\/\/www.facebook.com\/VetChemGerman","article_modified_time":"2024-08-31T13:42:44+00:00","og_image":[{"width":1004,"height":1280,"url":"https:\/\/vet-chem.com\/wp-content\/uploads\/2024\/08\/ENROCHEM100.jpg","type":"image\/jpeg"}],"twitter_card":"summary_large_image","twitter_misc":{"Gesch\u00e4tzte Lesezeit":"1\u00a0Minute"},"schema":{"@context":"https:\/\/schema.org","@graph":[{"@type":"WebPage","@id":"https:\/\/vet-chem.com\/de\/product\/enrochem100-oral-liquid\/","url":"https:\/\/vet-chem.com\/de\/product\/enrochem100-oral-liquid\/","name":"ENROCHEM100 ORAL LIQUID - Vetchem","isPartOf":{"@id":"https:\/\/vet-chem.com\/de\/#website"},"primaryImageOfPage":{"@id":"https:\/\/vet-chem.com\/de\/product\/enrochem100-oral-liquid\/#primaryimage"},"image":{"@id":"https:\/\/vet-chem.com\/de\/product\/enrochem100-oral-liquid\/#primaryimage"},"thumbnailUrl":"https:\/\/vet-chem.com\/wp-content\/uploads\/2024\/08\/ENROCHEM100.jpg","datePublished":"2024-08-07T12:37:33+00:00","dateModified":"2024-08-31T13:42:44+00:00","breadcrumb":{"@id":"https:\/\/vet-chem.com\/de\/product\/enrochem100-oral-liquid\/#breadcrumb"},"inLanguage":"de","potentialAction":[{"@type":"ReadAction","target":["https:\/\/vet-chem.com\/de\/product\/enrochem100-oral-liquid\/"]}]},{"@type":"ImageObject","inLanguage":"de","@id":"https:\/\/vet-chem.com\/de\/product\/enrochem100-oral-liquid\/#primaryimage","url":"https:\/\/vet-chem.com\/wp-content\/uploads\/2024\/08\/ENROCHEM100.jpg","contentUrl":"https:\/\/vet-chem.com\/wp-content\/uploads\/2024\/08\/ENROCHEM100.jpg","width":1004,"height":1280},{"@type":"BreadcrumbList","@id":"https:\/\/vet-chem.com\/de\/product\/enrochem100-oral-liquid\/#breadcrumb","itemListElement":[{"@type":"ListItem","position":1,"name":"Home","item":"https:\/\/vet-chem.com\/de\/home\/"},{"@type":"ListItem","position":2,"name":"Produkte","item":"https:\/\/vet-chem.com\/de\/shop\/"},{"@type":"ListItem","position":3,"name":"ENROCHEM100 ORAL LIQUID"}]},{"@type":"WebSite","@id":"https:\/\/vet-chem.com\/de\/#website","url":"https:\/\/vet-chem.com\/de\/","name":"Vetchem","description":"","publisher":{"@id":"https:\/\/vet-chem.com\/de\/#organization"},"potentialAction":[{"@type":"SearchAction","target":{"@type":"EntryPoint","urlTemplate":"https:\/\/vet-chem.com\/de\/?s={search_term_string}"},"query-input":{"@type":"PropertyValueSpecification","valueRequired":true,"valueName":"search_term_string"}}],"inLanguage":"de"},{"@type":"Organization","@id":"https:\/\/vet-chem.com\/de\/#organization","name":"Vetchem","url":"https:\/\/vet-chem.com\/de\/","logo":{"@type":"ImageObject","inLanguage":"de","@id":"https:\/\/vet-chem.com\/de\/#\/schema\/logo\/image\/","url":"https:\/\/vet-chem.com\/wp-content\/uploads\/2024\/06\/logo.svg","contentUrl":"https:\/\/vet-chem.com\/wp-content\/uploads\/2024\/06\/logo.svg","width":412,"height":195,"caption":"Vetchem"},"image":{"@id":"https:\/\/vet-chem.com\/de\/#\/schema\/logo\/image\/"},"sameAs":["https:\/\/www.facebook.com\/VetChemGerman"]}]}},"_links":{"self":[{"href":"https:\/\/vet-chem.com\/de\/wp-json\/wp\/v2\/product\/899","targetHints":{"allow":["GET"]}}],"collection":[{"href":"https:\/\/vet-chem.com\/de\/wp-json\/wp\/v2\/product"}],"about":[{"href":"https:\/\/vet-chem.com\/de\/wp-json\/wp\/v2\/types\/product"}],"replies":[{"embeddable":true,"href":"https:\/\/vet-chem.com\/de\/wp-json\/wp\/v2\/comments?post=899"}],"wp:featuredmedia":[{"embeddable":true,"href":"https:\/\/vet-chem.com\/de\/wp-json\/wp\/v2\/media\/788"}],"wp:attachment":[{"href":"https:\/\/vet-chem.com\/de\/wp-json\/wp\/v2\/media?parent=899"}],"wp:term":[{"taxonomy":"product_brand","embeddable":true,"href":"https:\/\/vet-chem.com\/de\/wp-json\/wp\/v2\/product_brand?post=899"},{"taxonomy":"product_cat","embeddable":true,"href":"https:\/\/vet-chem.com\/de\/wp-json\/wp\/v2\/product_cat?post=899"},{"taxonomy":"product_tag","embeddable":true,"href":"https:\/\/vet-chem.com\/de\/wp-json\/wp\/v2\/product_tag?post=899"}],"curies":[{"name":"wp","href":"https:\/\/api.w.org\/{rel}","templated":true}]}}