{"id":901,"date":"2024-08-07T15:36:37","date_gmt":"2024-08-07T12:36:37","guid":{"rendered":"https:\/\/vet-chem.com\/product\/cyperchem-0-25-powder\/"},"modified":"2024-08-31T16:43:08","modified_gmt":"2024-08-31T13:43:08","slug":"cyperchem-0-25-powder","status":"publish","type":"product","link":"https:\/\/vet-chem.com\/de\/product\/cyperchem-0-25-powder\/","title":{"rendered":"CYPERCHEM 0.25% POWDER"},"content":{"rendered":"<p>Chemische Zusammensetzung:<\/p>\n<p>Cypermethrin a.i.: 0,25 % w\/w<br \/>\nTalk: 89,95 % w\/w<br \/>\nF\u00e4llungskiesels\u00e4ure: 9,75 % w\/w<br \/>\nFeuchtigkeit: Q.S.<br \/>\nGESAMT: 100,00 % w\/w<\/p>\n<p>Empfehlungen:<br \/>\nEs wird empfohlen, den Frucht- und Triebbohrer von Auberginen zu bek\u00e4mpfen.<\/p>\n<p>Gegenmittel:<br \/>\nMagensp\u00fclung und symptomatische Behandlung.<br \/>\nVorsichtsma\u00dfnahmen:<br \/>\nEinatmen und Hautkontakt vermeiden.<br \/>\nVerschmutzte Haut und Kleidung waschen.<br \/>\nW\u00e4hrend der Anwendung nicht essen, trinken oder rauchen.<br \/>\nLeere Beh\u00e4lter nach Gebrauch vernichten.<\/p>\n","protected":false},"excerpt":{"rendered":"<p>Chemische Zusammensetzung: Cypermethrin a.i.: 0,25 % w\/w Talk: 89,95 % w\/w F\u00e4llungskiesels\u00e4ure: 9,75 % w\/w Feuchtigkeit: Q.S. GESAMT: 100,00 % w\/w Empfehlungen: Es wird empfohlen, den Frucht- und Triebbohrer von Auberginen zu bek\u00e4mpfen. Gegenmittel: Magensp\u00fclung und symptomatische Behandlung. Vorsichtsma\u00dfnahmen: Einatmen und Hautkontakt vermeiden. Verschmutzte Haut und Kleidung waschen. W\u00e4hrend der Anwendung nicht essen, trinken oder rauchen. Leere Beh\u00e4lter nach Gebrauch vernichten.<\/p>\n","protected":false},"featured_media":787,"comment_status":"open","ping_status":"closed","template":"","meta":{"site-sidebar-layout":"default","site-content-layout":"","ast-site-content-layout":"default","site-content-style":"default","site-sidebar-style":"default","ast-global-header-display":"","ast-banner-title-visibility":"","ast-main-header-display":"","ast-hfb-above-header-display":"","ast-hfb-below-header-display":"","ast-hfb-mobile-header-display":"","site-post-title":"","ast-breadcrumbs-content":"","ast-featured-img":"","footer-sml-layout":"","ast-disable-related-posts":"","theme-transparent-header-meta":"default","adv-header-id-meta":"","stick-header-meta":"","header-above-stick-meta":"","header-main-stick-meta":"","header-below-stick-meta":"","astra-migrate-meta-layouts":"set","ast-page-background-enabled":"default","ast-page-background-meta":{"desktop":{"background-color":"var(--ast-global-color-4)","background-image":"","background-repeat":"repeat","background-position":"center center","background-size":"auto","background-attachment":"scroll","background-type":"","background-media":"","overlay-type":"","overlay-color":"","overlay-opacity":"","overlay-gradient":""},"tablet":{"background-color":"","background-image":"","background-repeat":"repeat","background-position":"center center","background-size":"auto","background-attachment":"scroll","background-type":"","background-media":"","overlay-type":"","overlay-color":"","overlay-opacity":"","overlay-gradient":""},"mobile":{"background-color":"","background-image":"","background-repeat":"repeat","background-position":"center center","background-size":"auto","background-attachment":"scroll","background-type":"","background-media":"","overlay-type":"","overlay-color":"","overlay-opacity":"","overlay-gradient":""}},"ast-content-background-meta":{"desktop":{"background-color":"var(--ast-global-color-5)","background-image":"","background-repeat":"repeat","background-position":"center center","background-size":"auto","background-attachment":"scroll","background-type":"","background-media":"","overlay-type":"","overlay-color":"","overlay-opacity":"","overlay-gradient":""},"tablet":{"background-color":"var(--ast-global-color-5)","background-image":"","background-repeat":"repeat","background-position":"center center","background-size":"auto","background-attachment":"scroll","background-type":"","background-media":"","overlay-type":"","overlay-color":"","overlay-opacity":"","overlay-gradient":""},"mobile":{"background-color":"var(--ast-global-color-5)","background-image":"","background-repeat":"repeat","background-position":"center center","background-size":"auto","background-attachment":"scroll","background-type":"","background-media":"","overlay-type":"","overlay-color":"","overlay-opacity":"","overlay-gradient":""}}},"product_brand":[],"product_cat":[47],"product_tag":[],"class_list":{"0":"post-901","1":"product","2":"type-product","3":"status-publish","4":"has-post-thumbnail","6":"product_cat-disinfectants-de","7":"desktop-align-left","8":"tablet-align-left","9":"mobile-align-left","11":"first","12":"instock","13":"shipping-taxable","14":"product-type-simple"},"yoast_head":"<!-- This site is optimized with the Yoast SEO plugin v27.3 - https:\/\/yoast.com\/product\/yoast-seo-wordpress\/ -->\n<title>CYPERCHEM 0.25% POWDER - Vetchem<\/title>\n<meta name=\"robots\" content=\"index, follow, max-snippet:-1, max-image-preview:large, max-video-preview:-1\" \/>\n<link rel=\"canonical\" href=\"https:\/\/vet-chem.com\/de\/product\/cyperchem-0-25-powder\/\" \/>\n<meta property=\"og:locale\" content=\"de_DE\" \/>\n<meta property=\"og:type\" content=\"article\" \/>\n<meta property=\"og:title\" content=\"CYPERCHEM 0.25% POWDER - Vetchem\" \/>\n<meta property=\"og:description\" content=\"Chemische Zusammensetzung: Cypermethrin a.i.: 0,25 % w\/w Talk: 89,95 % w\/w F\u00e4llungskiesels\u00e4ure: 9,75 % w\/w Feuchtigkeit: Q.S. GESAMT: 100,00 % w\/w Empfehlungen: Es wird empfohlen, den Frucht- und Triebbohrer von Auberginen zu bek\u00e4mpfen. Gegenmittel: Magensp\u00fclung und symptomatische Behandlung. Vorsichtsma\u00dfnahmen: Einatmen und Hautkontakt vermeiden. Verschmutzte Haut und Kleidung waschen. W\u00e4hrend der Anwendung nicht essen, trinken oder rauchen. Leere Beh\u00e4lter nach Gebrauch vernichten.\" \/>\n<meta property=\"og:url\" content=\"https:\/\/vet-chem.com\/de\/product\/cyperchem-0-25-powder\/\" \/>\n<meta property=\"og:site_name\" content=\"Vetchem\" \/>\n<meta property=\"article:publisher\" content=\"https:\/\/www.facebook.com\/VetChemGerman\" \/>\n<meta property=\"article:modified_time\" content=\"2024-08-31T13:43:08+00:00\" \/>\n<meta property=\"og:image\" content=\"https:\/\/vet-chem.com\/wp-content\/uploads\/2024\/08\/CYPERCHEM-0.25.jpg\" \/>\n\t<meta property=\"og:image:width\" content=\"960\" \/>\n\t<meta property=\"og:image:height\" content=\"1280\" \/>\n\t<meta property=\"og:image:type\" content=\"image\/jpeg\" \/>\n<meta name=\"twitter:card\" content=\"summary_large_image\" \/>\n<script type=\"application\/ld+json\" class=\"yoast-schema-graph\">{\"@context\":\"https:\\\/\\\/schema.org\",\"@graph\":[{\"@type\":\"WebPage\",\"@id\":\"https:\\\/\\\/vet-chem.com\\\/de\\\/product\\\/cyperchem-0-25-powder\\\/\",\"url\":\"https:\\\/\\\/vet-chem.com\\\/de\\\/product\\\/cyperchem-0-25-powder\\\/\",\"name\":\"CYPERCHEM 0.25% POWDER - Vetchem\",\"isPartOf\":{\"@id\":\"https:\\\/\\\/vet-chem.com\\\/de\\\/#website\"},\"primaryImageOfPage\":{\"@id\":\"https:\\\/\\\/vet-chem.com\\\/de\\\/product\\\/cyperchem-0-25-powder\\\/#primaryimage\"},\"image\":{\"@id\":\"https:\\\/\\\/vet-chem.com\\\/de\\\/product\\\/cyperchem-0-25-powder\\\/#primaryimage\"},\"thumbnailUrl\":\"https:\\\/\\\/vet-chem.com\\\/wp-content\\\/uploads\\\/2024\\\/08\\\/CYPERCHEM-0.25.jpg\",\"datePublished\":\"2024-08-07T12:36:37+00:00\",\"dateModified\":\"2024-08-31T13:43:08+00:00\",\"breadcrumb\":{\"@id\":\"https:\\\/\\\/vet-chem.com\\\/de\\\/product\\\/cyperchem-0-25-powder\\\/#breadcrumb\"},\"inLanguage\":\"de\",\"potentialAction\":[{\"@type\":\"ReadAction\",\"target\":[\"https:\\\/\\\/vet-chem.com\\\/de\\\/product\\\/cyperchem-0-25-powder\\\/\"]}]},{\"@type\":\"ImageObject\",\"inLanguage\":\"de\",\"@id\":\"https:\\\/\\\/vet-chem.com\\\/de\\\/product\\\/cyperchem-0-25-powder\\\/#primaryimage\",\"url\":\"https:\\\/\\\/vet-chem.com\\\/wp-content\\\/uploads\\\/2024\\\/08\\\/CYPERCHEM-0.25.jpg\",\"contentUrl\":\"https:\\\/\\\/vet-chem.com\\\/wp-content\\\/uploads\\\/2024\\\/08\\\/CYPERCHEM-0.25.jpg\",\"width\":960,\"height\":1280},{\"@type\":\"BreadcrumbList\",\"@id\":\"https:\\\/\\\/vet-chem.com\\\/de\\\/product\\\/cyperchem-0-25-powder\\\/#breadcrumb\",\"itemListElement\":[{\"@type\":\"ListItem\",\"position\":1,\"name\":\"Home\",\"item\":\"https:\\\/\\\/vet-chem.com\\\/de\\\/home\\\/\"},{\"@type\":\"ListItem\",\"position\":2,\"name\":\"Produkte\",\"item\":\"https:\\\/\\\/vet-chem.com\\\/de\\\/shop\\\/\"},{\"@type\":\"ListItem\",\"position\":3,\"name\":\"CYPERCHEM 0.25% POWDER\"}]},{\"@type\":\"WebSite\",\"@id\":\"https:\\\/\\\/vet-chem.com\\\/de\\\/#website\",\"url\":\"https:\\\/\\\/vet-chem.com\\\/de\\\/\",\"name\":\"Vetchem\",\"description\":\"\",\"publisher\":{\"@id\":\"https:\\\/\\\/vet-chem.com\\\/de\\\/#organization\"},\"potentialAction\":[{\"@type\":\"SearchAction\",\"target\":{\"@type\":\"EntryPoint\",\"urlTemplate\":\"https:\\\/\\\/vet-chem.com\\\/de\\\/?s={search_term_string}\"},\"query-input\":{\"@type\":\"PropertyValueSpecification\",\"valueRequired\":true,\"valueName\":\"search_term_string\"}}],\"inLanguage\":\"de\"},{\"@type\":\"Organization\",\"@id\":\"https:\\\/\\\/vet-chem.com\\\/de\\\/#organization\",\"name\":\"Vetchem\",\"url\":\"https:\\\/\\\/vet-chem.com\\\/de\\\/\",\"logo\":{\"@type\":\"ImageObject\",\"inLanguage\":\"de\",\"@id\":\"https:\\\/\\\/vet-chem.com\\\/de\\\/#\\\/schema\\\/logo\\\/image\\\/\",\"url\":\"https:\\\/\\\/vet-chem.com\\\/wp-content\\\/uploads\\\/2024\\\/06\\\/logo.svg\",\"contentUrl\":\"https:\\\/\\\/vet-chem.com\\\/wp-content\\\/uploads\\\/2024\\\/06\\\/logo.svg\",\"width\":412,\"height\":195,\"caption\":\"Vetchem\"},\"image\":{\"@id\":\"https:\\\/\\\/vet-chem.com\\\/de\\\/#\\\/schema\\\/logo\\\/image\\\/\"},\"sameAs\":[\"https:\\\/\\\/www.facebook.com\\\/VetChemGerman\"]}]}<\/script>\n<!-- \/ Yoast SEO plugin. -->","yoast_head_json":{"title":"CYPERCHEM 0.25% POWDER - Vetchem","robots":{"index":"index","follow":"follow","max-snippet":"max-snippet:-1","max-image-preview":"max-image-preview:large","max-video-preview":"max-video-preview:-1"},"canonical":"https:\/\/vet-chem.com\/de\/product\/cyperchem-0-25-powder\/","og_locale":"de_DE","og_type":"article","og_title":"CYPERCHEM 0.25% POWDER - Vetchem","og_description":"Chemische Zusammensetzung: Cypermethrin a.i.: 0,25 % w\/w Talk: 89,95 % w\/w F\u00e4llungskiesels\u00e4ure: 9,75 % w\/w Feuchtigkeit: Q.S. GESAMT: 100,00 % w\/w Empfehlungen: Es wird empfohlen, den Frucht- und Triebbohrer von Auberginen zu bek\u00e4mpfen. Gegenmittel: Magensp\u00fclung und symptomatische Behandlung. Vorsichtsma\u00dfnahmen: Einatmen und Hautkontakt vermeiden. Verschmutzte Haut und Kleidung waschen. W\u00e4hrend der Anwendung nicht essen, trinken oder rauchen. Leere Beh\u00e4lter nach Gebrauch vernichten.","og_url":"https:\/\/vet-chem.com\/de\/product\/cyperchem-0-25-powder\/","og_site_name":"Vetchem","article_publisher":"https:\/\/www.facebook.com\/VetChemGerman","article_modified_time":"2024-08-31T13:43:08+00:00","og_image":[{"width":960,"height":1280,"url":"https:\/\/vet-chem.com\/wp-content\/uploads\/2024\/08\/CYPERCHEM-0.25.jpg","type":"image\/jpeg"}],"twitter_card":"summary_large_image","schema":{"@context":"https:\/\/schema.org","@graph":[{"@type":"WebPage","@id":"https:\/\/vet-chem.com\/de\/product\/cyperchem-0-25-powder\/","url":"https:\/\/vet-chem.com\/de\/product\/cyperchem-0-25-powder\/","name":"CYPERCHEM 0.25% POWDER - Vetchem","isPartOf":{"@id":"https:\/\/vet-chem.com\/de\/#website"},"primaryImageOfPage":{"@id":"https:\/\/vet-chem.com\/de\/product\/cyperchem-0-25-powder\/#primaryimage"},"image":{"@id":"https:\/\/vet-chem.com\/de\/product\/cyperchem-0-25-powder\/#primaryimage"},"thumbnailUrl":"https:\/\/vet-chem.com\/wp-content\/uploads\/2024\/08\/CYPERCHEM-0.25.jpg","datePublished":"2024-08-07T12:36:37+00:00","dateModified":"2024-08-31T13:43:08+00:00","breadcrumb":{"@id":"https:\/\/vet-chem.com\/de\/product\/cyperchem-0-25-powder\/#breadcrumb"},"inLanguage":"de","potentialAction":[{"@type":"ReadAction","target":["https:\/\/vet-chem.com\/de\/product\/cyperchem-0-25-powder\/"]}]},{"@type":"ImageObject","inLanguage":"de","@id":"https:\/\/vet-chem.com\/de\/product\/cyperchem-0-25-powder\/#primaryimage","url":"https:\/\/vet-chem.com\/wp-content\/uploads\/2024\/08\/CYPERCHEM-0.25.jpg","contentUrl":"https:\/\/vet-chem.com\/wp-content\/uploads\/2024\/08\/CYPERCHEM-0.25.jpg","width":960,"height":1280},{"@type":"BreadcrumbList","@id":"https:\/\/vet-chem.com\/de\/product\/cyperchem-0-25-powder\/#breadcrumb","itemListElement":[{"@type":"ListItem","position":1,"name":"Home","item":"https:\/\/vet-chem.com\/de\/home\/"},{"@type":"ListItem","position":2,"name":"Produkte","item":"https:\/\/vet-chem.com\/de\/shop\/"},{"@type":"ListItem","position":3,"name":"CYPERCHEM 0.25% POWDER"}]},{"@type":"WebSite","@id":"https:\/\/vet-chem.com\/de\/#website","url":"https:\/\/vet-chem.com\/de\/","name":"Vetchem","description":"","publisher":{"@id":"https:\/\/vet-chem.com\/de\/#organization"},"potentialAction":[{"@type":"SearchAction","target":{"@type":"EntryPoint","urlTemplate":"https:\/\/vet-chem.com\/de\/?s={search_term_string}"},"query-input":{"@type":"PropertyValueSpecification","valueRequired":true,"valueName":"search_term_string"}}],"inLanguage":"de"},{"@type":"Organization","@id":"https:\/\/vet-chem.com\/de\/#organization","name":"Vetchem","url":"https:\/\/vet-chem.com\/de\/","logo":{"@type":"ImageObject","inLanguage":"de","@id":"https:\/\/vet-chem.com\/de\/#\/schema\/logo\/image\/","url":"https:\/\/vet-chem.com\/wp-content\/uploads\/2024\/06\/logo.svg","contentUrl":"https:\/\/vet-chem.com\/wp-content\/uploads\/2024\/06\/logo.svg","width":412,"height":195,"caption":"Vetchem"},"image":{"@id":"https:\/\/vet-chem.com\/de\/#\/schema\/logo\/image\/"},"sameAs":["https:\/\/www.facebook.com\/VetChemGerman"]}]}},"_links":{"self":[{"href":"https:\/\/vet-chem.com\/de\/wp-json\/wp\/v2\/product\/901","targetHints":{"allow":["GET"]}}],"collection":[{"href":"https:\/\/vet-chem.com\/de\/wp-json\/wp\/v2\/product"}],"about":[{"href":"https:\/\/vet-chem.com\/de\/wp-json\/wp\/v2\/types\/product"}],"replies":[{"embeddable":true,"href":"https:\/\/vet-chem.com\/de\/wp-json\/wp\/v2\/comments?post=901"}],"wp:featuredmedia":[{"embeddable":true,"href":"https:\/\/vet-chem.com\/de\/wp-json\/wp\/v2\/media\/787"}],"wp:attachment":[{"href":"https:\/\/vet-chem.com\/de\/wp-json\/wp\/v2\/media?parent=901"}],"wp:term":[{"taxonomy":"product_brand","embeddable":true,"href":"https:\/\/vet-chem.com\/de\/wp-json\/wp\/v2\/product_brand?post=901"},{"taxonomy":"product_cat","embeddable":true,"href":"https:\/\/vet-chem.com\/de\/wp-json\/wp\/v2\/product_cat?post=901"},{"taxonomy":"product_tag","embeddable":true,"href":"https:\/\/vet-chem.com\/de\/wp-json\/wp\/v2\/product_tag?post=901"}],"curies":[{"name":"wp","href":"https:\/\/api.w.org\/{rel}","templated":true}]}}