{"id":902,"date":"2024-08-07T15:34:41","date_gmt":"2024-08-07T12:34:41","guid":{"rendered":"https:\/\/vet-chem.com\/product\/amprochem-200k\/"},"modified":"2024-08-31T16:43:54","modified_gmt":"2024-08-31T13:43:54","slug":"amprochem-200k","status":"publish","type":"product","link":"https:\/\/vet-chem.com\/de\/product\/amprochem-200k\/","title":{"rendered":"AMPROCHEM 200K"},"content":{"rendered":"<p>Zusammensetzung:<br \/>\nJedes kg AMPROCHEM 200K<br \/>\nORALES PULVER enth\u00e4lt:<br \/>\nAmprolium HCL: 20 % w\/w<br \/>\nVitamin K3: 2,5 % w\/w<br \/>\nHilfsstoffe: Q.S.<\/p>\n<p>Indikationen:<br \/>\nGefl\u00fcgel: Zur Vorbeugung und Kontrolle<br \/>\nvon Kokzidiose bei Legehennen, Zuchttieren und Masth\u00fchnern.<\/p>\n<p>Dosierung und Verabreichung:<br \/>\nL\u00f6sen Sie AMPROCHEM 200K<br \/>\nORALES PULVER wie folgt im Trinkwasser auf:<br \/>\nZur Vorbeugung: 30 g in 50 l Wasser<br \/>\nBei leichten Infektionen: 30 g in 40 l Wasser<br \/>\nBei schweren Ausbr\u00fcchen: 30 g in 30 l Wasser<\/p>\n<p>K\u00dcHL UND TROCKEN AUFBEWAHREN.<\/p>\n<p>F\u00dcR KINDER UNREICHBAR AUFBEWAHREN.<\/p>\n<p>UNBENUTZTES MATERIAL DURCH VERBRENNEN ENTSORGEN<\/p>\n","protected":false},"excerpt":{"rendered":"<p>Zusammensetzung: Jedes kg AMPROCHEM 200K ORALES PULVER enth\u00e4lt: Amprolium HCL: 20 % w\/w Vitamin K3: 2,5 % w\/w Hilfsstoffe: Q.S. Indikationen: Gefl\u00fcgel: Zur Vorbeugung und Kontrolle von Kokzidiose bei Legehennen, Zuchttieren und Masth\u00fchnern. Dosierung und Verabreichung: L\u00f6sen Sie AMPROCHEM 200K ORALES PULVER wie folgt im Trinkwasser auf: Zur Vorbeugung: 30 g in 50 l Wasser Bei leichten Infektionen: 30 g in 40 l Wasser Bei schweren Ausbr\u00fcchen: 30 g in 30 l Wasser K\u00dcHL UND TROCKEN AUFBEWAHREN. F\u00dcR KINDER UNREICHBAR AUFBEWAHREN. UNBENUTZTES MATERIAL DURCH VERBRENNEN ENTSORGEN<\/p>\n","protected":false},"featured_media":786,"comment_status":"open","ping_status":"closed","template":"","meta":{"site-sidebar-layout":"default","site-content-layout":"","ast-site-content-layout":"default","site-content-style":"default","site-sidebar-style":"default","ast-global-header-display":"","ast-banner-title-visibility":"","ast-main-header-display":"","ast-hfb-above-header-display":"","ast-hfb-below-header-display":"","ast-hfb-mobile-header-display":"","site-post-title":"","ast-breadcrumbs-content":"","ast-featured-img":"","footer-sml-layout":"","ast-disable-related-posts":"","theme-transparent-header-meta":"default","adv-header-id-meta":"","stick-header-meta":"","header-above-stick-meta":"","header-main-stick-meta":"","header-below-stick-meta":"","astra-migrate-meta-layouts":"set","ast-page-background-enabled":"default","ast-page-background-meta":{"desktop":{"background-color":"var(--ast-global-color-4)","background-image":"","background-repeat":"repeat","background-position":"center center","background-size":"auto","background-attachment":"scroll","background-type":"","background-media":"","overlay-type":"","overlay-color":"","overlay-opacity":"","overlay-gradient":""},"tablet":{"background-color":"","background-image":"","background-repeat":"repeat","background-position":"center center","background-size":"auto","background-attachment":"scroll","background-type":"","background-media":"","overlay-type":"","overlay-color":"","overlay-opacity":"","overlay-gradient":""},"mobile":{"background-color":"","background-image":"","background-repeat":"repeat","background-position":"center center","background-size":"auto","background-attachment":"scroll","background-type":"","background-media":"","overlay-type":"","overlay-color":"","overlay-opacity":"","overlay-gradient":""}},"ast-content-background-meta":{"desktop":{"background-color":"var(--ast-global-color-5)","background-image":"","background-repeat":"repeat","background-position":"center center","background-size":"auto","background-attachment":"scroll","background-type":"","background-media":"","overlay-type":"","overlay-color":"","overlay-opacity":"","overlay-gradient":""},"tablet":{"background-color":"var(--ast-global-color-5)","background-image":"","background-repeat":"repeat","background-position":"center center","background-size":"auto","background-attachment":"scroll","background-type":"","background-media":"","overlay-type":"","overlay-color":"","overlay-opacity":"","overlay-gradient":""},"mobile":{"background-color":"var(--ast-global-color-5)","background-image":"","background-repeat":"repeat","background-position":"center center","background-size":"auto","background-attachment":"scroll","background-type":"","background-media":"","overlay-type":"","overlay-color":"","overlay-opacity":"","overlay-gradient":""}}},"product_brand":[],"product_cat":[48],"product_tag":[],"class_list":{"0":"post-902","1":"product","2":"type-product","3":"status-publish","4":"has-post-thumbnail","6":"product_cat-water-soluble-powder-de","7":"desktop-align-left","8":"tablet-align-left","9":"mobile-align-left","11":"first","12":"instock","13":"shipping-taxable","14":"product-type-simple"},"yoast_head":"<!-- This site is optimized with the Yoast SEO plugin v27.3 - https:\/\/yoast.com\/product\/yoast-seo-wordpress\/ -->\n<title>AMPROCHEM 200K - Vetchem<\/title>\n<meta name=\"robots\" content=\"index, follow, max-snippet:-1, max-image-preview:large, max-video-preview:-1\" \/>\n<link rel=\"canonical\" href=\"https:\/\/vet-chem.com\/de\/product\/amprochem-200k\/\" \/>\n<meta property=\"og:locale\" content=\"de_DE\" \/>\n<meta property=\"og:type\" content=\"article\" \/>\n<meta property=\"og:title\" content=\"AMPROCHEM 200K - Vetchem\" \/>\n<meta property=\"og:description\" content=\"Zusammensetzung: Jedes kg AMPROCHEM 200K ORALES PULVER enth\u00e4lt: Amprolium HCL: 20 % w\/w Vitamin K3: 2,5 % w\/w Hilfsstoffe: Q.S. Indikationen: Gefl\u00fcgel: Zur Vorbeugung und Kontrolle von Kokzidiose bei Legehennen, Zuchttieren und Masth\u00fchnern. Dosierung und Verabreichung: L\u00f6sen Sie AMPROCHEM 200K ORALES PULVER wie folgt im Trinkwasser auf: Zur Vorbeugung: 30 g in 50 l Wasser Bei leichten Infektionen: 30 g in 40 l Wasser Bei schweren Ausbr\u00fcchen: 30 g in 30 l Wasser K\u00dcHL UND TROCKEN AUFBEWAHREN. F\u00dcR KINDER UNREICHBAR AUFBEWAHREN. UNBENUTZTES MATERIAL DURCH VERBRENNEN ENTSORGEN\" \/>\n<meta property=\"og:url\" content=\"https:\/\/vet-chem.com\/de\/product\/amprochem-200k\/\" \/>\n<meta property=\"og:site_name\" content=\"Vetchem\" \/>\n<meta property=\"article:publisher\" content=\"https:\/\/www.facebook.com\/VetChemGerman\" \/>\n<meta property=\"article:modified_time\" content=\"2024-08-31T13:43:54+00:00\" \/>\n<meta property=\"og:image\" content=\"https:\/\/vet-chem.com\/wp-content\/uploads\/2024\/08\/AMPROCHEM-200k.jpg\" \/>\n\t<meta property=\"og:image:width\" content=\"1125\" \/>\n\t<meta property=\"og:image:height\" content=\"1280\" \/>\n\t<meta property=\"og:image:type\" content=\"image\/jpeg\" \/>\n<meta name=\"twitter:card\" content=\"summary_large_image\" \/>\n<script type=\"application\/ld+json\" class=\"yoast-schema-graph\">{\"@context\":\"https:\\\/\\\/schema.org\",\"@graph\":[{\"@type\":\"WebPage\",\"@id\":\"https:\\\/\\\/vet-chem.com\\\/de\\\/product\\\/amprochem-200k\\\/\",\"url\":\"https:\\\/\\\/vet-chem.com\\\/de\\\/product\\\/amprochem-200k\\\/\",\"name\":\"AMPROCHEM 200K - Vetchem\",\"isPartOf\":{\"@id\":\"https:\\\/\\\/vet-chem.com\\\/de\\\/#website\"},\"primaryImageOfPage\":{\"@id\":\"https:\\\/\\\/vet-chem.com\\\/de\\\/product\\\/amprochem-200k\\\/#primaryimage\"},\"image\":{\"@id\":\"https:\\\/\\\/vet-chem.com\\\/de\\\/product\\\/amprochem-200k\\\/#primaryimage\"},\"thumbnailUrl\":\"https:\\\/\\\/vet-chem.com\\\/wp-content\\\/uploads\\\/2024\\\/08\\\/AMPROCHEM-200k.jpg\",\"datePublished\":\"2024-08-07T12:34:41+00:00\",\"dateModified\":\"2024-08-31T13:43:54+00:00\",\"breadcrumb\":{\"@id\":\"https:\\\/\\\/vet-chem.com\\\/de\\\/product\\\/amprochem-200k\\\/#breadcrumb\"},\"inLanguage\":\"de\",\"potentialAction\":[{\"@type\":\"ReadAction\",\"target\":[\"https:\\\/\\\/vet-chem.com\\\/de\\\/product\\\/amprochem-200k\\\/\"]}]},{\"@type\":\"ImageObject\",\"inLanguage\":\"de\",\"@id\":\"https:\\\/\\\/vet-chem.com\\\/de\\\/product\\\/amprochem-200k\\\/#primaryimage\",\"url\":\"https:\\\/\\\/vet-chem.com\\\/wp-content\\\/uploads\\\/2024\\\/08\\\/AMPROCHEM-200k.jpg\",\"contentUrl\":\"https:\\\/\\\/vet-chem.com\\\/wp-content\\\/uploads\\\/2024\\\/08\\\/AMPROCHEM-200k.jpg\",\"width\":1125,\"height\":1280},{\"@type\":\"BreadcrumbList\",\"@id\":\"https:\\\/\\\/vet-chem.com\\\/de\\\/product\\\/amprochem-200k\\\/#breadcrumb\",\"itemListElement\":[{\"@type\":\"ListItem\",\"position\":1,\"name\":\"Home\",\"item\":\"https:\\\/\\\/vet-chem.com\\\/de\\\/home\\\/\"},{\"@type\":\"ListItem\",\"position\":2,\"name\":\"Produkte\",\"item\":\"https:\\\/\\\/vet-chem.com\\\/de\\\/shop\\\/\"},{\"@type\":\"ListItem\",\"position\":3,\"name\":\"AMPROCHEM 200K\"}]},{\"@type\":\"WebSite\",\"@id\":\"https:\\\/\\\/vet-chem.com\\\/de\\\/#website\",\"url\":\"https:\\\/\\\/vet-chem.com\\\/de\\\/\",\"name\":\"Vetchem\",\"description\":\"\",\"publisher\":{\"@id\":\"https:\\\/\\\/vet-chem.com\\\/de\\\/#organization\"},\"potentialAction\":[{\"@type\":\"SearchAction\",\"target\":{\"@type\":\"EntryPoint\",\"urlTemplate\":\"https:\\\/\\\/vet-chem.com\\\/de\\\/?s={search_term_string}\"},\"query-input\":{\"@type\":\"PropertyValueSpecification\",\"valueRequired\":true,\"valueName\":\"search_term_string\"}}],\"inLanguage\":\"de\"},{\"@type\":\"Organization\",\"@id\":\"https:\\\/\\\/vet-chem.com\\\/de\\\/#organization\",\"name\":\"Vetchem\",\"url\":\"https:\\\/\\\/vet-chem.com\\\/de\\\/\",\"logo\":{\"@type\":\"ImageObject\",\"inLanguage\":\"de\",\"@id\":\"https:\\\/\\\/vet-chem.com\\\/de\\\/#\\\/schema\\\/logo\\\/image\\\/\",\"url\":\"https:\\\/\\\/vet-chem.com\\\/wp-content\\\/uploads\\\/2024\\\/06\\\/logo.svg\",\"contentUrl\":\"https:\\\/\\\/vet-chem.com\\\/wp-content\\\/uploads\\\/2024\\\/06\\\/logo.svg\",\"width\":412,\"height\":195,\"caption\":\"Vetchem\"},\"image\":{\"@id\":\"https:\\\/\\\/vet-chem.com\\\/de\\\/#\\\/schema\\\/logo\\\/image\\\/\"},\"sameAs\":[\"https:\\\/\\\/www.facebook.com\\\/VetChemGerman\"]}]}<\/script>\n<!-- \/ Yoast SEO plugin. -->","yoast_head_json":{"title":"AMPROCHEM 200K - Vetchem","robots":{"index":"index","follow":"follow","max-snippet":"max-snippet:-1","max-image-preview":"max-image-preview:large","max-video-preview":"max-video-preview:-1"},"canonical":"https:\/\/vet-chem.com\/de\/product\/amprochem-200k\/","og_locale":"de_DE","og_type":"article","og_title":"AMPROCHEM 200K - Vetchem","og_description":"Zusammensetzung: Jedes kg AMPROCHEM 200K ORALES PULVER enth\u00e4lt: Amprolium HCL: 20 % w\/w Vitamin K3: 2,5 % w\/w Hilfsstoffe: Q.S. Indikationen: Gefl\u00fcgel: Zur Vorbeugung und Kontrolle von Kokzidiose bei Legehennen, Zuchttieren und Masth\u00fchnern. Dosierung und Verabreichung: L\u00f6sen Sie AMPROCHEM 200K ORALES PULVER wie folgt im Trinkwasser auf: Zur Vorbeugung: 30 g in 50 l Wasser Bei leichten Infektionen: 30 g in 40 l Wasser Bei schweren Ausbr\u00fcchen: 30 g in 30 l Wasser K\u00dcHL UND TROCKEN AUFBEWAHREN. F\u00dcR KINDER UNREICHBAR AUFBEWAHREN. UNBENUTZTES MATERIAL DURCH VERBRENNEN ENTSORGEN","og_url":"https:\/\/vet-chem.com\/de\/product\/amprochem-200k\/","og_site_name":"Vetchem","article_publisher":"https:\/\/www.facebook.com\/VetChemGerman","article_modified_time":"2024-08-31T13:43:54+00:00","og_image":[{"width":1125,"height":1280,"url":"https:\/\/vet-chem.com\/wp-content\/uploads\/2024\/08\/AMPROCHEM-200k.jpg","type":"image\/jpeg"}],"twitter_card":"summary_large_image","schema":{"@context":"https:\/\/schema.org","@graph":[{"@type":"WebPage","@id":"https:\/\/vet-chem.com\/de\/product\/amprochem-200k\/","url":"https:\/\/vet-chem.com\/de\/product\/amprochem-200k\/","name":"AMPROCHEM 200K - Vetchem","isPartOf":{"@id":"https:\/\/vet-chem.com\/de\/#website"},"primaryImageOfPage":{"@id":"https:\/\/vet-chem.com\/de\/product\/amprochem-200k\/#primaryimage"},"image":{"@id":"https:\/\/vet-chem.com\/de\/product\/amprochem-200k\/#primaryimage"},"thumbnailUrl":"https:\/\/vet-chem.com\/wp-content\/uploads\/2024\/08\/AMPROCHEM-200k.jpg","datePublished":"2024-08-07T12:34:41+00:00","dateModified":"2024-08-31T13:43:54+00:00","breadcrumb":{"@id":"https:\/\/vet-chem.com\/de\/product\/amprochem-200k\/#breadcrumb"},"inLanguage":"de","potentialAction":[{"@type":"ReadAction","target":["https:\/\/vet-chem.com\/de\/product\/amprochem-200k\/"]}]},{"@type":"ImageObject","inLanguage":"de","@id":"https:\/\/vet-chem.com\/de\/product\/amprochem-200k\/#primaryimage","url":"https:\/\/vet-chem.com\/wp-content\/uploads\/2024\/08\/AMPROCHEM-200k.jpg","contentUrl":"https:\/\/vet-chem.com\/wp-content\/uploads\/2024\/08\/AMPROCHEM-200k.jpg","width":1125,"height":1280},{"@type":"BreadcrumbList","@id":"https:\/\/vet-chem.com\/de\/product\/amprochem-200k\/#breadcrumb","itemListElement":[{"@type":"ListItem","position":1,"name":"Home","item":"https:\/\/vet-chem.com\/de\/home\/"},{"@type":"ListItem","position":2,"name":"Produkte","item":"https:\/\/vet-chem.com\/de\/shop\/"},{"@type":"ListItem","position":3,"name":"AMPROCHEM 200K"}]},{"@type":"WebSite","@id":"https:\/\/vet-chem.com\/de\/#website","url":"https:\/\/vet-chem.com\/de\/","name":"Vetchem","description":"","publisher":{"@id":"https:\/\/vet-chem.com\/de\/#organization"},"potentialAction":[{"@type":"SearchAction","target":{"@type":"EntryPoint","urlTemplate":"https:\/\/vet-chem.com\/de\/?s={search_term_string}"},"query-input":{"@type":"PropertyValueSpecification","valueRequired":true,"valueName":"search_term_string"}}],"inLanguage":"de"},{"@type":"Organization","@id":"https:\/\/vet-chem.com\/de\/#organization","name":"Vetchem","url":"https:\/\/vet-chem.com\/de\/","logo":{"@type":"ImageObject","inLanguage":"de","@id":"https:\/\/vet-chem.com\/de\/#\/schema\/logo\/image\/","url":"https:\/\/vet-chem.com\/wp-content\/uploads\/2024\/06\/logo.svg","contentUrl":"https:\/\/vet-chem.com\/wp-content\/uploads\/2024\/06\/logo.svg","width":412,"height":195,"caption":"Vetchem"},"image":{"@id":"https:\/\/vet-chem.com\/de\/#\/schema\/logo\/image\/"},"sameAs":["https:\/\/www.facebook.com\/VetChemGerman"]}]}},"_links":{"self":[{"href":"https:\/\/vet-chem.com\/de\/wp-json\/wp\/v2\/product\/902","targetHints":{"allow":["GET"]}}],"collection":[{"href":"https:\/\/vet-chem.com\/de\/wp-json\/wp\/v2\/product"}],"about":[{"href":"https:\/\/vet-chem.com\/de\/wp-json\/wp\/v2\/types\/product"}],"replies":[{"embeddable":true,"href":"https:\/\/vet-chem.com\/de\/wp-json\/wp\/v2\/comments?post=902"}],"wp:featuredmedia":[{"embeddable":true,"href":"https:\/\/vet-chem.com\/de\/wp-json\/wp\/v2\/media\/786"}],"wp:attachment":[{"href":"https:\/\/vet-chem.com\/de\/wp-json\/wp\/v2\/media?parent=902"}],"wp:term":[{"taxonomy":"product_brand","embeddable":true,"href":"https:\/\/vet-chem.com\/de\/wp-json\/wp\/v2\/product_brand?post=902"},{"taxonomy":"product_cat","embeddable":true,"href":"https:\/\/vet-chem.com\/de\/wp-json\/wp\/v2\/product_cat?post=902"},{"taxonomy":"product_tag","embeddable":true,"href":"https:\/\/vet-chem.com\/de\/wp-json\/wp\/v2\/product_tag?post=902"}],"curies":[{"name":"wp","href":"https:\/\/api.w.org\/{rel}","templated":true}]}}