{"id":903,"date":"2024-08-05T15:23:22","date_gmt":"2024-08-05T12:23:22","guid":{"rendered":"https:\/\/vet-chem.com\/product\/bupachem-50\/"},"modified":"2024-08-31T16:44:33","modified_gmt":"2024-08-31T13:44:33","slug":"bupachem-50","status":"publish","type":"product","link":"https:\/\/vet-chem.com\/de\/product\/bupachem-50\/","title":{"rendered":"BUPACHEM 50"},"content":{"rendered":"<p>ZUSAMMENSETZUNG:<br \/>\nJeder ml enth\u00e4lt:<br \/>\nBuparvaquon 50 mg<br \/>\nSorbitanmonooleat B.P. 100 mg<br \/>\n\u00d6lbasis Q.S.<br \/>\nINDIKATIONEN:<br \/>\nEs ist f\u00fcr Theileriose (Ostk\u00fcstenfieber, Korridorkrankheit, Simbabwe-Theileriose, tropische Theileriose) geeignet, die durch die intrazellul\u00e4ren Protozoenparasiten Theileria Parvatheileria parva Bovis, Theileria parva Lawrencei, T. annulata, T. mutans und T. orientalis Sergenti bei Rindern verursacht wird. Es ist wirksam gegen sowohl das Schizont- als auch das Piroplasma-Stadium von Theileria spp. und kann w\u00e4hrend der Inkubationszeit der Krankheit oder bei sichtbaren klinischen Anzeichen verwendet werden.<\/p>\n<p>GEGENANZEIGEN:<br \/>\nAufgrund der hemmenden Wirkung der Theileriose auf das Immunsystem sollte die Impfung verschoben werden, bis sich das Tier von der Theileriose erholt hat.<\/p>\n<p>DOSIERUNG UND ANWENDUNG:<br \/>\nEine Einzeldosis von 1 ml Injektion pro 20 kg K\u00f6rpergewicht.<br \/>\n(2,5 mg Buparvaquon pro kg K\u00f6rpergewicht).<br \/>\nIn schweren F\u00e4llen kann die Behandlung innerhalb von 48-72 Stunden wiederholt werden.<br \/>\nEs sollten nicht mehr als 10 ml in eine einzelne Stelle injiziert werden.<br \/>\nAufeinanderfolgende Injektionen sollten an verschiedenen Stellen verabreicht werden.<br \/>\nBUPACHEM 50<\/p>\n<p>ANWENDUNG:<br \/>\nIntramuskul\u00e4re Injektion in die Nackenmuskulatur.<br \/>\nKARTEZEIT:<br \/>\nMilch: 2 Tage<br \/>\nFleisch: 42 Tage<\/p>\n","protected":false},"excerpt":{"rendered":"<p>ZUSAMMENSETZUNG: Jeder ml enth\u00e4lt: Buparvaquon 50 mg Sorbitanmonooleat B.P. 100 mg \u00d6lbasis Q.S. INDIKATIONEN: Es ist f\u00fcr Theileriose (Ostk\u00fcstenfieber, Korridorkrankheit, Simbabwe-Theileriose, tropische Theileriose) geeignet, die durch die intrazellul\u00e4ren Protozoenparasiten Theileria Parvatheileria parva Bovis, Theileria parva Lawrencei, T. annulata, T. mutans und T. orientalis Sergenti bei Rindern verursacht wird. Es ist wirksam gegen sowohl das Schizont- als auch das Piroplasma-Stadium von Theileria spp. und kann w\u00e4hrend der Inkubationszeit der Krankheit oder bei sichtbaren klinischen Anzeichen verwendet werden. GEGENANZEIGEN: Aufgrund der hemmenden Wirkung der Theileriose auf das Immunsystem sollte die Impfung verschoben werden, bis sich das Tier von der Theileriose erholt hat. DOSIERUNG UND ANWENDUNG: Eine Einzeldosis von 1 ml Injektion pro 20 kg K\u00f6rpergewicht. (2,5 mg Buparvaquon pro kg K\u00f6rpergewicht). In schweren F\u00e4llen kann die Behandlung innerhalb von 48-72 Stunden wiederholt werden. Es sollten nicht mehr als 10 ml in eine einzelne Stelle injiziert werden. Aufeinanderfolgende Injektionen sollten an verschiedenen Stellen verabreicht werden. BUPACHEM 50 ANWENDUNG: Intramuskul\u00e4re Injektion in die Nackenmuskulatur. KARTEZEIT: Milch: 2 Tage Fleisch: 42 Tage<\/p>\n","protected":false},"featured_media":785,"comment_status":"open","ping_status":"closed","template":"","meta":{"site-sidebar-layout":"default","site-content-layout":"","ast-site-content-layout":"default","site-content-style":"default","site-sidebar-style":"default","ast-global-header-display":"","ast-banner-title-visibility":"","ast-main-header-display":"","ast-hfb-above-header-display":"","ast-hfb-below-header-display":"","ast-hfb-mobile-header-display":"","site-post-title":"","ast-breadcrumbs-content":"","ast-featured-img":"","footer-sml-layout":"","ast-disable-related-posts":"","theme-transparent-header-meta":"default","adv-header-id-meta":"","stick-header-meta":"","header-above-stick-meta":"","header-main-stick-meta":"","header-below-stick-meta":"","astra-migrate-meta-layouts":"set","ast-page-background-enabled":"default","ast-page-background-meta":{"desktop":{"background-color":"var(--ast-global-color-4)","background-image":"","background-repeat":"repeat","background-position":"center center","background-size":"auto","background-attachment":"scroll","background-type":"","background-media":"","overlay-type":"","overlay-color":"","overlay-opacity":"","overlay-gradient":""},"tablet":{"background-color":"","background-image":"","background-repeat":"repeat","background-position":"center center","background-size":"auto","background-attachment":"scroll","background-type":"","background-media":"","overlay-type":"","overlay-color":"","overlay-opacity":"","overlay-gradient":""},"mobile":{"background-color":"","background-image":"","background-repeat":"repeat","background-position":"center center","background-size":"auto","background-attachment":"scroll","background-type":"","background-media":"","overlay-type":"","overlay-color":"","overlay-opacity":"","overlay-gradient":""}},"ast-content-background-meta":{"desktop":{"background-color":"var(--ast-global-color-5)","background-image":"","background-repeat":"repeat","background-position":"center center","background-size":"auto","background-attachment":"scroll","background-type":"","background-media":"","overlay-type":"","overlay-color":"","overlay-opacity":"","overlay-gradient":""},"tablet":{"background-color":"var(--ast-global-color-5)","background-image":"","background-repeat":"repeat","background-position":"center center","background-size":"auto","background-attachment":"scroll","background-type":"","background-media":"","overlay-type":"","overlay-color":"","overlay-opacity":"","overlay-gradient":""},"mobile":{"background-color":"var(--ast-global-color-5)","background-image":"","background-repeat":"repeat","background-position":"center center","background-size":"auto","background-attachment":"scroll","background-type":"","background-media":"","overlay-type":"","overlay-color":"","overlay-opacity":"","overlay-gradient":""}}},"product_brand":[],"product_cat":[42],"product_tag":[],"class_list":{"0":"post-903","1":"product","2":"type-product","3":"status-publish","4":"has-post-thumbnail","6":"product_cat-unkategorisiert","7":"desktop-align-left","8":"tablet-align-left","9":"mobile-align-left","11":"first","12":"instock","13":"shipping-taxable","14":"product-type-simple"},"yoast_head":"<!-- This site is optimized with the Yoast SEO plugin v27.3 - https:\/\/yoast.com\/product\/yoast-seo-wordpress\/ -->\n<title>BUPACHEM 50 - Vetchem<\/title>\n<meta name=\"robots\" content=\"index, follow, max-snippet:-1, max-image-preview:large, max-video-preview:-1\" \/>\n<link rel=\"canonical\" href=\"https:\/\/vet-chem.com\/de\/product\/bupachem-50\/\" \/>\n<meta property=\"og:locale\" content=\"de_DE\" \/>\n<meta property=\"og:type\" content=\"article\" \/>\n<meta property=\"og:title\" content=\"BUPACHEM 50 - Vetchem\" \/>\n<meta property=\"og:description\" content=\"ZUSAMMENSETZUNG: Jeder ml enth\u00e4lt: Buparvaquon 50 mg Sorbitanmonooleat B.P. 100 mg \u00d6lbasis Q.S. INDIKATIONEN: Es ist f\u00fcr Theileriose (Ostk\u00fcstenfieber, Korridorkrankheit, Simbabwe-Theileriose, tropische Theileriose) geeignet, die durch die intrazellul\u00e4ren Protozoenparasiten Theileria Parvatheileria parva Bovis, Theileria parva Lawrencei, T. annulata, T. mutans und T. orientalis Sergenti bei Rindern verursacht wird. Es ist wirksam gegen sowohl das Schizont- als auch das Piroplasma-Stadium von Theileria spp. und kann w\u00e4hrend der Inkubationszeit der Krankheit oder bei sichtbaren klinischen Anzeichen verwendet werden. GEGENANZEIGEN: Aufgrund der hemmenden Wirkung der Theileriose auf das Immunsystem sollte die Impfung verschoben werden, bis sich das Tier von der Theileriose erholt hat. DOSIERUNG UND ANWENDUNG: Eine Einzeldosis von 1 ml Injektion pro 20 kg K\u00f6rpergewicht. (2,5 mg Buparvaquon pro kg K\u00f6rpergewicht). In schweren F\u00e4llen kann die Behandlung innerhalb von 48-72 Stunden wiederholt werden. Es sollten nicht mehr als 10 ml in eine einzelne Stelle injiziert werden. Aufeinanderfolgende Injektionen sollten an verschiedenen Stellen verabreicht werden. BUPACHEM 50 ANWENDUNG: Intramuskul\u00e4re Injektion in die Nackenmuskulatur. KARTEZEIT: Milch: 2 Tage Fleisch: 42 Tage\" \/>\n<meta property=\"og:url\" content=\"https:\/\/vet-chem.com\/de\/product\/bupachem-50\/\" \/>\n<meta property=\"og:site_name\" content=\"Vetchem\" \/>\n<meta property=\"article:publisher\" content=\"https:\/\/www.facebook.com\/VetChemGerman\" \/>\n<meta property=\"article:modified_time\" content=\"2024-08-31T13:44:33+00:00\" \/>\n<meta property=\"og:image\" content=\"https:\/\/vet-chem.com\/wp-content\/uploads\/2024\/08\/BUPACHEM-50.jpg\" \/>\n\t<meta property=\"og:image:width\" content=\"1280\" \/>\n\t<meta property=\"og:image:height\" content=\"1238\" \/>\n\t<meta property=\"og:image:type\" content=\"image\/jpeg\" \/>\n<meta name=\"twitter:card\" content=\"summary_large_image\" \/>\n<meta name=\"twitter:label1\" content=\"Gesch\u00e4tzte Lesezeit\" \/>\n\t<meta name=\"twitter:data1\" content=\"1\u00a0Minute\" \/>\n<script type=\"application\/ld+json\" class=\"yoast-schema-graph\">{\"@context\":\"https:\\\/\\\/schema.org\",\"@graph\":[{\"@type\":\"WebPage\",\"@id\":\"https:\\\/\\\/vet-chem.com\\\/de\\\/product\\\/bupachem-50\\\/\",\"url\":\"https:\\\/\\\/vet-chem.com\\\/de\\\/product\\\/bupachem-50\\\/\",\"name\":\"BUPACHEM 50 - Vetchem\",\"isPartOf\":{\"@id\":\"https:\\\/\\\/vet-chem.com\\\/de\\\/#website\"},\"primaryImageOfPage\":{\"@id\":\"https:\\\/\\\/vet-chem.com\\\/de\\\/product\\\/bupachem-50\\\/#primaryimage\"},\"image\":{\"@id\":\"https:\\\/\\\/vet-chem.com\\\/de\\\/product\\\/bupachem-50\\\/#primaryimage\"},\"thumbnailUrl\":\"https:\\\/\\\/vet-chem.com\\\/wp-content\\\/uploads\\\/2024\\\/08\\\/BUPACHEM-50.jpg\",\"datePublished\":\"2024-08-05T12:23:22+00:00\",\"dateModified\":\"2024-08-31T13:44:33+00:00\",\"breadcrumb\":{\"@id\":\"https:\\\/\\\/vet-chem.com\\\/de\\\/product\\\/bupachem-50\\\/#breadcrumb\"},\"inLanguage\":\"de\",\"potentialAction\":[{\"@type\":\"ReadAction\",\"target\":[\"https:\\\/\\\/vet-chem.com\\\/de\\\/product\\\/bupachem-50\\\/\"]}]},{\"@type\":\"ImageObject\",\"inLanguage\":\"de\",\"@id\":\"https:\\\/\\\/vet-chem.com\\\/de\\\/product\\\/bupachem-50\\\/#primaryimage\",\"url\":\"https:\\\/\\\/vet-chem.com\\\/wp-content\\\/uploads\\\/2024\\\/08\\\/BUPACHEM-50.jpg\",\"contentUrl\":\"https:\\\/\\\/vet-chem.com\\\/wp-content\\\/uploads\\\/2024\\\/08\\\/BUPACHEM-50.jpg\",\"width\":1280,\"height\":1238},{\"@type\":\"BreadcrumbList\",\"@id\":\"https:\\\/\\\/vet-chem.com\\\/de\\\/product\\\/bupachem-50\\\/#breadcrumb\",\"itemListElement\":[{\"@type\":\"ListItem\",\"position\":1,\"name\":\"Home\",\"item\":\"https:\\\/\\\/vet-chem.com\\\/de\\\/home\\\/\"},{\"@type\":\"ListItem\",\"position\":2,\"name\":\"Produkte\",\"item\":\"https:\\\/\\\/vet-chem.com\\\/de\\\/shop\\\/\"},{\"@type\":\"ListItem\",\"position\":3,\"name\":\"BUPACHEM 50\"}]},{\"@type\":\"WebSite\",\"@id\":\"https:\\\/\\\/vet-chem.com\\\/de\\\/#website\",\"url\":\"https:\\\/\\\/vet-chem.com\\\/de\\\/\",\"name\":\"Vetchem\",\"description\":\"\",\"publisher\":{\"@id\":\"https:\\\/\\\/vet-chem.com\\\/de\\\/#organization\"},\"potentialAction\":[{\"@type\":\"SearchAction\",\"target\":{\"@type\":\"EntryPoint\",\"urlTemplate\":\"https:\\\/\\\/vet-chem.com\\\/de\\\/?s={search_term_string}\"},\"query-input\":{\"@type\":\"PropertyValueSpecification\",\"valueRequired\":true,\"valueName\":\"search_term_string\"}}],\"inLanguage\":\"de\"},{\"@type\":\"Organization\",\"@id\":\"https:\\\/\\\/vet-chem.com\\\/de\\\/#organization\",\"name\":\"Vetchem\",\"url\":\"https:\\\/\\\/vet-chem.com\\\/de\\\/\",\"logo\":{\"@type\":\"ImageObject\",\"inLanguage\":\"de\",\"@id\":\"https:\\\/\\\/vet-chem.com\\\/de\\\/#\\\/schema\\\/logo\\\/image\\\/\",\"url\":\"https:\\\/\\\/vet-chem.com\\\/wp-content\\\/uploads\\\/2024\\\/06\\\/logo.svg\",\"contentUrl\":\"https:\\\/\\\/vet-chem.com\\\/wp-content\\\/uploads\\\/2024\\\/06\\\/logo.svg\",\"width\":412,\"height\":195,\"caption\":\"Vetchem\"},\"image\":{\"@id\":\"https:\\\/\\\/vet-chem.com\\\/de\\\/#\\\/schema\\\/logo\\\/image\\\/\"},\"sameAs\":[\"https:\\\/\\\/www.facebook.com\\\/VetChemGerman\"]}]}<\/script>\n<!-- \/ Yoast SEO plugin. -->","yoast_head_json":{"title":"BUPACHEM 50 - Vetchem","robots":{"index":"index","follow":"follow","max-snippet":"max-snippet:-1","max-image-preview":"max-image-preview:large","max-video-preview":"max-video-preview:-1"},"canonical":"https:\/\/vet-chem.com\/de\/product\/bupachem-50\/","og_locale":"de_DE","og_type":"article","og_title":"BUPACHEM 50 - Vetchem","og_description":"ZUSAMMENSETZUNG: Jeder ml enth\u00e4lt: Buparvaquon 50 mg Sorbitanmonooleat B.P. 100 mg \u00d6lbasis Q.S. INDIKATIONEN: Es ist f\u00fcr Theileriose (Ostk\u00fcstenfieber, Korridorkrankheit, Simbabwe-Theileriose, tropische Theileriose) geeignet, die durch die intrazellul\u00e4ren Protozoenparasiten Theileria Parvatheileria parva Bovis, Theileria parva Lawrencei, T. annulata, T. mutans und T. orientalis Sergenti bei Rindern verursacht wird. Es ist wirksam gegen sowohl das Schizont- als auch das Piroplasma-Stadium von Theileria spp. und kann w\u00e4hrend der Inkubationszeit der Krankheit oder bei sichtbaren klinischen Anzeichen verwendet werden. GEGENANZEIGEN: Aufgrund der hemmenden Wirkung der Theileriose auf das Immunsystem sollte die Impfung verschoben werden, bis sich das Tier von der Theileriose erholt hat. DOSIERUNG UND ANWENDUNG: Eine Einzeldosis von 1 ml Injektion pro 20 kg K\u00f6rpergewicht. (2,5 mg Buparvaquon pro kg K\u00f6rpergewicht). In schweren F\u00e4llen kann die Behandlung innerhalb von 48-72 Stunden wiederholt werden. Es sollten nicht mehr als 10 ml in eine einzelne Stelle injiziert werden. Aufeinanderfolgende Injektionen sollten an verschiedenen Stellen verabreicht werden. BUPACHEM 50 ANWENDUNG: Intramuskul\u00e4re Injektion in die Nackenmuskulatur. KARTEZEIT: Milch: 2 Tage Fleisch: 42 Tage","og_url":"https:\/\/vet-chem.com\/de\/product\/bupachem-50\/","og_site_name":"Vetchem","article_publisher":"https:\/\/www.facebook.com\/VetChemGerman","article_modified_time":"2024-08-31T13:44:33+00:00","og_image":[{"width":1280,"height":1238,"url":"https:\/\/vet-chem.com\/wp-content\/uploads\/2024\/08\/BUPACHEM-50.jpg","type":"image\/jpeg"}],"twitter_card":"summary_large_image","twitter_misc":{"Gesch\u00e4tzte Lesezeit":"1\u00a0Minute"},"schema":{"@context":"https:\/\/schema.org","@graph":[{"@type":"WebPage","@id":"https:\/\/vet-chem.com\/de\/product\/bupachem-50\/","url":"https:\/\/vet-chem.com\/de\/product\/bupachem-50\/","name":"BUPACHEM 50 - Vetchem","isPartOf":{"@id":"https:\/\/vet-chem.com\/de\/#website"},"primaryImageOfPage":{"@id":"https:\/\/vet-chem.com\/de\/product\/bupachem-50\/#primaryimage"},"image":{"@id":"https:\/\/vet-chem.com\/de\/product\/bupachem-50\/#primaryimage"},"thumbnailUrl":"https:\/\/vet-chem.com\/wp-content\/uploads\/2024\/08\/BUPACHEM-50.jpg","datePublished":"2024-08-05T12:23:22+00:00","dateModified":"2024-08-31T13:44:33+00:00","breadcrumb":{"@id":"https:\/\/vet-chem.com\/de\/product\/bupachem-50\/#breadcrumb"},"inLanguage":"de","potentialAction":[{"@type":"ReadAction","target":["https:\/\/vet-chem.com\/de\/product\/bupachem-50\/"]}]},{"@type":"ImageObject","inLanguage":"de","@id":"https:\/\/vet-chem.com\/de\/product\/bupachem-50\/#primaryimage","url":"https:\/\/vet-chem.com\/wp-content\/uploads\/2024\/08\/BUPACHEM-50.jpg","contentUrl":"https:\/\/vet-chem.com\/wp-content\/uploads\/2024\/08\/BUPACHEM-50.jpg","width":1280,"height":1238},{"@type":"BreadcrumbList","@id":"https:\/\/vet-chem.com\/de\/product\/bupachem-50\/#breadcrumb","itemListElement":[{"@type":"ListItem","position":1,"name":"Home","item":"https:\/\/vet-chem.com\/de\/home\/"},{"@type":"ListItem","position":2,"name":"Produkte","item":"https:\/\/vet-chem.com\/de\/shop\/"},{"@type":"ListItem","position":3,"name":"BUPACHEM 50"}]},{"@type":"WebSite","@id":"https:\/\/vet-chem.com\/de\/#website","url":"https:\/\/vet-chem.com\/de\/","name":"Vetchem","description":"","publisher":{"@id":"https:\/\/vet-chem.com\/de\/#organization"},"potentialAction":[{"@type":"SearchAction","target":{"@type":"EntryPoint","urlTemplate":"https:\/\/vet-chem.com\/de\/?s={search_term_string}"},"query-input":{"@type":"PropertyValueSpecification","valueRequired":true,"valueName":"search_term_string"}}],"inLanguage":"de"},{"@type":"Organization","@id":"https:\/\/vet-chem.com\/de\/#organization","name":"Vetchem","url":"https:\/\/vet-chem.com\/de\/","logo":{"@type":"ImageObject","inLanguage":"de","@id":"https:\/\/vet-chem.com\/de\/#\/schema\/logo\/image\/","url":"https:\/\/vet-chem.com\/wp-content\/uploads\/2024\/06\/logo.svg","contentUrl":"https:\/\/vet-chem.com\/wp-content\/uploads\/2024\/06\/logo.svg","width":412,"height":195,"caption":"Vetchem"},"image":{"@id":"https:\/\/vet-chem.com\/de\/#\/schema\/logo\/image\/"},"sameAs":["https:\/\/www.facebook.com\/VetChemGerman"]}]}},"_links":{"self":[{"href":"https:\/\/vet-chem.com\/de\/wp-json\/wp\/v2\/product\/903","targetHints":{"allow":["GET"]}}],"collection":[{"href":"https:\/\/vet-chem.com\/de\/wp-json\/wp\/v2\/product"}],"about":[{"href":"https:\/\/vet-chem.com\/de\/wp-json\/wp\/v2\/types\/product"}],"replies":[{"embeddable":true,"href":"https:\/\/vet-chem.com\/de\/wp-json\/wp\/v2\/comments?post=903"}],"wp:featuredmedia":[{"embeddable":true,"href":"https:\/\/vet-chem.com\/de\/wp-json\/wp\/v2\/media\/785"}],"wp:attachment":[{"href":"https:\/\/vet-chem.com\/de\/wp-json\/wp\/v2\/media?parent=903"}],"wp:term":[{"taxonomy":"product_brand","embeddable":true,"href":"https:\/\/vet-chem.com\/de\/wp-json\/wp\/v2\/product_brand?post=903"},{"taxonomy":"product_cat","embeddable":true,"href":"https:\/\/vet-chem.com\/de\/wp-json\/wp\/v2\/product_cat?post=903"},{"taxonomy":"product_tag","embeddable":true,"href":"https:\/\/vet-chem.com\/de\/wp-json\/wp\/v2\/product_tag?post=903"}],"curies":[{"name":"wp","href":"https:\/\/api.w.org\/{rel}","templated":true}]}}