{"id":905,"date":"2024-08-05T15:20:41","date_gmt":"2024-08-05T12:20:41","guid":{"rendered":"https:\/\/vet-chem.com\/product\/vitachem-es100\/"},"modified":"2024-08-31T16:46:03","modified_gmt":"2024-08-31T13:46:03","slug":"vitachem-es100","status":"publish","type":"product","link":"https:\/\/vet-chem.com\/de\/product\/vitachem-es100\/","title":{"rendered":"VITACHEM ES100"},"content":{"rendered":"<p>ZUSAMMENSETZUNG:<br \/>\nJeder ml enth\u00e4lt<br \/>\n100 mg Vitamin E (als Vitamin E-Acetat USP)<br \/>\nund 1,5 mg Natriumselenit BP.<br \/>\nINDIKATION:<br \/>\nVITACHEM ES100 ORAL LIQUID bietet eine breite Palette von Indikationen f\u00fcr Vieh und Gefl\u00fcgel:<br \/>\nVieh:<br \/>\n&#8211; Vorbeugung und Behandlung von Vitamin-E- und Selenmangelerkrankungen, einschlie\u00dflich Muskeldystrophie, Enzephalomalazie und exsudativer Diathese.<br \/>\n&#8211; Unterst\u00fctzende Therapie bei schwacher Immunit\u00e4t, Muskelsteifheit, Schw\u00e4che, Lahmheit, Unfruchtbarkeit, Nachgeburtsverhaltung und Mastitis.<br \/>\nGefl\u00fcgel:<br \/>\n&#8211; Vorbeugung und Behandlung von Vitamin-E- und Selenmangelerkrankungen, einschlie\u00dflich Muskeldystrophie und Enzephalomalazie (Crazy Chick Disease).<br \/>\n&#8211; Unterst\u00fctzende Therapie bei schwacher Immunit\u00e4t, Stress, schlechter Eierproduktion, Schlupfrate und Aszites.<br \/>\nDOSIERUNG UND ANWENDUNG:<br \/>\n&#8211; Gefl\u00fcgel:<br \/>\n&#8211; Vorbeugung: 1 ml pro 4 Liter Trinkwasser f\u00fcr 5-10 Tage.<br \/>\n&#8211; Behandlung: 1 ml pro 2 Liter Trinkwasser f\u00fcr 5 Tage.<br \/>\n&#8211; Vieh: 1-2 ml pro 10 kg K\u00f6rpergewicht f\u00fcr 5-10 Tage.<br \/>\n&#8211; Befolgen Sie die Anweisungen eines zugelassenen Tierarztes<br \/>\nf\u00fcr eine genaue Dosierung.<br \/>\nWARNUNG UND VORSICHTSMASSNAHME:<br \/>\n&#8211; Das mit Medikamenten versetzte Trinkwasser sollte alle 24 Stunden ausgetauscht werden, um die Wirksamkeit aufrechtzuerhalten.<br \/>\n&#8211; VITACHEM ES100 kann im Allgemeinen w\u00e4hrend der Schwangerschaft, Laktation und Legereife sicher verwendet werden. In diesen Situationen ist es wichtig, das Risiko und die Notwendigkeit der Verabreichung zu bewerten.<\/p>\n<p>1 L<\/p>\n<p>KARTEZEIT:<br \/>\nVITACHEM ES100 ORAL LIQUID<br \/>\nhat eine Wartezeit von null Tagen f\u00fcr<br \/>\nFleisch, Milch und Eier, wodurch die<br \/>\nSicherheit von Produkten tierischen Ursprungs gew\u00e4hrleistet wird.<br \/>\nLAGERUNG:<br \/>\nLagern Sie es unter 30\u00b0C an einem trockenen Ort,<br \/>\ngesch\u00fctzt vor Licht.<br \/>\nBewahren Sie alle Arzneimittel stets<br \/>\nau\u00dferhalb der Reichweite von Kindern auf.<\/p>\n","protected":false},"excerpt":{"rendered":"<p>ZUSAMMENSETZUNG: Jeder ml enth\u00e4lt 100 mg Vitamin E (als Vitamin E-Acetat USP) und 1,5 mg Natriumselenit BP. INDIKATION: VITACHEM ES100 ORAL LIQUID bietet eine breite Palette von Indikationen f\u00fcr Vieh und Gefl\u00fcgel: Vieh: &#8211; Vorbeugung und Behandlung von Vitamin-E- und Selenmangelerkrankungen, einschlie\u00dflich Muskeldystrophie, Enzephalomalazie und exsudativer Diathese. &#8211; Unterst\u00fctzende Therapie bei schwacher Immunit\u00e4t, Muskelsteifheit, Schw\u00e4che, Lahmheit, Unfruchtbarkeit, Nachgeburtsverhaltung und Mastitis. Gefl\u00fcgel: &#8211; Vorbeugung und Behandlung von Vitamin-E- und Selenmangelerkrankungen, einschlie\u00dflich Muskeldystrophie und Enzephalomalazie (Crazy Chick Disease). &#8211; Unterst\u00fctzende Therapie bei schwacher Immunit\u00e4t, Stress, schlechter Eierproduktion, Schlupfrate und Aszites. DOSIERUNG UND ANWENDUNG: &#8211; Gefl\u00fcgel: &#8211; Vorbeugung: 1 ml pro 4 Liter Trinkwasser f\u00fcr 5-10 Tage. &#8211; Behandlung: 1 ml pro 2 Liter Trinkwasser f\u00fcr 5 Tage. &#8211; Vieh: 1-2 ml pro 10 kg K\u00f6rpergewicht f\u00fcr 5-10 Tage. &#8211; Befolgen Sie die Anweisungen eines zugelassenen Tierarztes f\u00fcr eine genaue Dosierung. WARNUNG UND VORSICHTSMASSNAHME: &#8211; Das mit Medikamenten versetzte Trinkwasser sollte alle 24 Stunden ausgetauscht werden, um die Wirksamkeit aufrechtzuerhalten. &#8211; VITACHEM ES100 kann im Allgemeinen w\u00e4hrend der Schwangerschaft, Laktation und Legereife sicher verwendet werden. In diesen Situationen ist es wichtig, das Risiko und die Notwendigkeit der Verabreichung zu bewerten. 1 L KARTEZEIT: VITACHEM ES100 ORAL LIQUID hat eine Wartezeit von null Tagen f\u00fcr Fleisch, Milch und Eier, wodurch die Sicherheit von Produkten tierischen Ursprungs gew\u00e4hrleistet wird. LAGERUNG: Lagern Sie es unter 30\u00b0C an einem trockenen Ort, gesch\u00fctzt vor Licht. Bewahren Sie alle Arzneimittel stets au\u00dferhalb der Reichweite von Kindern auf.<\/p>\n","protected":false},"featured_media":783,"comment_status":"open","ping_status":"closed","template":"","meta":{"site-sidebar-layout":"default","site-content-layout":"","ast-site-content-layout":"default","site-content-style":"default","site-sidebar-style":"default","ast-global-header-display":"","ast-banner-title-visibility":"","ast-main-header-display":"","ast-hfb-above-header-display":"","ast-hfb-below-header-display":"","ast-hfb-mobile-header-display":"","site-post-title":"","ast-breadcrumbs-content":"","ast-featured-img":"","footer-sml-layout":"","ast-disable-related-posts":"","theme-transparent-header-meta":"default","adv-header-id-meta":"","stick-header-meta":"","header-above-stick-meta":"","header-main-stick-meta":"","header-below-stick-meta":"","astra-migrate-meta-layouts":"set","ast-page-background-enabled":"default","ast-page-background-meta":{"desktop":{"background-color":"var(--ast-global-color-4)","background-image":"","background-repeat":"repeat","background-position":"center center","background-size":"auto","background-attachment":"scroll","background-type":"","background-media":"","overlay-type":"","overlay-color":"","overlay-opacity":"","overlay-gradient":""},"tablet":{"background-color":"","background-image":"","background-repeat":"repeat","background-position":"center center","background-size":"auto","background-attachment":"scroll","background-type":"","background-media":"","overlay-type":"","overlay-color":"","overlay-opacity":"","overlay-gradient":""},"mobile":{"background-color":"","background-image":"","background-repeat":"repeat","background-position":"center center","background-size":"auto","background-attachment":"scroll","background-type":"","background-media":"","overlay-type":"","overlay-color":"","overlay-opacity":"","overlay-gradient":""}},"ast-content-background-meta":{"desktop":{"background-color":"var(--ast-global-color-5)","background-image":"","background-repeat":"repeat","background-position":"center center","background-size":"auto","background-attachment":"scroll","background-type":"","background-media":"","overlay-type":"","overlay-color":"","overlay-opacity":"","overlay-gradient":""},"tablet":{"background-color":"var(--ast-global-color-5)","background-image":"","background-repeat":"repeat","background-position":"center center","background-size":"auto","background-attachment":"scroll","background-type":"","background-media":"","overlay-type":"","overlay-color":"","overlay-opacity":"","overlay-gradient":""},"mobile":{"background-color":"var(--ast-global-color-5)","background-image":"","background-repeat":"repeat","background-position":"center center","background-size":"auto","background-attachment":"scroll","background-type":"","background-media":"","overlay-type":"","overlay-color":"","overlay-opacity":"","overlay-gradient":""}}},"product_brand":[],"product_cat":[44],"product_tag":[],"class_list":{"0":"post-905","1":"product","2":"type-product","3":"status-publish","4":"has-post-thumbnail","6":"product_cat-nutritional-products-liquid-de","7":"desktop-align-left","8":"tablet-align-left","9":"mobile-align-left","11":"first","12":"instock","13":"shipping-taxable","14":"product-type-simple"},"yoast_head":"<!-- This site is optimized with the Yoast SEO plugin v27.3 - https:\/\/yoast.com\/product\/yoast-seo-wordpress\/ -->\n<title>VITACHEM ES100 - Vetchem<\/title>\n<meta name=\"robots\" content=\"index, follow, max-snippet:-1, max-image-preview:large, max-video-preview:-1\" \/>\n<link rel=\"canonical\" href=\"https:\/\/vet-chem.com\/de\/product\/vitachem-es100\/\" \/>\n<meta property=\"og:locale\" content=\"de_DE\" \/>\n<meta property=\"og:type\" content=\"article\" \/>\n<meta property=\"og:title\" content=\"VITACHEM ES100 - Vetchem\" \/>\n<meta property=\"og:description\" content=\"ZUSAMMENSETZUNG: Jeder ml enth\u00e4lt 100 mg Vitamin E (als Vitamin E-Acetat USP) und 1,5 mg Natriumselenit BP. INDIKATION: VITACHEM ES100 ORAL LIQUID bietet eine breite Palette von Indikationen f\u00fcr Vieh und Gefl\u00fcgel: Vieh: &#8211; Vorbeugung und Behandlung von Vitamin-E- und Selenmangelerkrankungen, einschlie\u00dflich Muskeldystrophie, Enzephalomalazie und exsudativer Diathese. &#8211; Unterst\u00fctzende Therapie bei schwacher Immunit\u00e4t, Muskelsteifheit, Schw\u00e4che, Lahmheit, Unfruchtbarkeit, Nachgeburtsverhaltung und Mastitis. Gefl\u00fcgel: &#8211; Vorbeugung und Behandlung von Vitamin-E- und Selenmangelerkrankungen, einschlie\u00dflich Muskeldystrophie und Enzephalomalazie (Crazy Chick Disease). &#8211; Unterst\u00fctzende Therapie bei schwacher Immunit\u00e4t, Stress, schlechter Eierproduktion, Schlupfrate und Aszites. DOSIERUNG UND ANWENDUNG: &#8211; Gefl\u00fcgel: &#8211; Vorbeugung: 1 ml pro 4 Liter Trinkwasser f\u00fcr 5-10 Tage. &#8211; Behandlung: 1 ml pro 2 Liter Trinkwasser f\u00fcr 5 Tage. &#8211; Vieh: 1-2 ml pro 10 kg K\u00f6rpergewicht f\u00fcr 5-10 Tage. &#8211; Befolgen Sie die Anweisungen eines zugelassenen Tierarztes f\u00fcr eine genaue Dosierung. WARNUNG UND VORSICHTSMASSNAHME: &#8211; Das mit Medikamenten versetzte Trinkwasser sollte alle 24 Stunden ausgetauscht werden, um die Wirksamkeit aufrechtzuerhalten. &#8211; VITACHEM ES100 kann im Allgemeinen w\u00e4hrend der Schwangerschaft, Laktation und Legereife sicher verwendet werden. In diesen Situationen ist es wichtig, das Risiko und die Notwendigkeit der Verabreichung zu bewerten. 1 L KARTEZEIT: VITACHEM ES100 ORAL LIQUID hat eine Wartezeit von null Tagen f\u00fcr Fleisch, Milch und Eier, wodurch die Sicherheit von Produkten tierischen Ursprungs gew\u00e4hrleistet wird. LAGERUNG: Lagern Sie es unter 30\u00b0C an einem trockenen Ort, gesch\u00fctzt vor Licht. Bewahren Sie alle Arzneimittel stets au\u00dferhalb der Reichweite von Kindern auf.\" \/>\n<meta property=\"og:url\" content=\"https:\/\/vet-chem.com\/de\/product\/vitachem-es100\/\" \/>\n<meta property=\"og:site_name\" content=\"Vetchem\" \/>\n<meta property=\"article:publisher\" content=\"https:\/\/www.facebook.com\/VetChemGerman\" \/>\n<meta property=\"article:modified_time\" content=\"2024-08-31T13:46:03+00:00\" \/>\n<meta property=\"og:image\" content=\"https:\/\/vet-chem.com\/wp-content\/uploads\/2024\/08\/VITACHEM-ES100.jpg\" \/>\n\t<meta property=\"og:image:width\" content=\"1025\" \/>\n\t<meta property=\"og:image:height\" content=\"1280\" \/>\n\t<meta property=\"og:image:type\" content=\"image\/jpeg\" \/>\n<meta name=\"twitter:card\" content=\"summary_large_image\" \/>\n<meta name=\"twitter:label1\" content=\"Gesch\u00e4tzte Lesezeit\" \/>\n\t<meta name=\"twitter:data1\" content=\"1\u00a0Minute\" \/>\n<script type=\"application\/ld+json\" class=\"yoast-schema-graph\">{\"@context\":\"https:\\\/\\\/schema.org\",\"@graph\":[{\"@type\":\"WebPage\",\"@id\":\"https:\\\/\\\/vet-chem.com\\\/de\\\/product\\\/vitachem-es100\\\/\",\"url\":\"https:\\\/\\\/vet-chem.com\\\/de\\\/product\\\/vitachem-es100\\\/\",\"name\":\"VITACHEM ES100 - Vetchem\",\"isPartOf\":{\"@id\":\"https:\\\/\\\/vet-chem.com\\\/de\\\/#website\"},\"primaryImageOfPage\":{\"@id\":\"https:\\\/\\\/vet-chem.com\\\/de\\\/product\\\/vitachem-es100\\\/#primaryimage\"},\"image\":{\"@id\":\"https:\\\/\\\/vet-chem.com\\\/de\\\/product\\\/vitachem-es100\\\/#primaryimage\"},\"thumbnailUrl\":\"https:\\\/\\\/vet-chem.com\\\/wp-content\\\/uploads\\\/2024\\\/08\\\/VITACHEM-ES100.jpg\",\"datePublished\":\"2024-08-05T12:20:41+00:00\",\"dateModified\":\"2024-08-31T13:46:03+00:00\",\"breadcrumb\":{\"@id\":\"https:\\\/\\\/vet-chem.com\\\/de\\\/product\\\/vitachem-es100\\\/#breadcrumb\"},\"inLanguage\":\"de\",\"potentialAction\":[{\"@type\":\"ReadAction\",\"target\":[\"https:\\\/\\\/vet-chem.com\\\/de\\\/product\\\/vitachem-es100\\\/\"]}]},{\"@type\":\"ImageObject\",\"inLanguage\":\"de\",\"@id\":\"https:\\\/\\\/vet-chem.com\\\/de\\\/product\\\/vitachem-es100\\\/#primaryimage\",\"url\":\"https:\\\/\\\/vet-chem.com\\\/wp-content\\\/uploads\\\/2024\\\/08\\\/VITACHEM-ES100.jpg\",\"contentUrl\":\"https:\\\/\\\/vet-chem.com\\\/wp-content\\\/uploads\\\/2024\\\/08\\\/VITACHEM-ES100.jpg\",\"width\":1025,\"height\":1280},{\"@type\":\"BreadcrumbList\",\"@id\":\"https:\\\/\\\/vet-chem.com\\\/de\\\/product\\\/vitachem-es100\\\/#breadcrumb\",\"itemListElement\":[{\"@type\":\"ListItem\",\"position\":1,\"name\":\"Home\",\"item\":\"https:\\\/\\\/vet-chem.com\\\/de\\\/home\\\/\"},{\"@type\":\"ListItem\",\"position\":2,\"name\":\"Produkte\",\"item\":\"https:\\\/\\\/vet-chem.com\\\/de\\\/shop\\\/\"},{\"@type\":\"ListItem\",\"position\":3,\"name\":\"VITACHEM ES100\"}]},{\"@type\":\"WebSite\",\"@id\":\"https:\\\/\\\/vet-chem.com\\\/de\\\/#website\",\"url\":\"https:\\\/\\\/vet-chem.com\\\/de\\\/\",\"name\":\"Vetchem\",\"description\":\"\",\"publisher\":{\"@id\":\"https:\\\/\\\/vet-chem.com\\\/de\\\/#organization\"},\"potentialAction\":[{\"@type\":\"SearchAction\",\"target\":{\"@type\":\"EntryPoint\",\"urlTemplate\":\"https:\\\/\\\/vet-chem.com\\\/de\\\/?s={search_term_string}\"},\"query-input\":{\"@type\":\"PropertyValueSpecification\",\"valueRequired\":true,\"valueName\":\"search_term_string\"}}],\"inLanguage\":\"de\"},{\"@type\":\"Organization\",\"@id\":\"https:\\\/\\\/vet-chem.com\\\/de\\\/#organization\",\"name\":\"Vetchem\",\"url\":\"https:\\\/\\\/vet-chem.com\\\/de\\\/\",\"logo\":{\"@type\":\"ImageObject\",\"inLanguage\":\"de\",\"@id\":\"https:\\\/\\\/vet-chem.com\\\/de\\\/#\\\/schema\\\/logo\\\/image\\\/\",\"url\":\"https:\\\/\\\/vet-chem.com\\\/wp-content\\\/uploads\\\/2024\\\/06\\\/logo.svg\",\"contentUrl\":\"https:\\\/\\\/vet-chem.com\\\/wp-content\\\/uploads\\\/2024\\\/06\\\/logo.svg\",\"width\":412,\"height\":195,\"caption\":\"Vetchem\"},\"image\":{\"@id\":\"https:\\\/\\\/vet-chem.com\\\/de\\\/#\\\/schema\\\/logo\\\/image\\\/\"},\"sameAs\":[\"https:\\\/\\\/www.facebook.com\\\/VetChemGerman\"]}]}<\/script>\n<!-- \/ Yoast SEO plugin. -->","yoast_head_json":{"title":"VITACHEM ES100 - Vetchem","robots":{"index":"index","follow":"follow","max-snippet":"max-snippet:-1","max-image-preview":"max-image-preview:large","max-video-preview":"max-video-preview:-1"},"canonical":"https:\/\/vet-chem.com\/de\/product\/vitachem-es100\/","og_locale":"de_DE","og_type":"article","og_title":"VITACHEM ES100 - Vetchem","og_description":"ZUSAMMENSETZUNG: Jeder ml enth\u00e4lt 100 mg Vitamin E (als Vitamin E-Acetat USP) und 1,5 mg Natriumselenit BP. INDIKATION: VITACHEM ES100 ORAL LIQUID bietet eine breite Palette von Indikationen f\u00fcr Vieh und Gefl\u00fcgel: Vieh: &#8211; Vorbeugung und Behandlung von Vitamin-E- und Selenmangelerkrankungen, einschlie\u00dflich Muskeldystrophie, Enzephalomalazie und exsudativer Diathese. &#8211; Unterst\u00fctzende Therapie bei schwacher Immunit\u00e4t, Muskelsteifheit, Schw\u00e4che, Lahmheit, Unfruchtbarkeit, Nachgeburtsverhaltung und Mastitis. Gefl\u00fcgel: &#8211; Vorbeugung und Behandlung von Vitamin-E- und Selenmangelerkrankungen, einschlie\u00dflich Muskeldystrophie und Enzephalomalazie (Crazy Chick Disease). &#8211; Unterst\u00fctzende Therapie bei schwacher Immunit\u00e4t, Stress, schlechter Eierproduktion, Schlupfrate und Aszites. DOSIERUNG UND ANWENDUNG: &#8211; Gefl\u00fcgel: &#8211; Vorbeugung: 1 ml pro 4 Liter Trinkwasser f\u00fcr 5-10 Tage. &#8211; Behandlung: 1 ml pro 2 Liter Trinkwasser f\u00fcr 5 Tage. &#8211; Vieh: 1-2 ml pro 10 kg K\u00f6rpergewicht f\u00fcr 5-10 Tage. &#8211; Befolgen Sie die Anweisungen eines zugelassenen Tierarztes f\u00fcr eine genaue Dosierung. WARNUNG UND VORSICHTSMASSNAHME: &#8211; Das mit Medikamenten versetzte Trinkwasser sollte alle 24 Stunden ausgetauscht werden, um die Wirksamkeit aufrechtzuerhalten. &#8211; VITACHEM ES100 kann im Allgemeinen w\u00e4hrend der Schwangerschaft, Laktation und Legereife sicher verwendet werden. In diesen Situationen ist es wichtig, das Risiko und die Notwendigkeit der Verabreichung zu bewerten. 1 L KARTEZEIT: VITACHEM ES100 ORAL LIQUID hat eine Wartezeit von null Tagen f\u00fcr Fleisch, Milch und Eier, wodurch die Sicherheit von Produkten tierischen Ursprungs gew\u00e4hrleistet wird. LAGERUNG: Lagern Sie es unter 30\u00b0C an einem trockenen Ort, gesch\u00fctzt vor Licht. Bewahren Sie alle Arzneimittel stets au\u00dferhalb der Reichweite von Kindern auf.","og_url":"https:\/\/vet-chem.com\/de\/product\/vitachem-es100\/","og_site_name":"Vetchem","article_publisher":"https:\/\/www.facebook.com\/VetChemGerman","article_modified_time":"2024-08-31T13:46:03+00:00","og_image":[{"width":1025,"height":1280,"url":"https:\/\/vet-chem.com\/wp-content\/uploads\/2024\/08\/VITACHEM-ES100.jpg","type":"image\/jpeg"}],"twitter_card":"summary_large_image","twitter_misc":{"Gesch\u00e4tzte Lesezeit":"1\u00a0Minute"},"schema":{"@context":"https:\/\/schema.org","@graph":[{"@type":"WebPage","@id":"https:\/\/vet-chem.com\/de\/product\/vitachem-es100\/","url":"https:\/\/vet-chem.com\/de\/product\/vitachem-es100\/","name":"VITACHEM ES100 - Vetchem","isPartOf":{"@id":"https:\/\/vet-chem.com\/de\/#website"},"primaryImageOfPage":{"@id":"https:\/\/vet-chem.com\/de\/product\/vitachem-es100\/#primaryimage"},"image":{"@id":"https:\/\/vet-chem.com\/de\/product\/vitachem-es100\/#primaryimage"},"thumbnailUrl":"https:\/\/vet-chem.com\/wp-content\/uploads\/2024\/08\/VITACHEM-ES100.jpg","datePublished":"2024-08-05T12:20:41+00:00","dateModified":"2024-08-31T13:46:03+00:00","breadcrumb":{"@id":"https:\/\/vet-chem.com\/de\/product\/vitachem-es100\/#breadcrumb"},"inLanguage":"de","potentialAction":[{"@type":"ReadAction","target":["https:\/\/vet-chem.com\/de\/product\/vitachem-es100\/"]}]},{"@type":"ImageObject","inLanguage":"de","@id":"https:\/\/vet-chem.com\/de\/product\/vitachem-es100\/#primaryimage","url":"https:\/\/vet-chem.com\/wp-content\/uploads\/2024\/08\/VITACHEM-ES100.jpg","contentUrl":"https:\/\/vet-chem.com\/wp-content\/uploads\/2024\/08\/VITACHEM-ES100.jpg","width":1025,"height":1280},{"@type":"BreadcrumbList","@id":"https:\/\/vet-chem.com\/de\/product\/vitachem-es100\/#breadcrumb","itemListElement":[{"@type":"ListItem","position":1,"name":"Home","item":"https:\/\/vet-chem.com\/de\/home\/"},{"@type":"ListItem","position":2,"name":"Produkte","item":"https:\/\/vet-chem.com\/de\/shop\/"},{"@type":"ListItem","position":3,"name":"VITACHEM ES100"}]},{"@type":"WebSite","@id":"https:\/\/vet-chem.com\/de\/#website","url":"https:\/\/vet-chem.com\/de\/","name":"Vetchem","description":"","publisher":{"@id":"https:\/\/vet-chem.com\/de\/#organization"},"potentialAction":[{"@type":"SearchAction","target":{"@type":"EntryPoint","urlTemplate":"https:\/\/vet-chem.com\/de\/?s={search_term_string}"},"query-input":{"@type":"PropertyValueSpecification","valueRequired":true,"valueName":"search_term_string"}}],"inLanguage":"de"},{"@type":"Organization","@id":"https:\/\/vet-chem.com\/de\/#organization","name":"Vetchem","url":"https:\/\/vet-chem.com\/de\/","logo":{"@type":"ImageObject","inLanguage":"de","@id":"https:\/\/vet-chem.com\/de\/#\/schema\/logo\/image\/","url":"https:\/\/vet-chem.com\/wp-content\/uploads\/2024\/06\/logo.svg","contentUrl":"https:\/\/vet-chem.com\/wp-content\/uploads\/2024\/06\/logo.svg","width":412,"height":195,"caption":"Vetchem"},"image":{"@id":"https:\/\/vet-chem.com\/de\/#\/schema\/logo\/image\/"},"sameAs":["https:\/\/www.facebook.com\/VetChemGerman"]}]}},"_links":{"self":[{"href":"https:\/\/vet-chem.com\/de\/wp-json\/wp\/v2\/product\/905","targetHints":{"allow":["GET"]}}],"collection":[{"href":"https:\/\/vet-chem.com\/de\/wp-json\/wp\/v2\/product"}],"about":[{"href":"https:\/\/vet-chem.com\/de\/wp-json\/wp\/v2\/types\/product"}],"replies":[{"embeddable":true,"href":"https:\/\/vet-chem.com\/de\/wp-json\/wp\/v2\/comments?post=905"}],"wp:featuredmedia":[{"embeddable":true,"href":"https:\/\/vet-chem.com\/de\/wp-json\/wp\/v2\/media\/783"}],"wp:attachment":[{"href":"https:\/\/vet-chem.com\/de\/wp-json\/wp\/v2\/media?parent=905"}],"wp:term":[{"taxonomy":"product_brand","embeddable":true,"href":"https:\/\/vet-chem.com\/de\/wp-json\/wp\/v2\/product_brand?post=905"},{"taxonomy":"product_cat","embeddable":true,"href":"https:\/\/vet-chem.com\/de\/wp-json\/wp\/v2\/product_cat?post=905"},{"taxonomy":"product_tag","embeddable":true,"href":"https:\/\/vet-chem.com\/de\/wp-json\/wp\/v2\/product_tag?post=905"}],"curies":[{"name":"wp","href":"https:\/\/api.w.org\/{rel}","templated":true}]}}