{"id":906,"date":"2024-08-05T15:19:23","date_gmt":"2024-08-05T12:19:23","guid":{"rendered":"https:\/\/vet-chem.com\/product\/vitachem-ad3eh\/"},"modified":"2024-08-31T16:46:23","modified_gmt":"2024-08-31T13:46:23","slug":"vitachem-ad3eh","status":"publish","type":"product","link":"https:\/\/vet-chem.com\/de\/product\/vitachem-ad3eh\/","title":{"rendered":"VITACHEM AD3EH"},"content":{"rendered":"<p>Zusammensetzung:<br \/>\nJeder ml enth\u00e4lt:<br \/>\nVitamin A 250.000 IE<br \/>\nVitamin D3 25.000 IE<br \/>\nVitamin E 100 IE<br \/>\nVitamin H (Biotin) 12,5 mg<\/p>\n<p>Indikationen:<br \/>\nVITACHEM AD3EH INJEKTION<br \/>\nist eine Injektion zur F\u00f6rderung von Erhaltung,<br \/>\nWachstum, Laktation, Fortpflanzung und<br \/>\nWohlbefinden von Tieren. Vitamin A ist<br \/>\nwichtig f\u00fcr die normale Funktion der<br \/>\nEpithelzellen. Vitamin D3 ist<br \/>\nwichtig<br \/>\nf\u00fcr Wachstum und Aufnahme von Kalzium.<br \/>\nVitamin E ist ein Antioxidans und hilft<br \/>\nbei der Behandlung von Muskeldystrophie.<br \/>\nVitamin H ist eine stickstoffhaltige S\u00e4ure,<br \/>\nwichtig f\u00fcr Wachstum und Wohlbefinden von<br \/>\nTieren. Es hilft auch bei der Gluconeogenese.<br \/>\nSesam\u00f6l wird f\u00fcr eine bessere<br \/>\nGehorsamkeit der Tiere verwendet.<\/p>\n<p>Dosierung und Gebrauchsanweisung<br \/>\nNUR F\u00dcR TIERE<br \/>\nAUF DER REICHWEITE VON KINDERN AUFBEWAHREN<br \/>\nNUR F\u00dcR TIER\u00c4RZTLICHE VERWENDUNG<br \/>\nNur f\u00fcr intramuskul\u00e4re Anwendung [Tiefe intramuskul\u00e4re Verabreichung]<br \/>\nGro\u00dfe Tiere: 5 ml\/Tag zur<br \/>\nProphylaxe und 10 ml zur Behandlung<br \/>\nKleine Tiere: 1-2 ml\/Tag zur<br \/>\nProphylaxe und 2-4 ml zur Behandlung.<br \/>\n2 Wochen lang jeden zweiten Tag verabreichen.<br \/>\nBei Bedarf nach 4 Wochen wiederholen.<br \/>\nBei Neugeborenen kontraindiziert.<\/p>\n","protected":false},"excerpt":{"rendered":"<p>Zusammensetzung: Jeder ml enth\u00e4lt: Vitamin A 250.000 IE Vitamin D3 25.000 IE Vitamin E 100 IE Vitamin H (Biotin) 12,5 mg Indikationen: VITACHEM AD3EH INJEKTION ist eine Injektion zur F\u00f6rderung von Erhaltung, Wachstum, Laktation, Fortpflanzung und Wohlbefinden von Tieren. Vitamin A ist wichtig f\u00fcr die normale Funktion der Epithelzellen. Vitamin D3 ist wichtig f\u00fcr Wachstum und Aufnahme von Kalzium. Vitamin E ist ein Antioxidans und hilft bei der Behandlung von Muskeldystrophie. Vitamin H ist eine stickstoffhaltige S\u00e4ure, wichtig f\u00fcr Wachstum und Wohlbefinden von Tieren. Es hilft auch bei der Gluconeogenese. Sesam\u00f6l wird f\u00fcr eine bessere Gehorsamkeit der Tiere verwendet. Dosierung und Gebrauchsanweisung NUR F\u00dcR TIERE AUF DER REICHWEITE VON KINDERN AUFBEWAHREN NUR F\u00dcR TIER\u00c4RZTLICHE VERWENDUNG Nur f\u00fcr intramuskul\u00e4re Anwendung [Tiefe intramuskul\u00e4re Verabreichung] Gro\u00dfe Tiere: 5 ml\/Tag zur Prophylaxe und 10 ml zur Behandlung Kleine Tiere: 1-2 ml\/Tag zur Prophylaxe und 2-4 ml zur Behandlung. 2 Wochen lang jeden zweiten Tag verabreichen. Bei Bedarf nach 4 Wochen wiederholen. Bei Neugeborenen kontraindiziert.<\/p>\n","protected":false},"featured_media":782,"comment_status":"open","ping_status":"closed","template":"","meta":{"site-sidebar-layout":"default","site-content-layout":"","ast-site-content-layout":"default","site-content-style":"default","site-sidebar-style":"default","ast-global-header-display":"","ast-banner-title-visibility":"","ast-main-header-display":"","ast-hfb-above-header-display":"","ast-hfb-below-header-display":"","ast-hfb-mobile-header-display":"","site-post-title":"","ast-breadcrumbs-content":"","ast-featured-img":"","footer-sml-layout":"","ast-disable-related-posts":"","theme-transparent-header-meta":"default","adv-header-id-meta":"","stick-header-meta":"","header-above-stick-meta":"","header-main-stick-meta":"","header-below-stick-meta":"","astra-migrate-meta-layouts":"set","ast-page-background-enabled":"default","ast-page-background-meta":{"desktop":{"background-color":"var(--ast-global-color-4)","background-image":"","background-repeat":"repeat","background-position":"center center","background-size":"auto","background-attachment":"scroll","background-type":"","background-media":"","overlay-type":"","overlay-color":"","overlay-opacity":"","overlay-gradient":""},"tablet":{"background-color":"","background-image":"","background-repeat":"repeat","background-position":"center center","background-size":"auto","background-attachment":"scroll","background-type":"","background-media":"","overlay-type":"","overlay-color":"","overlay-opacity":"","overlay-gradient":""},"mobile":{"background-color":"","background-image":"","background-repeat":"repeat","background-position":"center center","background-size":"auto","background-attachment":"scroll","background-type":"","background-media":"","overlay-type":"","overlay-color":"","overlay-opacity":"","overlay-gradient":""}},"ast-content-background-meta":{"desktop":{"background-color":"var(--ast-global-color-5)","background-image":"","background-repeat":"repeat","background-position":"center center","background-size":"auto","background-attachment":"scroll","background-type":"","background-media":"","overlay-type":"","overlay-color":"","overlay-opacity":"","overlay-gradient":""},"tablet":{"background-color":"var(--ast-global-color-5)","background-image":"","background-repeat":"repeat","background-position":"center center","background-size":"auto","background-attachment":"scroll","background-type":"","background-media":"","overlay-type":"","overlay-color":"","overlay-opacity":"","overlay-gradient":""},"mobile":{"background-color":"var(--ast-global-color-5)","background-image":"","background-repeat":"repeat","background-position":"center center","background-size":"auto","background-attachment":"scroll","background-type":"","background-media":"","overlay-type":"","overlay-color":"","overlay-opacity":"","overlay-gradient":""}}},"product_brand":[],"product_cat":[42],"product_tag":[],"class_list":{"0":"post-906","1":"product","2":"type-product","3":"status-publish","4":"has-post-thumbnail","6":"product_cat-unkategorisiert","7":"desktop-align-left","8":"tablet-align-left","9":"mobile-align-left","11":"first","12":"instock","13":"shipping-taxable","14":"product-type-simple"},"yoast_head":"<!-- This site is optimized with the Yoast SEO plugin v27.3 - https:\/\/yoast.com\/product\/yoast-seo-wordpress\/ -->\n<title>VITACHEM AD3EH - Vetchem<\/title>\n<meta name=\"robots\" content=\"index, follow, max-snippet:-1, max-image-preview:large, max-video-preview:-1\" \/>\n<link rel=\"canonical\" href=\"https:\/\/vet-chem.com\/de\/product\/vitachem-ad3eh\/\" \/>\n<meta property=\"og:locale\" content=\"de_DE\" \/>\n<meta property=\"og:type\" content=\"article\" \/>\n<meta property=\"og:title\" content=\"VITACHEM AD3EH - Vetchem\" \/>\n<meta property=\"og:description\" content=\"Zusammensetzung: Jeder ml enth\u00e4lt: Vitamin A 250.000 IE Vitamin D3 25.000 IE Vitamin E 100 IE Vitamin H (Biotin) 12,5 mg Indikationen: VITACHEM AD3EH INJEKTION ist eine Injektion zur F\u00f6rderung von Erhaltung, Wachstum, Laktation, Fortpflanzung und Wohlbefinden von Tieren. Vitamin A ist wichtig f\u00fcr die normale Funktion der Epithelzellen. Vitamin D3 ist wichtig f\u00fcr Wachstum und Aufnahme von Kalzium. Vitamin E ist ein Antioxidans und hilft bei der Behandlung von Muskeldystrophie. Vitamin H ist eine stickstoffhaltige S\u00e4ure, wichtig f\u00fcr Wachstum und Wohlbefinden von Tieren. Es hilft auch bei der Gluconeogenese. Sesam\u00f6l wird f\u00fcr eine bessere Gehorsamkeit der Tiere verwendet. Dosierung und Gebrauchsanweisung NUR F\u00dcR TIERE AUF DER REICHWEITE VON KINDERN AUFBEWAHREN NUR F\u00dcR TIER\u00c4RZTLICHE VERWENDUNG Nur f\u00fcr intramuskul\u00e4re Anwendung [Tiefe intramuskul\u00e4re Verabreichung] Gro\u00dfe Tiere: 5 ml\/Tag zur Prophylaxe und 10 ml zur Behandlung Kleine Tiere: 1-2 ml\/Tag zur Prophylaxe und 2-4 ml zur Behandlung. 2 Wochen lang jeden zweiten Tag verabreichen. Bei Bedarf nach 4 Wochen wiederholen. Bei Neugeborenen kontraindiziert.\" \/>\n<meta property=\"og:url\" content=\"https:\/\/vet-chem.com\/de\/product\/vitachem-ad3eh\/\" \/>\n<meta property=\"og:site_name\" content=\"Vetchem\" \/>\n<meta property=\"article:publisher\" content=\"https:\/\/www.facebook.com\/VetChemGerman\" \/>\n<meta property=\"article:modified_time\" content=\"2024-08-31T13:46:23+00:00\" \/>\n<meta property=\"og:image\" content=\"https:\/\/vet-chem.com\/wp-content\/uploads\/2024\/08\/VITACHEM-AD3EH.png\" \/>\n\t<meta property=\"og:image:width\" content=\"740\" \/>\n\t<meta property=\"og:image:height\" content=\"712\" \/>\n\t<meta property=\"og:image:type\" content=\"image\/png\" \/>\n<meta name=\"twitter:card\" content=\"summary_large_image\" \/>\n<meta name=\"twitter:label1\" content=\"Gesch\u00e4tzte Lesezeit\" \/>\n\t<meta name=\"twitter:data1\" content=\"1\u00a0Minute\" \/>\n<script type=\"application\/ld+json\" class=\"yoast-schema-graph\">{\"@context\":\"https:\\\/\\\/schema.org\",\"@graph\":[{\"@type\":\"WebPage\",\"@id\":\"https:\\\/\\\/vet-chem.com\\\/de\\\/product\\\/vitachem-ad3eh\\\/\",\"url\":\"https:\\\/\\\/vet-chem.com\\\/de\\\/product\\\/vitachem-ad3eh\\\/\",\"name\":\"VITACHEM AD3EH - Vetchem\",\"isPartOf\":{\"@id\":\"https:\\\/\\\/vet-chem.com\\\/de\\\/#website\"},\"primaryImageOfPage\":{\"@id\":\"https:\\\/\\\/vet-chem.com\\\/de\\\/product\\\/vitachem-ad3eh\\\/#primaryimage\"},\"image\":{\"@id\":\"https:\\\/\\\/vet-chem.com\\\/de\\\/product\\\/vitachem-ad3eh\\\/#primaryimage\"},\"thumbnailUrl\":\"https:\\\/\\\/vet-chem.com\\\/wp-content\\\/uploads\\\/2024\\\/08\\\/VITACHEM-AD3EH.png\",\"datePublished\":\"2024-08-05T12:19:23+00:00\",\"dateModified\":\"2024-08-31T13:46:23+00:00\",\"breadcrumb\":{\"@id\":\"https:\\\/\\\/vet-chem.com\\\/de\\\/product\\\/vitachem-ad3eh\\\/#breadcrumb\"},\"inLanguage\":\"de\",\"potentialAction\":[{\"@type\":\"ReadAction\",\"target\":[\"https:\\\/\\\/vet-chem.com\\\/de\\\/product\\\/vitachem-ad3eh\\\/\"]}]},{\"@type\":\"ImageObject\",\"inLanguage\":\"de\",\"@id\":\"https:\\\/\\\/vet-chem.com\\\/de\\\/product\\\/vitachem-ad3eh\\\/#primaryimage\",\"url\":\"https:\\\/\\\/vet-chem.com\\\/wp-content\\\/uploads\\\/2024\\\/08\\\/VITACHEM-AD3EH.png\",\"contentUrl\":\"https:\\\/\\\/vet-chem.com\\\/wp-content\\\/uploads\\\/2024\\\/08\\\/VITACHEM-AD3EH.png\",\"width\":740,\"height\":712},{\"@type\":\"BreadcrumbList\",\"@id\":\"https:\\\/\\\/vet-chem.com\\\/de\\\/product\\\/vitachem-ad3eh\\\/#breadcrumb\",\"itemListElement\":[{\"@type\":\"ListItem\",\"position\":1,\"name\":\"Home\",\"item\":\"https:\\\/\\\/vet-chem.com\\\/de\\\/home\\\/\"},{\"@type\":\"ListItem\",\"position\":2,\"name\":\"Produkte\",\"item\":\"https:\\\/\\\/vet-chem.com\\\/de\\\/shop\\\/\"},{\"@type\":\"ListItem\",\"position\":3,\"name\":\"VITACHEM AD3EH\"}]},{\"@type\":\"WebSite\",\"@id\":\"https:\\\/\\\/vet-chem.com\\\/de\\\/#website\",\"url\":\"https:\\\/\\\/vet-chem.com\\\/de\\\/\",\"name\":\"Vetchem\",\"description\":\"\",\"publisher\":{\"@id\":\"https:\\\/\\\/vet-chem.com\\\/de\\\/#organization\"},\"potentialAction\":[{\"@type\":\"SearchAction\",\"target\":{\"@type\":\"EntryPoint\",\"urlTemplate\":\"https:\\\/\\\/vet-chem.com\\\/de\\\/?s={search_term_string}\"},\"query-input\":{\"@type\":\"PropertyValueSpecification\",\"valueRequired\":true,\"valueName\":\"search_term_string\"}}],\"inLanguage\":\"de\"},{\"@type\":\"Organization\",\"@id\":\"https:\\\/\\\/vet-chem.com\\\/de\\\/#organization\",\"name\":\"Vetchem\",\"url\":\"https:\\\/\\\/vet-chem.com\\\/de\\\/\",\"logo\":{\"@type\":\"ImageObject\",\"inLanguage\":\"de\",\"@id\":\"https:\\\/\\\/vet-chem.com\\\/de\\\/#\\\/schema\\\/logo\\\/image\\\/\",\"url\":\"https:\\\/\\\/vet-chem.com\\\/wp-content\\\/uploads\\\/2024\\\/06\\\/logo.svg\",\"contentUrl\":\"https:\\\/\\\/vet-chem.com\\\/wp-content\\\/uploads\\\/2024\\\/06\\\/logo.svg\",\"width\":412,\"height\":195,\"caption\":\"Vetchem\"},\"image\":{\"@id\":\"https:\\\/\\\/vet-chem.com\\\/de\\\/#\\\/schema\\\/logo\\\/image\\\/\"},\"sameAs\":[\"https:\\\/\\\/www.facebook.com\\\/VetChemGerman\"]}]}<\/script>\n<!-- \/ Yoast SEO plugin. -->","yoast_head_json":{"title":"VITACHEM AD3EH - Vetchem","robots":{"index":"index","follow":"follow","max-snippet":"max-snippet:-1","max-image-preview":"max-image-preview:large","max-video-preview":"max-video-preview:-1"},"canonical":"https:\/\/vet-chem.com\/de\/product\/vitachem-ad3eh\/","og_locale":"de_DE","og_type":"article","og_title":"VITACHEM AD3EH - Vetchem","og_description":"Zusammensetzung: Jeder ml enth\u00e4lt: Vitamin A 250.000 IE Vitamin D3 25.000 IE Vitamin E 100 IE Vitamin H (Biotin) 12,5 mg Indikationen: VITACHEM AD3EH INJEKTION ist eine Injektion zur F\u00f6rderung von Erhaltung, Wachstum, Laktation, Fortpflanzung und Wohlbefinden von Tieren. Vitamin A ist wichtig f\u00fcr die normale Funktion der Epithelzellen. Vitamin D3 ist wichtig f\u00fcr Wachstum und Aufnahme von Kalzium. Vitamin E ist ein Antioxidans und hilft bei der Behandlung von Muskeldystrophie. Vitamin H ist eine stickstoffhaltige S\u00e4ure, wichtig f\u00fcr Wachstum und Wohlbefinden von Tieren. Es hilft auch bei der Gluconeogenese. Sesam\u00f6l wird f\u00fcr eine bessere Gehorsamkeit der Tiere verwendet. Dosierung und Gebrauchsanweisung NUR F\u00dcR TIERE AUF DER REICHWEITE VON KINDERN AUFBEWAHREN NUR F\u00dcR TIER\u00c4RZTLICHE VERWENDUNG Nur f\u00fcr intramuskul\u00e4re Anwendung [Tiefe intramuskul\u00e4re Verabreichung] Gro\u00dfe Tiere: 5 ml\/Tag zur Prophylaxe und 10 ml zur Behandlung Kleine Tiere: 1-2 ml\/Tag zur Prophylaxe und 2-4 ml zur Behandlung. 2 Wochen lang jeden zweiten Tag verabreichen. Bei Bedarf nach 4 Wochen wiederholen. Bei Neugeborenen kontraindiziert.","og_url":"https:\/\/vet-chem.com\/de\/product\/vitachem-ad3eh\/","og_site_name":"Vetchem","article_publisher":"https:\/\/www.facebook.com\/VetChemGerman","article_modified_time":"2024-08-31T13:46:23+00:00","og_image":[{"width":740,"height":712,"url":"https:\/\/vet-chem.com\/wp-content\/uploads\/2024\/08\/VITACHEM-AD3EH.png","type":"image\/png"}],"twitter_card":"summary_large_image","twitter_misc":{"Gesch\u00e4tzte Lesezeit":"1\u00a0Minute"},"schema":{"@context":"https:\/\/schema.org","@graph":[{"@type":"WebPage","@id":"https:\/\/vet-chem.com\/de\/product\/vitachem-ad3eh\/","url":"https:\/\/vet-chem.com\/de\/product\/vitachem-ad3eh\/","name":"VITACHEM AD3EH - Vetchem","isPartOf":{"@id":"https:\/\/vet-chem.com\/de\/#website"},"primaryImageOfPage":{"@id":"https:\/\/vet-chem.com\/de\/product\/vitachem-ad3eh\/#primaryimage"},"image":{"@id":"https:\/\/vet-chem.com\/de\/product\/vitachem-ad3eh\/#primaryimage"},"thumbnailUrl":"https:\/\/vet-chem.com\/wp-content\/uploads\/2024\/08\/VITACHEM-AD3EH.png","datePublished":"2024-08-05T12:19:23+00:00","dateModified":"2024-08-31T13:46:23+00:00","breadcrumb":{"@id":"https:\/\/vet-chem.com\/de\/product\/vitachem-ad3eh\/#breadcrumb"},"inLanguage":"de","potentialAction":[{"@type":"ReadAction","target":["https:\/\/vet-chem.com\/de\/product\/vitachem-ad3eh\/"]}]},{"@type":"ImageObject","inLanguage":"de","@id":"https:\/\/vet-chem.com\/de\/product\/vitachem-ad3eh\/#primaryimage","url":"https:\/\/vet-chem.com\/wp-content\/uploads\/2024\/08\/VITACHEM-AD3EH.png","contentUrl":"https:\/\/vet-chem.com\/wp-content\/uploads\/2024\/08\/VITACHEM-AD3EH.png","width":740,"height":712},{"@type":"BreadcrumbList","@id":"https:\/\/vet-chem.com\/de\/product\/vitachem-ad3eh\/#breadcrumb","itemListElement":[{"@type":"ListItem","position":1,"name":"Home","item":"https:\/\/vet-chem.com\/de\/home\/"},{"@type":"ListItem","position":2,"name":"Produkte","item":"https:\/\/vet-chem.com\/de\/shop\/"},{"@type":"ListItem","position":3,"name":"VITACHEM AD3EH"}]},{"@type":"WebSite","@id":"https:\/\/vet-chem.com\/de\/#website","url":"https:\/\/vet-chem.com\/de\/","name":"Vetchem","description":"","publisher":{"@id":"https:\/\/vet-chem.com\/de\/#organization"},"potentialAction":[{"@type":"SearchAction","target":{"@type":"EntryPoint","urlTemplate":"https:\/\/vet-chem.com\/de\/?s={search_term_string}"},"query-input":{"@type":"PropertyValueSpecification","valueRequired":true,"valueName":"search_term_string"}}],"inLanguage":"de"},{"@type":"Organization","@id":"https:\/\/vet-chem.com\/de\/#organization","name":"Vetchem","url":"https:\/\/vet-chem.com\/de\/","logo":{"@type":"ImageObject","inLanguage":"de","@id":"https:\/\/vet-chem.com\/de\/#\/schema\/logo\/image\/","url":"https:\/\/vet-chem.com\/wp-content\/uploads\/2024\/06\/logo.svg","contentUrl":"https:\/\/vet-chem.com\/wp-content\/uploads\/2024\/06\/logo.svg","width":412,"height":195,"caption":"Vetchem"},"image":{"@id":"https:\/\/vet-chem.com\/de\/#\/schema\/logo\/image\/"},"sameAs":["https:\/\/www.facebook.com\/VetChemGerman"]}]}},"_links":{"self":[{"href":"https:\/\/vet-chem.com\/de\/wp-json\/wp\/v2\/product\/906","targetHints":{"allow":["GET"]}}],"collection":[{"href":"https:\/\/vet-chem.com\/de\/wp-json\/wp\/v2\/product"}],"about":[{"href":"https:\/\/vet-chem.com\/de\/wp-json\/wp\/v2\/types\/product"}],"replies":[{"embeddable":true,"href":"https:\/\/vet-chem.com\/de\/wp-json\/wp\/v2\/comments?post=906"}],"wp:featuredmedia":[{"embeddable":true,"href":"https:\/\/vet-chem.com\/de\/wp-json\/wp\/v2\/media\/782"}],"wp:attachment":[{"href":"https:\/\/vet-chem.com\/de\/wp-json\/wp\/v2\/media?parent=906"}],"wp:term":[{"taxonomy":"product_brand","embeddable":true,"href":"https:\/\/vet-chem.com\/de\/wp-json\/wp\/v2\/product_brand?post=906"},{"taxonomy":"product_cat","embeddable":true,"href":"https:\/\/vet-chem.com\/de\/wp-json\/wp\/v2\/product_cat?post=906"},{"taxonomy":"product_tag","embeddable":true,"href":"https:\/\/vet-chem.com\/de\/wp-json\/wp\/v2\/product_tag?post=906"}],"curies":[{"name":"wp","href":"https:\/\/api.w.org\/{rel}","templated":true}]}}