{"id":908,"date":"2024-08-05T15:15:23","date_gmt":"2024-08-05T12:15:23","guid":{"rendered":"https:\/\/vet-chem.com\/product\/supervitachem\/"},"modified":"2024-08-31T16:47:19","modified_gmt":"2024-08-31T13:47:19","slug":"supervitachem","status":"publish","type":"product","link":"https:\/\/vet-chem.com\/de\/product\/supervitachem\/","title":{"rendered":"SUPERVITACHEM"},"content":{"rendered":"<p>ZUSAMMENSETZUNG: Jeder ml enth\u00e4lt:<br \/>\nVitamin A 1500000 IE<br \/>\nVitamin D3 3400000 IE<br \/>\nVitamin E 400 mg<br \/>\nBiotin 100 mcg<br \/>\nVitamin B1, Thiaminhydrochlorid 500 mg<br \/>\nVitamin B2, Riboflavin 1000 mg<br \/>\nVitamin B6, Pyridoxinhydrochlorid 500 mg<br \/>\nVitamin B12, Cyanocobalamin 5 mg<br \/>\nVitamin C, Ascorbins\u00e4ure 3000 mg<br \/>\nNatriumchlorid 500 mg<br \/>\nVitamin K3 400 mg<br \/>\nNicotinamid 4500 mg<br \/>\nMagnesiumsulfat 1000 mg<br \/>\nZinksulfat 1000 mg<br \/>\nCalciumchlorid 2000 mg<br \/>\nKaliumjodid 2000 mg<br \/>\nArginin 100 mg<br \/>\nAspergins\u00e4ure 400 mg<\/p>\n<p>BESCHREIBUNG:<br \/>\nSUPERVITACHEM ORAL LIQUID ist eine Kombination aus<br \/>\nVitaminen, die f\u00fcr normales Wachstum, normale<br \/>\nKnochenentwicklung (durch richtige Verwendung von Kalzium und<br \/>\nPhosphor), Steigerung der Fruchtbarkeit, Produktion und<br \/>\nSt\u00e4rkung der k\u00f6rpereigenen Abwehrmechanismen gegen<br \/>\nKrankheiten unerl\u00e4sslich sind. Es bek\u00e4mpft auch Muskel- und Geschlechtsorganprobleme.<\/p>\n<p>INDIKATIONEN:<br \/>\nSUPERVITACHEM ORAL LIQUID ist in F\u00e4llen von<br \/>\nVitamin-A-, D3-, E-Mangel angezeigt, der bei Gefl\u00fcgel Muskeldystrophie, Rachitis, L\u00e4hmung, verminderte Fruchtbarkeit und Schlupff\u00e4higkeit verursacht. SUPERVITACHEM ORAL LIQUID<br \/>\nwird auch bei Stresszust\u00e4nden nach dem Transport,<br \/>\nnach viralen und bakteriellen Infektionen, hohem Fieber<br \/>\nund nach der Behandlung von Kokzidiose eingesetzt.<\/p>\n<p>1 L<\/p>\n<p>VERABREICHUNGSWEISE: Oral<\/p>\n<p>DOSIERUNG:<br \/>\nGefl\u00fcgel: 0,5 ml \/ 1 Liter Trinkwasser f\u00fcr 5-7 Tage.<br \/>\nSchafe und Ziegen: 2 ml \/ Tier t\u00e4glich.<br \/>\nRinder und Pferde: 5-10 ml \/ Tier t\u00e4glich.<\/p>\n<p>Lagerung:<br \/>\nUnter 30\u00b0C lagern.<\/p>\n","protected":false},"excerpt":{"rendered":"<p>ZUSAMMENSETZUNG: Jeder ml enth\u00e4lt: Vitamin A 1500000 IE Vitamin D3 3400000 IE Vitamin E 400 mg Biotin 100 mcg Vitamin B1, Thiaminhydrochlorid 500 mg Vitamin B2, Riboflavin 1000 mg Vitamin B6, Pyridoxinhydrochlorid 500 mg Vitamin B12, Cyanocobalamin 5 mg Vitamin C, Ascorbins\u00e4ure 3000 mg Natriumchlorid 500 mg Vitamin K3 400 mg Nicotinamid 4500 mg Magnesiumsulfat 1000 mg Zinksulfat 1000 mg Calciumchlorid 2000 mg Kaliumjodid 2000 mg Arginin 100 mg Aspergins\u00e4ure 400 mg BESCHREIBUNG: SUPERVITACHEM ORAL LIQUID ist eine Kombination aus Vitaminen, die f\u00fcr normales Wachstum, normale Knochenentwicklung (durch richtige Verwendung von Kalzium und Phosphor), Steigerung der Fruchtbarkeit, Produktion und St\u00e4rkung der k\u00f6rpereigenen Abwehrmechanismen gegen Krankheiten unerl\u00e4sslich sind. Es bek\u00e4mpft auch Muskel- und Geschlechtsorganprobleme. INDIKATIONEN: SUPERVITACHEM ORAL LIQUID ist in F\u00e4llen von Vitamin-A-, D3-, E-Mangel angezeigt, der bei Gefl\u00fcgel Muskeldystrophie, Rachitis, L\u00e4hmung, verminderte Fruchtbarkeit und Schlupff\u00e4higkeit verursacht. SUPERVITACHEM ORAL LIQUID wird auch bei Stresszust\u00e4nden nach dem Transport, nach viralen und bakteriellen Infektionen, hohem Fieber und nach der Behandlung von Kokzidiose eingesetzt. 1 L VERABREICHUNGSWEISE: Oral DOSIERUNG: Gefl\u00fcgel: 0,5 ml \/ 1 Liter Trinkwasser f\u00fcr 5-7 Tage. Schafe und Ziegen: 2 ml \/ Tier t\u00e4glich. Rinder und Pferde: 5-10 ml \/ Tier t\u00e4glich. Lagerung: Unter 30\u00b0C lagern.<\/p>\n","protected":false},"featured_media":775,"comment_status":"open","ping_status":"closed","template":"","meta":{"site-sidebar-layout":"default","site-content-layout":"","ast-site-content-layout":"default","site-content-style":"default","site-sidebar-style":"default","ast-global-header-display":"","ast-banner-title-visibility":"","ast-main-header-display":"","ast-hfb-above-header-display":"","ast-hfb-below-header-display":"","ast-hfb-mobile-header-display":"","site-post-title":"","ast-breadcrumbs-content":"","ast-featured-img":"","footer-sml-layout":"","ast-disable-related-posts":"","theme-transparent-header-meta":"default","adv-header-id-meta":"","stick-header-meta":"","header-above-stick-meta":"","header-main-stick-meta":"","header-below-stick-meta":"","astra-migrate-meta-layouts":"set","ast-page-background-enabled":"default","ast-page-background-meta":{"desktop":{"background-color":"var(--ast-global-color-4)","background-image":"","background-repeat":"repeat","background-position":"center center","background-size":"auto","background-attachment":"scroll","background-type":"","background-media":"","overlay-type":"","overlay-color":"","overlay-opacity":"","overlay-gradient":""},"tablet":{"background-color":"","background-image":"","background-repeat":"repeat","background-position":"center center","background-size":"auto","background-attachment":"scroll","background-type":"","background-media":"","overlay-type":"","overlay-color":"","overlay-opacity":"","overlay-gradient":""},"mobile":{"background-color":"","background-image":"","background-repeat":"repeat","background-position":"center center","background-size":"auto","background-attachment":"scroll","background-type":"","background-media":"","overlay-type":"","overlay-color":"","overlay-opacity":"","overlay-gradient":""}},"ast-content-background-meta":{"desktop":{"background-color":"var(--ast-global-color-5)","background-image":"","background-repeat":"repeat","background-position":"center center","background-size":"auto","background-attachment":"scroll","background-type":"","background-media":"","overlay-type":"","overlay-color":"","overlay-opacity":"","overlay-gradient":""},"tablet":{"background-color":"var(--ast-global-color-5)","background-image":"","background-repeat":"repeat","background-position":"center center","background-size":"auto","background-attachment":"scroll","background-type":"","background-media":"","overlay-type":"","overlay-color":"","overlay-opacity":"","overlay-gradient":""},"mobile":{"background-color":"var(--ast-global-color-5)","background-image":"","background-repeat":"repeat","background-position":"center center","background-size":"auto","background-attachment":"scroll","background-type":"","background-media":"","overlay-type":"","overlay-color":"","overlay-opacity":"","overlay-gradient":""}}},"product_brand":[],"product_cat":[44],"product_tag":[],"class_list":{"0":"post-908","1":"product","2":"type-product","3":"status-publish","4":"has-post-thumbnail","6":"product_cat-nutritional-products-liquid-de","7":"desktop-align-left","8":"tablet-align-left","9":"mobile-align-left","11":"first","12":"instock","13":"shipping-taxable","14":"product-type-simple"},"yoast_head":"<!-- This site is optimized with the Yoast SEO plugin v27.3 - https:\/\/yoast.com\/product\/yoast-seo-wordpress\/ -->\n<title>SUPERVITACHEM - Vetchem<\/title>\n<meta name=\"robots\" content=\"index, follow, max-snippet:-1, max-image-preview:large, max-video-preview:-1\" \/>\n<link rel=\"canonical\" href=\"https:\/\/vet-chem.com\/de\/product\/supervitachem\/\" \/>\n<meta property=\"og:locale\" content=\"de_DE\" \/>\n<meta property=\"og:type\" content=\"article\" \/>\n<meta property=\"og:title\" content=\"SUPERVITACHEM - Vetchem\" \/>\n<meta property=\"og:description\" content=\"ZUSAMMENSETZUNG: Jeder ml enth\u00e4lt: Vitamin A 1500000 IE Vitamin D3 3400000 IE Vitamin E 400 mg Biotin 100 mcg Vitamin B1, Thiaminhydrochlorid 500 mg Vitamin B2, Riboflavin 1000 mg Vitamin B6, Pyridoxinhydrochlorid 500 mg Vitamin B12, Cyanocobalamin 5 mg Vitamin C, Ascorbins\u00e4ure 3000 mg Natriumchlorid 500 mg Vitamin K3 400 mg Nicotinamid 4500 mg Magnesiumsulfat 1000 mg Zinksulfat 1000 mg Calciumchlorid 2000 mg Kaliumjodid 2000 mg Arginin 100 mg Aspergins\u00e4ure 400 mg BESCHREIBUNG: SUPERVITACHEM ORAL LIQUID ist eine Kombination aus Vitaminen, die f\u00fcr normales Wachstum, normale Knochenentwicklung (durch richtige Verwendung von Kalzium und Phosphor), Steigerung der Fruchtbarkeit, Produktion und St\u00e4rkung der k\u00f6rpereigenen Abwehrmechanismen gegen Krankheiten unerl\u00e4sslich sind. Es bek\u00e4mpft auch Muskel- und Geschlechtsorganprobleme. INDIKATIONEN: SUPERVITACHEM ORAL LIQUID ist in F\u00e4llen von Vitamin-A-, D3-, E-Mangel angezeigt, der bei Gefl\u00fcgel Muskeldystrophie, Rachitis, L\u00e4hmung, verminderte Fruchtbarkeit und Schlupff\u00e4higkeit verursacht. SUPERVITACHEM ORAL LIQUID wird auch bei Stresszust\u00e4nden nach dem Transport, nach viralen und bakteriellen Infektionen, hohem Fieber und nach der Behandlung von Kokzidiose eingesetzt. 1 L VERABREICHUNGSWEISE: Oral DOSIERUNG: Gefl\u00fcgel: 0,5 ml \/ 1 Liter Trinkwasser f\u00fcr 5-7 Tage. Schafe und Ziegen: 2 ml \/ Tier t\u00e4glich. Rinder und Pferde: 5-10 ml \/ Tier t\u00e4glich. Lagerung: Unter 30\u00b0C lagern.\" \/>\n<meta property=\"og:url\" content=\"https:\/\/vet-chem.com\/de\/product\/supervitachem\/\" \/>\n<meta property=\"og:site_name\" content=\"Vetchem\" \/>\n<meta property=\"article:publisher\" content=\"https:\/\/www.facebook.com\/VetChemGerman\" \/>\n<meta property=\"article:modified_time\" content=\"2024-08-31T13:47:19+00:00\" \/>\n<meta property=\"og:image\" content=\"https:\/\/vet-chem.com\/wp-content\/uploads\/2024\/08\/SELPHOSCHEM.jpg\" \/>\n\t<meta property=\"og:image:width\" content=\"1037\" \/>\n\t<meta property=\"og:image:height\" content=\"1280\" \/>\n\t<meta property=\"og:image:type\" content=\"image\/jpeg\" \/>\n<meta name=\"twitter:card\" content=\"summary_large_image\" \/>\n<meta name=\"twitter:label1\" content=\"Gesch\u00e4tzte Lesezeit\" \/>\n\t<meta name=\"twitter:data1\" content=\"1\u00a0Minute\" \/>\n<script type=\"application\/ld+json\" class=\"yoast-schema-graph\">{\"@context\":\"https:\\\/\\\/schema.org\",\"@graph\":[{\"@type\":\"WebPage\",\"@id\":\"https:\\\/\\\/vet-chem.com\\\/de\\\/product\\\/supervitachem\\\/\",\"url\":\"https:\\\/\\\/vet-chem.com\\\/de\\\/product\\\/supervitachem\\\/\",\"name\":\"SUPERVITACHEM - Vetchem\",\"isPartOf\":{\"@id\":\"https:\\\/\\\/vet-chem.com\\\/de\\\/#website\"},\"primaryImageOfPage\":{\"@id\":\"https:\\\/\\\/vet-chem.com\\\/de\\\/product\\\/supervitachem\\\/#primaryimage\"},\"image\":{\"@id\":\"https:\\\/\\\/vet-chem.com\\\/de\\\/product\\\/supervitachem\\\/#primaryimage\"},\"thumbnailUrl\":\"https:\\\/\\\/vet-chem.com\\\/wp-content\\\/uploads\\\/2024\\\/08\\\/SELPHOSCHEM.jpg\",\"datePublished\":\"2024-08-05T12:15:23+00:00\",\"dateModified\":\"2024-08-31T13:47:19+00:00\",\"breadcrumb\":{\"@id\":\"https:\\\/\\\/vet-chem.com\\\/de\\\/product\\\/supervitachem\\\/#breadcrumb\"},\"inLanguage\":\"de\",\"potentialAction\":[{\"@type\":\"ReadAction\",\"target\":[\"https:\\\/\\\/vet-chem.com\\\/de\\\/product\\\/supervitachem\\\/\"]}]},{\"@type\":\"ImageObject\",\"inLanguage\":\"de\",\"@id\":\"https:\\\/\\\/vet-chem.com\\\/de\\\/product\\\/supervitachem\\\/#primaryimage\",\"url\":\"https:\\\/\\\/vet-chem.com\\\/wp-content\\\/uploads\\\/2024\\\/08\\\/SELPHOSCHEM.jpg\",\"contentUrl\":\"https:\\\/\\\/vet-chem.com\\\/wp-content\\\/uploads\\\/2024\\\/08\\\/SELPHOSCHEM.jpg\",\"width\":1037,\"height\":1280},{\"@type\":\"BreadcrumbList\",\"@id\":\"https:\\\/\\\/vet-chem.com\\\/de\\\/product\\\/supervitachem\\\/#breadcrumb\",\"itemListElement\":[{\"@type\":\"ListItem\",\"position\":1,\"name\":\"Home\",\"item\":\"https:\\\/\\\/vet-chem.com\\\/de\\\/home\\\/\"},{\"@type\":\"ListItem\",\"position\":2,\"name\":\"Produkte\",\"item\":\"https:\\\/\\\/vet-chem.com\\\/de\\\/shop\\\/\"},{\"@type\":\"ListItem\",\"position\":3,\"name\":\"SUPERVITACHEM\"}]},{\"@type\":\"WebSite\",\"@id\":\"https:\\\/\\\/vet-chem.com\\\/de\\\/#website\",\"url\":\"https:\\\/\\\/vet-chem.com\\\/de\\\/\",\"name\":\"Vetchem\",\"description\":\"\",\"publisher\":{\"@id\":\"https:\\\/\\\/vet-chem.com\\\/de\\\/#organization\"},\"potentialAction\":[{\"@type\":\"SearchAction\",\"target\":{\"@type\":\"EntryPoint\",\"urlTemplate\":\"https:\\\/\\\/vet-chem.com\\\/de\\\/?s={search_term_string}\"},\"query-input\":{\"@type\":\"PropertyValueSpecification\",\"valueRequired\":true,\"valueName\":\"search_term_string\"}}],\"inLanguage\":\"de\"},{\"@type\":\"Organization\",\"@id\":\"https:\\\/\\\/vet-chem.com\\\/de\\\/#organization\",\"name\":\"Vetchem\",\"url\":\"https:\\\/\\\/vet-chem.com\\\/de\\\/\",\"logo\":{\"@type\":\"ImageObject\",\"inLanguage\":\"de\",\"@id\":\"https:\\\/\\\/vet-chem.com\\\/de\\\/#\\\/schema\\\/logo\\\/image\\\/\",\"url\":\"https:\\\/\\\/vet-chem.com\\\/wp-content\\\/uploads\\\/2024\\\/06\\\/logo.svg\",\"contentUrl\":\"https:\\\/\\\/vet-chem.com\\\/wp-content\\\/uploads\\\/2024\\\/06\\\/logo.svg\",\"width\":412,\"height\":195,\"caption\":\"Vetchem\"},\"image\":{\"@id\":\"https:\\\/\\\/vet-chem.com\\\/de\\\/#\\\/schema\\\/logo\\\/image\\\/\"},\"sameAs\":[\"https:\\\/\\\/www.facebook.com\\\/VetChemGerman\"]}]}<\/script>\n<!-- \/ Yoast SEO plugin. -->","yoast_head_json":{"title":"SUPERVITACHEM - Vetchem","robots":{"index":"index","follow":"follow","max-snippet":"max-snippet:-1","max-image-preview":"max-image-preview:large","max-video-preview":"max-video-preview:-1"},"canonical":"https:\/\/vet-chem.com\/de\/product\/supervitachem\/","og_locale":"de_DE","og_type":"article","og_title":"SUPERVITACHEM - Vetchem","og_description":"ZUSAMMENSETZUNG: Jeder ml enth\u00e4lt: Vitamin A 1500000 IE Vitamin D3 3400000 IE Vitamin E 400 mg Biotin 100 mcg Vitamin B1, Thiaminhydrochlorid 500 mg Vitamin B2, Riboflavin 1000 mg Vitamin B6, Pyridoxinhydrochlorid 500 mg Vitamin B12, Cyanocobalamin 5 mg Vitamin C, Ascorbins\u00e4ure 3000 mg Natriumchlorid 500 mg Vitamin K3 400 mg Nicotinamid 4500 mg Magnesiumsulfat 1000 mg Zinksulfat 1000 mg Calciumchlorid 2000 mg Kaliumjodid 2000 mg Arginin 100 mg Aspergins\u00e4ure 400 mg BESCHREIBUNG: SUPERVITACHEM ORAL LIQUID ist eine Kombination aus Vitaminen, die f\u00fcr normales Wachstum, normale Knochenentwicklung (durch richtige Verwendung von Kalzium und Phosphor), Steigerung der Fruchtbarkeit, Produktion und St\u00e4rkung der k\u00f6rpereigenen Abwehrmechanismen gegen Krankheiten unerl\u00e4sslich sind. Es bek\u00e4mpft auch Muskel- und Geschlechtsorganprobleme. INDIKATIONEN: SUPERVITACHEM ORAL LIQUID ist in F\u00e4llen von Vitamin-A-, D3-, E-Mangel angezeigt, der bei Gefl\u00fcgel Muskeldystrophie, Rachitis, L\u00e4hmung, verminderte Fruchtbarkeit und Schlupff\u00e4higkeit verursacht. SUPERVITACHEM ORAL LIQUID wird auch bei Stresszust\u00e4nden nach dem Transport, nach viralen und bakteriellen Infektionen, hohem Fieber und nach der Behandlung von Kokzidiose eingesetzt. 1 L VERABREICHUNGSWEISE: Oral DOSIERUNG: Gefl\u00fcgel: 0,5 ml \/ 1 Liter Trinkwasser f\u00fcr 5-7 Tage. Schafe und Ziegen: 2 ml \/ Tier t\u00e4glich. Rinder und Pferde: 5-10 ml \/ Tier t\u00e4glich. Lagerung: Unter 30\u00b0C lagern.","og_url":"https:\/\/vet-chem.com\/de\/product\/supervitachem\/","og_site_name":"Vetchem","article_publisher":"https:\/\/www.facebook.com\/VetChemGerman","article_modified_time":"2024-08-31T13:47:19+00:00","og_image":[{"width":1037,"height":1280,"url":"https:\/\/vet-chem.com\/wp-content\/uploads\/2024\/08\/SELPHOSCHEM.jpg","type":"image\/jpeg"}],"twitter_card":"summary_large_image","twitter_misc":{"Gesch\u00e4tzte Lesezeit":"1\u00a0Minute"},"schema":{"@context":"https:\/\/schema.org","@graph":[{"@type":"WebPage","@id":"https:\/\/vet-chem.com\/de\/product\/supervitachem\/","url":"https:\/\/vet-chem.com\/de\/product\/supervitachem\/","name":"SUPERVITACHEM - Vetchem","isPartOf":{"@id":"https:\/\/vet-chem.com\/de\/#website"},"primaryImageOfPage":{"@id":"https:\/\/vet-chem.com\/de\/product\/supervitachem\/#primaryimage"},"image":{"@id":"https:\/\/vet-chem.com\/de\/product\/supervitachem\/#primaryimage"},"thumbnailUrl":"https:\/\/vet-chem.com\/wp-content\/uploads\/2024\/08\/SELPHOSCHEM.jpg","datePublished":"2024-08-05T12:15:23+00:00","dateModified":"2024-08-31T13:47:19+00:00","breadcrumb":{"@id":"https:\/\/vet-chem.com\/de\/product\/supervitachem\/#breadcrumb"},"inLanguage":"de","potentialAction":[{"@type":"ReadAction","target":["https:\/\/vet-chem.com\/de\/product\/supervitachem\/"]}]},{"@type":"ImageObject","inLanguage":"de","@id":"https:\/\/vet-chem.com\/de\/product\/supervitachem\/#primaryimage","url":"https:\/\/vet-chem.com\/wp-content\/uploads\/2024\/08\/SELPHOSCHEM.jpg","contentUrl":"https:\/\/vet-chem.com\/wp-content\/uploads\/2024\/08\/SELPHOSCHEM.jpg","width":1037,"height":1280},{"@type":"BreadcrumbList","@id":"https:\/\/vet-chem.com\/de\/product\/supervitachem\/#breadcrumb","itemListElement":[{"@type":"ListItem","position":1,"name":"Home","item":"https:\/\/vet-chem.com\/de\/home\/"},{"@type":"ListItem","position":2,"name":"Produkte","item":"https:\/\/vet-chem.com\/de\/shop\/"},{"@type":"ListItem","position":3,"name":"SUPERVITACHEM"}]},{"@type":"WebSite","@id":"https:\/\/vet-chem.com\/de\/#website","url":"https:\/\/vet-chem.com\/de\/","name":"Vetchem","description":"","publisher":{"@id":"https:\/\/vet-chem.com\/de\/#organization"},"potentialAction":[{"@type":"SearchAction","target":{"@type":"EntryPoint","urlTemplate":"https:\/\/vet-chem.com\/de\/?s={search_term_string}"},"query-input":{"@type":"PropertyValueSpecification","valueRequired":true,"valueName":"search_term_string"}}],"inLanguage":"de"},{"@type":"Organization","@id":"https:\/\/vet-chem.com\/de\/#organization","name":"Vetchem","url":"https:\/\/vet-chem.com\/de\/","logo":{"@type":"ImageObject","inLanguage":"de","@id":"https:\/\/vet-chem.com\/de\/#\/schema\/logo\/image\/","url":"https:\/\/vet-chem.com\/wp-content\/uploads\/2024\/06\/logo.svg","contentUrl":"https:\/\/vet-chem.com\/wp-content\/uploads\/2024\/06\/logo.svg","width":412,"height":195,"caption":"Vetchem"},"image":{"@id":"https:\/\/vet-chem.com\/de\/#\/schema\/logo\/image\/"},"sameAs":["https:\/\/www.facebook.com\/VetChemGerman"]}]}},"_links":{"self":[{"href":"https:\/\/vet-chem.com\/de\/wp-json\/wp\/v2\/product\/908","targetHints":{"allow":["GET"]}}],"collection":[{"href":"https:\/\/vet-chem.com\/de\/wp-json\/wp\/v2\/product"}],"about":[{"href":"https:\/\/vet-chem.com\/de\/wp-json\/wp\/v2\/types\/product"}],"replies":[{"embeddable":true,"href":"https:\/\/vet-chem.com\/de\/wp-json\/wp\/v2\/comments?post=908"}],"wp:featuredmedia":[{"embeddable":true,"href":"https:\/\/vet-chem.com\/de\/wp-json\/wp\/v2\/media\/775"}],"wp:attachment":[{"href":"https:\/\/vet-chem.com\/de\/wp-json\/wp\/v2\/media?parent=908"}],"wp:term":[{"taxonomy":"product_brand","embeddable":true,"href":"https:\/\/vet-chem.com\/de\/wp-json\/wp\/v2\/product_brand?post=908"},{"taxonomy":"product_cat","embeddable":true,"href":"https:\/\/vet-chem.com\/de\/wp-json\/wp\/v2\/product_cat?post=908"},{"taxonomy":"product_tag","embeddable":true,"href":"https:\/\/vet-chem.com\/de\/wp-json\/wp\/v2\/product_tag?post=908"}],"curies":[{"name":"wp","href":"https:\/\/api.w.org\/{rel}","templated":true}]}}