{"id":909,"date":"2024-08-05T15:13:33","date_gmt":"2024-08-05T12:13:33","guid":{"rendered":"https:\/\/vet-chem.com\/product\/oligo-chem\/"},"modified":"2024-08-31T16:47:35","modified_gmt":"2024-08-31T13:47:35","slug":"oligo-chem","status":"publish","type":"product","link":"https:\/\/vet-chem.com\/de\/product\/oligo-chem\/","title":{"rendered":"OLIGO-CHEM"},"content":{"rendered":"<p>Zusammensetzung:<br \/>\nJeder ml enth\u00e4lt:<br \/>\nVitamin A\u2026\u2026\u2026\u2026\u2026&#8230;&#8230;.\u2026..50000 IE<br \/>\nVitamin D3\u2026\u2026\u2026\u2026\u2026&#8230;&#8230;\u202625000 IE<br \/>\nVitamin E\u2026\u2026\u2026\u2026\u2026\u2026\u2026&#8230;&#8230;&#8230;\u20264 mg<br \/>\nThiamin HCL \u2026\u2026\u2026\u2026\u2026&#8230;&#8230;&#8230;. 10 mg<br \/>\nRiboflavin-Natriumphosphat &#8230;&#8230;&#8230; 40 mcg<br \/>\nPyridoxin HCL \u2026\u2026&#8230;&#8230;&#8230;&#8230;&#8230;..\u2026. 1 mg<br \/>\nCynocobalamin \u2026\u2026&#8230;&#8230;&#8230;&#8230;&#8230;&#8230;. 10 mcg<br \/>\nD-Panthenol\u2026\u2026\u2026&#8230;&#8230;&#8230;&#8230;&#8230;&#8230;&#8230;&#8230; 2 mg<br \/>\nNicotinamid\u2026\u2026\u2026\u2026\u2026&#8230;&#8230;.\u2026&#8230;.5 mg<br \/>\nInositol \u2026&#8230;&#8230;&#8230;&#8230;&#8230;&#8230;&#8230;&#8230;&#8230;&#8230;&#8230;&#8230;.. 2 mg<br \/>\nMethionin\u2026\u2026\u2026\u2026.\u2026\u2026&#8230;&#8230;.\u2026.5 mg<br \/>\nKaolincitrat \u2026\u2026&#8230;&#8230;&#8230;&#8230;&#8230;..\u2026.. 5 mg<br \/>\nMagnesium \u2026\u2026&#8230;&#8230;&#8230;&#8230;&#8230;&#8230;&#8230;&#8230;&#8230;&#8230;&#8230;\u2026. 1 mg<br \/>\nKobalt \u2026\u2026\u2026&#8230;&#8230;&#8230;&#8230;&#8230;&#8230;&#8230;&#8230;\u2026 20 mcg<br \/>\nKupfer \u2026\u2026\u2026&#8230;&#8230;&#8230;&#8230;&#8230;&#8230;&#8230;&#8230;&#8230;&#8230;&#8230;&#8230; 100 mcg<br \/>\nZinksulfat\u2026\u2026\u2026\u2026&#8230;&#8230;..\u2026.100 mcg<br \/>\nMangan \u2026\u2026\u2026\u2026&#8230;&#8230;..\u2026.. 100 mcg<br \/>\nBenzylalkohol \u2026\u2026\u2026\u2026&#8230;&#8230;..\u2026. 15 mg<br \/>\n(als Konservierungsmittel)<\/p>\n<p>Indikationen:<br \/>\nOLIGO-CHEM INJECTION<br \/>\nInjektion ist eine ausgewogene Kombination aus essentiellen<br \/>\nVitaminen und Aminos\u00e4uren f\u00fcr Rinder, Ziegen und Schafe.<br \/>\nDiese Multivitamin-Injektion wird verwendet f\u00fcr:<br \/>\nNUR F\u00dcR TIERE<br \/>\nAU\u00dfER REICHWEITE VON KINDERN AUFBEWAHREN<br \/>\nNUR F\u00dcR TIER\u00c4RZTLICHE VERWENDUNG<br \/>\nDosierung und Gebrauchsanweisung<br \/>\nDiese Mischung wird verwendet, um Vitamin-,<br \/>\nAminos\u00e4ure- und seltenen Mineralstoffm\u00e4ngeln vorzubeugen und sie zu behandeln.<br \/>\nVorbeugung oder Behandlung von Stress (verursacht durch<br \/>\nImpfung, Krankheiten, Transport, hohe Luftfeuchtigkeit,<br \/>\nhohe Temperaturen oder extreme Temperaturschwankungen).<br \/>\nVerbesserung der Futterverwertung<br \/>\nZur subkutanen oder intramuskul\u00e4ren Verabreichung:<br \/>\nPferd &amp; Rind: 10-15 ml<br \/>\nZiegen &amp; Schafe: 3-5 ml<\/p>\n<p>NUR F\u00dcR TIERE<br \/>\nAUF DER REICHWEITE VON KINDERN AUFBEWAHREN<br \/>\nNUR F\u00dcR TIER\u00c4RZTLICHE VERWENDUNG<\/p>\n","protected":false},"excerpt":{"rendered":"<p>Zusammensetzung: Jeder ml enth\u00e4lt: Vitamin A\u2026\u2026\u2026\u2026\u2026&#8230;&#8230;.\u2026..50000 IE Vitamin D3\u2026\u2026\u2026\u2026\u2026&#8230;&#8230;\u202625000 IE Vitamin E\u2026\u2026\u2026\u2026\u2026\u2026\u2026&#8230;&#8230;&#8230;\u20264 mg Thiamin HCL \u2026\u2026\u2026\u2026\u2026&#8230;&#8230;&#8230;. 10 mg Riboflavin-Natriumphosphat &#8230;&#8230;&#8230; 40 mcg Pyridoxin HCL \u2026\u2026&#8230;&#8230;&#8230;&#8230;&#8230;..\u2026. 1 mg Cynocobalamin \u2026\u2026&#8230;&#8230;&#8230;&#8230;&#8230;&#8230;. 10 mcg D-Panthenol\u2026\u2026\u2026&#8230;&#8230;&#8230;&#8230;&#8230;&#8230;&#8230;&#8230; 2 mg Nicotinamid\u2026\u2026\u2026\u2026\u2026&#8230;&#8230;.\u2026&#8230;.5 mg Inositol \u2026&#8230;&#8230;&#8230;&#8230;&#8230;&#8230;&#8230;&#8230;&#8230;&#8230;&#8230;&#8230;.. 2 mg Methionin\u2026\u2026\u2026\u2026.\u2026\u2026&#8230;&#8230;.\u2026.5 mg Kaolincitrat \u2026\u2026&#8230;&#8230;&#8230;&#8230;&#8230;..\u2026.. 5 mg Magnesium \u2026\u2026&#8230;&#8230;&#8230;&#8230;&#8230;&#8230;&#8230;&#8230;&#8230;&#8230;&#8230;\u2026. 1 mg Kobalt \u2026\u2026\u2026&#8230;&#8230;&#8230;&#8230;&#8230;&#8230;&#8230;&#8230;\u2026 20 mcg Kupfer \u2026\u2026\u2026&#8230;&#8230;&#8230;&#8230;&#8230;&#8230;&#8230;&#8230;&#8230;&#8230;&#8230;&#8230; 100 mcg Zinksulfat\u2026\u2026\u2026\u2026&#8230;&#8230;..\u2026.100 mcg Mangan \u2026\u2026\u2026\u2026&#8230;&#8230;..\u2026.. 100 mcg Benzylalkohol \u2026\u2026\u2026\u2026&#8230;&#8230;..\u2026. 15 mg (als Konservierungsmittel) Indikationen: OLIGO-CHEM INJECTION Injektion ist eine ausgewogene Kombination aus essentiellen Vitaminen und Aminos\u00e4uren f\u00fcr Rinder, Ziegen und Schafe. Diese Multivitamin-Injektion wird verwendet f\u00fcr: NUR F\u00dcR TIERE AU\u00dfER REICHWEITE VON KINDERN AUFBEWAHREN NUR F\u00dcR TIER\u00c4RZTLICHE VERWENDUNG Dosierung und Gebrauchsanweisung Diese Mischung wird verwendet, um Vitamin-, Aminos\u00e4ure- und seltenen Mineralstoffm\u00e4ngeln vorzubeugen und sie zu behandeln. Vorbeugung oder Behandlung von Stress (verursacht durch Impfung, Krankheiten, Transport, hohe Luftfeuchtigkeit, hohe Temperaturen oder extreme Temperaturschwankungen). Verbesserung der Futterverwertung Zur subkutanen oder intramuskul\u00e4ren Verabreichung: Pferd &amp; Rind: 10-15 ml Ziegen &amp; Schafe: 3-5 ml NUR F\u00dcR TIERE AUF DER REICHWEITE VON KINDERN AUFBEWAHREN NUR F\u00dcR TIER\u00c4RZTLICHE VERWENDUNG<\/p>\n","protected":false},"featured_media":779,"comment_status":"open","ping_status":"closed","template":"","meta":{"site-sidebar-layout":"default","site-content-layout":"","ast-site-content-layout":"default","site-content-style":"default","site-sidebar-style":"default","ast-global-header-display":"","ast-banner-title-visibility":"","ast-main-header-display":"","ast-hfb-above-header-display":"","ast-hfb-below-header-display":"","ast-hfb-mobile-header-display":"","site-post-title":"","ast-breadcrumbs-content":"","ast-featured-img":"","footer-sml-layout":"","ast-disable-related-posts":"","theme-transparent-header-meta":"default","adv-header-id-meta":"","stick-header-meta":"","header-above-stick-meta":"","header-main-stick-meta":"","header-below-stick-meta":"","astra-migrate-meta-layouts":"set","ast-page-background-enabled":"default","ast-page-background-meta":{"desktop":{"background-color":"var(--ast-global-color-4)","background-image":"","background-repeat":"repeat","background-position":"center center","background-size":"auto","background-attachment":"scroll","background-type":"","background-media":"","overlay-type":"","overlay-color":"","overlay-opacity":"","overlay-gradient":""},"tablet":{"background-color":"","background-image":"","background-repeat":"repeat","background-position":"center center","background-size":"auto","background-attachment":"scroll","background-type":"","background-media":"","overlay-type":"","overlay-color":"","overlay-opacity":"","overlay-gradient":""},"mobile":{"background-color":"","background-image":"","background-repeat":"repeat","background-position":"center center","background-size":"auto","background-attachment":"scroll","background-type":"","background-media":"","overlay-type":"","overlay-color":"","overlay-opacity":"","overlay-gradient":""}},"ast-content-background-meta":{"desktop":{"background-color":"var(--ast-global-color-5)","background-image":"","background-repeat":"repeat","background-position":"center center","background-size":"auto","background-attachment":"scroll","background-type":"","background-media":"","overlay-type":"","overlay-color":"","overlay-opacity":"","overlay-gradient":""},"tablet":{"background-color":"var(--ast-global-color-5)","background-image":"","background-repeat":"repeat","background-position":"center center","background-size":"auto","background-attachment":"scroll","background-type":"","background-media":"","overlay-type":"","overlay-color":"","overlay-opacity":"","overlay-gradient":""},"mobile":{"background-color":"var(--ast-global-color-5)","background-image":"","background-repeat":"repeat","background-position":"center center","background-size":"auto","background-attachment":"scroll","background-type":"","background-media":"","overlay-type":"","overlay-color":"","overlay-opacity":"","overlay-gradient":""}}},"product_brand":[],"product_cat":[42],"product_tag":[],"class_list":{"0":"post-909","1":"product","2":"type-product","3":"status-publish","4":"has-post-thumbnail","6":"product_cat-unkategorisiert","7":"desktop-align-left","8":"tablet-align-left","9":"mobile-align-left","11":"first","12":"instock","13":"shipping-taxable","14":"product-type-simple"},"yoast_head":"<!-- This site is optimized with the Yoast SEO plugin v27.3 - https:\/\/yoast.com\/product\/yoast-seo-wordpress\/ -->\n<title>OLIGO-CHEM - Vetchem<\/title>\n<meta name=\"robots\" content=\"index, follow, max-snippet:-1, max-image-preview:large, max-video-preview:-1\" \/>\n<link rel=\"canonical\" href=\"https:\/\/vet-chem.com\/de\/product\/oligo-chem\/\" \/>\n<meta property=\"og:locale\" content=\"de_DE\" \/>\n<meta property=\"og:type\" content=\"article\" \/>\n<meta property=\"og:title\" content=\"OLIGO-CHEM - Vetchem\" \/>\n<meta property=\"og:description\" content=\"Zusammensetzung: Jeder ml enth\u00e4lt: Vitamin A\u2026\u2026\u2026\u2026\u2026&#8230;&#8230;.\u2026..50000 IE Vitamin D3\u2026\u2026\u2026\u2026\u2026&#8230;&#8230;\u202625000 IE Vitamin E\u2026\u2026\u2026\u2026\u2026\u2026\u2026&#8230;&#8230;&#8230;\u20264 mg Thiamin HCL \u2026\u2026\u2026\u2026\u2026&#8230;&#8230;&#8230;. 10 mg Riboflavin-Natriumphosphat &#8230;&#8230;&#8230; 40 mcg Pyridoxin HCL \u2026\u2026&#8230;&#8230;&#8230;&#8230;&#8230;..\u2026. 1 mg Cynocobalamin \u2026\u2026&#8230;&#8230;&#8230;&#8230;&#8230;&#8230;. 10 mcg D-Panthenol\u2026\u2026\u2026&#8230;&#8230;&#8230;&#8230;&#8230;&#8230;&#8230;&#8230; 2 mg Nicotinamid\u2026\u2026\u2026\u2026\u2026&#8230;&#8230;.\u2026&#8230;.5 mg Inositol \u2026&#8230;&#8230;&#8230;&#8230;&#8230;&#8230;&#8230;&#8230;&#8230;&#8230;&#8230;&#8230;.. 2 mg Methionin\u2026\u2026\u2026\u2026.\u2026\u2026&#8230;&#8230;.\u2026.5 mg Kaolincitrat \u2026\u2026&#8230;&#8230;&#8230;&#8230;&#8230;..\u2026.. 5 mg Magnesium \u2026\u2026&#8230;&#8230;&#8230;&#8230;&#8230;&#8230;&#8230;&#8230;&#8230;&#8230;&#8230;\u2026. 1 mg Kobalt \u2026\u2026\u2026&#8230;&#8230;&#8230;&#8230;&#8230;&#8230;&#8230;&#8230;\u2026 20 mcg Kupfer \u2026\u2026\u2026&#8230;&#8230;&#8230;&#8230;&#8230;&#8230;&#8230;&#8230;&#8230;&#8230;&#8230;&#8230; 100 mcg Zinksulfat\u2026\u2026\u2026\u2026&#8230;&#8230;..\u2026.100 mcg Mangan \u2026\u2026\u2026\u2026&#8230;&#8230;..\u2026.. 100 mcg Benzylalkohol \u2026\u2026\u2026\u2026&#8230;&#8230;..\u2026. 15 mg (als Konservierungsmittel) Indikationen: OLIGO-CHEM INJECTION Injektion ist eine ausgewogene Kombination aus essentiellen Vitaminen und Aminos\u00e4uren f\u00fcr Rinder, Ziegen und Schafe. Diese Multivitamin-Injektion wird verwendet f\u00fcr: NUR F\u00dcR TIERE AU\u00dfER REICHWEITE VON KINDERN AUFBEWAHREN NUR F\u00dcR TIER\u00c4RZTLICHE VERWENDUNG Dosierung und Gebrauchsanweisung Diese Mischung wird verwendet, um Vitamin-, Aminos\u00e4ure- und seltenen Mineralstoffm\u00e4ngeln vorzubeugen und sie zu behandeln. Vorbeugung oder Behandlung von Stress (verursacht durch Impfung, Krankheiten, Transport, hohe Luftfeuchtigkeit, hohe Temperaturen oder extreme Temperaturschwankungen). Verbesserung der Futterverwertung Zur subkutanen oder intramuskul\u00e4ren Verabreichung: Pferd &amp; Rind: 10-15 ml Ziegen &amp; Schafe: 3-5 ml NUR F\u00dcR TIERE AUF DER REICHWEITE VON KINDERN AUFBEWAHREN NUR F\u00dcR TIER\u00c4RZTLICHE VERWENDUNG\" \/>\n<meta property=\"og:url\" content=\"https:\/\/vet-chem.com\/de\/product\/oligo-chem\/\" \/>\n<meta property=\"og:site_name\" content=\"Vetchem\" \/>\n<meta property=\"article:publisher\" content=\"https:\/\/www.facebook.com\/VetChemGerman\" \/>\n<meta property=\"article:modified_time\" content=\"2024-08-31T13:47:35+00:00\" \/>\n<meta property=\"og:image\" content=\"https:\/\/vet-chem.com\/wp-content\/uploads\/2024\/08\/OLIGO-CHEM.jpg\" \/>\n\t<meta property=\"og:image:width\" content=\"1280\" \/>\n\t<meta property=\"og:image:height\" content=\"1238\" \/>\n\t<meta property=\"og:image:type\" content=\"image\/jpeg\" \/>\n<meta name=\"twitter:card\" content=\"summary_large_image\" \/>\n<meta name=\"twitter:label1\" content=\"Gesch\u00e4tzte Lesezeit\" \/>\n\t<meta name=\"twitter:data1\" content=\"1\u00a0Minute\" \/>\n<script type=\"application\/ld+json\" class=\"yoast-schema-graph\">{\"@context\":\"https:\\\/\\\/schema.org\",\"@graph\":[{\"@type\":\"WebPage\",\"@id\":\"https:\\\/\\\/vet-chem.com\\\/de\\\/product\\\/oligo-chem\\\/\",\"url\":\"https:\\\/\\\/vet-chem.com\\\/de\\\/product\\\/oligo-chem\\\/\",\"name\":\"OLIGO-CHEM - Vetchem\",\"isPartOf\":{\"@id\":\"https:\\\/\\\/vet-chem.com\\\/de\\\/#website\"},\"primaryImageOfPage\":{\"@id\":\"https:\\\/\\\/vet-chem.com\\\/de\\\/product\\\/oligo-chem\\\/#primaryimage\"},\"image\":{\"@id\":\"https:\\\/\\\/vet-chem.com\\\/de\\\/product\\\/oligo-chem\\\/#primaryimage\"},\"thumbnailUrl\":\"https:\\\/\\\/vet-chem.com\\\/wp-content\\\/uploads\\\/2024\\\/08\\\/OLIGO-CHEM.jpg\",\"datePublished\":\"2024-08-05T12:13:33+00:00\",\"dateModified\":\"2024-08-31T13:47:35+00:00\",\"breadcrumb\":{\"@id\":\"https:\\\/\\\/vet-chem.com\\\/de\\\/product\\\/oligo-chem\\\/#breadcrumb\"},\"inLanguage\":\"de\",\"potentialAction\":[{\"@type\":\"ReadAction\",\"target\":[\"https:\\\/\\\/vet-chem.com\\\/de\\\/product\\\/oligo-chem\\\/\"]}]},{\"@type\":\"ImageObject\",\"inLanguage\":\"de\",\"@id\":\"https:\\\/\\\/vet-chem.com\\\/de\\\/product\\\/oligo-chem\\\/#primaryimage\",\"url\":\"https:\\\/\\\/vet-chem.com\\\/wp-content\\\/uploads\\\/2024\\\/08\\\/OLIGO-CHEM.jpg\",\"contentUrl\":\"https:\\\/\\\/vet-chem.com\\\/wp-content\\\/uploads\\\/2024\\\/08\\\/OLIGO-CHEM.jpg\",\"width\":1280,\"height\":1238},{\"@type\":\"BreadcrumbList\",\"@id\":\"https:\\\/\\\/vet-chem.com\\\/de\\\/product\\\/oligo-chem\\\/#breadcrumb\",\"itemListElement\":[{\"@type\":\"ListItem\",\"position\":1,\"name\":\"Home\",\"item\":\"https:\\\/\\\/vet-chem.com\\\/de\\\/home\\\/\"},{\"@type\":\"ListItem\",\"position\":2,\"name\":\"Produkte\",\"item\":\"https:\\\/\\\/vet-chem.com\\\/de\\\/shop\\\/\"},{\"@type\":\"ListItem\",\"position\":3,\"name\":\"OLIGO-CHEM\"}]},{\"@type\":\"WebSite\",\"@id\":\"https:\\\/\\\/vet-chem.com\\\/de\\\/#website\",\"url\":\"https:\\\/\\\/vet-chem.com\\\/de\\\/\",\"name\":\"Vetchem\",\"description\":\"\",\"publisher\":{\"@id\":\"https:\\\/\\\/vet-chem.com\\\/de\\\/#organization\"},\"potentialAction\":[{\"@type\":\"SearchAction\",\"target\":{\"@type\":\"EntryPoint\",\"urlTemplate\":\"https:\\\/\\\/vet-chem.com\\\/de\\\/?s={search_term_string}\"},\"query-input\":{\"@type\":\"PropertyValueSpecification\",\"valueRequired\":true,\"valueName\":\"search_term_string\"}}],\"inLanguage\":\"de\"},{\"@type\":\"Organization\",\"@id\":\"https:\\\/\\\/vet-chem.com\\\/de\\\/#organization\",\"name\":\"Vetchem\",\"url\":\"https:\\\/\\\/vet-chem.com\\\/de\\\/\",\"logo\":{\"@type\":\"ImageObject\",\"inLanguage\":\"de\",\"@id\":\"https:\\\/\\\/vet-chem.com\\\/de\\\/#\\\/schema\\\/logo\\\/image\\\/\",\"url\":\"https:\\\/\\\/vet-chem.com\\\/wp-content\\\/uploads\\\/2024\\\/06\\\/logo.svg\",\"contentUrl\":\"https:\\\/\\\/vet-chem.com\\\/wp-content\\\/uploads\\\/2024\\\/06\\\/logo.svg\",\"width\":412,\"height\":195,\"caption\":\"Vetchem\"},\"image\":{\"@id\":\"https:\\\/\\\/vet-chem.com\\\/de\\\/#\\\/schema\\\/logo\\\/image\\\/\"},\"sameAs\":[\"https:\\\/\\\/www.facebook.com\\\/VetChemGerman\"]}]}<\/script>\n<!-- \/ Yoast SEO plugin. -->","yoast_head_json":{"title":"OLIGO-CHEM - Vetchem","robots":{"index":"index","follow":"follow","max-snippet":"max-snippet:-1","max-image-preview":"max-image-preview:large","max-video-preview":"max-video-preview:-1"},"canonical":"https:\/\/vet-chem.com\/de\/product\/oligo-chem\/","og_locale":"de_DE","og_type":"article","og_title":"OLIGO-CHEM - Vetchem","og_description":"Zusammensetzung: Jeder ml enth\u00e4lt: Vitamin A\u2026\u2026\u2026\u2026\u2026&#8230;&#8230;.\u2026..50000 IE Vitamin D3\u2026\u2026\u2026\u2026\u2026&#8230;&#8230;\u202625000 IE Vitamin E\u2026\u2026\u2026\u2026\u2026\u2026\u2026&#8230;&#8230;&#8230;\u20264 mg Thiamin HCL \u2026\u2026\u2026\u2026\u2026&#8230;&#8230;&#8230;. 10 mg Riboflavin-Natriumphosphat &#8230;&#8230;&#8230; 40 mcg Pyridoxin HCL \u2026\u2026&#8230;&#8230;&#8230;&#8230;&#8230;..\u2026. 1 mg Cynocobalamin \u2026\u2026&#8230;&#8230;&#8230;&#8230;&#8230;&#8230;. 10 mcg D-Panthenol\u2026\u2026\u2026&#8230;&#8230;&#8230;&#8230;&#8230;&#8230;&#8230;&#8230; 2 mg Nicotinamid\u2026\u2026\u2026\u2026\u2026&#8230;&#8230;.\u2026&#8230;.5 mg Inositol \u2026&#8230;&#8230;&#8230;&#8230;&#8230;&#8230;&#8230;&#8230;&#8230;&#8230;&#8230;&#8230;.. 2 mg Methionin\u2026\u2026\u2026\u2026.\u2026\u2026&#8230;&#8230;.\u2026.5 mg Kaolincitrat \u2026\u2026&#8230;&#8230;&#8230;&#8230;&#8230;..\u2026.. 5 mg Magnesium \u2026\u2026&#8230;&#8230;&#8230;&#8230;&#8230;&#8230;&#8230;&#8230;&#8230;&#8230;&#8230;\u2026. 1 mg Kobalt \u2026\u2026\u2026&#8230;&#8230;&#8230;&#8230;&#8230;&#8230;&#8230;&#8230;\u2026 20 mcg Kupfer \u2026\u2026\u2026&#8230;&#8230;&#8230;&#8230;&#8230;&#8230;&#8230;&#8230;&#8230;&#8230;&#8230;&#8230; 100 mcg Zinksulfat\u2026\u2026\u2026\u2026&#8230;&#8230;..\u2026.100 mcg Mangan \u2026\u2026\u2026\u2026&#8230;&#8230;..\u2026.. 100 mcg Benzylalkohol \u2026\u2026\u2026\u2026&#8230;&#8230;..\u2026. 15 mg (als Konservierungsmittel) Indikationen: OLIGO-CHEM INJECTION Injektion ist eine ausgewogene Kombination aus essentiellen Vitaminen und Aminos\u00e4uren f\u00fcr Rinder, Ziegen und Schafe. Diese Multivitamin-Injektion wird verwendet f\u00fcr: NUR F\u00dcR TIERE AU\u00dfER REICHWEITE VON KINDERN AUFBEWAHREN NUR F\u00dcR TIER\u00c4RZTLICHE VERWENDUNG Dosierung und Gebrauchsanweisung Diese Mischung wird verwendet, um Vitamin-, Aminos\u00e4ure- und seltenen Mineralstoffm\u00e4ngeln vorzubeugen und sie zu behandeln. Vorbeugung oder Behandlung von Stress (verursacht durch Impfung, Krankheiten, Transport, hohe Luftfeuchtigkeit, hohe Temperaturen oder extreme Temperaturschwankungen). Verbesserung der Futterverwertung Zur subkutanen oder intramuskul\u00e4ren Verabreichung: Pferd &amp; Rind: 10-15 ml Ziegen &amp; Schafe: 3-5 ml NUR F\u00dcR TIERE AUF DER REICHWEITE VON KINDERN AUFBEWAHREN NUR F\u00dcR TIER\u00c4RZTLICHE VERWENDUNG","og_url":"https:\/\/vet-chem.com\/de\/product\/oligo-chem\/","og_site_name":"Vetchem","article_publisher":"https:\/\/www.facebook.com\/VetChemGerman","article_modified_time":"2024-08-31T13:47:35+00:00","og_image":[{"width":1280,"height":1238,"url":"https:\/\/vet-chem.com\/wp-content\/uploads\/2024\/08\/OLIGO-CHEM.jpg","type":"image\/jpeg"}],"twitter_card":"summary_large_image","twitter_misc":{"Gesch\u00e4tzte Lesezeit":"1\u00a0Minute"},"schema":{"@context":"https:\/\/schema.org","@graph":[{"@type":"WebPage","@id":"https:\/\/vet-chem.com\/de\/product\/oligo-chem\/","url":"https:\/\/vet-chem.com\/de\/product\/oligo-chem\/","name":"OLIGO-CHEM - Vetchem","isPartOf":{"@id":"https:\/\/vet-chem.com\/de\/#website"},"primaryImageOfPage":{"@id":"https:\/\/vet-chem.com\/de\/product\/oligo-chem\/#primaryimage"},"image":{"@id":"https:\/\/vet-chem.com\/de\/product\/oligo-chem\/#primaryimage"},"thumbnailUrl":"https:\/\/vet-chem.com\/wp-content\/uploads\/2024\/08\/OLIGO-CHEM.jpg","datePublished":"2024-08-05T12:13:33+00:00","dateModified":"2024-08-31T13:47:35+00:00","breadcrumb":{"@id":"https:\/\/vet-chem.com\/de\/product\/oligo-chem\/#breadcrumb"},"inLanguage":"de","potentialAction":[{"@type":"ReadAction","target":["https:\/\/vet-chem.com\/de\/product\/oligo-chem\/"]}]},{"@type":"ImageObject","inLanguage":"de","@id":"https:\/\/vet-chem.com\/de\/product\/oligo-chem\/#primaryimage","url":"https:\/\/vet-chem.com\/wp-content\/uploads\/2024\/08\/OLIGO-CHEM.jpg","contentUrl":"https:\/\/vet-chem.com\/wp-content\/uploads\/2024\/08\/OLIGO-CHEM.jpg","width":1280,"height":1238},{"@type":"BreadcrumbList","@id":"https:\/\/vet-chem.com\/de\/product\/oligo-chem\/#breadcrumb","itemListElement":[{"@type":"ListItem","position":1,"name":"Home","item":"https:\/\/vet-chem.com\/de\/home\/"},{"@type":"ListItem","position":2,"name":"Produkte","item":"https:\/\/vet-chem.com\/de\/shop\/"},{"@type":"ListItem","position":3,"name":"OLIGO-CHEM"}]},{"@type":"WebSite","@id":"https:\/\/vet-chem.com\/de\/#website","url":"https:\/\/vet-chem.com\/de\/","name":"Vetchem","description":"","publisher":{"@id":"https:\/\/vet-chem.com\/de\/#organization"},"potentialAction":[{"@type":"SearchAction","target":{"@type":"EntryPoint","urlTemplate":"https:\/\/vet-chem.com\/de\/?s={search_term_string}"},"query-input":{"@type":"PropertyValueSpecification","valueRequired":true,"valueName":"search_term_string"}}],"inLanguage":"de"},{"@type":"Organization","@id":"https:\/\/vet-chem.com\/de\/#organization","name":"Vetchem","url":"https:\/\/vet-chem.com\/de\/","logo":{"@type":"ImageObject","inLanguage":"de","@id":"https:\/\/vet-chem.com\/de\/#\/schema\/logo\/image\/","url":"https:\/\/vet-chem.com\/wp-content\/uploads\/2024\/06\/logo.svg","contentUrl":"https:\/\/vet-chem.com\/wp-content\/uploads\/2024\/06\/logo.svg","width":412,"height":195,"caption":"Vetchem"},"image":{"@id":"https:\/\/vet-chem.com\/de\/#\/schema\/logo\/image\/"},"sameAs":["https:\/\/www.facebook.com\/VetChemGerman"]}]}},"_links":{"self":[{"href":"https:\/\/vet-chem.com\/de\/wp-json\/wp\/v2\/product\/909","targetHints":{"allow":["GET"]}}],"collection":[{"href":"https:\/\/vet-chem.com\/de\/wp-json\/wp\/v2\/product"}],"about":[{"href":"https:\/\/vet-chem.com\/de\/wp-json\/wp\/v2\/types\/product"}],"replies":[{"embeddable":true,"href":"https:\/\/vet-chem.com\/de\/wp-json\/wp\/v2\/comments?post=909"}],"wp:featuredmedia":[{"embeddable":true,"href":"https:\/\/vet-chem.com\/de\/wp-json\/wp\/v2\/media\/779"}],"wp:attachment":[{"href":"https:\/\/vet-chem.com\/de\/wp-json\/wp\/v2\/media?parent=909"}],"wp:term":[{"taxonomy":"product_brand","embeddable":true,"href":"https:\/\/vet-chem.com\/de\/wp-json\/wp\/v2\/product_brand?post=909"},{"taxonomy":"product_cat","embeddable":true,"href":"https:\/\/vet-chem.com\/de\/wp-json\/wp\/v2\/product_cat?post=909"},{"taxonomy":"product_tag","embeddable":true,"href":"https:\/\/vet-chem.com\/de\/wp-json\/wp\/v2\/product_tag?post=909"}],"curies":[{"name":"wp","href":"https:\/\/api.w.org\/{rel}","templated":true}]}}