{"id":910,"date":"2024-08-05T15:11:48","date_gmt":"2024-08-05T12:11:48","guid":{"rendered":"https:\/\/vet-chem.com\/product\/toltrachem-25\/"},"modified":"2024-08-31T16:47:52","modified_gmt":"2024-08-31T13:47:52","slug":"toltrachem-25","status":"publish","type":"product","link":"https:\/\/vet-chem.com\/de\/product\/toltrachem-25\/","title":{"rendered":"TOLTRACHEM 25"},"content":{"rendered":"<p>ZUSAMMENSETZUNG: Enth\u00e4lt pro ml:<br \/>\nToltrazuril &#8230;&#8230;&#8230;&#8230;. 25 mg<br \/>\nINDIKATIONEN:<br \/>\nZur Behandlung von:<br \/>\n&#8211; Kokzidiose.<br \/>\nH\u00fchner: Wirksam gegen verschiedene Eimeria-Arten: E.<br \/>\nacervulina, E. brunetti, E. Maxima, E. mitis, E. necatix und E.<br \/>\nTenella.<br \/>\nTruth\u00e4hne: Wirksam gegen verschiedene Eimeria-Arten: E.<br \/>\nadenoides, E. galloparonix, E. meleagridis und E.<br \/>\nmeleagrimitis.<br \/>\nDOSIERUNG UND ANWENDUNGSART:<br \/>\nZur oralen Verabreichung \u00fcber das Trinkwasser. Vor Gebrauch gut sch\u00fctteln.<br \/>\nDosierung: 500 ml pro 500 Liter Trinkwasser f\u00fcr<br \/>\nkontinuierliche Verabreichung \u00fcber 48 Stunden oder 1500 ml pro 500<br \/>\nLiter Trinkwasser, verabreicht f\u00fcr 8 Stunden pro Tag an 2<br \/>\naufeinanderfolgenden Tagen.<br \/>\nBei Bedarf nach 5 Tagen wiederholen. Medikiertes Trinkwasser<br \/>\nsollte innerhalb von 24 Stunden verbraucht werden. Dieses Produkt<br \/>\nmuss daher t\u00e4glich gewechselt werden. Die Aufnahme von Wasser aus<br \/>\nanderen Quellen w\u00e4hrend der Behandlung sollte vermieden werden. Toltrazuril<br \/>\n2,5 % oral ist mit allen Futterzus\u00e4tzen und<br \/>\nFuttermitteln kompatibel.<\/p>\n<p>GEGENANZEIGEN:<br \/>\nNicht verabreichen bei \u00dcberempfindlichkeit oder Resistenz<br \/>\ngegen die Wirkstoffe.<br \/>\nNicht verabreichen bei Tieren mit eingeschr\u00e4nkter Leber- und\/oder<br \/>\nNierenfunktion.<br \/>\nNicht anwenden bei Zuchttieren in der Produktion oder bei Legehennen, die Eier f\u00fcr den menschlichen Verzehr produzieren.<\/p>\n<p>NEBENWIRKUNGEN:<br \/>\nKeine bekannt.<\/p>\n<p>WARTEZEIT:<br \/>\nFleisch: 17 Tage.<br \/>\nEier: Nicht zugelassen f\u00fcr Legehennen, die Eier f\u00fcr den menschlichen Verzehr produzieren.<\/p>\n<p>BESONDERE VORSICHTSMASSNAHMEN F\u00dcR DEN GEBRAUCH:<br \/>\nTrinkgef\u00e4\u00dfe gr\u00fcndlich reinigen, um<br \/>\neine erneute Infektion und Ablagerungen zu verhindern. Trinkwasser nicht in<br \/>\nder Sonne abstellen.<br \/>\nBei Verd\u00fcnnungen \u00fcber 1:1.000 (1 ml Toltrazuril<br \/>\n2,5 % auf 1 Liter Trinkwasser) kann es zu Sedimenten kommen.<br \/>\nEine Vorverd\u00fcnnung wird nicht empfohlen.<br \/>\nToltrazuril kann Reizungen hervorrufen. Einatmen und Kontakt mit<br \/>\nHaut und Augen vermeiden.<br \/>\nLAGERUNGSHINWEISE:<br \/>\nIn einem gut verschlossenen Beh\u00e4lter an einem trockenen, dunklen Ort bei<br \/>\n2-25 \u00b0C aufbewahren. Au\u00dferhalb der Reichweite und Sichtweite von Kindern aufbewahren. Einatmen und Kontakt mit<br \/>\nHaut und Augen vermeiden.<\/p>\n","protected":false},"excerpt":{"rendered":"<p>ZUSAMMENSETZUNG: Enth\u00e4lt pro ml: Toltrazuril &#8230;&#8230;&#8230;&#8230;. 25 mg INDIKATIONEN: Zur Behandlung von: &#8211; Kokzidiose. H\u00fchner: Wirksam gegen verschiedene Eimeria-Arten: E. acervulina, E. brunetti, E. Maxima, E. mitis, E. necatix und E. Tenella. Truth\u00e4hne: Wirksam gegen verschiedene Eimeria-Arten: E. adenoides, E. galloparonix, E. meleagridis und E. meleagrimitis. DOSIERUNG UND ANWENDUNGSART: Zur oralen Verabreichung \u00fcber das Trinkwasser. Vor Gebrauch gut sch\u00fctteln. Dosierung: 500 ml pro 500 Liter Trinkwasser f\u00fcr kontinuierliche Verabreichung \u00fcber 48 Stunden oder 1500 ml pro 500 Liter Trinkwasser, verabreicht f\u00fcr 8 Stunden pro Tag an 2 aufeinanderfolgenden Tagen. Bei Bedarf nach 5 Tagen wiederholen. Medikiertes Trinkwasser sollte innerhalb von 24 Stunden verbraucht werden. Dieses Produkt muss daher t\u00e4glich gewechselt werden. Die Aufnahme von Wasser aus anderen Quellen w\u00e4hrend der Behandlung sollte vermieden werden. Toltrazuril 2,5 % oral ist mit allen Futterzus\u00e4tzen und Futtermitteln kompatibel. GEGENANZEIGEN: Nicht verabreichen bei \u00dcberempfindlichkeit oder Resistenz gegen die Wirkstoffe. Nicht verabreichen bei Tieren mit eingeschr\u00e4nkter Leber- und\/oder Nierenfunktion. Nicht anwenden bei Zuchttieren in der Produktion oder bei Legehennen, die Eier f\u00fcr den menschlichen Verzehr produzieren. NEBENWIRKUNGEN: Keine bekannt. WARTEZEIT: Fleisch: 17 Tage. Eier: Nicht zugelassen f\u00fcr Legehennen, die Eier f\u00fcr den menschlichen Verzehr produzieren. BESONDERE VORSICHTSMASSNAHMEN F\u00dcR DEN GEBRAUCH: Trinkgef\u00e4\u00dfe gr\u00fcndlich reinigen, um eine erneute Infektion und Ablagerungen zu verhindern. Trinkwasser nicht in der Sonne abstellen. Bei Verd\u00fcnnungen \u00fcber 1:1.000 (1 ml Toltrazuril 2,5 % auf 1 Liter Trinkwasser) kann es zu Sedimenten kommen. Eine Vorverd\u00fcnnung wird nicht empfohlen. Toltrazuril kann Reizungen hervorrufen. Einatmen und Kontakt mit Haut und Augen vermeiden. LAGERUNGSHINWEISE: In einem gut verschlossenen Beh\u00e4lter an einem trockenen, dunklen Ort bei 2-25 \u00b0C aufbewahren. Au\u00dferhalb der Reichweite und Sichtweite von Kindern aufbewahren. Einatmen und Kontakt mit Haut und Augen vermeiden.<\/p>\n","protected":false},"featured_media":778,"comment_status":"open","ping_status":"closed","template":"","meta":{"site-sidebar-layout":"default","site-content-layout":"","ast-site-content-layout":"default","site-content-style":"default","site-sidebar-style":"default","ast-global-header-display":"","ast-banner-title-visibility":"","ast-main-header-display":"","ast-hfb-above-header-display":"","ast-hfb-below-header-display":"","ast-hfb-mobile-header-display":"","site-post-title":"","ast-breadcrumbs-content":"","ast-featured-img":"","footer-sml-layout":"","ast-disable-related-posts":"","theme-transparent-header-meta":"default","adv-header-id-meta":"","stick-header-meta":"","header-above-stick-meta":"","header-main-stick-meta":"","header-below-stick-meta":"","astra-migrate-meta-layouts":"set","ast-page-background-enabled":"default","ast-page-background-meta":{"desktop":{"background-color":"var(--ast-global-color-4)","background-image":"","background-repeat":"repeat","background-position":"center center","background-size":"auto","background-attachment":"scroll","background-type":"","background-media":"","overlay-type":"","overlay-color":"","overlay-opacity":"","overlay-gradient":""},"tablet":{"background-color":"","background-image":"","background-repeat":"repeat","background-position":"center center","background-size":"auto","background-attachment":"scroll","background-type":"","background-media":"","overlay-type":"","overlay-color":"","overlay-opacity":"","overlay-gradient":""},"mobile":{"background-color":"","background-image":"","background-repeat":"repeat","background-position":"center center","background-size":"auto","background-attachment":"scroll","background-type":"","background-media":"","overlay-type":"","overlay-color":"","overlay-opacity":"","overlay-gradient":""}},"ast-content-background-meta":{"desktop":{"background-color":"var(--ast-global-color-5)","background-image":"","background-repeat":"repeat","background-position":"center center","background-size":"auto","background-attachment":"scroll","background-type":"","background-media":"","overlay-type":"","overlay-color":"","overlay-opacity":"","overlay-gradient":""},"tablet":{"background-color":"var(--ast-global-color-5)","background-image":"","background-repeat":"repeat","background-position":"center center","background-size":"auto","background-attachment":"scroll","background-type":"","background-media":"","overlay-type":"","overlay-color":"","overlay-opacity":"","overlay-gradient":""},"mobile":{"background-color":"var(--ast-global-color-5)","background-image":"","background-repeat":"repeat","background-position":"center center","background-size":"auto","background-attachment":"scroll","background-type":"","background-media":"","overlay-type":"","overlay-color":"","overlay-opacity":"","overlay-gradient":""}}},"product_brand":[],"product_cat":[46],"product_tag":[],"class_list":{"0":"post-910","1":"product","2":"type-product","3":"status-publish","4":"has-post-thumbnail","6":"product_cat-oral-liquid-de","7":"desktop-align-left","8":"tablet-align-left","9":"mobile-align-left","11":"first","12":"instock","13":"shipping-taxable","14":"product-type-simple"},"yoast_head":"<!-- This site is optimized with the Yoast SEO plugin v27.3 - https:\/\/yoast.com\/product\/yoast-seo-wordpress\/ -->\n<title>TOLTRACHEM 25 - Vetchem<\/title>\n<meta name=\"robots\" content=\"index, follow, max-snippet:-1, max-image-preview:large, max-video-preview:-1\" \/>\n<link rel=\"canonical\" href=\"https:\/\/vet-chem.com\/de\/product\/toltrachem-25\/\" \/>\n<meta property=\"og:locale\" content=\"de_DE\" \/>\n<meta property=\"og:type\" content=\"article\" \/>\n<meta property=\"og:title\" content=\"TOLTRACHEM 25 - Vetchem\" \/>\n<meta property=\"og:description\" content=\"ZUSAMMENSETZUNG: Enth\u00e4lt pro ml: Toltrazuril &#8230;&#8230;&#8230;&#8230;. 25 mg INDIKATIONEN: Zur Behandlung von: &#8211; Kokzidiose. H\u00fchner: Wirksam gegen verschiedene Eimeria-Arten: E. acervulina, E. brunetti, E. Maxima, E. mitis, E. necatix und E. Tenella. Truth\u00e4hne: Wirksam gegen verschiedene Eimeria-Arten: E. adenoides, E. galloparonix, E. meleagridis und E. meleagrimitis. DOSIERUNG UND ANWENDUNGSART: Zur oralen Verabreichung \u00fcber das Trinkwasser. Vor Gebrauch gut sch\u00fctteln. Dosierung: 500 ml pro 500 Liter Trinkwasser f\u00fcr kontinuierliche Verabreichung \u00fcber 48 Stunden oder 1500 ml pro 500 Liter Trinkwasser, verabreicht f\u00fcr 8 Stunden pro Tag an 2 aufeinanderfolgenden Tagen. Bei Bedarf nach 5 Tagen wiederholen. Medikiertes Trinkwasser sollte innerhalb von 24 Stunden verbraucht werden. Dieses Produkt muss daher t\u00e4glich gewechselt werden. Die Aufnahme von Wasser aus anderen Quellen w\u00e4hrend der Behandlung sollte vermieden werden. Toltrazuril 2,5 % oral ist mit allen Futterzus\u00e4tzen und Futtermitteln kompatibel. GEGENANZEIGEN: Nicht verabreichen bei \u00dcberempfindlichkeit oder Resistenz gegen die Wirkstoffe. Nicht verabreichen bei Tieren mit eingeschr\u00e4nkter Leber- und\/oder Nierenfunktion. Nicht anwenden bei Zuchttieren in der Produktion oder bei Legehennen, die Eier f\u00fcr den menschlichen Verzehr produzieren. NEBENWIRKUNGEN: Keine bekannt. WARTEZEIT: Fleisch: 17 Tage. Eier: Nicht zugelassen f\u00fcr Legehennen, die Eier f\u00fcr den menschlichen Verzehr produzieren. BESONDERE VORSICHTSMASSNAHMEN F\u00dcR DEN GEBRAUCH: Trinkgef\u00e4\u00dfe gr\u00fcndlich reinigen, um eine erneute Infektion und Ablagerungen zu verhindern. Trinkwasser nicht in der Sonne abstellen. Bei Verd\u00fcnnungen \u00fcber 1:1.000 (1 ml Toltrazuril 2,5 % auf 1 Liter Trinkwasser) kann es zu Sedimenten kommen. Eine Vorverd\u00fcnnung wird nicht empfohlen. Toltrazuril kann Reizungen hervorrufen. Einatmen und Kontakt mit Haut und Augen vermeiden. LAGERUNGSHINWEISE: In einem gut verschlossenen Beh\u00e4lter an einem trockenen, dunklen Ort bei 2-25 \u00b0C aufbewahren. Au\u00dferhalb der Reichweite und Sichtweite von Kindern aufbewahren. Einatmen und Kontakt mit Haut und Augen vermeiden.\" \/>\n<meta property=\"og:url\" content=\"https:\/\/vet-chem.com\/de\/product\/toltrachem-25\/\" \/>\n<meta property=\"og:site_name\" content=\"Vetchem\" \/>\n<meta property=\"article:publisher\" content=\"https:\/\/www.facebook.com\/VetChemGerman\" \/>\n<meta property=\"article:modified_time\" content=\"2024-08-31T13:47:52+00:00\" \/>\n<meta property=\"og:image\" content=\"https:\/\/vet-chem.com\/wp-content\/uploads\/2024\/08\/TOLTRACHEM-25.jpg\" \/>\n\t<meta property=\"og:image:width\" content=\"1045\" \/>\n\t<meta property=\"og:image:height\" content=\"1280\" \/>\n\t<meta property=\"og:image:type\" content=\"image\/jpeg\" \/>\n<meta name=\"twitter:card\" content=\"summary_large_image\" \/>\n<meta name=\"twitter:label1\" content=\"Gesch\u00e4tzte Lesezeit\" \/>\n\t<meta name=\"twitter:data1\" content=\"1\u00a0Minute\" \/>\n<script type=\"application\/ld+json\" class=\"yoast-schema-graph\">{\"@context\":\"https:\\\/\\\/schema.org\",\"@graph\":[{\"@type\":\"WebPage\",\"@id\":\"https:\\\/\\\/vet-chem.com\\\/de\\\/product\\\/toltrachem-25\\\/\",\"url\":\"https:\\\/\\\/vet-chem.com\\\/de\\\/product\\\/toltrachem-25\\\/\",\"name\":\"TOLTRACHEM 25 - Vetchem\",\"isPartOf\":{\"@id\":\"https:\\\/\\\/vet-chem.com\\\/de\\\/#website\"},\"primaryImageOfPage\":{\"@id\":\"https:\\\/\\\/vet-chem.com\\\/de\\\/product\\\/toltrachem-25\\\/#primaryimage\"},\"image\":{\"@id\":\"https:\\\/\\\/vet-chem.com\\\/de\\\/product\\\/toltrachem-25\\\/#primaryimage\"},\"thumbnailUrl\":\"https:\\\/\\\/vet-chem.com\\\/wp-content\\\/uploads\\\/2024\\\/08\\\/TOLTRACHEM-25.jpg\",\"datePublished\":\"2024-08-05T12:11:48+00:00\",\"dateModified\":\"2024-08-31T13:47:52+00:00\",\"breadcrumb\":{\"@id\":\"https:\\\/\\\/vet-chem.com\\\/de\\\/product\\\/toltrachem-25\\\/#breadcrumb\"},\"inLanguage\":\"de\",\"potentialAction\":[{\"@type\":\"ReadAction\",\"target\":[\"https:\\\/\\\/vet-chem.com\\\/de\\\/product\\\/toltrachem-25\\\/\"]}]},{\"@type\":\"ImageObject\",\"inLanguage\":\"de\",\"@id\":\"https:\\\/\\\/vet-chem.com\\\/de\\\/product\\\/toltrachem-25\\\/#primaryimage\",\"url\":\"https:\\\/\\\/vet-chem.com\\\/wp-content\\\/uploads\\\/2024\\\/08\\\/TOLTRACHEM-25.jpg\",\"contentUrl\":\"https:\\\/\\\/vet-chem.com\\\/wp-content\\\/uploads\\\/2024\\\/08\\\/TOLTRACHEM-25.jpg\",\"width\":1045,\"height\":1280},{\"@type\":\"BreadcrumbList\",\"@id\":\"https:\\\/\\\/vet-chem.com\\\/de\\\/product\\\/toltrachem-25\\\/#breadcrumb\",\"itemListElement\":[{\"@type\":\"ListItem\",\"position\":1,\"name\":\"Home\",\"item\":\"https:\\\/\\\/vet-chem.com\\\/de\\\/home\\\/\"},{\"@type\":\"ListItem\",\"position\":2,\"name\":\"Produkte\",\"item\":\"https:\\\/\\\/vet-chem.com\\\/de\\\/shop\\\/\"},{\"@type\":\"ListItem\",\"position\":3,\"name\":\"TOLTRACHEM 25\"}]},{\"@type\":\"WebSite\",\"@id\":\"https:\\\/\\\/vet-chem.com\\\/de\\\/#website\",\"url\":\"https:\\\/\\\/vet-chem.com\\\/de\\\/\",\"name\":\"Vetchem\",\"description\":\"\",\"publisher\":{\"@id\":\"https:\\\/\\\/vet-chem.com\\\/de\\\/#organization\"},\"potentialAction\":[{\"@type\":\"SearchAction\",\"target\":{\"@type\":\"EntryPoint\",\"urlTemplate\":\"https:\\\/\\\/vet-chem.com\\\/de\\\/?s={search_term_string}\"},\"query-input\":{\"@type\":\"PropertyValueSpecification\",\"valueRequired\":true,\"valueName\":\"search_term_string\"}}],\"inLanguage\":\"de\"},{\"@type\":\"Organization\",\"@id\":\"https:\\\/\\\/vet-chem.com\\\/de\\\/#organization\",\"name\":\"Vetchem\",\"url\":\"https:\\\/\\\/vet-chem.com\\\/de\\\/\",\"logo\":{\"@type\":\"ImageObject\",\"inLanguage\":\"de\",\"@id\":\"https:\\\/\\\/vet-chem.com\\\/de\\\/#\\\/schema\\\/logo\\\/image\\\/\",\"url\":\"https:\\\/\\\/vet-chem.com\\\/wp-content\\\/uploads\\\/2024\\\/06\\\/logo.svg\",\"contentUrl\":\"https:\\\/\\\/vet-chem.com\\\/wp-content\\\/uploads\\\/2024\\\/06\\\/logo.svg\",\"width\":412,\"height\":195,\"caption\":\"Vetchem\"},\"image\":{\"@id\":\"https:\\\/\\\/vet-chem.com\\\/de\\\/#\\\/schema\\\/logo\\\/image\\\/\"},\"sameAs\":[\"https:\\\/\\\/www.facebook.com\\\/VetChemGerman\"]}]}<\/script>\n<!-- \/ Yoast SEO plugin. -->","yoast_head_json":{"title":"TOLTRACHEM 25 - Vetchem","robots":{"index":"index","follow":"follow","max-snippet":"max-snippet:-1","max-image-preview":"max-image-preview:large","max-video-preview":"max-video-preview:-1"},"canonical":"https:\/\/vet-chem.com\/de\/product\/toltrachem-25\/","og_locale":"de_DE","og_type":"article","og_title":"TOLTRACHEM 25 - Vetchem","og_description":"ZUSAMMENSETZUNG: Enth\u00e4lt pro ml: Toltrazuril &#8230;&#8230;&#8230;&#8230;. 25 mg INDIKATIONEN: Zur Behandlung von: &#8211; Kokzidiose. H\u00fchner: Wirksam gegen verschiedene Eimeria-Arten: E. acervulina, E. brunetti, E. Maxima, E. mitis, E. necatix und E. Tenella. Truth\u00e4hne: Wirksam gegen verschiedene Eimeria-Arten: E. adenoides, E. galloparonix, E. meleagridis und E. meleagrimitis. DOSIERUNG UND ANWENDUNGSART: Zur oralen Verabreichung \u00fcber das Trinkwasser. Vor Gebrauch gut sch\u00fctteln. Dosierung: 500 ml pro 500 Liter Trinkwasser f\u00fcr kontinuierliche Verabreichung \u00fcber 48 Stunden oder 1500 ml pro 500 Liter Trinkwasser, verabreicht f\u00fcr 8 Stunden pro Tag an 2 aufeinanderfolgenden Tagen. Bei Bedarf nach 5 Tagen wiederholen. Medikiertes Trinkwasser sollte innerhalb von 24 Stunden verbraucht werden. Dieses Produkt muss daher t\u00e4glich gewechselt werden. Die Aufnahme von Wasser aus anderen Quellen w\u00e4hrend der Behandlung sollte vermieden werden. Toltrazuril 2,5 % oral ist mit allen Futterzus\u00e4tzen und Futtermitteln kompatibel. GEGENANZEIGEN: Nicht verabreichen bei \u00dcberempfindlichkeit oder Resistenz gegen die Wirkstoffe. Nicht verabreichen bei Tieren mit eingeschr\u00e4nkter Leber- und\/oder Nierenfunktion. Nicht anwenden bei Zuchttieren in der Produktion oder bei Legehennen, die Eier f\u00fcr den menschlichen Verzehr produzieren. NEBENWIRKUNGEN: Keine bekannt. WARTEZEIT: Fleisch: 17 Tage. Eier: Nicht zugelassen f\u00fcr Legehennen, die Eier f\u00fcr den menschlichen Verzehr produzieren. BESONDERE VORSICHTSMASSNAHMEN F\u00dcR DEN GEBRAUCH: Trinkgef\u00e4\u00dfe gr\u00fcndlich reinigen, um eine erneute Infektion und Ablagerungen zu verhindern. Trinkwasser nicht in der Sonne abstellen. Bei Verd\u00fcnnungen \u00fcber 1:1.000 (1 ml Toltrazuril 2,5 % auf 1 Liter Trinkwasser) kann es zu Sedimenten kommen. Eine Vorverd\u00fcnnung wird nicht empfohlen. Toltrazuril kann Reizungen hervorrufen. Einatmen und Kontakt mit Haut und Augen vermeiden. LAGERUNGSHINWEISE: In einem gut verschlossenen Beh\u00e4lter an einem trockenen, dunklen Ort bei 2-25 \u00b0C aufbewahren. Au\u00dferhalb der Reichweite und Sichtweite von Kindern aufbewahren. Einatmen und Kontakt mit Haut und Augen vermeiden.","og_url":"https:\/\/vet-chem.com\/de\/product\/toltrachem-25\/","og_site_name":"Vetchem","article_publisher":"https:\/\/www.facebook.com\/VetChemGerman","article_modified_time":"2024-08-31T13:47:52+00:00","og_image":[{"width":1045,"height":1280,"url":"https:\/\/vet-chem.com\/wp-content\/uploads\/2024\/08\/TOLTRACHEM-25.jpg","type":"image\/jpeg"}],"twitter_card":"summary_large_image","twitter_misc":{"Gesch\u00e4tzte Lesezeit":"1\u00a0Minute"},"schema":{"@context":"https:\/\/schema.org","@graph":[{"@type":"WebPage","@id":"https:\/\/vet-chem.com\/de\/product\/toltrachem-25\/","url":"https:\/\/vet-chem.com\/de\/product\/toltrachem-25\/","name":"TOLTRACHEM 25 - Vetchem","isPartOf":{"@id":"https:\/\/vet-chem.com\/de\/#website"},"primaryImageOfPage":{"@id":"https:\/\/vet-chem.com\/de\/product\/toltrachem-25\/#primaryimage"},"image":{"@id":"https:\/\/vet-chem.com\/de\/product\/toltrachem-25\/#primaryimage"},"thumbnailUrl":"https:\/\/vet-chem.com\/wp-content\/uploads\/2024\/08\/TOLTRACHEM-25.jpg","datePublished":"2024-08-05T12:11:48+00:00","dateModified":"2024-08-31T13:47:52+00:00","breadcrumb":{"@id":"https:\/\/vet-chem.com\/de\/product\/toltrachem-25\/#breadcrumb"},"inLanguage":"de","potentialAction":[{"@type":"ReadAction","target":["https:\/\/vet-chem.com\/de\/product\/toltrachem-25\/"]}]},{"@type":"ImageObject","inLanguage":"de","@id":"https:\/\/vet-chem.com\/de\/product\/toltrachem-25\/#primaryimage","url":"https:\/\/vet-chem.com\/wp-content\/uploads\/2024\/08\/TOLTRACHEM-25.jpg","contentUrl":"https:\/\/vet-chem.com\/wp-content\/uploads\/2024\/08\/TOLTRACHEM-25.jpg","width":1045,"height":1280},{"@type":"BreadcrumbList","@id":"https:\/\/vet-chem.com\/de\/product\/toltrachem-25\/#breadcrumb","itemListElement":[{"@type":"ListItem","position":1,"name":"Home","item":"https:\/\/vet-chem.com\/de\/home\/"},{"@type":"ListItem","position":2,"name":"Produkte","item":"https:\/\/vet-chem.com\/de\/shop\/"},{"@type":"ListItem","position":3,"name":"TOLTRACHEM 25"}]},{"@type":"WebSite","@id":"https:\/\/vet-chem.com\/de\/#website","url":"https:\/\/vet-chem.com\/de\/","name":"Vetchem","description":"","publisher":{"@id":"https:\/\/vet-chem.com\/de\/#organization"},"potentialAction":[{"@type":"SearchAction","target":{"@type":"EntryPoint","urlTemplate":"https:\/\/vet-chem.com\/de\/?s={search_term_string}"},"query-input":{"@type":"PropertyValueSpecification","valueRequired":true,"valueName":"search_term_string"}}],"inLanguage":"de"},{"@type":"Organization","@id":"https:\/\/vet-chem.com\/de\/#organization","name":"Vetchem","url":"https:\/\/vet-chem.com\/de\/","logo":{"@type":"ImageObject","inLanguage":"de","@id":"https:\/\/vet-chem.com\/de\/#\/schema\/logo\/image\/","url":"https:\/\/vet-chem.com\/wp-content\/uploads\/2024\/06\/logo.svg","contentUrl":"https:\/\/vet-chem.com\/wp-content\/uploads\/2024\/06\/logo.svg","width":412,"height":195,"caption":"Vetchem"},"image":{"@id":"https:\/\/vet-chem.com\/de\/#\/schema\/logo\/image\/"},"sameAs":["https:\/\/www.facebook.com\/VetChemGerman"]}]}},"_links":{"self":[{"href":"https:\/\/vet-chem.com\/de\/wp-json\/wp\/v2\/product\/910","targetHints":{"allow":["GET"]}}],"collection":[{"href":"https:\/\/vet-chem.com\/de\/wp-json\/wp\/v2\/product"}],"about":[{"href":"https:\/\/vet-chem.com\/de\/wp-json\/wp\/v2\/types\/product"}],"replies":[{"embeddable":true,"href":"https:\/\/vet-chem.com\/de\/wp-json\/wp\/v2\/comments?post=910"}],"wp:featuredmedia":[{"embeddable":true,"href":"https:\/\/vet-chem.com\/de\/wp-json\/wp\/v2\/media\/778"}],"wp:attachment":[{"href":"https:\/\/vet-chem.com\/de\/wp-json\/wp\/v2\/media?parent=910"}],"wp:term":[{"taxonomy":"product_brand","embeddable":true,"href":"https:\/\/vet-chem.com\/de\/wp-json\/wp\/v2\/product_brand?post=910"},{"taxonomy":"product_cat","embeddable":true,"href":"https:\/\/vet-chem.com\/de\/wp-json\/wp\/v2\/product_cat?post=910"},{"taxonomy":"product_tag","embeddable":true,"href":"https:\/\/vet-chem.com\/de\/wp-json\/wp\/v2\/product_tag?post=910"}],"curies":[{"name":"wp","href":"https:\/\/api.w.org\/{rel}","templated":true}]}}