{"id":913,"date":"2024-08-05T15:09:05","date_gmt":"2024-08-05T12:09:05","guid":{"rendered":"https:\/\/vet-chem.com\/product\/livertonchem\/"},"modified":"2024-08-31T16:48:27","modified_gmt":"2024-08-31T13:48:27","slug":"livertonchem","status":"publish","type":"product","link":"https:\/\/vet-chem.com\/de\/product\/livertonchem\/","title":{"rendered":"LIVERTONCHEM"},"content":{"rendered":"<p>ZUSAMMENSETZUNG: Zusammensetzung:<br \/>\nJeder ml enth\u00e4lt<br \/>\nInositol &#8230;&#8230;&#8230;.75 mg<br \/>\nLysin &#8230;&#8230;&#8230;&#8230;. 100 mg<br \/>\nDl-Methionin &#8230;&#8230;&#8230;&#8230;100 mg<br \/>\nMagnesiumsulfat &#8230;&#8230;&#8230;&#8230;&#8230; 100 mg<br \/>\nSorbitol &#8230;&#8230;&#8230;&#8230;&#8230;&#8230;.. 2 g<br \/>\nCarnitin &#8230;&#8230;&#8230;&#8230;&#8230;. 500 mg<br \/>\nCholinchlorid &#8230;&#8230;&#8230;190 mg<br \/>\nINDIKATIONEN:<br \/>\nLIVERTONCHEM ORAL bietet eine breite Palette von<br \/>\nIndikationen f\u00fcr Vieh und Gefl\u00fcgel:<br \/>\nKorrigiert Funktionsst\u00f6rungen und Tr\u00e4gheit der<br \/>\nLeber. Korrigiert unspezifische Anorexie, heilt verschiedene Arten von Hepatitis, sch\u00fctzt die Leber vor kumulativer und akuter Vergiftung durch Futteraufnahme, steigert den Futterverwertungsstoffwechsel. DOSIERUNG UND ANWENDUNG: Dosierung f\u00fcr 100 V\u00f6gel: K\u00fcken \u2013 100 ml\/Tag, Masth\u00e4hnchen \u2013 15 ml\/Tag, Legehennen \u2013 20 ml\/Tag, Schafe, Ziegen: 5 bis 10 ml\/Tag, K\u00fche, B\u00fcffel, Pferde: 25 bis 50 ml\/Tag. WARNHINWEIS UND VORSICHTSMASSNAHMEN: Das mit Medikamenten versetzte Trinkwasser sollte alle 24 Stunden ausgetauscht werden, um die Wirksamkeit aufrechtzuerhalten. 1 L. WARTEZEIT: LIVERTONCHEM ORAL hat eine Wartezeit von null Tagen f\u00fcr Fleisch, Milch und Eier, wodurch die Sicherheit tierischer Produkte gew\u00e4hrleistet wird. LAGERUNG:<br \/>\nLagern Sie es unter 30\u00b0C an einem trockenen Ort,<br \/>\ngesch\u00fctzt vor Licht. Bewahren Sie alle<br \/>\nArzneimittel stets au\u00dferhalb der Reichweite von Kindern auf.<\/p>\n","protected":false},"excerpt":{"rendered":"<p>ZUSAMMENSETZUNG: Zusammensetzung: Jeder ml enth\u00e4lt Inositol &#8230;&#8230;&#8230;.75 mg Lysin &#8230;&#8230;&#8230;&#8230;. 100 mg Dl-Methionin &#8230;&#8230;&#8230;&#8230;100 mg Magnesiumsulfat &#8230;&#8230;&#8230;&#8230;&#8230; 100 mg Sorbitol &#8230;&#8230;&#8230;&#8230;&#8230;&#8230;.. 2 g Carnitin &#8230;&#8230;&#8230;&#8230;&#8230;. 500 mg Cholinchlorid &#8230;&#8230;&#8230;190 mg INDIKATIONEN: LIVERTONCHEM ORAL bietet eine breite Palette von Indikationen f\u00fcr Vieh und Gefl\u00fcgel: Korrigiert Funktionsst\u00f6rungen und Tr\u00e4gheit der Leber. Korrigiert unspezifische Anorexie, heilt verschiedene Arten von Hepatitis, sch\u00fctzt die Leber vor kumulativer und akuter Vergiftung durch Futteraufnahme, steigert den Futterverwertungsstoffwechsel. DOSIERUNG UND ANWENDUNG: Dosierung f\u00fcr 100 V\u00f6gel: K\u00fcken \u2013 100 ml\/Tag, Masth\u00e4hnchen \u2013 15 ml\/Tag, Legehennen \u2013 20 ml\/Tag, Schafe, Ziegen: 5 bis 10 ml\/Tag, K\u00fche, B\u00fcffel, Pferde: 25 bis 50 ml\/Tag. WARNHINWEIS UND VORSICHTSMASSNAHMEN: Das mit Medikamenten versetzte Trinkwasser sollte alle 24 Stunden ausgetauscht werden, um die Wirksamkeit aufrechtzuerhalten. 1 L. WARTEZEIT: LIVERTONCHEM ORAL hat eine Wartezeit von null Tagen f\u00fcr Fleisch, Milch und Eier, wodurch die Sicherheit tierischer Produkte gew\u00e4hrleistet wird. LAGERUNG: Lagern Sie es unter 30\u00b0C an einem trockenen Ort, gesch\u00fctzt vor Licht. Bewahren Sie alle Arzneimittel stets au\u00dferhalb der Reichweite von Kindern auf.<\/p>\n","protected":false},"featured_media":776,"comment_status":"open","ping_status":"closed","template":"","meta":{"site-sidebar-layout":"default","site-content-layout":"","ast-site-content-layout":"default","site-content-style":"default","site-sidebar-style":"default","ast-global-header-display":"","ast-banner-title-visibility":"","ast-main-header-display":"","ast-hfb-above-header-display":"","ast-hfb-below-header-display":"","ast-hfb-mobile-header-display":"","site-post-title":"","ast-breadcrumbs-content":"","ast-featured-img":"","footer-sml-layout":"","ast-disable-related-posts":"","theme-transparent-header-meta":"default","adv-header-id-meta":"","stick-header-meta":"","header-above-stick-meta":"","header-main-stick-meta":"","header-below-stick-meta":"","astra-migrate-meta-layouts":"set","ast-page-background-enabled":"default","ast-page-background-meta":{"desktop":{"background-color":"var(--ast-global-color-4)","background-image":"","background-repeat":"repeat","background-position":"center center","background-size":"auto","background-attachment":"scroll","background-type":"","background-media":"","overlay-type":"","overlay-color":"","overlay-opacity":"","overlay-gradient":""},"tablet":{"background-color":"","background-image":"","background-repeat":"repeat","background-position":"center center","background-size":"auto","background-attachment":"scroll","background-type":"","background-media":"","overlay-type":"","overlay-color":"","overlay-opacity":"","overlay-gradient":""},"mobile":{"background-color":"","background-image":"","background-repeat":"repeat","background-position":"center center","background-size":"auto","background-attachment":"scroll","background-type":"","background-media":"","overlay-type":"","overlay-color":"","overlay-opacity":"","overlay-gradient":""}},"ast-content-background-meta":{"desktop":{"background-color":"var(--ast-global-color-5)","background-image":"","background-repeat":"repeat","background-position":"center center","background-size":"auto","background-attachment":"scroll","background-type":"","background-media":"","overlay-type":"","overlay-color":"","overlay-opacity":"","overlay-gradient":""},"tablet":{"background-color":"var(--ast-global-color-5)","background-image":"","background-repeat":"repeat","background-position":"center center","background-size":"auto","background-attachment":"scroll","background-type":"","background-media":"","overlay-type":"","overlay-color":"","overlay-opacity":"","overlay-gradient":""},"mobile":{"background-color":"var(--ast-global-color-5)","background-image":"","background-repeat":"repeat","background-position":"center center","background-size":"auto","background-attachment":"scroll","background-type":"","background-media":"","overlay-type":"","overlay-color":"","overlay-opacity":"","overlay-gradient":""}}},"product_brand":[],"product_cat":[46],"product_tag":[],"class_list":{"0":"post-913","1":"product","2":"type-product","3":"status-publish","4":"has-post-thumbnail","6":"product_cat-oral-liquid-de","7":"desktop-align-left","8":"tablet-align-left","9":"mobile-align-left","11":"first","12":"instock","13":"shipping-taxable","14":"product-type-simple"},"yoast_head":"<!-- This site is optimized with the Yoast SEO plugin v27.3 - https:\/\/yoast.com\/product\/yoast-seo-wordpress\/ -->\n<title>LIVERTONCHEM - Vetchem<\/title>\n<meta name=\"robots\" content=\"index, follow, max-snippet:-1, max-image-preview:large, max-video-preview:-1\" \/>\n<link rel=\"canonical\" href=\"https:\/\/vet-chem.com\/de\/product\/livertonchem\/\" \/>\n<meta property=\"og:locale\" content=\"de_DE\" \/>\n<meta property=\"og:type\" content=\"article\" \/>\n<meta property=\"og:title\" content=\"LIVERTONCHEM - Vetchem\" \/>\n<meta property=\"og:description\" content=\"ZUSAMMENSETZUNG: Zusammensetzung: Jeder ml enth\u00e4lt Inositol &#8230;&#8230;&#8230;.75 mg Lysin &#8230;&#8230;&#8230;&#8230;. 100 mg Dl-Methionin &#8230;&#8230;&#8230;&#8230;100 mg Magnesiumsulfat &#8230;&#8230;&#8230;&#8230;&#8230; 100 mg Sorbitol &#8230;&#8230;&#8230;&#8230;&#8230;&#8230;.. 2 g Carnitin &#8230;&#8230;&#8230;&#8230;&#8230;. 500 mg Cholinchlorid &#8230;&#8230;&#8230;190 mg INDIKATIONEN: LIVERTONCHEM ORAL bietet eine breite Palette von Indikationen f\u00fcr Vieh und Gefl\u00fcgel: Korrigiert Funktionsst\u00f6rungen und Tr\u00e4gheit der Leber. Korrigiert unspezifische Anorexie, heilt verschiedene Arten von Hepatitis, sch\u00fctzt die Leber vor kumulativer und akuter Vergiftung durch Futteraufnahme, steigert den Futterverwertungsstoffwechsel. DOSIERUNG UND ANWENDUNG: Dosierung f\u00fcr 100 V\u00f6gel: K\u00fcken \u2013 100 ml\/Tag, Masth\u00e4hnchen \u2013 15 ml\/Tag, Legehennen \u2013 20 ml\/Tag, Schafe, Ziegen: 5 bis 10 ml\/Tag, K\u00fche, B\u00fcffel, Pferde: 25 bis 50 ml\/Tag. WARNHINWEIS UND VORSICHTSMASSNAHMEN: Das mit Medikamenten versetzte Trinkwasser sollte alle 24 Stunden ausgetauscht werden, um die Wirksamkeit aufrechtzuerhalten. 1 L. WARTEZEIT: LIVERTONCHEM ORAL hat eine Wartezeit von null Tagen f\u00fcr Fleisch, Milch und Eier, wodurch die Sicherheit tierischer Produkte gew\u00e4hrleistet wird. LAGERUNG: Lagern Sie es unter 30\u00b0C an einem trockenen Ort, gesch\u00fctzt vor Licht. Bewahren Sie alle Arzneimittel stets au\u00dferhalb der Reichweite von Kindern auf.\" \/>\n<meta property=\"og:url\" content=\"https:\/\/vet-chem.com\/de\/product\/livertonchem\/\" \/>\n<meta property=\"og:site_name\" content=\"Vetchem\" \/>\n<meta property=\"article:publisher\" content=\"https:\/\/www.facebook.com\/VetChemGerman\" \/>\n<meta property=\"article:modified_time\" content=\"2024-08-31T13:48:27+00:00\" \/>\n<meta property=\"og:image\" content=\"https:\/\/vet-chem.com\/wp-content\/uploads\/2024\/08\/LIVERTONCHEM.jpg\" \/>\n\t<meta property=\"og:image:width\" content=\"1045\" \/>\n\t<meta property=\"og:image:height\" content=\"1280\" \/>\n\t<meta property=\"og:image:type\" content=\"image\/jpeg\" \/>\n<meta name=\"twitter:card\" content=\"summary_large_image\" \/>\n<meta name=\"twitter:label1\" content=\"Gesch\u00e4tzte Lesezeit\" \/>\n\t<meta name=\"twitter:data1\" content=\"1\u00a0Minute\" \/>\n<script type=\"application\/ld+json\" class=\"yoast-schema-graph\">{\"@context\":\"https:\\\/\\\/schema.org\",\"@graph\":[{\"@type\":\"WebPage\",\"@id\":\"https:\\\/\\\/vet-chem.com\\\/de\\\/product\\\/livertonchem\\\/\",\"url\":\"https:\\\/\\\/vet-chem.com\\\/de\\\/product\\\/livertonchem\\\/\",\"name\":\"LIVERTONCHEM - Vetchem\",\"isPartOf\":{\"@id\":\"https:\\\/\\\/vet-chem.com\\\/de\\\/#website\"},\"primaryImageOfPage\":{\"@id\":\"https:\\\/\\\/vet-chem.com\\\/de\\\/product\\\/livertonchem\\\/#primaryimage\"},\"image\":{\"@id\":\"https:\\\/\\\/vet-chem.com\\\/de\\\/product\\\/livertonchem\\\/#primaryimage\"},\"thumbnailUrl\":\"https:\\\/\\\/vet-chem.com\\\/wp-content\\\/uploads\\\/2024\\\/08\\\/LIVERTONCHEM.jpg\",\"datePublished\":\"2024-08-05T12:09:05+00:00\",\"dateModified\":\"2024-08-31T13:48:27+00:00\",\"breadcrumb\":{\"@id\":\"https:\\\/\\\/vet-chem.com\\\/de\\\/product\\\/livertonchem\\\/#breadcrumb\"},\"inLanguage\":\"de\",\"potentialAction\":[{\"@type\":\"ReadAction\",\"target\":[\"https:\\\/\\\/vet-chem.com\\\/de\\\/product\\\/livertonchem\\\/\"]}]},{\"@type\":\"ImageObject\",\"inLanguage\":\"de\",\"@id\":\"https:\\\/\\\/vet-chem.com\\\/de\\\/product\\\/livertonchem\\\/#primaryimage\",\"url\":\"https:\\\/\\\/vet-chem.com\\\/wp-content\\\/uploads\\\/2024\\\/08\\\/LIVERTONCHEM.jpg\",\"contentUrl\":\"https:\\\/\\\/vet-chem.com\\\/wp-content\\\/uploads\\\/2024\\\/08\\\/LIVERTONCHEM.jpg\",\"width\":1045,\"height\":1280},{\"@type\":\"BreadcrumbList\",\"@id\":\"https:\\\/\\\/vet-chem.com\\\/de\\\/product\\\/livertonchem\\\/#breadcrumb\",\"itemListElement\":[{\"@type\":\"ListItem\",\"position\":1,\"name\":\"Home\",\"item\":\"https:\\\/\\\/vet-chem.com\\\/de\\\/home\\\/\"},{\"@type\":\"ListItem\",\"position\":2,\"name\":\"Produkte\",\"item\":\"https:\\\/\\\/vet-chem.com\\\/de\\\/shop\\\/\"},{\"@type\":\"ListItem\",\"position\":3,\"name\":\"LIVERTONCHEM\"}]},{\"@type\":\"WebSite\",\"@id\":\"https:\\\/\\\/vet-chem.com\\\/de\\\/#website\",\"url\":\"https:\\\/\\\/vet-chem.com\\\/de\\\/\",\"name\":\"Vetchem\",\"description\":\"\",\"publisher\":{\"@id\":\"https:\\\/\\\/vet-chem.com\\\/de\\\/#organization\"},\"potentialAction\":[{\"@type\":\"SearchAction\",\"target\":{\"@type\":\"EntryPoint\",\"urlTemplate\":\"https:\\\/\\\/vet-chem.com\\\/de\\\/?s={search_term_string}\"},\"query-input\":{\"@type\":\"PropertyValueSpecification\",\"valueRequired\":true,\"valueName\":\"search_term_string\"}}],\"inLanguage\":\"de\"},{\"@type\":\"Organization\",\"@id\":\"https:\\\/\\\/vet-chem.com\\\/de\\\/#organization\",\"name\":\"Vetchem\",\"url\":\"https:\\\/\\\/vet-chem.com\\\/de\\\/\",\"logo\":{\"@type\":\"ImageObject\",\"inLanguage\":\"de\",\"@id\":\"https:\\\/\\\/vet-chem.com\\\/de\\\/#\\\/schema\\\/logo\\\/image\\\/\",\"url\":\"https:\\\/\\\/vet-chem.com\\\/wp-content\\\/uploads\\\/2024\\\/06\\\/logo.svg\",\"contentUrl\":\"https:\\\/\\\/vet-chem.com\\\/wp-content\\\/uploads\\\/2024\\\/06\\\/logo.svg\",\"width\":412,\"height\":195,\"caption\":\"Vetchem\"},\"image\":{\"@id\":\"https:\\\/\\\/vet-chem.com\\\/de\\\/#\\\/schema\\\/logo\\\/image\\\/\"},\"sameAs\":[\"https:\\\/\\\/www.facebook.com\\\/VetChemGerman\"]}]}<\/script>\n<!-- \/ Yoast SEO plugin. -->","yoast_head_json":{"title":"LIVERTONCHEM - Vetchem","robots":{"index":"index","follow":"follow","max-snippet":"max-snippet:-1","max-image-preview":"max-image-preview:large","max-video-preview":"max-video-preview:-1"},"canonical":"https:\/\/vet-chem.com\/de\/product\/livertonchem\/","og_locale":"de_DE","og_type":"article","og_title":"LIVERTONCHEM - Vetchem","og_description":"ZUSAMMENSETZUNG: Zusammensetzung: Jeder ml enth\u00e4lt Inositol &#8230;&#8230;&#8230;.75 mg Lysin &#8230;&#8230;&#8230;&#8230;. 100 mg Dl-Methionin &#8230;&#8230;&#8230;&#8230;100 mg Magnesiumsulfat &#8230;&#8230;&#8230;&#8230;&#8230; 100 mg Sorbitol &#8230;&#8230;&#8230;&#8230;&#8230;&#8230;.. 2 g Carnitin &#8230;&#8230;&#8230;&#8230;&#8230;. 500 mg Cholinchlorid &#8230;&#8230;&#8230;190 mg INDIKATIONEN: LIVERTONCHEM ORAL bietet eine breite Palette von Indikationen f\u00fcr Vieh und Gefl\u00fcgel: Korrigiert Funktionsst\u00f6rungen und Tr\u00e4gheit der Leber. Korrigiert unspezifische Anorexie, heilt verschiedene Arten von Hepatitis, sch\u00fctzt die Leber vor kumulativer und akuter Vergiftung durch Futteraufnahme, steigert den Futterverwertungsstoffwechsel. DOSIERUNG UND ANWENDUNG: Dosierung f\u00fcr 100 V\u00f6gel: K\u00fcken \u2013 100 ml\/Tag, Masth\u00e4hnchen \u2013 15 ml\/Tag, Legehennen \u2013 20 ml\/Tag, Schafe, Ziegen: 5 bis 10 ml\/Tag, K\u00fche, B\u00fcffel, Pferde: 25 bis 50 ml\/Tag. WARNHINWEIS UND VORSICHTSMASSNAHMEN: Das mit Medikamenten versetzte Trinkwasser sollte alle 24 Stunden ausgetauscht werden, um die Wirksamkeit aufrechtzuerhalten. 1 L. WARTEZEIT: LIVERTONCHEM ORAL hat eine Wartezeit von null Tagen f\u00fcr Fleisch, Milch und Eier, wodurch die Sicherheit tierischer Produkte gew\u00e4hrleistet wird. LAGERUNG: Lagern Sie es unter 30\u00b0C an einem trockenen Ort, gesch\u00fctzt vor Licht. Bewahren Sie alle Arzneimittel stets au\u00dferhalb der Reichweite von Kindern auf.","og_url":"https:\/\/vet-chem.com\/de\/product\/livertonchem\/","og_site_name":"Vetchem","article_publisher":"https:\/\/www.facebook.com\/VetChemGerman","article_modified_time":"2024-08-31T13:48:27+00:00","og_image":[{"width":1045,"height":1280,"url":"https:\/\/vet-chem.com\/wp-content\/uploads\/2024\/08\/LIVERTONCHEM.jpg","type":"image\/jpeg"}],"twitter_card":"summary_large_image","twitter_misc":{"Gesch\u00e4tzte Lesezeit":"1\u00a0Minute"},"schema":{"@context":"https:\/\/schema.org","@graph":[{"@type":"WebPage","@id":"https:\/\/vet-chem.com\/de\/product\/livertonchem\/","url":"https:\/\/vet-chem.com\/de\/product\/livertonchem\/","name":"LIVERTONCHEM - Vetchem","isPartOf":{"@id":"https:\/\/vet-chem.com\/de\/#website"},"primaryImageOfPage":{"@id":"https:\/\/vet-chem.com\/de\/product\/livertonchem\/#primaryimage"},"image":{"@id":"https:\/\/vet-chem.com\/de\/product\/livertonchem\/#primaryimage"},"thumbnailUrl":"https:\/\/vet-chem.com\/wp-content\/uploads\/2024\/08\/LIVERTONCHEM.jpg","datePublished":"2024-08-05T12:09:05+00:00","dateModified":"2024-08-31T13:48:27+00:00","breadcrumb":{"@id":"https:\/\/vet-chem.com\/de\/product\/livertonchem\/#breadcrumb"},"inLanguage":"de","potentialAction":[{"@type":"ReadAction","target":["https:\/\/vet-chem.com\/de\/product\/livertonchem\/"]}]},{"@type":"ImageObject","inLanguage":"de","@id":"https:\/\/vet-chem.com\/de\/product\/livertonchem\/#primaryimage","url":"https:\/\/vet-chem.com\/wp-content\/uploads\/2024\/08\/LIVERTONCHEM.jpg","contentUrl":"https:\/\/vet-chem.com\/wp-content\/uploads\/2024\/08\/LIVERTONCHEM.jpg","width":1045,"height":1280},{"@type":"BreadcrumbList","@id":"https:\/\/vet-chem.com\/de\/product\/livertonchem\/#breadcrumb","itemListElement":[{"@type":"ListItem","position":1,"name":"Home","item":"https:\/\/vet-chem.com\/de\/home\/"},{"@type":"ListItem","position":2,"name":"Produkte","item":"https:\/\/vet-chem.com\/de\/shop\/"},{"@type":"ListItem","position":3,"name":"LIVERTONCHEM"}]},{"@type":"WebSite","@id":"https:\/\/vet-chem.com\/de\/#website","url":"https:\/\/vet-chem.com\/de\/","name":"Vetchem","description":"","publisher":{"@id":"https:\/\/vet-chem.com\/de\/#organization"},"potentialAction":[{"@type":"SearchAction","target":{"@type":"EntryPoint","urlTemplate":"https:\/\/vet-chem.com\/de\/?s={search_term_string}"},"query-input":{"@type":"PropertyValueSpecification","valueRequired":true,"valueName":"search_term_string"}}],"inLanguage":"de"},{"@type":"Organization","@id":"https:\/\/vet-chem.com\/de\/#organization","name":"Vetchem","url":"https:\/\/vet-chem.com\/de\/","logo":{"@type":"ImageObject","inLanguage":"de","@id":"https:\/\/vet-chem.com\/de\/#\/schema\/logo\/image\/","url":"https:\/\/vet-chem.com\/wp-content\/uploads\/2024\/06\/logo.svg","contentUrl":"https:\/\/vet-chem.com\/wp-content\/uploads\/2024\/06\/logo.svg","width":412,"height":195,"caption":"Vetchem"},"image":{"@id":"https:\/\/vet-chem.com\/de\/#\/schema\/logo\/image\/"},"sameAs":["https:\/\/www.facebook.com\/VetChemGerman"]}]}},"_links":{"self":[{"href":"https:\/\/vet-chem.com\/de\/wp-json\/wp\/v2\/product\/913","targetHints":{"allow":["GET"]}}],"collection":[{"href":"https:\/\/vet-chem.com\/de\/wp-json\/wp\/v2\/product"}],"about":[{"href":"https:\/\/vet-chem.com\/de\/wp-json\/wp\/v2\/types\/product"}],"replies":[{"embeddable":true,"href":"https:\/\/vet-chem.com\/de\/wp-json\/wp\/v2\/comments?post=913"}],"wp:featuredmedia":[{"embeddable":true,"href":"https:\/\/vet-chem.com\/de\/wp-json\/wp\/v2\/media\/776"}],"wp:attachment":[{"href":"https:\/\/vet-chem.com\/de\/wp-json\/wp\/v2\/media?parent=913"}],"wp:term":[{"taxonomy":"product_brand","embeddable":true,"href":"https:\/\/vet-chem.com\/de\/wp-json\/wp\/v2\/product_brand?post=913"},{"taxonomy":"product_cat","embeddable":true,"href":"https:\/\/vet-chem.com\/de\/wp-json\/wp\/v2\/product_cat?post=913"},{"taxonomy":"product_tag","embeddable":true,"href":"https:\/\/vet-chem.com\/de\/wp-json\/wp\/v2\/product_tag?post=913"}],"curies":[{"name":"wp","href":"https:\/\/api.w.org\/{rel}","templated":true}]}}