{"id":916,"date":"2024-08-05T15:04:23","date_gmt":"2024-08-05T12:04:23","guid":{"rendered":"https:\/\/vet-chem.com\/product\/ad3e-butachem\/"},"modified":"2024-08-31T16:49:51","modified_gmt":"2024-08-31T13:49:51","slug":"ad3e-butachem","status":"publish","type":"product","link":"https:\/\/vet-chem.com\/de\/product\/ad3e-butachem\/","title":{"rendered":"AD3E BUTACHEM"},"content":{"rendered":"<p>Zusammensetzung:<br \/>\nJeder ml enth\u00e4lt:<br \/>\nButaphosphan: 50 mg<br \/>\nVitamin A: 30000 IE<br \/>\nVitamin D3: 40000 IE<br \/>\nVitamin E: 20 mg<\/p>\n<p>Indikationen:<br \/>\nl AD3EBUTACHEM INJECTION ist angezeigt bei Schw\u00e4chung durch akute oder chronische Stoffwechselst\u00f6rungen, die auf schlechte Ern\u00e4hrung, unzureichende Haltung oder Krankheit zur\u00fcckzuf\u00fchren sind (z. B. Entwicklungs- und Ern\u00e4hrungsst\u00f6rungen bei Jungtieren aufgrund von Aufzuchtkrankheiten und (sekund\u00e4re) Ketose bei K\u00fchen).<br \/>\nl Es kann zur Metaphylaxe von Unfruchtbarkeit, Wochenbetterkrankungen und zur Unterst\u00fctzung der Sterilit\u00e4tsbehandlung verwendet werden.<br \/>\nl Es wirkt st\u00e4rkend bei Stress, \u00dcberanstrengung, Ersch\u00f6pfung und verminderter Widerstandskraft und tonisierend bei Schw\u00e4che, sekund\u00e4rer An\u00e4mie und Fr\u00f6steln.<br \/>\nl AD3EBUTACHEM INJEKTION unterst\u00fctzt zus\u00e4tzlich die Muskelphysiologie, die Behandlung von Unfruchtbarkeit sowie Tetanie und Parese als Erg\u00e4nzung zur Kalzium- und Magnesiumtherapie.<\/p>\n<p>Dosierung und Verabreichung:<\/p>\n<p>Zur intraven\u00f6sen, intramuskul\u00e4ren oder<br \/>\nsubkutanen Verabreichung:<\/p>\n<p>l Pferde und Rinder: 5 \u2013 25 ml.<br \/>\nl K\u00e4lber und Fohlen: 5 \u2013 12 ml.<br \/>\nl Ziegen und Schafe: 2,5 \u2013 5 ml.<br \/>\nl L\u00e4mmer und Zicklein: 1,5 \u2013 2,5 ml.<br \/>\nl Schweine: 2,5 \u2013 10 ml.<br \/>\nl Ferkel: 1 \u2013 2,5 ml.<br \/>\nl Hunde und Katzen: 0,5 \u2013 5 ml.<br \/>\nl Gefl\u00fcgel: 1 ml.<br \/>\nl Bei Bedarf t\u00e4glich wiederholen. Bei chronischen Erkrankungen: die halbe Dosis in Abst\u00e4nden von 1\u20132 Wochen oder weniger. l Bei gesunden Tieren: die halbe Dosis.<\/p>\n<p>Karenzzeiten:<\/p>\n<p>l F\u00fcr Fleisch: 0 Tage.<br \/>\nl F\u00fcr Milch: 0 Tage.<\/p>\n<p>Lagerung:<\/p>\n<p>Unter 30 \u00b0C lagern.<\/p>\n<p>NICHT F\u00dcR DEN MENSCHLICHEN GEBRAUCH<br \/>\nNUR F\u00dcR TIER\u00c4RZTLICHE BEHANDLUNG<br \/>\nAUFBEWAHRUNG F\u00dcR KINDER<\/p>\n","protected":false},"excerpt":{"rendered":"<p>Zusammensetzung: Jeder ml enth\u00e4lt: Butaphosphan: 50 mg Vitamin A: 30000 IE Vitamin D3: 40000 IE Vitamin E: 20 mg Indikationen: l AD3EBUTACHEM INJECTION ist angezeigt bei Schw\u00e4chung durch akute oder chronische Stoffwechselst\u00f6rungen, die auf schlechte Ern\u00e4hrung, unzureichende Haltung oder Krankheit zur\u00fcckzuf\u00fchren sind (z. B. Entwicklungs- und Ern\u00e4hrungsst\u00f6rungen bei Jungtieren aufgrund von Aufzuchtkrankheiten und (sekund\u00e4re) Ketose bei K\u00fchen). l Es kann zur Metaphylaxe von Unfruchtbarkeit, Wochenbetterkrankungen und zur Unterst\u00fctzung der Sterilit\u00e4tsbehandlung verwendet werden. l Es wirkt st\u00e4rkend bei Stress, \u00dcberanstrengung, Ersch\u00f6pfung und verminderter Widerstandskraft und tonisierend bei Schw\u00e4che, sekund\u00e4rer An\u00e4mie und Fr\u00f6steln. l AD3EBUTACHEM INJEKTION unterst\u00fctzt zus\u00e4tzlich die Muskelphysiologie, die Behandlung von Unfruchtbarkeit sowie Tetanie und Parese als Erg\u00e4nzung zur Kalzium- und Magnesiumtherapie. Dosierung und Verabreichung: Zur intraven\u00f6sen, intramuskul\u00e4ren oder subkutanen Verabreichung: l Pferde und Rinder: 5 \u2013 25 ml. l K\u00e4lber und Fohlen: 5 \u2013 12 ml. l Ziegen und Schafe: 2,5 \u2013 5 ml. l L\u00e4mmer und Zicklein: 1,5 \u2013 2,5 ml. l Schweine: 2,5 \u2013 10 ml. l Ferkel: 1 \u2013 2,5 ml. l Hunde und Katzen: 0,5 \u2013 5 ml. l Gefl\u00fcgel: 1 ml. l Bei Bedarf t\u00e4glich wiederholen. Bei chronischen Erkrankungen: die halbe Dosis in Abst\u00e4nden von 1\u20132 Wochen oder weniger. l Bei gesunden Tieren: die halbe Dosis. Karenzzeiten: l F\u00fcr Fleisch: 0 Tage. l F\u00fcr Milch: 0 Tage. Lagerung: Unter 30 \u00b0C lagern. NICHT F\u00dcR DEN MENSCHLICHEN GEBRAUCH NUR F\u00dcR TIER\u00c4RZTLICHE BEHANDLUNG AUFBEWAHRUNG F\u00dcR KINDER<\/p>\n","protected":false},"featured_media":773,"comment_status":"open","ping_status":"closed","template":"","meta":{"site-sidebar-layout":"default","site-content-layout":"","ast-site-content-layout":"default","site-content-style":"default","site-sidebar-style":"default","ast-global-header-display":"","ast-banner-title-visibility":"","ast-main-header-display":"","ast-hfb-above-header-display":"","ast-hfb-below-header-display":"","ast-hfb-mobile-header-display":"","site-post-title":"","ast-breadcrumbs-content":"","ast-featured-img":"","footer-sml-layout":"","ast-disable-related-posts":"","theme-transparent-header-meta":"default","adv-header-id-meta":"","stick-header-meta":"","header-above-stick-meta":"","header-main-stick-meta":"","header-below-stick-meta":"","astra-migrate-meta-layouts":"set","ast-page-background-enabled":"default","ast-page-background-meta":{"desktop":{"background-color":"var(--ast-global-color-4)","background-image":"","background-repeat":"repeat","background-position":"center center","background-size":"auto","background-attachment":"scroll","background-type":"","background-media":"","overlay-type":"","overlay-color":"","overlay-opacity":"","overlay-gradient":""},"tablet":{"background-color":"","background-image":"","background-repeat":"repeat","background-position":"center center","background-size":"auto","background-attachment":"scroll","background-type":"","background-media":"","overlay-type":"","overlay-color":"","overlay-opacity":"","overlay-gradient":""},"mobile":{"background-color":"","background-image":"","background-repeat":"repeat","background-position":"center center","background-size":"auto","background-attachment":"scroll","background-type":"","background-media":"","overlay-type":"","overlay-color":"","overlay-opacity":"","overlay-gradient":""}},"ast-content-background-meta":{"desktop":{"background-color":"var(--ast-global-color-5)","background-image":"","background-repeat":"repeat","background-position":"center center","background-size":"auto","background-attachment":"scroll","background-type":"","background-media":"","overlay-type":"","overlay-color":"","overlay-opacity":"","overlay-gradient":""},"tablet":{"background-color":"var(--ast-global-color-5)","background-image":"","background-repeat":"repeat","background-position":"center center","background-size":"auto","background-attachment":"scroll","background-type":"","background-media":"","overlay-type":"","overlay-color":"","overlay-opacity":"","overlay-gradient":""},"mobile":{"background-color":"var(--ast-global-color-5)","background-image":"","background-repeat":"repeat","background-position":"center center","background-size":"auto","background-attachment":"scroll","background-type":"","background-media":"","overlay-type":"","overlay-color":"","overlay-opacity":"","overlay-gradient":""}}},"product_brand":[],"product_cat":[42],"product_tag":[],"class_list":{"0":"post-916","1":"product","2":"type-product","3":"status-publish","4":"has-post-thumbnail","6":"product_cat-unkategorisiert","7":"desktop-align-left","8":"tablet-align-left","9":"mobile-align-left","11":"first","12":"instock","13":"shipping-taxable","14":"product-type-simple"},"yoast_head":"<!-- This site is optimized with the Yoast SEO plugin v27.3 - https:\/\/yoast.com\/product\/yoast-seo-wordpress\/ -->\n<title>AD3E BUTACHEM - Vetchem<\/title>\n<meta name=\"robots\" content=\"index, follow, max-snippet:-1, max-image-preview:large, max-video-preview:-1\" \/>\n<link rel=\"canonical\" href=\"https:\/\/vet-chem.com\/de\/product\/ad3e-butachem\/\" \/>\n<meta property=\"og:locale\" content=\"de_DE\" \/>\n<meta property=\"og:type\" content=\"article\" \/>\n<meta property=\"og:title\" content=\"AD3E BUTACHEM - Vetchem\" \/>\n<meta property=\"og:description\" content=\"Zusammensetzung: Jeder ml enth\u00e4lt: Butaphosphan: 50 mg Vitamin A: 30000 IE Vitamin D3: 40000 IE Vitamin E: 20 mg Indikationen: l AD3EBUTACHEM INJECTION ist angezeigt bei Schw\u00e4chung durch akute oder chronische Stoffwechselst\u00f6rungen, die auf schlechte Ern\u00e4hrung, unzureichende Haltung oder Krankheit zur\u00fcckzuf\u00fchren sind (z. B. Entwicklungs- und Ern\u00e4hrungsst\u00f6rungen bei Jungtieren aufgrund von Aufzuchtkrankheiten und (sekund\u00e4re) Ketose bei K\u00fchen). l Es kann zur Metaphylaxe von Unfruchtbarkeit, Wochenbetterkrankungen und zur Unterst\u00fctzung der Sterilit\u00e4tsbehandlung verwendet werden. l Es wirkt st\u00e4rkend bei Stress, \u00dcberanstrengung, Ersch\u00f6pfung und verminderter Widerstandskraft und tonisierend bei Schw\u00e4che, sekund\u00e4rer An\u00e4mie und Fr\u00f6steln. l AD3EBUTACHEM INJEKTION unterst\u00fctzt zus\u00e4tzlich die Muskelphysiologie, die Behandlung von Unfruchtbarkeit sowie Tetanie und Parese als Erg\u00e4nzung zur Kalzium- und Magnesiumtherapie. Dosierung und Verabreichung: Zur intraven\u00f6sen, intramuskul\u00e4ren oder subkutanen Verabreichung: l Pferde und Rinder: 5 \u2013 25 ml. l K\u00e4lber und Fohlen: 5 \u2013 12 ml. l Ziegen und Schafe: 2,5 \u2013 5 ml. l L\u00e4mmer und Zicklein: 1,5 \u2013 2,5 ml. l Schweine: 2,5 \u2013 10 ml. l Ferkel: 1 \u2013 2,5 ml. l Hunde und Katzen: 0,5 \u2013 5 ml. l Gefl\u00fcgel: 1 ml. l Bei Bedarf t\u00e4glich wiederholen. Bei chronischen Erkrankungen: die halbe Dosis in Abst\u00e4nden von 1\u20132 Wochen oder weniger. l Bei gesunden Tieren: die halbe Dosis. Karenzzeiten: l F\u00fcr Fleisch: 0 Tage. l F\u00fcr Milch: 0 Tage. Lagerung: Unter 30 \u00b0C lagern. NICHT F\u00dcR DEN MENSCHLICHEN GEBRAUCH NUR F\u00dcR TIER\u00c4RZTLICHE BEHANDLUNG AUFBEWAHRUNG F\u00dcR KINDER\" \/>\n<meta property=\"og:url\" content=\"https:\/\/vet-chem.com\/de\/product\/ad3e-butachem\/\" \/>\n<meta property=\"og:site_name\" content=\"Vetchem\" \/>\n<meta property=\"article:publisher\" content=\"https:\/\/www.facebook.com\/VetChemGerman\" \/>\n<meta property=\"article:modified_time\" content=\"2024-08-31T13:49:51+00:00\" \/>\n<meta property=\"og:image\" content=\"https:\/\/vet-chem.com\/wp-content\/uploads\/2024\/08\/AD3E.png\" \/>\n\t<meta property=\"og:image:width\" content=\"740\" \/>\n\t<meta property=\"og:image:height\" content=\"712\" \/>\n\t<meta property=\"og:image:type\" content=\"image\/png\" \/>\n<meta name=\"twitter:card\" content=\"summary_large_image\" \/>\n<meta name=\"twitter:label1\" content=\"Gesch\u00e4tzte Lesezeit\" \/>\n\t<meta name=\"twitter:data1\" content=\"1\u00a0Minute\" \/>\n<script type=\"application\/ld+json\" class=\"yoast-schema-graph\">{\"@context\":\"https:\\\/\\\/schema.org\",\"@graph\":[{\"@type\":\"WebPage\",\"@id\":\"https:\\\/\\\/vet-chem.com\\\/de\\\/product\\\/ad3e-butachem\\\/\",\"url\":\"https:\\\/\\\/vet-chem.com\\\/de\\\/product\\\/ad3e-butachem\\\/\",\"name\":\"AD3E BUTACHEM - Vetchem\",\"isPartOf\":{\"@id\":\"https:\\\/\\\/vet-chem.com\\\/de\\\/#website\"},\"primaryImageOfPage\":{\"@id\":\"https:\\\/\\\/vet-chem.com\\\/de\\\/product\\\/ad3e-butachem\\\/#primaryimage\"},\"image\":{\"@id\":\"https:\\\/\\\/vet-chem.com\\\/de\\\/product\\\/ad3e-butachem\\\/#primaryimage\"},\"thumbnailUrl\":\"https:\\\/\\\/vet-chem.com\\\/wp-content\\\/uploads\\\/2024\\\/08\\\/AD3E.png\",\"datePublished\":\"2024-08-05T12:04:23+00:00\",\"dateModified\":\"2024-08-31T13:49:51+00:00\",\"breadcrumb\":{\"@id\":\"https:\\\/\\\/vet-chem.com\\\/de\\\/product\\\/ad3e-butachem\\\/#breadcrumb\"},\"inLanguage\":\"de\",\"potentialAction\":[{\"@type\":\"ReadAction\",\"target\":[\"https:\\\/\\\/vet-chem.com\\\/de\\\/product\\\/ad3e-butachem\\\/\"]}]},{\"@type\":\"ImageObject\",\"inLanguage\":\"de\",\"@id\":\"https:\\\/\\\/vet-chem.com\\\/de\\\/product\\\/ad3e-butachem\\\/#primaryimage\",\"url\":\"https:\\\/\\\/vet-chem.com\\\/wp-content\\\/uploads\\\/2024\\\/08\\\/AD3E.png\",\"contentUrl\":\"https:\\\/\\\/vet-chem.com\\\/wp-content\\\/uploads\\\/2024\\\/08\\\/AD3E.png\",\"width\":740,\"height\":712},{\"@type\":\"BreadcrumbList\",\"@id\":\"https:\\\/\\\/vet-chem.com\\\/de\\\/product\\\/ad3e-butachem\\\/#breadcrumb\",\"itemListElement\":[{\"@type\":\"ListItem\",\"position\":1,\"name\":\"Home\",\"item\":\"https:\\\/\\\/vet-chem.com\\\/de\\\/home\\\/\"},{\"@type\":\"ListItem\",\"position\":2,\"name\":\"Produkte\",\"item\":\"https:\\\/\\\/vet-chem.com\\\/de\\\/shop\\\/\"},{\"@type\":\"ListItem\",\"position\":3,\"name\":\"AD3E BUTACHEM\"}]},{\"@type\":\"WebSite\",\"@id\":\"https:\\\/\\\/vet-chem.com\\\/de\\\/#website\",\"url\":\"https:\\\/\\\/vet-chem.com\\\/de\\\/\",\"name\":\"Vetchem\",\"description\":\"\",\"publisher\":{\"@id\":\"https:\\\/\\\/vet-chem.com\\\/de\\\/#organization\"},\"potentialAction\":[{\"@type\":\"SearchAction\",\"target\":{\"@type\":\"EntryPoint\",\"urlTemplate\":\"https:\\\/\\\/vet-chem.com\\\/de\\\/?s={search_term_string}\"},\"query-input\":{\"@type\":\"PropertyValueSpecification\",\"valueRequired\":true,\"valueName\":\"search_term_string\"}}],\"inLanguage\":\"de\"},{\"@type\":\"Organization\",\"@id\":\"https:\\\/\\\/vet-chem.com\\\/de\\\/#organization\",\"name\":\"Vetchem\",\"url\":\"https:\\\/\\\/vet-chem.com\\\/de\\\/\",\"logo\":{\"@type\":\"ImageObject\",\"inLanguage\":\"de\",\"@id\":\"https:\\\/\\\/vet-chem.com\\\/de\\\/#\\\/schema\\\/logo\\\/image\\\/\",\"url\":\"https:\\\/\\\/vet-chem.com\\\/wp-content\\\/uploads\\\/2024\\\/06\\\/logo.svg\",\"contentUrl\":\"https:\\\/\\\/vet-chem.com\\\/wp-content\\\/uploads\\\/2024\\\/06\\\/logo.svg\",\"width\":412,\"height\":195,\"caption\":\"Vetchem\"},\"image\":{\"@id\":\"https:\\\/\\\/vet-chem.com\\\/de\\\/#\\\/schema\\\/logo\\\/image\\\/\"},\"sameAs\":[\"https:\\\/\\\/www.facebook.com\\\/VetChemGerman\"]}]}<\/script>\n<!-- \/ Yoast SEO plugin. -->","yoast_head_json":{"title":"AD3E BUTACHEM - Vetchem","robots":{"index":"index","follow":"follow","max-snippet":"max-snippet:-1","max-image-preview":"max-image-preview:large","max-video-preview":"max-video-preview:-1"},"canonical":"https:\/\/vet-chem.com\/de\/product\/ad3e-butachem\/","og_locale":"de_DE","og_type":"article","og_title":"AD3E BUTACHEM - Vetchem","og_description":"Zusammensetzung: Jeder ml enth\u00e4lt: Butaphosphan: 50 mg Vitamin A: 30000 IE Vitamin D3: 40000 IE Vitamin E: 20 mg Indikationen: l AD3EBUTACHEM INJECTION ist angezeigt bei Schw\u00e4chung durch akute oder chronische Stoffwechselst\u00f6rungen, die auf schlechte Ern\u00e4hrung, unzureichende Haltung oder Krankheit zur\u00fcckzuf\u00fchren sind (z. B. Entwicklungs- und Ern\u00e4hrungsst\u00f6rungen bei Jungtieren aufgrund von Aufzuchtkrankheiten und (sekund\u00e4re) Ketose bei K\u00fchen). l Es kann zur Metaphylaxe von Unfruchtbarkeit, Wochenbetterkrankungen und zur Unterst\u00fctzung der Sterilit\u00e4tsbehandlung verwendet werden. l Es wirkt st\u00e4rkend bei Stress, \u00dcberanstrengung, Ersch\u00f6pfung und verminderter Widerstandskraft und tonisierend bei Schw\u00e4che, sekund\u00e4rer An\u00e4mie und Fr\u00f6steln. l AD3EBUTACHEM INJEKTION unterst\u00fctzt zus\u00e4tzlich die Muskelphysiologie, die Behandlung von Unfruchtbarkeit sowie Tetanie und Parese als Erg\u00e4nzung zur Kalzium- und Magnesiumtherapie. Dosierung und Verabreichung: Zur intraven\u00f6sen, intramuskul\u00e4ren oder subkutanen Verabreichung: l Pferde und Rinder: 5 \u2013 25 ml. l K\u00e4lber und Fohlen: 5 \u2013 12 ml. l Ziegen und Schafe: 2,5 \u2013 5 ml. l L\u00e4mmer und Zicklein: 1,5 \u2013 2,5 ml. l Schweine: 2,5 \u2013 10 ml. l Ferkel: 1 \u2013 2,5 ml. l Hunde und Katzen: 0,5 \u2013 5 ml. l Gefl\u00fcgel: 1 ml. l Bei Bedarf t\u00e4glich wiederholen. Bei chronischen Erkrankungen: die halbe Dosis in Abst\u00e4nden von 1\u20132 Wochen oder weniger. l Bei gesunden Tieren: die halbe Dosis. Karenzzeiten: l F\u00fcr Fleisch: 0 Tage. l F\u00fcr Milch: 0 Tage. Lagerung: Unter 30 \u00b0C lagern. NICHT F\u00dcR DEN MENSCHLICHEN GEBRAUCH NUR F\u00dcR TIER\u00c4RZTLICHE BEHANDLUNG AUFBEWAHRUNG F\u00dcR KINDER","og_url":"https:\/\/vet-chem.com\/de\/product\/ad3e-butachem\/","og_site_name":"Vetchem","article_publisher":"https:\/\/www.facebook.com\/VetChemGerman","article_modified_time":"2024-08-31T13:49:51+00:00","og_image":[{"width":740,"height":712,"url":"https:\/\/vet-chem.com\/wp-content\/uploads\/2024\/08\/AD3E.png","type":"image\/png"}],"twitter_card":"summary_large_image","twitter_misc":{"Gesch\u00e4tzte Lesezeit":"1\u00a0Minute"},"schema":{"@context":"https:\/\/schema.org","@graph":[{"@type":"WebPage","@id":"https:\/\/vet-chem.com\/de\/product\/ad3e-butachem\/","url":"https:\/\/vet-chem.com\/de\/product\/ad3e-butachem\/","name":"AD3E BUTACHEM - Vetchem","isPartOf":{"@id":"https:\/\/vet-chem.com\/de\/#website"},"primaryImageOfPage":{"@id":"https:\/\/vet-chem.com\/de\/product\/ad3e-butachem\/#primaryimage"},"image":{"@id":"https:\/\/vet-chem.com\/de\/product\/ad3e-butachem\/#primaryimage"},"thumbnailUrl":"https:\/\/vet-chem.com\/wp-content\/uploads\/2024\/08\/AD3E.png","datePublished":"2024-08-05T12:04:23+00:00","dateModified":"2024-08-31T13:49:51+00:00","breadcrumb":{"@id":"https:\/\/vet-chem.com\/de\/product\/ad3e-butachem\/#breadcrumb"},"inLanguage":"de","potentialAction":[{"@type":"ReadAction","target":["https:\/\/vet-chem.com\/de\/product\/ad3e-butachem\/"]}]},{"@type":"ImageObject","inLanguage":"de","@id":"https:\/\/vet-chem.com\/de\/product\/ad3e-butachem\/#primaryimage","url":"https:\/\/vet-chem.com\/wp-content\/uploads\/2024\/08\/AD3E.png","contentUrl":"https:\/\/vet-chem.com\/wp-content\/uploads\/2024\/08\/AD3E.png","width":740,"height":712},{"@type":"BreadcrumbList","@id":"https:\/\/vet-chem.com\/de\/product\/ad3e-butachem\/#breadcrumb","itemListElement":[{"@type":"ListItem","position":1,"name":"Home","item":"https:\/\/vet-chem.com\/de\/home\/"},{"@type":"ListItem","position":2,"name":"Produkte","item":"https:\/\/vet-chem.com\/de\/shop\/"},{"@type":"ListItem","position":3,"name":"AD3E BUTACHEM"}]},{"@type":"WebSite","@id":"https:\/\/vet-chem.com\/de\/#website","url":"https:\/\/vet-chem.com\/de\/","name":"Vetchem","description":"","publisher":{"@id":"https:\/\/vet-chem.com\/de\/#organization"},"potentialAction":[{"@type":"SearchAction","target":{"@type":"EntryPoint","urlTemplate":"https:\/\/vet-chem.com\/de\/?s={search_term_string}"},"query-input":{"@type":"PropertyValueSpecification","valueRequired":true,"valueName":"search_term_string"}}],"inLanguage":"de"},{"@type":"Organization","@id":"https:\/\/vet-chem.com\/de\/#organization","name":"Vetchem","url":"https:\/\/vet-chem.com\/de\/","logo":{"@type":"ImageObject","inLanguage":"de","@id":"https:\/\/vet-chem.com\/de\/#\/schema\/logo\/image\/","url":"https:\/\/vet-chem.com\/wp-content\/uploads\/2024\/06\/logo.svg","contentUrl":"https:\/\/vet-chem.com\/wp-content\/uploads\/2024\/06\/logo.svg","width":412,"height":195,"caption":"Vetchem"},"image":{"@id":"https:\/\/vet-chem.com\/de\/#\/schema\/logo\/image\/"},"sameAs":["https:\/\/www.facebook.com\/VetChemGerman"]}]}},"_links":{"self":[{"href":"https:\/\/vet-chem.com\/de\/wp-json\/wp\/v2\/product\/916","targetHints":{"allow":["GET"]}}],"collection":[{"href":"https:\/\/vet-chem.com\/de\/wp-json\/wp\/v2\/product"}],"about":[{"href":"https:\/\/vet-chem.com\/de\/wp-json\/wp\/v2\/types\/product"}],"replies":[{"embeddable":true,"href":"https:\/\/vet-chem.com\/de\/wp-json\/wp\/v2\/comments?post=916"}],"wp:featuredmedia":[{"embeddable":true,"href":"https:\/\/vet-chem.com\/de\/wp-json\/wp\/v2\/media\/773"}],"wp:attachment":[{"href":"https:\/\/vet-chem.com\/de\/wp-json\/wp\/v2\/media?parent=916"}],"wp:term":[{"taxonomy":"product_brand","embeddable":true,"href":"https:\/\/vet-chem.com\/de\/wp-json\/wp\/v2\/product_brand?post=916"},{"taxonomy":"product_cat","embeddable":true,"href":"https:\/\/vet-chem.com\/de\/wp-json\/wp\/v2\/product_cat?post=916"},{"taxonomy":"product_tag","embeddable":true,"href":"https:\/\/vet-chem.com\/de\/wp-json\/wp\/v2\/product_tag?post=916"}],"curies":[{"name":"wp","href":"https:\/\/api.w.org\/{rel}","templated":true}]}}