{"id":917,"date":"2024-08-05T15:01:03","date_gmt":"2024-08-05T12:01:03","guid":{"rendered":"https:\/\/vet-chem.com\/product\/amoxychem-15-la\/"},"modified":"2024-08-31T16:50:11","modified_gmt":"2024-08-31T13:50:11","slug":"amoxychem-15-la","status":"publish","type":"product","link":"https:\/\/vet-chem.com\/de\/product\/amoxychem-15-la\/","title":{"rendered":"AMOXYCHEM 15% LA"},"content":{"rendered":"<p>Zusammensetzung:<br \/>\nEnth\u00e4lt pro ml:<br \/>\nAmoxycillin (als Trihydrat) 150 mg<\/p>\n<p>Beschreibung:<br \/>\nAmoxycillin langwirkend ist ein breitbandiges, halbsynthetisches Penicillin, das sowohl gegen grampositive als auch gramnegative Bakterien wirksam ist. Das Wirkungsspektrum umfasst Streptokokken, nicht penicillinaseproduzierende Staphylokokken, Bacillus anthracis, Corynebacterium spp., Clostridium spp., Brucella spp., Haemophilus spp., Pasteurella spp., Salmonella spp., Moraxella spp., E. coli, Erysipelothrix rhusiopathiae, Fusiformis, Bordetella spp., Diplococci, Micrococci und Sphaerophorus necrophorus. Amoxycillin hat viele Vorteile; es ist nicht toxisch, hat eine gute Darmresorption, ist stabil unter sauren Bedingungen und ist bakterizid. Das Medikament wird z. B. durch Penicillinase-produzierende Staphylokokken und einige gramnegative St\u00e4mme zerst\u00f6rt.<\/p>\n<p>Indikationen:<br \/>\nAMOXYCHEM 15 % LA Inj. ist wirksam gegen Infektionen des Verdauungstrakts, der Atemwege, des Urogenitaltrakts, Colimastitis und sekund\u00e4re bakterielle Infektionen im Verlauf einer Viruserkrankung bei Pferden, Rindern, Schweinen, Schafen, Ziegen, Hunden und Katzen.<br \/>\nKontraindikationen:<\/p>\n<p>Nicht verabreichen an Neugeborene, kleine Pflanzenfresser (wie Meerschweinchen, Kaninchen), Tiere mit \u00dcberempfindlichkeit gegen Penicilline, Nierenfunktionsst\u00f6rungen, Infektionen durch Penicillinase-produzierende Bakterien.<\/p>\n<p>Nebenwirkungen:<br \/>\nIntramuskul\u00e4re Injektion kann Schmerzreaktionen verursachen. Es k\u00f6nnen \u00dcberempfindlichkeitsreaktionen auftreten, z. B. anaphylaktischer Schock.<\/p>\n<p>Inkompatibilit\u00e4t mit anderen Medikamenten:<br \/>\nAmoxicillin ist inkompatibel mit schnell wirkenden bakteriostatischen antimikrobiellen Medikamenten (z. B. Chloramphenicol, Tetracycline und Sulfonamide).<\/p>\n<p>Dosierung und Verabreichung:<\/p>\n<p>Zur intramuskul\u00e4ren Injektion. Vor Gebrauch gut sch\u00fctteln.<\/p>\n<p>Allgemeine Dosis: 1 ml pro 15 kg K\u00f6rpergewicht.<br \/>\nDiese Dosis kann bei Bedarf nach 48 Stunden wiederholt werden.<br \/>\nEs sollten nicht mehr als 20 ml in eine einzelne Stelle injiziert werden.<\/p>\n<p>Wartezeit:<\/p>\n<p>Fleisch: 14 Tage, Milch: 3 Tage<\/p>\n<p>Lagerung:<\/p>\n<p>An einem trockenen, dunklen Ort zwischen 15 \u00b0C und 25 \u00b0C lagern. Arzneimittel au\u00dferhalb der Reichweite von Kindern aufbewahren.<\/p>\n<p>NICHT F\u00dcR DEN MENSCHLICHEN GEBRAUCH<br \/>\nNUR F\u00dcR TIER\u00c4RZTLICHE BEHANDLUNG<br \/>\nAUFBEWAHRUNG AUSSERHALB DER REICHWEITE VON KINDERN<\/p>\n","protected":false},"excerpt":{"rendered":"<p>Zusammensetzung: Enth\u00e4lt pro ml: Amoxycillin (als Trihydrat) 150 mg Beschreibung: Amoxycillin langwirkend ist ein breitbandiges, halbsynthetisches Penicillin, das sowohl gegen grampositive als auch gramnegative Bakterien wirksam ist. Das Wirkungsspektrum umfasst Streptokokken, nicht penicillinaseproduzierende Staphylokokken, Bacillus anthracis, Corynebacterium spp., Clostridium spp., Brucella spp., Haemophilus spp., Pasteurella spp., Salmonella spp., Moraxella spp., E. coli, Erysipelothrix rhusiopathiae, Fusiformis, Bordetella spp., Diplococci, Micrococci und Sphaerophorus necrophorus. Amoxycillin hat viele Vorteile; es ist nicht toxisch, hat eine gute Darmresorption, ist stabil unter sauren Bedingungen und ist bakterizid. Das Medikament wird z. B. durch Penicillinase-produzierende Staphylokokken und einige gramnegative St\u00e4mme zerst\u00f6rt. Indikationen: AMOXYCHEM 15 % LA Inj. ist wirksam gegen Infektionen des Verdauungstrakts, der Atemwege, des Urogenitaltrakts, Colimastitis und sekund\u00e4re bakterielle Infektionen im Verlauf einer Viruserkrankung bei Pferden, Rindern, Schweinen, Schafen, Ziegen, Hunden und Katzen. Kontraindikationen: Nicht verabreichen an Neugeborene, kleine Pflanzenfresser (wie Meerschweinchen, Kaninchen), Tiere mit \u00dcberempfindlichkeit gegen Penicilline, Nierenfunktionsst\u00f6rungen, Infektionen durch Penicillinase-produzierende Bakterien. Nebenwirkungen: Intramuskul\u00e4re Injektion kann Schmerzreaktionen verursachen. Es k\u00f6nnen \u00dcberempfindlichkeitsreaktionen auftreten, z. B. anaphylaktischer Schock. Inkompatibilit\u00e4t mit anderen Medikamenten: Amoxicillin ist inkompatibel mit schnell wirkenden bakteriostatischen antimikrobiellen Medikamenten (z. B. Chloramphenicol, Tetracycline und Sulfonamide). Dosierung und Verabreichung: Zur intramuskul\u00e4ren Injektion. Vor Gebrauch gut sch\u00fctteln. Allgemeine Dosis: 1 ml pro 15 kg K\u00f6rpergewicht. Diese Dosis kann bei Bedarf nach 48 Stunden wiederholt werden. Es sollten nicht mehr als 20 ml in eine einzelne Stelle injiziert werden. Wartezeit: Fleisch: 14 Tage, Milch: 3 Tage Lagerung: An einem trockenen, dunklen Ort zwischen 15 \u00b0C und 25 \u00b0C lagern. Arzneimittel au\u00dferhalb der Reichweite von Kindern aufbewahren. NICHT F\u00dcR DEN MENSCHLICHEN GEBRAUCH NUR F\u00dcR TIER\u00c4RZTLICHE BEHANDLUNG AUFBEWAHRUNG AUSSERHALB DER REICHWEITE VON KINDERN<\/p>\n","protected":false},"featured_media":772,"comment_status":"open","ping_status":"closed","template":"","meta":{"site-sidebar-layout":"default","site-content-layout":"","ast-site-content-layout":"default","site-content-style":"default","site-sidebar-style":"default","ast-global-header-display":"","ast-banner-title-visibility":"","ast-main-header-display":"","ast-hfb-above-header-display":"","ast-hfb-below-header-display":"","ast-hfb-mobile-header-display":"","site-post-title":"","ast-breadcrumbs-content":"","ast-featured-img":"","footer-sml-layout":"","ast-disable-related-posts":"","theme-transparent-header-meta":"default","adv-header-id-meta":"","stick-header-meta":"","header-above-stick-meta":"","header-main-stick-meta":"","header-below-stick-meta":"","astra-migrate-meta-layouts":"set","ast-page-background-enabled":"default","ast-page-background-meta":{"desktop":{"background-color":"var(--ast-global-color-4)","background-image":"","background-repeat":"repeat","background-position":"center center","background-size":"auto","background-attachment":"scroll","background-type":"","background-media":"","overlay-type":"","overlay-color":"","overlay-opacity":"","overlay-gradient":""},"tablet":{"background-color":"","background-image":"","background-repeat":"repeat","background-position":"center center","background-size":"auto","background-attachment":"scroll","background-type":"","background-media":"","overlay-type":"","overlay-color":"","overlay-opacity":"","overlay-gradient":""},"mobile":{"background-color":"","background-image":"","background-repeat":"repeat","background-position":"center center","background-size":"auto","background-attachment":"scroll","background-type":"","background-media":"","overlay-type":"","overlay-color":"","overlay-opacity":"","overlay-gradient":""}},"ast-content-background-meta":{"desktop":{"background-color":"var(--ast-global-color-5)","background-image":"","background-repeat":"repeat","background-position":"center center","background-size":"auto","background-attachment":"scroll","background-type":"","background-media":"","overlay-type":"","overlay-color":"","overlay-opacity":"","overlay-gradient":""},"tablet":{"background-color":"var(--ast-global-color-5)","background-image":"","background-repeat":"repeat","background-position":"center center","background-size":"auto","background-attachment":"scroll","background-type":"","background-media":"","overlay-type":"","overlay-color":"","overlay-opacity":"","overlay-gradient":""},"mobile":{"background-color":"var(--ast-global-color-5)","background-image":"","background-repeat":"repeat","background-position":"center center","background-size":"auto","background-attachment":"scroll","background-type":"","background-media":"","overlay-type":"","overlay-color":"","overlay-opacity":"","overlay-gradient":""}}},"product_brand":[],"product_cat":[42],"product_tag":[],"class_list":{"0":"post-917","1":"product","2":"type-product","3":"status-publish","4":"has-post-thumbnail","6":"product_cat-unkategorisiert","7":"desktop-align-left","8":"tablet-align-left","9":"mobile-align-left","11":"first","12":"instock","13":"shipping-taxable","14":"product-type-simple"},"yoast_head":"<!-- This site is optimized with the Yoast SEO plugin v27.3 - https:\/\/yoast.com\/product\/yoast-seo-wordpress\/ -->\n<title>AMOXYCHEM 15% LA - Vetchem<\/title>\n<meta name=\"robots\" content=\"index, follow, max-snippet:-1, max-image-preview:large, max-video-preview:-1\" \/>\n<link rel=\"canonical\" href=\"https:\/\/vet-chem.com\/de\/product\/amoxychem-15-la\/\" \/>\n<meta property=\"og:locale\" content=\"de_DE\" \/>\n<meta property=\"og:type\" content=\"article\" \/>\n<meta property=\"og:title\" content=\"AMOXYCHEM 15% LA - Vetchem\" \/>\n<meta property=\"og:description\" content=\"Zusammensetzung: Enth\u00e4lt pro ml: Amoxycillin (als Trihydrat) 150 mg Beschreibung: Amoxycillin langwirkend ist ein breitbandiges, halbsynthetisches Penicillin, das sowohl gegen grampositive als auch gramnegative Bakterien wirksam ist. Das Wirkungsspektrum umfasst Streptokokken, nicht penicillinaseproduzierende Staphylokokken, Bacillus anthracis, Corynebacterium spp., Clostridium spp., Brucella spp., Haemophilus spp., Pasteurella spp., Salmonella spp., Moraxella spp., E. coli, Erysipelothrix rhusiopathiae, Fusiformis, Bordetella spp., Diplococci, Micrococci und Sphaerophorus necrophorus. Amoxycillin hat viele Vorteile; es ist nicht toxisch, hat eine gute Darmresorption, ist stabil unter sauren Bedingungen und ist bakterizid. Das Medikament wird z. B. durch Penicillinase-produzierende Staphylokokken und einige gramnegative St\u00e4mme zerst\u00f6rt. Indikationen: AMOXYCHEM 15 % LA Inj. ist wirksam gegen Infektionen des Verdauungstrakts, der Atemwege, des Urogenitaltrakts, Colimastitis und sekund\u00e4re bakterielle Infektionen im Verlauf einer Viruserkrankung bei Pferden, Rindern, Schweinen, Schafen, Ziegen, Hunden und Katzen. Kontraindikationen: Nicht verabreichen an Neugeborene, kleine Pflanzenfresser (wie Meerschweinchen, Kaninchen), Tiere mit \u00dcberempfindlichkeit gegen Penicilline, Nierenfunktionsst\u00f6rungen, Infektionen durch Penicillinase-produzierende Bakterien. Nebenwirkungen: Intramuskul\u00e4re Injektion kann Schmerzreaktionen verursachen. Es k\u00f6nnen \u00dcberempfindlichkeitsreaktionen auftreten, z. B. anaphylaktischer Schock. Inkompatibilit\u00e4t mit anderen Medikamenten: Amoxicillin ist inkompatibel mit schnell wirkenden bakteriostatischen antimikrobiellen Medikamenten (z. B. Chloramphenicol, Tetracycline und Sulfonamide). Dosierung und Verabreichung: Zur intramuskul\u00e4ren Injektion. Vor Gebrauch gut sch\u00fctteln. Allgemeine Dosis: 1 ml pro 15 kg K\u00f6rpergewicht. Diese Dosis kann bei Bedarf nach 48 Stunden wiederholt werden. Es sollten nicht mehr als 20 ml in eine einzelne Stelle injiziert werden. Wartezeit: Fleisch: 14 Tage, Milch: 3 Tage Lagerung: An einem trockenen, dunklen Ort zwischen 15 \u00b0C und 25 \u00b0C lagern. Arzneimittel au\u00dferhalb der Reichweite von Kindern aufbewahren. NICHT F\u00dcR DEN MENSCHLICHEN GEBRAUCH NUR F\u00dcR TIER\u00c4RZTLICHE BEHANDLUNG AUFBEWAHRUNG AUSSERHALB DER REICHWEITE VON KINDERN\" \/>\n<meta property=\"og:url\" content=\"https:\/\/vet-chem.com\/de\/product\/amoxychem-15-la\/\" \/>\n<meta property=\"og:site_name\" content=\"Vetchem\" \/>\n<meta property=\"article:publisher\" content=\"https:\/\/www.facebook.com\/VetChemGerman\" \/>\n<meta property=\"article:modified_time\" content=\"2024-08-31T13:50:11+00:00\" \/>\n<meta property=\"og:image\" content=\"https:\/\/vet-chem.com\/wp-content\/uploads\/2024\/08\/AMOXYCHEM-15-LA.png\" \/>\n\t<meta property=\"og:image:width\" content=\"740\" \/>\n\t<meta property=\"og:image:height\" content=\"712\" \/>\n\t<meta property=\"og:image:type\" content=\"image\/png\" \/>\n<meta name=\"twitter:card\" content=\"summary_large_image\" \/>\n<meta name=\"twitter:label1\" content=\"Gesch\u00e4tzte Lesezeit\" \/>\n\t<meta name=\"twitter:data1\" content=\"1\u00a0Minute\" \/>\n<script type=\"application\/ld+json\" class=\"yoast-schema-graph\">{\"@context\":\"https:\\\/\\\/schema.org\",\"@graph\":[{\"@type\":\"WebPage\",\"@id\":\"https:\\\/\\\/vet-chem.com\\\/de\\\/product\\\/amoxychem-15-la\\\/\",\"url\":\"https:\\\/\\\/vet-chem.com\\\/de\\\/product\\\/amoxychem-15-la\\\/\",\"name\":\"AMOXYCHEM 15% LA - Vetchem\",\"isPartOf\":{\"@id\":\"https:\\\/\\\/vet-chem.com\\\/de\\\/#website\"},\"primaryImageOfPage\":{\"@id\":\"https:\\\/\\\/vet-chem.com\\\/de\\\/product\\\/amoxychem-15-la\\\/#primaryimage\"},\"image\":{\"@id\":\"https:\\\/\\\/vet-chem.com\\\/de\\\/product\\\/amoxychem-15-la\\\/#primaryimage\"},\"thumbnailUrl\":\"https:\\\/\\\/vet-chem.com\\\/wp-content\\\/uploads\\\/2024\\\/08\\\/AMOXYCHEM-15-LA.png\",\"datePublished\":\"2024-08-05T12:01:03+00:00\",\"dateModified\":\"2024-08-31T13:50:11+00:00\",\"breadcrumb\":{\"@id\":\"https:\\\/\\\/vet-chem.com\\\/de\\\/product\\\/amoxychem-15-la\\\/#breadcrumb\"},\"inLanguage\":\"de\",\"potentialAction\":[{\"@type\":\"ReadAction\",\"target\":[\"https:\\\/\\\/vet-chem.com\\\/de\\\/product\\\/amoxychem-15-la\\\/\"]}]},{\"@type\":\"ImageObject\",\"inLanguage\":\"de\",\"@id\":\"https:\\\/\\\/vet-chem.com\\\/de\\\/product\\\/amoxychem-15-la\\\/#primaryimage\",\"url\":\"https:\\\/\\\/vet-chem.com\\\/wp-content\\\/uploads\\\/2024\\\/08\\\/AMOXYCHEM-15-LA.png\",\"contentUrl\":\"https:\\\/\\\/vet-chem.com\\\/wp-content\\\/uploads\\\/2024\\\/08\\\/AMOXYCHEM-15-LA.png\",\"width\":740,\"height\":712},{\"@type\":\"BreadcrumbList\",\"@id\":\"https:\\\/\\\/vet-chem.com\\\/de\\\/product\\\/amoxychem-15-la\\\/#breadcrumb\",\"itemListElement\":[{\"@type\":\"ListItem\",\"position\":1,\"name\":\"Home\",\"item\":\"https:\\\/\\\/vet-chem.com\\\/de\\\/home\\\/\"},{\"@type\":\"ListItem\",\"position\":2,\"name\":\"Produkte\",\"item\":\"https:\\\/\\\/vet-chem.com\\\/de\\\/shop\\\/\"},{\"@type\":\"ListItem\",\"position\":3,\"name\":\"AMOXYCHEM 15% LA\"}]},{\"@type\":\"WebSite\",\"@id\":\"https:\\\/\\\/vet-chem.com\\\/de\\\/#website\",\"url\":\"https:\\\/\\\/vet-chem.com\\\/de\\\/\",\"name\":\"Vetchem\",\"description\":\"\",\"publisher\":{\"@id\":\"https:\\\/\\\/vet-chem.com\\\/de\\\/#organization\"},\"potentialAction\":[{\"@type\":\"SearchAction\",\"target\":{\"@type\":\"EntryPoint\",\"urlTemplate\":\"https:\\\/\\\/vet-chem.com\\\/de\\\/?s={search_term_string}\"},\"query-input\":{\"@type\":\"PropertyValueSpecification\",\"valueRequired\":true,\"valueName\":\"search_term_string\"}}],\"inLanguage\":\"de\"},{\"@type\":\"Organization\",\"@id\":\"https:\\\/\\\/vet-chem.com\\\/de\\\/#organization\",\"name\":\"Vetchem\",\"url\":\"https:\\\/\\\/vet-chem.com\\\/de\\\/\",\"logo\":{\"@type\":\"ImageObject\",\"inLanguage\":\"de\",\"@id\":\"https:\\\/\\\/vet-chem.com\\\/de\\\/#\\\/schema\\\/logo\\\/image\\\/\",\"url\":\"https:\\\/\\\/vet-chem.com\\\/wp-content\\\/uploads\\\/2024\\\/06\\\/logo.svg\",\"contentUrl\":\"https:\\\/\\\/vet-chem.com\\\/wp-content\\\/uploads\\\/2024\\\/06\\\/logo.svg\",\"width\":412,\"height\":195,\"caption\":\"Vetchem\"},\"image\":{\"@id\":\"https:\\\/\\\/vet-chem.com\\\/de\\\/#\\\/schema\\\/logo\\\/image\\\/\"},\"sameAs\":[\"https:\\\/\\\/www.facebook.com\\\/VetChemGerman\"]}]}<\/script>\n<!-- \/ Yoast SEO plugin. -->","yoast_head_json":{"title":"AMOXYCHEM 15% LA - Vetchem","robots":{"index":"index","follow":"follow","max-snippet":"max-snippet:-1","max-image-preview":"max-image-preview:large","max-video-preview":"max-video-preview:-1"},"canonical":"https:\/\/vet-chem.com\/de\/product\/amoxychem-15-la\/","og_locale":"de_DE","og_type":"article","og_title":"AMOXYCHEM 15% LA - Vetchem","og_description":"Zusammensetzung: Enth\u00e4lt pro ml: Amoxycillin (als Trihydrat) 150 mg Beschreibung: Amoxycillin langwirkend ist ein breitbandiges, halbsynthetisches Penicillin, das sowohl gegen grampositive als auch gramnegative Bakterien wirksam ist. Das Wirkungsspektrum umfasst Streptokokken, nicht penicillinaseproduzierende Staphylokokken, Bacillus anthracis, Corynebacterium spp., Clostridium spp., Brucella spp., Haemophilus spp., Pasteurella spp., Salmonella spp., Moraxella spp., E. coli, Erysipelothrix rhusiopathiae, Fusiformis, Bordetella spp., Diplococci, Micrococci und Sphaerophorus necrophorus. Amoxycillin hat viele Vorteile; es ist nicht toxisch, hat eine gute Darmresorption, ist stabil unter sauren Bedingungen und ist bakterizid. Das Medikament wird z. B. durch Penicillinase-produzierende Staphylokokken und einige gramnegative St\u00e4mme zerst\u00f6rt. Indikationen: AMOXYCHEM 15 % LA Inj. ist wirksam gegen Infektionen des Verdauungstrakts, der Atemwege, des Urogenitaltrakts, Colimastitis und sekund\u00e4re bakterielle Infektionen im Verlauf einer Viruserkrankung bei Pferden, Rindern, Schweinen, Schafen, Ziegen, Hunden und Katzen. Kontraindikationen: Nicht verabreichen an Neugeborene, kleine Pflanzenfresser (wie Meerschweinchen, Kaninchen), Tiere mit \u00dcberempfindlichkeit gegen Penicilline, Nierenfunktionsst\u00f6rungen, Infektionen durch Penicillinase-produzierende Bakterien. Nebenwirkungen: Intramuskul\u00e4re Injektion kann Schmerzreaktionen verursachen. Es k\u00f6nnen \u00dcberempfindlichkeitsreaktionen auftreten, z. B. anaphylaktischer Schock. Inkompatibilit\u00e4t mit anderen Medikamenten: Amoxicillin ist inkompatibel mit schnell wirkenden bakteriostatischen antimikrobiellen Medikamenten (z. B. Chloramphenicol, Tetracycline und Sulfonamide). Dosierung und Verabreichung: Zur intramuskul\u00e4ren Injektion. Vor Gebrauch gut sch\u00fctteln. Allgemeine Dosis: 1 ml pro 15 kg K\u00f6rpergewicht. Diese Dosis kann bei Bedarf nach 48 Stunden wiederholt werden. Es sollten nicht mehr als 20 ml in eine einzelne Stelle injiziert werden. Wartezeit: Fleisch: 14 Tage, Milch: 3 Tage Lagerung: An einem trockenen, dunklen Ort zwischen 15 \u00b0C und 25 \u00b0C lagern. Arzneimittel au\u00dferhalb der Reichweite von Kindern aufbewahren. NICHT F\u00dcR DEN MENSCHLICHEN GEBRAUCH NUR F\u00dcR TIER\u00c4RZTLICHE BEHANDLUNG AUFBEWAHRUNG AUSSERHALB DER REICHWEITE VON KINDERN","og_url":"https:\/\/vet-chem.com\/de\/product\/amoxychem-15-la\/","og_site_name":"Vetchem","article_publisher":"https:\/\/www.facebook.com\/VetChemGerman","article_modified_time":"2024-08-31T13:50:11+00:00","og_image":[{"width":740,"height":712,"url":"https:\/\/vet-chem.com\/wp-content\/uploads\/2024\/08\/AMOXYCHEM-15-LA.png","type":"image\/png"}],"twitter_card":"summary_large_image","twitter_misc":{"Gesch\u00e4tzte Lesezeit":"1\u00a0Minute"},"schema":{"@context":"https:\/\/schema.org","@graph":[{"@type":"WebPage","@id":"https:\/\/vet-chem.com\/de\/product\/amoxychem-15-la\/","url":"https:\/\/vet-chem.com\/de\/product\/amoxychem-15-la\/","name":"AMOXYCHEM 15% LA - Vetchem","isPartOf":{"@id":"https:\/\/vet-chem.com\/de\/#website"},"primaryImageOfPage":{"@id":"https:\/\/vet-chem.com\/de\/product\/amoxychem-15-la\/#primaryimage"},"image":{"@id":"https:\/\/vet-chem.com\/de\/product\/amoxychem-15-la\/#primaryimage"},"thumbnailUrl":"https:\/\/vet-chem.com\/wp-content\/uploads\/2024\/08\/AMOXYCHEM-15-LA.png","datePublished":"2024-08-05T12:01:03+00:00","dateModified":"2024-08-31T13:50:11+00:00","breadcrumb":{"@id":"https:\/\/vet-chem.com\/de\/product\/amoxychem-15-la\/#breadcrumb"},"inLanguage":"de","potentialAction":[{"@type":"ReadAction","target":["https:\/\/vet-chem.com\/de\/product\/amoxychem-15-la\/"]}]},{"@type":"ImageObject","inLanguage":"de","@id":"https:\/\/vet-chem.com\/de\/product\/amoxychem-15-la\/#primaryimage","url":"https:\/\/vet-chem.com\/wp-content\/uploads\/2024\/08\/AMOXYCHEM-15-LA.png","contentUrl":"https:\/\/vet-chem.com\/wp-content\/uploads\/2024\/08\/AMOXYCHEM-15-LA.png","width":740,"height":712},{"@type":"BreadcrumbList","@id":"https:\/\/vet-chem.com\/de\/product\/amoxychem-15-la\/#breadcrumb","itemListElement":[{"@type":"ListItem","position":1,"name":"Home","item":"https:\/\/vet-chem.com\/de\/home\/"},{"@type":"ListItem","position":2,"name":"Produkte","item":"https:\/\/vet-chem.com\/de\/shop\/"},{"@type":"ListItem","position":3,"name":"AMOXYCHEM 15% LA"}]},{"@type":"WebSite","@id":"https:\/\/vet-chem.com\/de\/#website","url":"https:\/\/vet-chem.com\/de\/","name":"Vetchem","description":"","publisher":{"@id":"https:\/\/vet-chem.com\/de\/#organization"},"potentialAction":[{"@type":"SearchAction","target":{"@type":"EntryPoint","urlTemplate":"https:\/\/vet-chem.com\/de\/?s={search_term_string}"},"query-input":{"@type":"PropertyValueSpecification","valueRequired":true,"valueName":"search_term_string"}}],"inLanguage":"de"},{"@type":"Organization","@id":"https:\/\/vet-chem.com\/de\/#organization","name":"Vetchem","url":"https:\/\/vet-chem.com\/de\/","logo":{"@type":"ImageObject","inLanguage":"de","@id":"https:\/\/vet-chem.com\/de\/#\/schema\/logo\/image\/","url":"https:\/\/vet-chem.com\/wp-content\/uploads\/2024\/06\/logo.svg","contentUrl":"https:\/\/vet-chem.com\/wp-content\/uploads\/2024\/06\/logo.svg","width":412,"height":195,"caption":"Vetchem"},"image":{"@id":"https:\/\/vet-chem.com\/de\/#\/schema\/logo\/image\/"},"sameAs":["https:\/\/www.facebook.com\/VetChemGerman"]}]}},"_links":{"self":[{"href":"https:\/\/vet-chem.com\/de\/wp-json\/wp\/v2\/product\/917","targetHints":{"allow":["GET"]}}],"collection":[{"href":"https:\/\/vet-chem.com\/de\/wp-json\/wp\/v2\/product"}],"about":[{"href":"https:\/\/vet-chem.com\/de\/wp-json\/wp\/v2\/types\/product"}],"replies":[{"embeddable":true,"href":"https:\/\/vet-chem.com\/de\/wp-json\/wp\/v2\/comments?post=917"}],"wp:featuredmedia":[{"embeddable":true,"href":"https:\/\/vet-chem.com\/de\/wp-json\/wp\/v2\/media\/772"}],"wp:attachment":[{"href":"https:\/\/vet-chem.com\/de\/wp-json\/wp\/v2\/media?parent=917"}],"wp:term":[{"taxonomy":"product_brand","embeddable":true,"href":"https:\/\/vet-chem.com\/de\/wp-json\/wp\/v2\/product_brand?post=917"},{"taxonomy":"product_cat","embeddable":true,"href":"https:\/\/vet-chem.com\/de\/wp-json\/wp\/v2\/product_cat?post=917"},{"taxonomy":"product_tag","embeddable":true,"href":"https:\/\/vet-chem.com\/de\/wp-json\/wp\/v2\/product_tag?post=917"}],"curies":[{"name":"wp","href":"https:\/\/api.w.org\/{rel}","templated":true}]}}