{"id":918,"date":"2024-08-05T14:56:26","date_gmt":"2024-08-05T11:56:26","guid":{"rendered":"https:\/\/vet-chem.com\/product\/iverchem-2\/"},"modified":"2024-08-31T16:50:31","modified_gmt":"2024-08-31T13:50:31","slug":"iverchem-2","status":"publish","type":"product","link":"https:\/\/vet-chem.com\/de\/product\/iverchem-2\/","title":{"rendered":"IVERCHEM 2%"},"content":{"rendered":"<p>Zusammensetzung:<\/p>\n<p>Jeder ml enth\u00e4lt:<br \/>\nIvermectin B.P.: 20 mg<br \/>\nBenzylalkohol B.P. (als Konservierungsmittel): 2 % v\/v<br \/>\nPropylenglykol B.P.: q.s.<\/p>\n<p>Indikationen:<\/p>\n<p>Zur Behandlung und Bek\u00e4mpfung von Magen-Darm-Nematoden, Lungenw\u00fcrmern, Augenw\u00fcrmern, Dasselfliegen und Ektoparasiten wie Milben, Zecken und L\u00e4usen bei Rindern, B\u00fcffeln, Pferden, Schafen, Ziegen, Kamelen und Hunden.<\/p>\n<p>Kontraindikationen:<\/p>\n<p>IVERCHEM2 % Injektion intraven\u00f6s oder intramuskul\u00e4r. Nicht bei laktierenden K\u00fchen oder Milchk\u00fchen in den 28 Tagen vor dem Kalben anwenden.<\/p>\n<p>Achtung:<\/p>\n<p>Nicht empfohlen f\u00fcr Hunderassen mit Milchk\u00fchen.<\/p>\n<p>Warnung:<\/p>\n<p>Nicht intramuskul\u00e4r oder intraven\u00f6s anwenden.<br \/>\nSollte nicht bei laktierenden Tieren angewendet werden.<\/p>\n<p>Dosierung und Verabreichung:<\/p>\n<p>Rinder, K\u00e4lber, Schafe und Kamele:<br \/>\nDosierung: 1 ml pro 100 kg K\u00f6rpergewicht (basierend auf einer empfohlenen Menge von 200 mcg Ivermectin pro kg K\u00f6rpergewicht).<br \/>\nVerabreichung: Subkutan vor oder hinter der Schulter injizieren.<\/p>\n<p>Wartezeit:<\/p>\n<p>Rinder: Muss innerhalb von 21 Tagen nach der Schlachtung f\u00fcr den menschlichen Verzehr behandelt werden. Nicht bei Rindern anwenden, die Milch f\u00fcr den menschlichen Verzehr produzieren, oder bei Milchk\u00fchen innerhalb von 28 Tagen vor dem Kalben.<br \/>\nSchafe: Darf nicht innerhalb von 21 Tagen nach der Schlachtung f\u00fcr den menschlichen Verzehr behandelt werden. Nicht bei s\u00e4ugenden K\u00fchen oder innerhalb von 21 Tagen vor dem Lammen, wenn die Milch f\u00fcr den menschlichen Verzehr verwendet werden soll.<\/p>\n<p>Lagerung:<br \/>\nBei einer Temperatur von nicht mehr als 25 \u00b0C lagern.<br \/>\nVor Licht sch\u00fctzen.<\/p>\n<p>NUR F\u00dcR TIERE<br \/>\nAU\u00dfER REICHWEITE VON KINDERN AUFBEWAHREN<br \/>\nNUR F\u00dcR VETERIN\u00c4RZTLICHE VERWENDUNG<\/p>\n","protected":false},"excerpt":{"rendered":"<p>Zusammensetzung: Jeder ml enth\u00e4lt: Ivermectin B.P.: 20 mg Benzylalkohol B.P. (als Konservierungsmittel): 2 % v\/v Propylenglykol B.P.: q.s. Indikationen: Zur Behandlung und Bek\u00e4mpfung von Magen-Darm-Nematoden, Lungenw\u00fcrmern, Augenw\u00fcrmern, Dasselfliegen und Ektoparasiten wie Milben, Zecken und L\u00e4usen bei Rindern, B\u00fcffeln, Pferden, Schafen, Ziegen, Kamelen und Hunden. Kontraindikationen: IVERCHEM2 % Injektion intraven\u00f6s oder intramuskul\u00e4r. Nicht bei laktierenden K\u00fchen oder Milchk\u00fchen in den 28 Tagen vor dem Kalben anwenden. Achtung: Nicht empfohlen f\u00fcr Hunderassen mit Milchk\u00fchen. Warnung: Nicht intramuskul\u00e4r oder intraven\u00f6s anwenden. Sollte nicht bei laktierenden Tieren angewendet werden. Dosierung und Verabreichung: Rinder, K\u00e4lber, Schafe und Kamele: Dosierung: 1 ml pro 100 kg K\u00f6rpergewicht (basierend auf einer empfohlenen Menge von 200 mcg Ivermectin pro kg K\u00f6rpergewicht). Verabreichung: Subkutan vor oder hinter der Schulter injizieren. Wartezeit: Rinder: Muss innerhalb von 21 Tagen nach der Schlachtung f\u00fcr den menschlichen Verzehr behandelt werden. Nicht bei Rindern anwenden, die Milch f\u00fcr den menschlichen Verzehr produzieren, oder bei Milchk\u00fchen innerhalb von 28 Tagen vor dem Kalben. Schafe: Darf nicht innerhalb von 21 Tagen nach der Schlachtung f\u00fcr den menschlichen Verzehr behandelt werden. Nicht bei s\u00e4ugenden K\u00fchen oder innerhalb von 21 Tagen vor dem Lammen, wenn die Milch f\u00fcr den menschlichen Verzehr verwendet werden soll. Lagerung: Bei einer Temperatur von nicht mehr als 25 \u00b0C lagern. Vor Licht sch\u00fctzen. NUR F\u00dcR TIERE AU\u00dfER REICHWEITE VON KINDERN AUFBEWAHREN NUR F\u00dcR VETERIN\u00c4RZTLICHE VERWENDUNG<\/p>\n","protected":false},"featured_media":771,"comment_status":"open","ping_status":"closed","template":"","meta":{"site-sidebar-layout":"default","site-content-layout":"","ast-site-content-layout":"default","site-content-style":"default","site-sidebar-style":"default","ast-global-header-display":"","ast-banner-title-visibility":"","ast-main-header-display":"","ast-hfb-above-header-display":"","ast-hfb-below-header-display":"","ast-hfb-mobile-header-display":"","site-post-title":"","ast-breadcrumbs-content":"","ast-featured-img":"","footer-sml-layout":"","ast-disable-related-posts":"","theme-transparent-header-meta":"default","adv-header-id-meta":"","stick-header-meta":"","header-above-stick-meta":"","header-main-stick-meta":"","header-below-stick-meta":"","astra-migrate-meta-layouts":"set","ast-page-background-enabled":"default","ast-page-background-meta":{"desktop":{"background-color":"var(--ast-global-color-4)","background-image":"","background-repeat":"repeat","background-position":"center center","background-size":"auto","background-attachment":"scroll","background-type":"","background-media":"","overlay-type":"","overlay-color":"","overlay-opacity":"","overlay-gradient":""},"tablet":{"background-color":"","background-image":"","background-repeat":"repeat","background-position":"center center","background-size":"auto","background-attachment":"scroll","background-type":"","background-media":"","overlay-type":"","overlay-color":"","overlay-opacity":"","overlay-gradient":""},"mobile":{"background-color":"","background-image":"","background-repeat":"repeat","background-position":"center center","background-size":"auto","background-attachment":"scroll","background-type":"","background-media":"","overlay-type":"","overlay-color":"","overlay-opacity":"","overlay-gradient":""}},"ast-content-background-meta":{"desktop":{"background-color":"var(--ast-global-color-5)","background-image":"","background-repeat":"repeat","background-position":"center center","background-size":"auto","background-attachment":"scroll","background-type":"","background-media":"","overlay-type":"","overlay-color":"","overlay-opacity":"","overlay-gradient":""},"tablet":{"background-color":"var(--ast-global-color-5)","background-image":"","background-repeat":"repeat","background-position":"center center","background-size":"auto","background-attachment":"scroll","background-type":"","background-media":"","overlay-type":"","overlay-color":"","overlay-opacity":"","overlay-gradient":""},"mobile":{"background-color":"var(--ast-global-color-5)","background-image":"","background-repeat":"repeat","background-position":"center center","background-size":"auto","background-attachment":"scroll","background-type":"","background-media":"","overlay-type":"","overlay-color":"","overlay-opacity":"","overlay-gradient":""}}},"product_brand":[],"product_cat":[42],"product_tag":[],"class_list":{"0":"post-918","1":"product","2":"type-product","3":"status-publish","4":"has-post-thumbnail","6":"product_cat-unkategorisiert","7":"desktop-align-left","8":"tablet-align-left","9":"mobile-align-left","11":"first","12":"instock","13":"shipping-taxable","14":"product-type-simple"},"yoast_head":"<!-- This site is optimized with the Yoast SEO plugin v27.3 - https:\/\/yoast.com\/product\/yoast-seo-wordpress\/ -->\n<title>IVERCHEM 2% - Vetchem<\/title>\n<meta name=\"robots\" content=\"index, follow, max-snippet:-1, max-image-preview:large, max-video-preview:-1\" \/>\n<link rel=\"canonical\" href=\"https:\/\/vet-chem.com\/de\/product\/iverchem-2\/\" \/>\n<meta property=\"og:locale\" content=\"de_DE\" \/>\n<meta property=\"og:type\" content=\"article\" \/>\n<meta property=\"og:title\" content=\"IVERCHEM 2% - Vetchem\" \/>\n<meta property=\"og:description\" content=\"Zusammensetzung: Jeder ml enth\u00e4lt: Ivermectin B.P.: 20 mg Benzylalkohol B.P. (als Konservierungsmittel): 2 % v\/v Propylenglykol B.P.: q.s. Indikationen: Zur Behandlung und Bek\u00e4mpfung von Magen-Darm-Nematoden, Lungenw\u00fcrmern, Augenw\u00fcrmern, Dasselfliegen und Ektoparasiten wie Milben, Zecken und L\u00e4usen bei Rindern, B\u00fcffeln, Pferden, Schafen, Ziegen, Kamelen und Hunden. Kontraindikationen: IVERCHEM2 % Injektion intraven\u00f6s oder intramuskul\u00e4r. Nicht bei laktierenden K\u00fchen oder Milchk\u00fchen in den 28 Tagen vor dem Kalben anwenden. Achtung: Nicht empfohlen f\u00fcr Hunderassen mit Milchk\u00fchen. Warnung: Nicht intramuskul\u00e4r oder intraven\u00f6s anwenden. Sollte nicht bei laktierenden Tieren angewendet werden. Dosierung und Verabreichung: Rinder, K\u00e4lber, Schafe und Kamele: Dosierung: 1 ml pro 100 kg K\u00f6rpergewicht (basierend auf einer empfohlenen Menge von 200 mcg Ivermectin pro kg K\u00f6rpergewicht). Verabreichung: Subkutan vor oder hinter der Schulter injizieren. Wartezeit: Rinder: Muss innerhalb von 21 Tagen nach der Schlachtung f\u00fcr den menschlichen Verzehr behandelt werden. Nicht bei Rindern anwenden, die Milch f\u00fcr den menschlichen Verzehr produzieren, oder bei Milchk\u00fchen innerhalb von 28 Tagen vor dem Kalben. Schafe: Darf nicht innerhalb von 21 Tagen nach der Schlachtung f\u00fcr den menschlichen Verzehr behandelt werden. Nicht bei s\u00e4ugenden K\u00fchen oder innerhalb von 21 Tagen vor dem Lammen, wenn die Milch f\u00fcr den menschlichen Verzehr verwendet werden soll. Lagerung: Bei einer Temperatur von nicht mehr als 25 \u00b0C lagern. Vor Licht sch\u00fctzen. NUR F\u00dcR TIERE AU\u00dfER REICHWEITE VON KINDERN AUFBEWAHREN NUR F\u00dcR VETERIN\u00c4RZTLICHE VERWENDUNG\" \/>\n<meta property=\"og:url\" content=\"https:\/\/vet-chem.com\/de\/product\/iverchem-2\/\" \/>\n<meta property=\"og:site_name\" content=\"Vetchem\" \/>\n<meta property=\"article:publisher\" content=\"https:\/\/www.facebook.com\/VetChemGerman\" \/>\n<meta property=\"article:modified_time\" content=\"2024-08-31T13:50:31+00:00\" \/>\n<meta property=\"og:image\" content=\"https:\/\/vet-chem.com\/wp-content\/uploads\/2024\/08\/IVERCHEM-1.jpg\" \/>\n\t<meta property=\"og:image:width\" content=\"1280\" \/>\n\t<meta property=\"og:image:height\" content=\"1238\" \/>\n\t<meta property=\"og:image:type\" content=\"image\/jpeg\" \/>\n<meta name=\"twitter:card\" content=\"summary_large_image\" \/>\n<meta name=\"twitter:label1\" content=\"Gesch\u00e4tzte Lesezeit\" \/>\n\t<meta name=\"twitter:data1\" content=\"1\u00a0Minute\" \/>\n<script type=\"application\/ld+json\" class=\"yoast-schema-graph\">{\"@context\":\"https:\\\/\\\/schema.org\",\"@graph\":[{\"@type\":\"WebPage\",\"@id\":\"https:\\\/\\\/vet-chem.com\\\/de\\\/product\\\/iverchem-2\\\/\",\"url\":\"https:\\\/\\\/vet-chem.com\\\/de\\\/product\\\/iverchem-2\\\/\",\"name\":\"IVERCHEM 2% - Vetchem\",\"isPartOf\":{\"@id\":\"https:\\\/\\\/vet-chem.com\\\/de\\\/#website\"},\"primaryImageOfPage\":{\"@id\":\"https:\\\/\\\/vet-chem.com\\\/de\\\/product\\\/iverchem-2\\\/#primaryimage\"},\"image\":{\"@id\":\"https:\\\/\\\/vet-chem.com\\\/de\\\/product\\\/iverchem-2\\\/#primaryimage\"},\"thumbnailUrl\":\"https:\\\/\\\/vet-chem.com\\\/wp-content\\\/uploads\\\/2024\\\/08\\\/IVERCHEM-1.jpg\",\"datePublished\":\"2024-08-05T11:56:26+00:00\",\"dateModified\":\"2024-08-31T13:50:31+00:00\",\"breadcrumb\":{\"@id\":\"https:\\\/\\\/vet-chem.com\\\/de\\\/product\\\/iverchem-2\\\/#breadcrumb\"},\"inLanguage\":\"de\",\"potentialAction\":[{\"@type\":\"ReadAction\",\"target\":[\"https:\\\/\\\/vet-chem.com\\\/de\\\/product\\\/iverchem-2\\\/\"]}]},{\"@type\":\"ImageObject\",\"inLanguage\":\"de\",\"@id\":\"https:\\\/\\\/vet-chem.com\\\/de\\\/product\\\/iverchem-2\\\/#primaryimage\",\"url\":\"https:\\\/\\\/vet-chem.com\\\/wp-content\\\/uploads\\\/2024\\\/08\\\/IVERCHEM-1.jpg\",\"contentUrl\":\"https:\\\/\\\/vet-chem.com\\\/wp-content\\\/uploads\\\/2024\\\/08\\\/IVERCHEM-1.jpg\",\"width\":1280,\"height\":1238},{\"@type\":\"BreadcrumbList\",\"@id\":\"https:\\\/\\\/vet-chem.com\\\/de\\\/product\\\/iverchem-2\\\/#breadcrumb\",\"itemListElement\":[{\"@type\":\"ListItem\",\"position\":1,\"name\":\"Home\",\"item\":\"https:\\\/\\\/vet-chem.com\\\/de\\\/home\\\/\"},{\"@type\":\"ListItem\",\"position\":2,\"name\":\"Produkte\",\"item\":\"https:\\\/\\\/vet-chem.com\\\/de\\\/shop\\\/\"},{\"@type\":\"ListItem\",\"position\":3,\"name\":\"IVERCHEM 2%\"}]},{\"@type\":\"WebSite\",\"@id\":\"https:\\\/\\\/vet-chem.com\\\/de\\\/#website\",\"url\":\"https:\\\/\\\/vet-chem.com\\\/de\\\/\",\"name\":\"Vetchem\",\"description\":\"\",\"publisher\":{\"@id\":\"https:\\\/\\\/vet-chem.com\\\/de\\\/#organization\"},\"potentialAction\":[{\"@type\":\"SearchAction\",\"target\":{\"@type\":\"EntryPoint\",\"urlTemplate\":\"https:\\\/\\\/vet-chem.com\\\/de\\\/?s={search_term_string}\"},\"query-input\":{\"@type\":\"PropertyValueSpecification\",\"valueRequired\":true,\"valueName\":\"search_term_string\"}}],\"inLanguage\":\"de\"},{\"@type\":\"Organization\",\"@id\":\"https:\\\/\\\/vet-chem.com\\\/de\\\/#organization\",\"name\":\"Vetchem\",\"url\":\"https:\\\/\\\/vet-chem.com\\\/de\\\/\",\"logo\":{\"@type\":\"ImageObject\",\"inLanguage\":\"de\",\"@id\":\"https:\\\/\\\/vet-chem.com\\\/de\\\/#\\\/schema\\\/logo\\\/image\\\/\",\"url\":\"https:\\\/\\\/vet-chem.com\\\/wp-content\\\/uploads\\\/2024\\\/06\\\/logo.svg\",\"contentUrl\":\"https:\\\/\\\/vet-chem.com\\\/wp-content\\\/uploads\\\/2024\\\/06\\\/logo.svg\",\"width\":412,\"height\":195,\"caption\":\"Vetchem\"},\"image\":{\"@id\":\"https:\\\/\\\/vet-chem.com\\\/de\\\/#\\\/schema\\\/logo\\\/image\\\/\"},\"sameAs\":[\"https:\\\/\\\/www.facebook.com\\\/VetChemGerman\"]}]}<\/script>\n<!-- \/ Yoast SEO plugin. -->","yoast_head_json":{"title":"IVERCHEM 2% - Vetchem","robots":{"index":"index","follow":"follow","max-snippet":"max-snippet:-1","max-image-preview":"max-image-preview:large","max-video-preview":"max-video-preview:-1"},"canonical":"https:\/\/vet-chem.com\/de\/product\/iverchem-2\/","og_locale":"de_DE","og_type":"article","og_title":"IVERCHEM 2% - Vetchem","og_description":"Zusammensetzung: Jeder ml enth\u00e4lt: Ivermectin B.P.: 20 mg Benzylalkohol B.P. (als Konservierungsmittel): 2 % v\/v Propylenglykol B.P.: q.s. Indikationen: Zur Behandlung und Bek\u00e4mpfung von Magen-Darm-Nematoden, Lungenw\u00fcrmern, Augenw\u00fcrmern, Dasselfliegen und Ektoparasiten wie Milben, Zecken und L\u00e4usen bei Rindern, B\u00fcffeln, Pferden, Schafen, Ziegen, Kamelen und Hunden. Kontraindikationen: IVERCHEM2 % Injektion intraven\u00f6s oder intramuskul\u00e4r. Nicht bei laktierenden K\u00fchen oder Milchk\u00fchen in den 28 Tagen vor dem Kalben anwenden. Achtung: Nicht empfohlen f\u00fcr Hunderassen mit Milchk\u00fchen. Warnung: Nicht intramuskul\u00e4r oder intraven\u00f6s anwenden. Sollte nicht bei laktierenden Tieren angewendet werden. Dosierung und Verabreichung: Rinder, K\u00e4lber, Schafe und Kamele: Dosierung: 1 ml pro 100 kg K\u00f6rpergewicht (basierend auf einer empfohlenen Menge von 200 mcg Ivermectin pro kg K\u00f6rpergewicht). Verabreichung: Subkutan vor oder hinter der Schulter injizieren. Wartezeit: Rinder: Muss innerhalb von 21 Tagen nach der Schlachtung f\u00fcr den menschlichen Verzehr behandelt werden. Nicht bei Rindern anwenden, die Milch f\u00fcr den menschlichen Verzehr produzieren, oder bei Milchk\u00fchen innerhalb von 28 Tagen vor dem Kalben. Schafe: Darf nicht innerhalb von 21 Tagen nach der Schlachtung f\u00fcr den menschlichen Verzehr behandelt werden. Nicht bei s\u00e4ugenden K\u00fchen oder innerhalb von 21 Tagen vor dem Lammen, wenn die Milch f\u00fcr den menschlichen Verzehr verwendet werden soll. Lagerung: Bei einer Temperatur von nicht mehr als 25 \u00b0C lagern. Vor Licht sch\u00fctzen. NUR F\u00dcR TIERE AU\u00dfER REICHWEITE VON KINDERN AUFBEWAHREN NUR F\u00dcR VETERIN\u00c4RZTLICHE VERWENDUNG","og_url":"https:\/\/vet-chem.com\/de\/product\/iverchem-2\/","og_site_name":"Vetchem","article_publisher":"https:\/\/www.facebook.com\/VetChemGerman","article_modified_time":"2024-08-31T13:50:31+00:00","og_image":[{"width":1280,"height":1238,"url":"https:\/\/vet-chem.com\/wp-content\/uploads\/2024\/08\/IVERCHEM-1.jpg","type":"image\/jpeg"}],"twitter_card":"summary_large_image","twitter_misc":{"Gesch\u00e4tzte Lesezeit":"1\u00a0Minute"},"schema":{"@context":"https:\/\/schema.org","@graph":[{"@type":"WebPage","@id":"https:\/\/vet-chem.com\/de\/product\/iverchem-2\/","url":"https:\/\/vet-chem.com\/de\/product\/iverchem-2\/","name":"IVERCHEM 2% - Vetchem","isPartOf":{"@id":"https:\/\/vet-chem.com\/de\/#website"},"primaryImageOfPage":{"@id":"https:\/\/vet-chem.com\/de\/product\/iverchem-2\/#primaryimage"},"image":{"@id":"https:\/\/vet-chem.com\/de\/product\/iverchem-2\/#primaryimage"},"thumbnailUrl":"https:\/\/vet-chem.com\/wp-content\/uploads\/2024\/08\/IVERCHEM-1.jpg","datePublished":"2024-08-05T11:56:26+00:00","dateModified":"2024-08-31T13:50:31+00:00","breadcrumb":{"@id":"https:\/\/vet-chem.com\/de\/product\/iverchem-2\/#breadcrumb"},"inLanguage":"de","potentialAction":[{"@type":"ReadAction","target":["https:\/\/vet-chem.com\/de\/product\/iverchem-2\/"]}]},{"@type":"ImageObject","inLanguage":"de","@id":"https:\/\/vet-chem.com\/de\/product\/iverchem-2\/#primaryimage","url":"https:\/\/vet-chem.com\/wp-content\/uploads\/2024\/08\/IVERCHEM-1.jpg","contentUrl":"https:\/\/vet-chem.com\/wp-content\/uploads\/2024\/08\/IVERCHEM-1.jpg","width":1280,"height":1238},{"@type":"BreadcrumbList","@id":"https:\/\/vet-chem.com\/de\/product\/iverchem-2\/#breadcrumb","itemListElement":[{"@type":"ListItem","position":1,"name":"Home","item":"https:\/\/vet-chem.com\/de\/home\/"},{"@type":"ListItem","position":2,"name":"Produkte","item":"https:\/\/vet-chem.com\/de\/shop\/"},{"@type":"ListItem","position":3,"name":"IVERCHEM 2%"}]},{"@type":"WebSite","@id":"https:\/\/vet-chem.com\/de\/#website","url":"https:\/\/vet-chem.com\/de\/","name":"Vetchem","description":"","publisher":{"@id":"https:\/\/vet-chem.com\/de\/#organization"},"potentialAction":[{"@type":"SearchAction","target":{"@type":"EntryPoint","urlTemplate":"https:\/\/vet-chem.com\/de\/?s={search_term_string}"},"query-input":{"@type":"PropertyValueSpecification","valueRequired":true,"valueName":"search_term_string"}}],"inLanguage":"de"},{"@type":"Organization","@id":"https:\/\/vet-chem.com\/de\/#organization","name":"Vetchem","url":"https:\/\/vet-chem.com\/de\/","logo":{"@type":"ImageObject","inLanguage":"de","@id":"https:\/\/vet-chem.com\/de\/#\/schema\/logo\/image\/","url":"https:\/\/vet-chem.com\/wp-content\/uploads\/2024\/06\/logo.svg","contentUrl":"https:\/\/vet-chem.com\/wp-content\/uploads\/2024\/06\/logo.svg","width":412,"height":195,"caption":"Vetchem"},"image":{"@id":"https:\/\/vet-chem.com\/de\/#\/schema\/logo\/image\/"},"sameAs":["https:\/\/www.facebook.com\/VetChemGerman"]}]}},"_links":{"self":[{"href":"https:\/\/vet-chem.com\/de\/wp-json\/wp\/v2\/product\/918","targetHints":{"allow":["GET"]}}],"collection":[{"href":"https:\/\/vet-chem.com\/de\/wp-json\/wp\/v2\/product"}],"about":[{"href":"https:\/\/vet-chem.com\/de\/wp-json\/wp\/v2\/types\/product"}],"replies":[{"embeddable":true,"href":"https:\/\/vet-chem.com\/de\/wp-json\/wp\/v2\/comments?post=918"}],"wp:featuredmedia":[{"embeddable":true,"href":"https:\/\/vet-chem.com\/de\/wp-json\/wp\/v2\/media\/771"}],"wp:attachment":[{"href":"https:\/\/vet-chem.com\/de\/wp-json\/wp\/v2\/media?parent=918"}],"wp:term":[{"taxonomy":"product_brand","embeddable":true,"href":"https:\/\/vet-chem.com\/de\/wp-json\/wp\/v2\/product_brand?post=918"},{"taxonomy":"product_cat","embeddable":true,"href":"https:\/\/vet-chem.com\/de\/wp-json\/wp\/v2\/product_cat?post=918"},{"taxonomy":"product_tag","embeddable":true,"href":"https:\/\/vet-chem.com\/de\/wp-json\/wp\/v2\/product_tag?post=918"}],"curies":[{"name":"wp","href":"https:\/\/api.w.org\/{rel}","templated":true}]}}