{"id":919,"date":"2024-08-05T14:55:08","date_gmt":"2024-08-05T11:55:08","guid":{"rendered":"https:\/\/vet-chem.com\/product\/penstrepchem-400\/"},"modified":"2024-08-31T16:50:47","modified_gmt":"2024-08-31T13:50:47","slug":"penstrepchem-400","status":"publish","type":"product","link":"https:\/\/vet-chem.com\/de\/product\/penstrepchem-400\/","title":{"rendered":"PENSTREPCHEM 400"},"content":{"rendered":"<p>Zusammensetzung:<br \/>\nEnth\u00e4lt pro ml:<br \/>\nProcainpenicillin G&#8230;&#8230;&#8230;&#8230;&#8230;&#8230;&#8230;..200 000.IE.<br \/>\nDihydrostreptomycinsulfat &#8230;&#8230;&#8230;&#8230;.200 mg.<br \/>\nHilfsstoffe ad &#8230;&#8230;&#8230;&#8230;&#8230;&#8230;&#8230;&#8230;&#8230;&#8230;&#8230;&#8230;&#8230;1 ml.<\/p>\n<p>Beschreibung:<br \/>\nDie Kombination von Procainpenicillin G und Dihydrostreptomycin wirkt additiv und in manchen F\u00e4llen synergistisch. Procainpenicillin G ist ein Penicillin mit kleinem Wirkungsspektrum und bakterizider Wirkung gegen haupts\u00e4chlich grampositive Bakterien wie Clostridium, Corynebacterium, Erysipelothrix, Listeria, penicillinasenegative Staphylococcus und Streptococcus spp.<br \/>\nDihydrostreptomycin ist ein Aminoglykosid mit bakterizider Wirkung gegen haupts\u00e4chlich gramnegative Bakterien wie E. coli, Campylobacter, Klebsiella, Haemophilus, Pasteurella und Salmonella spp.<\/p>\n<p>Indikationen:<br \/>\nArzneimittelentz\u00fcndung, Mastitis und Magen-Darm-, Atemwegs- und Harnwegsinfektionen durch Penicillin- und Dihydrostreptomycin-empfindliche Mikroorganismen wie Campylobacter, Clostridium, Corynebacterium, E. coli, Erysipelothrix, Haemophilus, Klebsiella, Listeria, Pasteurella, Salmonella, Staphylococcus und Streptococcus spp. bei K\u00e4lbern, Rindern, Ziegen, Schafen und Schweinen.<\/p>\n<p>Gegenanzeigen:<\/p>\n<p>\u00dcberempfindlichkeit gegen Penicilline, Procain und\/oder Aminos\u00e4uren. Verabreichung an Tiere mit schwerer Nierenfunktionsst\u00f6rung.<br \/>\nGleichzeitige Verabreichung von Tetracyclinen, Chloramphenicol, Makroliden und Lincosamiden.<\/p>\n<p>Nebenwirkungen:<\/p>\n<p>Die Verabreichung therapeutischer Dosen von Procain-Penicillin G kann bei Sauen zu Fehlgeburten f\u00fchren. Ototoxizit\u00e4t, Neurotoxizit\u00e4t oder Nephrotoxizit\u00e4t. \u00dcberempfindlichkeitsreaktionen.<\/p>\n<p>Dosierung:<\/p>\n<p>Zur intramuskul\u00e4ren Verabreichung:<br \/>\nRinder:<br \/>\n1 ml pro 20 kg K\u00f6rpergewicht f\u00fcr 3 Tage.<br \/>\nK\u00e4lber, Ziegen, Schafe und Schweine:<br \/>\n1 ml pro 10 kg K\u00f6rpergewicht f\u00fcr 3 Tage.<br \/>\nHinweis: Vor Gebrauch gut sch\u00fctteln und bei Rindern nicht mehr als 20 ml, bei Schweinen nicht mehr als 10 ml und bei K\u00e4lbern, Schafen und Ziegen nicht mehr als 5 ml pro Injektionsstelle verabreichen.<\/p>\n<p>Karenzzeiten:<\/p>\n<p>&#8211; F\u00fcr Nieren: 45 Tage.<br \/>\n&#8211; F\u00fcr Fleisch: 21 Tage.<br \/>\n&#8211; F\u00fcr Milch: 3 Tage.<\/p>\n","protected":false},"excerpt":{"rendered":"<p>Zusammensetzung: Enth\u00e4lt pro ml: Procainpenicillin G&#8230;&#8230;&#8230;&#8230;&#8230;&#8230;&#8230;..200 000.IE. Dihydrostreptomycinsulfat &#8230;&#8230;&#8230;&#8230;.200 mg. Hilfsstoffe ad &#8230;&#8230;&#8230;&#8230;&#8230;&#8230;&#8230;&#8230;&#8230;&#8230;&#8230;&#8230;&#8230;1 ml. Beschreibung: Die Kombination von Procainpenicillin G und Dihydrostreptomycin wirkt additiv und in manchen F\u00e4llen synergistisch. Procainpenicillin G ist ein Penicillin mit kleinem Wirkungsspektrum und bakterizider Wirkung gegen haupts\u00e4chlich grampositive Bakterien wie Clostridium, Corynebacterium, Erysipelothrix, Listeria, penicillinasenegative Staphylococcus und Streptococcus spp. Dihydrostreptomycin ist ein Aminoglykosid mit bakterizider Wirkung gegen haupts\u00e4chlich gramnegative Bakterien wie E. coli, Campylobacter, Klebsiella, Haemophilus, Pasteurella und Salmonella spp. Indikationen: Arzneimittelentz\u00fcndung, Mastitis und Magen-Darm-, Atemwegs- und Harnwegsinfektionen durch Penicillin- und Dihydrostreptomycin-empfindliche Mikroorganismen wie Campylobacter, Clostridium, Corynebacterium, E. coli, Erysipelothrix, Haemophilus, Klebsiella, Listeria, Pasteurella, Salmonella, Staphylococcus und Streptococcus spp. bei K\u00e4lbern, Rindern, Ziegen, Schafen und Schweinen. Gegenanzeigen: \u00dcberempfindlichkeit gegen Penicilline, Procain und\/oder Aminos\u00e4uren. Verabreichung an Tiere mit schwerer Nierenfunktionsst\u00f6rung. Gleichzeitige Verabreichung von Tetracyclinen, Chloramphenicol, Makroliden und Lincosamiden. Nebenwirkungen: Die Verabreichung therapeutischer Dosen von Procain-Penicillin G kann bei Sauen zu Fehlgeburten f\u00fchren. Ototoxizit\u00e4t, Neurotoxizit\u00e4t oder Nephrotoxizit\u00e4t. \u00dcberempfindlichkeitsreaktionen. Dosierung: Zur intramuskul\u00e4ren Verabreichung: Rinder: 1 ml pro 20 kg K\u00f6rpergewicht f\u00fcr 3 Tage. K\u00e4lber, Ziegen, Schafe und Schweine: 1 ml pro 10 kg K\u00f6rpergewicht f\u00fcr 3 Tage. Hinweis: Vor Gebrauch gut sch\u00fctteln und bei Rindern nicht mehr als 20 ml, bei Schweinen nicht mehr als 10 ml und bei K\u00e4lbern, Schafen und Ziegen nicht mehr als 5 ml pro Injektionsstelle verabreichen. Karenzzeiten: &#8211; F\u00fcr Nieren: 45 Tage. &#8211; F\u00fcr Fleisch: 21 Tage. &#8211; F\u00fcr Milch: 3 Tage.<\/p>\n","protected":false},"featured_media":770,"comment_status":"open","ping_status":"closed","template":"","meta":{"site-sidebar-layout":"default","site-content-layout":"","ast-site-content-layout":"default","site-content-style":"default","site-sidebar-style":"default","ast-global-header-display":"","ast-banner-title-visibility":"","ast-main-header-display":"","ast-hfb-above-header-display":"","ast-hfb-below-header-display":"","ast-hfb-mobile-header-display":"","site-post-title":"","ast-breadcrumbs-content":"","ast-featured-img":"","footer-sml-layout":"","ast-disable-related-posts":"","theme-transparent-header-meta":"default","adv-header-id-meta":"","stick-header-meta":"","header-above-stick-meta":"","header-main-stick-meta":"","header-below-stick-meta":"","astra-migrate-meta-layouts":"set","ast-page-background-enabled":"default","ast-page-background-meta":{"desktop":{"background-color":"var(--ast-global-color-4)","background-image":"","background-repeat":"repeat","background-position":"center center","background-size":"auto","background-attachment":"scroll","background-type":"","background-media":"","overlay-type":"","overlay-color":"","overlay-opacity":"","overlay-gradient":""},"tablet":{"background-color":"","background-image":"","background-repeat":"repeat","background-position":"center center","background-size":"auto","background-attachment":"scroll","background-type":"","background-media":"","overlay-type":"","overlay-color":"","overlay-opacity":"","overlay-gradient":""},"mobile":{"background-color":"","background-image":"","background-repeat":"repeat","background-position":"center center","background-size":"auto","background-attachment":"scroll","background-type":"","background-media":"","overlay-type":"","overlay-color":"","overlay-opacity":"","overlay-gradient":""}},"ast-content-background-meta":{"desktop":{"background-color":"var(--ast-global-color-5)","background-image":"","background-repeat":"repeat","background-position":"center center","background-size":"auto","background-attachment":"scroll","background-type":"","background-media":"","overlay-type":"","overlay-color":"","overlay-opacity":"","overlay-gradient":""},"tablet":{"background-color":"var(--ast-global-color-5)","background-image":"","background-repeat":"repeat","background-position":"center center","background-size":"auto","background-attachment":"scroll","background-type":"","background-media":"","overlay-type":"","overlay-color":"","overlay-opacity":"","overlay-gradient":""},"mobile":{"background-color":"var(--ast-global-color-5)","background-image":"","background-repeat":"repeat","background-position":"center center","background-size":"auto","background-attachment":"scroll","background-type":"","background-media":"","overlay-type":"","overlay-color":"","overlay-opacity":"","overlay-gradient":""}}},"product_brand":[],"product_cat":[42],"product_tag":[],"class_list":{"0":"post-919","1":"product","2":"type-product","3":"status-publish","4":"has-post-thumbnail","6":"product_cat-unkategorisiert","7":"desktop-align-left","8":"tablet-align-left","9":"mobile-align-left","11":"first","12":"instock","13":"shipping-taxable","14":"product-type-simple"},"yoast_head":"<!-- This site is optimized with the Yoast SEO plugin v27.3 - https:\/\/yoast.com\/product\/yoast-seo-wordpress\/ -->\n<title>PENSTREPCHEM 400 - Vetchem<\/title>\n<meta name=\"robots\" content=\"index, follow, max-snippet:-1, max-image-preview:large, max-video-preview:-1\" \/>\n<link rel=\"canonical\" href=\"https:\/\/vet-chem.com\/de\/product\/penstrepchem-400\/\" \/>\n<meta property=\"og:locale\" content=\"de_DE\" \/>\n<meta property=\"og:type\" content=\"article\" \/>\n<meta property=\"og:title\" content=\"PENSTREPCHEM 400 - Vetchem\" \/>\n<meta property=\"og:description\" content=\"Zusammensetzung: Enth\u00e4lt pro ml: Procainpenicillin G&#8230;&#8230;&#8230;&#8230;&#8230;&#8230;&#8230;..200 000.IE. Dihydrostreptomycinsulfat &#8230;&#8230;&#8230;&#8230;.200 mg. Hilfsstoffe ad &#8230;&#8230;&#8230;&#8230;&#8230;&#8230;&#8230;&#8230;&#8230;&#8230;&#8230;&#8230;&#8230;1 ml. Beschreibung: Die Kombination von Procainpenicillin G und Dihydrostreptomycin wirkt additiv und in manchen F\u00e4llen synergistisch. Procainpenicillin G ist ein Penicillin mit kleinem Wirkungsspektrum und bakterizider Wirkung gegen haupts\u00e4chlich grampositive Bakterien wie Clostridium, Corynebacterium, Erysipelothrix, Listeria, penicillinasenegative Staphylococcus und Streptococcus spp. Dihydrostreptomycin ist ein Aminoglykosid mit bakterizider Wirkung gegen haupts\u00e4chlich gramnegative Bakterien wie E. coli, Campylobacter, Klebsiella, Haemophilus, Pasteurella und Salmonella spp. Indikationen: Arzneimittelentz\u00fcndung, Mastitis und Magen-Darm-, Atemwegs- und Harnwegsinfektionen durch Penicillin- und Dihydrostreptomycin-empfindliche Mikroorganismen wie Campylobacter, Clostridium, Corynebacterium, E. coli, Erysipelothrix, Haemophilus, Klebsiella, Listeria, Pasteurella, Salmonella, Staphylococcus und Streptococcus spp. bei K\u00e4lbern, Rindern, Ziegen, Schafen und Schweinen. Gegenanzeigen: \u00dcberempfindlichkeit gegen Penicilline, Procain und\/oder Aminos\u00e4uren. Verabreichung an Tiere mit schwerer Nierenfunktionsst\u00f6rung. Gleichzeitige Verabreichung von Tetracyclinen, Chloramphenicol, Makroliden und Lincosamiden. Nebenwirkungen: Die Verabreichung therapeutischer Dosen von Procain-Penicillin G kann bei Sauen zu Fehlgeburten f\u00fchren. Ototoxizit\u00e4t, Neurotoxizit\u00e4t oder Nephrotoxizit\u00e4t. \u00dcberempfindlichkeitsreaktionen. Dosierung: Zur intramuskul\u00e4ren Verabreichung: Rinder: 1 ml pro 20 kg K\u00f6rpergewicht f\u00fcr 3 Tage. K\u00e4lber, Ziegen, Schafe und Schweine: 1 ml pro 10 kg K\u00f6rpergewicht f\u00fcr 3 Tage. Hinweis: Vor Gebrauch gut sch\u00fctteln und bei Rindern nicht mehr als 20 ml, bei Schweinen nicht mehr als 10 ml und bei K\u00e4lbern, Schafen und Ziegen nicht mehr als 5 ml pro Injektionsstelle verabreichen. Karenzzeiten: &#8211; F\u00fcr Nieren: 45 Tage. &#8211; F\u00fcr Fleisch: 21 Tage. &#8211; F\u00fcr Milch: 3 Tage.\" \/>\n<meta property=\"og:url\" content=\"https:\/\/vet-chem.com\/de\/product\/penstrepchem-400\/\" \/>\n<meta property=\"og:site_name\" content=\"Vetchem\" \/>\n<meta property=\"article:publisher\" content=\"https:\/\/www.facebook.com\/VetChemGerman\" \/>\n<meta property=\"article:modified_time\" content=\"2024-08-31T13:50:47+00:00\" \/>\n<meta property=\"og:image\" content=\"https:\/\/vet-chem.com\/wp-content\/uploads\/2024\/08\/PENSTREPCHEM-400.jpg\" \/>\n\t<meta property=\"og:image:width\" content=\"1280\" \/>\n\t<meta property=\"og:image:height\" content=\"1238\" \/>\n\t<meta property=\"og:image:type\" content=\"image\/jpeg\" \/>\n<meta name=\"twitter:card\" content=\"summary_large_image\" \/>\n<meta name=\"twitter:label1\" content=\"Gesch\u00e4tzte Lesezeit\" \/>\n\t<meta name=\"twitter:data1\" content=\"1\u00a0Minute\" \/>\n<script type=\"application\/ld+json\" class=\"yoast-schema-graph\">{\"@context\":\"https:\\\/\\\/schema.org\",\"@graph\":[{\"@type\":\"WebPage\",\"@id\":\"https:\\\/\\\/vet-chem.com\\\/de\\\/product\\\/penstrepchem-400\\\/\",\"url\":\"https:\\\/\\\/vet-chem.com\\\/de\\\/product\\\/penstrepchem-400\\\/\",\"name\":\"PENSTREPCHEM 400 - Vetchem\",\"isPartOf\":{\"@id\":\"https:\\\/\\\/vet-chem.com\\\/de\\\/#website\"},\"primaryImageOfPage\":{\"@id\":\"https:\\\/\\\/vet-chem.com\\\/de\\\/product\\\/penstrepchem-400\\\/#primaryimage\"},\"image\":{\"@id\":\"https:\\\/\\\/vet-chem.com\\\/de\\\/product\\\/penstrepchem-400\\\/#primaryimage\"},\"thumbnailUrl\":\"https:\\\/\\\/vet-chem.com\\\/wp-content\\\/uploads\\\/2024\\\/08\\\/PENSTREPCHEM-400.jpg\",\"datePublished\":\"2024-08-05T11:55:08+00:00\",\"dateModified\":\"2024-08-31T13:50:47+00:00\",\"breadcrumb\":{\"@id\":\"https:\\\/\\\/vet-chem.com\\\/de\\\/product\\\/penstrepchem-400\\\/#breadcrumb\"},\"inLanguage\":\"de\",\"potentialAction\":[{\"@type\":\"ReadAction\",\"target\":[\"https:\\\/\\\/vet-chem.com\\\/de\\\/product\\\/penstrepchem-400\\\/\"]}]},{\"@type\":\"ImageObject\",\"inLanguage\":\"de\",\"@id\":\"https:\\\/\\\/vet-chem.com\\\/de\\\/product\\\/penstrepchem-400\\\/#primaryimage\",\"url\":\"https:\\\/\\\/vet-chem.com\\\/wp-content\\\/uploads\\\/2024\\\/08\\\/PENSTREPCHEM-400.jpg\",\"contentUrl\":\"https:\\\/\\\/vet-chem.com\\\/wp-content\\\/uploads\\\/2024\\\/08\\\/PENSTREPCHEM-400.jpg\",\"width\":1280,\"height\":1238},{\"@type\":\"BreadcrumbList\",\"@id\":\"https:\\\/\\\/vet-chem.com\\\/de\\\/product\\\/penstrepchem-400\\\/#breadcrumb\",\"itemListElement\":[{\"@type\":\"ListItem\",\"position\":1,\"name\":\"Home\",\"item\":\"https:\\\/\\\/vet-chem.com\\\/de\\\/home\\\/\"},{\"@type\":\"ListItem\",\"position\":2,\"name\":\"Produkte\",\"item\":\"https:\\\/\\\/vet-chem.com\\\/de\\\/shop\\\/\"},{\"@type\":\"ListItem\",\"position\":3,\"name\":\"PENSTREPCHEM 400\"}]},{\"@type\":\"WebSite\",\"@id\":\"https:\\\/\\\/vet-chem.com\\\/de\\\/#website\",\"url\":\"https:\\\/\\\/vet-chem.com\\\/de\\\/\",\"name\":\"Vetchem\",\"description\":\"\",\"publisher\":{\"@id\":\"https:\\\/\\\/vet-chem.com\\\/de\\\/#organization\"},\"potentialAction\":[{\"@type\":\"SearchAction\",\"target\":{\"@type\":\"EntryPoint\",\"urlTemplate\":\"https:\\\/\\\/vet-chem.com\\\/de\\\/?s={search_term_string}\"},\"query-input\":{\"@type\":\"PropertyValueSpecification\",\"valueRequired\":true,\"valueName\":\"search_term_string\"}}],\"inLanguage\":\"de\"},{\"@type\":\"Organization\",\"@id\":\"https:\\\/\\\/vet-chem.com\\\/de\\\/#organization\",\"name\":\"Vetchem\",\"url\":\"https:\\\/\\\/vet-chem.com\\\/de\\\/\",\"logo\":{\"@type\":\"ImageObject\",\"inLanguage\":\"de\",\"@id\":\"https:\\\/\\\/vet-chem.com\\\/de\\\/#\\\/schema\\\/logo\\\/image\\\/\",\"url\":\"https:\\\/\\\/vet-chem.com\\\/wp-content\\\/uploads\\\/2024\\\/06\\\/logo.svg\",\"contentUrl\":\"https:\\\/\\\/vet-chem.com\\\/wp-content\\\/uploads\\\/2024\\\/06\\\/logo.svg\",\"width\":412,\"height\":195,\"caption\":\"Vetchem\"},\"image\":{\"@id\":\"https:\\\/\\\/vet-chem.com\\\/de\\\/#\\\/schema\\\/logo\\\/image\\\/\"},\"sameAs\":[\"https:\\\/\\\/www.facebook.com\\\/VetChemGerman\"]}]}<\/script>\n<!-- \/ Yoast SEO plugin. -->","yoast_head_json":{"title":"PENSTREPCHEM 400 - Vetchem","robots":{"index":"index","follow":"follow","max-snippet":"max-snippet:-1","max-image-preview":"max-image-preview:large","max-video-preview":"max-video-preview:-1"},"canonical":"https:\/\/vet-chem.com\/de\/product\/penstrepchem-400\/","og_locale":"de_DE","og_type":"article","og_title":"PENSTREPCHEM 400 - Vetchem","og_description":"Zusammensetzung: Enth\u00e4lt pro ml: Procainpenicillin G&#8230;&#8230;&#8230;&#8230;&#8230;&#8230;&#8230;..200 000.IE. Dihydrostreptomycinsulfat &#8230;&#8230;&#8230;&#8230;.200 mg. Hilfsstoffe ad &#8230;&#8230;&#8230;&#8230;&#8230;&#8230;&#8230;&#8230;&#8230;&#8230;&#8230;&#8230;&#8230;1 ml. Beschreibung: Die Kombination von Procainpenicillin G und Dihydrostreptomycin wirkt additiv und in manchen F\u00e4llen synergistisch. Procainpenicillin G ist ein Penicillin mit kleinem Wirkungsspektrum und bakterizider Wirkung gegen haupts\u00e4chlich grampositive Bakterien wie Clostridium, Corynebacterium, Erysipelothrix, Listeria, penicillinasenegative Staphylococcus und Streptococcus spp. Dihydrostreptomycin ist ein Aminoglykosid mit bakterizider Wirkung gegen haupts\u00e4chlich gramnegative Bakterien wie E. coli, Campylobacter, Klebsiella, Haemophilus, Pasteurella und Salmonella spp. Indikationen: Arzneimittelentz\u00fcndung, Mastitis und Magen-Darm-, Atemwegs- und Harnwegsinfektionen durch Penicillin- und Dihydrostreptomycin-empfindliche Mikroorganismen wie Campylobacter, Clostridium, Corynebacterium, E. coli, Erysipelothrix, Haemophilus, Klebsiella, Listeria, Pasteurella, Salmonella, Staphylococcus und Streptococcus spp. bei K\u00e4lbern, Rindern, Ziegen, Schafen und Schweinen. Gegenanzeigen: \u00dcberempfindlichkeit gegen Penicilline, Procain und\/oder Aminos\u00e4uren. Verabreichung an Tiere mit schwerer Nierenfunktionsst\u00f6rung. Gleichzeitige Verabreichung von Tetracyclinen, Chloramphenicol, Makroliden und Lincosamiden. Nebenwirkungen: Die Verabreichung therapeutischer Dosen von Procain-Penicillin G kann bei Sauen zu Fehlgeburten f\u00fchren. Ototoxizit\u00e4t, Neurotoxizit\u00e4t oder Nephrotoxizit\u00e4t. \u00dcberempfindlichkeitsreaktionen. Dosierung: Zur intramuskul\u00e4ren Verabreichung: Rinder: 1 ml pro 20 kg K\u00f6rpergewicht f\u00fcr 3 Tage. K\u00e4lber, Ziegen, Schafe und Schweine: 1 ml pro 10 kg K\u00f6rpergewicht f\u00fcr 3 Tage. Hinweis: Vor Gebrauch gut sch\u00fctteln und bei Rindern nicht mehr als 20 ml, bei Schweinen nicht mehr als 10 ml und bei K\u00e4lbern, Schafen und Ziegen nicht mehr als 5 ml pro Injektionsstelle verabreichen. Karenzzeiten: &#8211; F\u00fcr Nieren: 45 Tage. &#8211; F\u00fcr Fleisch: 21 Tage. &#8211; F\u00fcr Milch: 3 Tage.","og_url":"https:\/\/vet-chem.com\/de\/product\/penstrepchem-400\/","og_site_name":"Vetchem","article_publisher":"https:\/\/www.facebook.com\/VetChemGerman","article_modified_time":"2024-08-31T13:50:47+00:00","og_image":[{"width":1280,"height":1238,"url":"https:\/\/vet-chem.com\/wp-content\/uploads\/2024\/08\/PENSTREPCHEM-400.jpg","type":"image\/jpeg"}],"twitter_card":"summary_large_image","twitter_misc":{"Gesch\u00e4tzte Lesezeit":"1\u00a0Minute"},"schema":{"@context":"https:\/\/schema.org","@graph":[{"@type":"WebPage","@id":"https:\/\/vet-chem.com\/de\/product\/penstrepchem-400\/","url":"https:\/\/vet-chem.com\/de\/product\/penstrepchem-400\/","name":"PENSTREPCHEM 400 - Vetchem","isPartOf":{"@id":"https:\/\/vet-chem.com\/de\/#website"},"primaryImageOfPage":{"@id":"https:\/\/vet-chem.com\/de\/product\/penstrepchem-400\/#primaryimage"},"image":{"@id":"https:\/\/vet-chem.com\/de\/product\/penstrepchem-400\/#primaryimage"},"thumbnailUrl":"https:\/\/vet-chem.com\/wp-content\/uploads\/2024\/08\/PENSTREPCHEM-400.jpg","datePublished":"2024-08-05T11:55:08+00:00","dateModified":"2024-08-31T13:50:47+00:00","breadcrumb":{"@id":"https:\/\/vet-chem.com\/de\/product\/penstrepchem-400\/#breadcrumb"},"inLanguage":"de","potentialAction":[{"@type":"ReadAction","target":["https:\/\/vet-chem.com\/de\/product\/penstrepchem-400\/"]}]},{"@type":"ImageObject","inLanguage":"de","@id":"https:\/\/vet-chem.com\/de\/product\/penstrepchem-400\/#primaryimage","url":"https:\/\/vet-chem.com\/wp-content\/uploads\/2024\/08\/PENSTREPCHEM-400.jpg","contentUrl":"https:\/\/vet-chem.com\/wp-content\/uploads\/2024\/08\/PENSTREPCHEM-400.jpg","width":1280,"height":1238},{"@type":"BreadcrumbList","@id":"https:\/\/vet-chem.com\/de\/product\/penstrepchem-400\/#breadcrumb","itemListElement":[{"@type":"ListItem","position":1,"name":"Home","item":"https:\/\/vet-chem.com\/de\/home\/"},{"@type":"ListItem","position":2,"name":"Produkte","item":"https:\/\/vet-chem.com\/de\/shop\/"},{"@type":"ListItem","position":3,"name":"PENSTREPCHEM 400"}]},{"@type":"WebSite","@id":"https:\/\/vet-chem.com\/de\/#website","url":"https:\/\/vet-chem.com\/de\/","name":"Vetchem","description":"","publisher":{"@id":"https:\/\/vet-chem.com\/de\/#organization"},"potentialAction":[{"@type":"SearchAction","target":{"@type":"EntryPoint","urlTemplate":"https:\/\/vet-chem.com\/de\/?s={search_term_string}"},"query-input":{"@type":"PropertyValueSpecification","valueRequired":true,"valueName":"search_term_string"}}],"inLanguage":"de"},{"@type":"Organization","@id":"https:\/\/vet-chem.com\/de\/#organization","name":"Vetchem","url":"https:\/\/vet-chem.com\/de\/","logo":{"@type":"ImageObject","inLanguage":"de","@id":"https:\/\/vet-chem.com\/de\/#\/schema\/logo\/image\/","url":"https:\/\/vet-chem.com\/wp-content\/uploads\/2024\/06\/logo.svg","contentUrl":"https:\/\/vet-chem.com\/wp-content\/uploads\/2024\/06\/logo.svg","width":412,"height":195,"caption":"Vetchem"},"image":{"@id":"https:\/\/vet-chem.com\/de\/#\/schema\/logo\/image\/"},"sameAs":["https:\/\/www.facebook.com\/VetChemGerman"]}]}},"_links":{"self":[{"href":"https:\/\/vet-chem.com\/de\/wp-json\/wp\/v2\/product\/919","targetHints":{"allow":["GET"]}}],"collection":[{"href":"https:\/\/vet-chem.com\/de\/wp-json\/wp\/v2\/product"}],"about":[{"href":"https:\/\/vet-chem.com\/de\/wp-json\/wp\/v2\/types\/product"}],"replies":[{"embeddable":true,"href":"https:\/\/vet-chem.com\/de\/wp-json\/wp\/v2\/comments?post=919"}],"wp:featuredmedia":[{"embeddable":true,"href":"https:\/\/vet-chem.com\/de\/wp-json\/wp\/v2\/media\/770"}],"wp:attachment":[{"href":"https:\/\/vet-chem.com\/de\/wp-json\/wp\/v2\/media?parent=919"}],"wp:term":[{"taxonomy":"product_brand","embeddable":true,"href":"https:\/\/vet-chem.com\/de\/wp-json\/wp\/v2\/product_brand?post=919"},{"taxonomy":"product_cat","embeddable":true,"href":"https:\/\/vet-chem.com\/de\/wp-json\/wp\/v2\/product_cat?post=919"},{"taxonomy":"product_tag","embeddable":true,"href":"https:\/\/vet-chem.com\/de\/wp-json\/wp\/v2\/product_tag?post=919"}],"curies":[{"name":"wp","href":"https:\/\/api.w.org\/{rel}","templated":true}]}}