{"id":920,"date":"2024-08-05T14:52:55","date_gmt":"2024-08-05T11:52:55","guid":{"rendered":"https:\/\/vet-chem.com\/product\/cloprochem-10\/"},"modified":"2024-08-31T16:51:04","modified_gmt":"2024-08-31T13:51:04","slug":"cloprochem-10","status":"publish","type":"product","link":"https:\/\/vet-chem.com\/de\/product\/cloprochem-10\/","title":{"rendered":"CLOPROCHEM 10"},"content":{"rendered":"<p>CLOPROCHEM 10 hilft bei der Behandlung von Fortpflanzungsst\u00f6rungen wie Sub\u00f6strus, Pyometra, Lutealzyste und Brunstsynchronisation. Ein synthetisches Prostaglandinanalogon von PGF2a zur Anwendung bei Rindern.<\/p>\n<p>Zusammensetzung:<\/p>\n<p>Jeder ml enth\u00e4lt<br \/>\n263 mcg Cloprostenol-Natrium IP<br \/>\nentspricht Cloprostenol &#8230;&#8230;&#8230;&#8230;.250 mcg<br \/>\nWasser f\u00fcr Injektionszwecke IP &#8230;&#8230;&#8230;&#8230;&#8230;&#8230;&#8230;&#8230;&#8230;q.s.<\/p>\n<p>Indikationen:<\/p>\n<p>Behandlung von Fortpflanzungsst\u00f6rungen wie Sub\u00f6strus, Pyometra, Lutealzyste und Brunstsynchronisation.<\/p>\n<p>Dosierung und Gebrauchsanweisung<\/p>\n<p>Rinder:<br \/>\n2 ml CLOPROCHEM 10, entsprechend 0,5 mg<br \/>\nCloprostenol pro Tier intramuskul\u00e4r.<br \/>\nStuten:<br \/>\n0,5 bis 1 ml CLOPROCHEM 10, entsprechend<br \/>\n0,125 &#8211; 0,25 mg Cloprostenol pro Tier intramuskul\u00e4r<br \/>\noder nach Anweisung eines registrierten Arztes.<\/p>\n<p>Kurzeit:<\/p>\n<p>Fleisch &#8211; 1 Tag, Milch &#8211; null<\/p>\n<p>REZEPTPFLICHTIGES ARZNEIMITTEL DER ANORDNUNG H:<br \/>\nACHTUNG: Darf nicht ohne Rezept<br \/>\neines registrierten Tierarztes im Einzelhandel verkauft werden.<\/p>\n<p>Packungsgr\u00f6\u00dfen:<\/p>\n<p>2-ml-Fl\u00e4schchen mit sterilem Tupfer, Einwegspritze und Nadel.<\/p>\n<p>Diese Packung enth\u00e4lt eine sterile Spritze mit Nadel,<br \/>\nkostenlos, nicht von uns hergestellt. Bitte \u00fcberpr\u00fcfen Sie vor Gebrauch die Herstellerlizenz, Chargennummer, das Herstellungsdatum und das Verfallsdatum auf der Spritze.<\/p>\n<p>Lagerung:<\/p>\n<p>Lichtgesch\u00fctzt lagern.<br \/>\nAu\u00dferhalb der Reichweite von Kindern aufbewahren.<\/p>\n<p>Hinweis: Den Inhalt der Ampulle in sterilem Wasser f\u00fcr Injektionszwecke aufl\u00f6sen. Wenn in der L\u00f6sung Fremdpartikel sichtbar sind, verwenden Sie die L\u00f6sung bitte nicht. Fordern Sie Ersatz an.<\/p>\n<p>NICHT F\u00dcR DEN MENSCHLICHEN GEBRAUCH<br \/>\nNUR F\u00dcR DIE BEHANDLUNG VON TIEREN<\/p>\n","protected":false},"excerpt":{"rendered":"<p>CLOPROCHEM 10 hilft bei der Behandlung von Fortpflanzungsst\u00f6rungen wie Sub\u00f6strus, Pyometra, Lutealzyste und Brunstsynchronisation. Ein synthetisches Prostaglandinanalogon von PGF2a zur Anwendung bei Rindern. Zusammensetzung: Jeder ml enth\u00e4lt 263 mcg Cloprostenol-Natrium IP entspricht Cloprostenol &#8230;&#8230;&#8230;&#8230;.250 mcg Wasser f\u00fcr Injektionszwecke IP &#8230;&#8230;&#8230;&#8230;&#8230;&#8230;&#8230;&#8230;&#8230;q.s. Indikationen: Behandlung von Fortpflanzungsst\u00f6rungen wie Sub\u00f6strus, Pyometra, Lutealzyste und Brunstsynchronisation. Dosierung und Gebrauchsanweisung Rinder: 2 ml CLOPROCHEM 10, entsprechend 0,5 mg Cloprostenol pro Tier intramuskul\u00e4r. Stuten: 0,5 bis 1 ml CLOPROCHEM 10, entsprechend 0,125 &#8211; 0,25 mg Cloprostenol pro Tier intramuskul\u00e4r oder nach Anweisung eines registrierten Arztes. Kurzeit: Fleisch &#8211; 1 Tag, Milch &#8211; null REZEPTPFLICHTIGES ARZNEIMITTEL DER ANORDNUNG H: ACHTUNG: Darf nicht ohne Rezept eines registrierten Tierarztes im Einzelhandel verkauft werden. Packungsgr\u00f6\u00dfen: 2-ml-Fl\u00e4schchen mit sterilem Tupfer, Einwegspritze und Nadel. Diese Packung enth\u00e4lt eine sterile Spritze mit Nadel, kostenlos, nicht von uns hergestellt. Bitte \u00fcberpr\u00fcfen Sie vor Gebrauch die Herstellerlizenz, Chargennummer, das Herstellungsdatum und das Verfallsdatum auf der Spritze. Lagerung: Lichtgesch\u00fctzt lagern. Au\u00dferhalb der Reichweite von Kindern aufbewahren. Hinweis: Den Inhalt der Ampulle in sterilem Wasser f\u00fcr Injektionszwecke aufl\u00f6sen. Wenn in der L\u00f6sung Fremdpartikel sichtbar sind, verwenden Sie die L\u00f6sung bitte nicht. Fordern Sie Ersatz an. NICHT F\u00dcR DEN MENSCHLICHEN GEBRAUCH NUR F\u00dcR DIE BEHANDLUNG VON TIEREN<\/p>\n","protected":false},"featured_media":769,"comment_status":"open","ping_status":"closed","template":"","meta":{"site-sidebar-layout":"default","site-content-layout":"","ast-site-content-layout":"default","site-content-style":"default","site-sidebar-style":"default","ast-global-header-display":"","ast-banner-title-visibility":"","ast-main-header-display":"","ast-hfb-above-header-display":"","ast-hfb-below-header-display":"","ast-hfb-mobile-header-display":"","site-post-title":"","ast-breadcrumbs-content":"","ast-featured-img":"","footer-sml-layout":"","ast-disable-related-posts":"","theme-transparent-header-meta":"default","adv-header-id-meta":"","stick-header-meta":"","header-above-stick-meta":"","header-main-stick-meta":"","header-below-stick-meta":"","astra-migrate-meta-layouts":"set","ast-page-background-enabled":"default","ast-page-background-meta":{"desktop":{"background-color":"var(--ast-global-color-4)","background-image":"","background-repeat":"repeat","background-position":"center center","background-size":"auto","background-attachment":"scroll","background-type":"","background-media":"","overlay-type":"","overlay-color":"","overlay-opacity":"","overlay-gradient":""},"tablet":{"background-color":"","background-image":"","background-repeat":"repeat","background-position":"center center","background-size":"auto","background-attachment":"scroll","background-type":"","background-media":"","overlay-type":"","overlay-color":"","overlay-opacity":"","overlay-gradient":""},"mobile":{"background-color":"","background-image":"","background-repeat":"repeat","background-position":"center center","background-size":"auto","background-attachment":"scroll","background-type":"","background-media":"","overlay-type":"","overlay-color":"","overlay-opacity":"","overlay-gradient":""}},"ast-content-background-meta":{"desktop":{"background-color":"var(--ast-global-color-5)","background-image":"","background-repeat":"repeat","background-position":"center center","background-size":"auto","background-attachment":"scroll","background-type":"","background-media":"","overlay-type":"","overlay-color":"","overlay-opacity":"","overlay-gradient":""},"tablet":{"background-color":"var(--ast-global-color-5)","background-image":"","background-repeat":"repeat","background-position":"center center","background-size":"auto","background-attachment":"scroll","background-type":"","background-media":"","overlay-type":"","overlay-color":"","overlay-opacity":"","overlay-gradient":""},"mobile":{"background-color":"var(--ast-global-color-5)","background-image":"","background-repeat":"repeat","background-position":"center center","background-size":"auto","background-attachment":"scroll","background-type":"","background-media":"","overlay-type":"","overlay-color":"","overlay-opacity":"","overlay-gradient":""}}},"product_brand":[],"product_cat":[42],"product_tag":[],"class_list":{"0":"post-920","1":"product","2":"type-product","3":"status-publish","4":"has-post-thumbnail","6":"product_cat-unkategorisiert","7":"desktop-align-left","8":"tablet-align-left","9":"mobile-align-left","11":"first","12":"instock","13":"shipping-taxable","14":"product-type-simple"},"yoast_head":"<!-- This site is optimized with the Yoast SEO plugin v27.3 - https:\/\/yoast.com\/product\/yoast-seo-wordpress\/ -->\n<title>CLOPROCHEM 10 - Vetchem<\/title>\n<meta name=\"robots\" content=\"index, follow, max-snippet:-1, max-image-preview:large, max-video-preview:-1\" \/>\n<link rel=\"canonical\" href=\"https:\/\/vet-chem.com\/de\/product\/cloprochem-10\/\" \/>\n<meta property=\"og:locale\" content=\"de_DE\" \/>\n<meta property=\"og:type\" content=\"article\" \/>\n<meta property=\"og:title\" content=\"CLOPROCHEM 10 - Vetchem\" \/>\n<meta property=\"og:description\" content=\"CLOPROCHEM 10 hilft bei der Behandlung von Fortpflanzungsst\u00f6rungen wie Sub\u00f6strus, Pyometra, Lutealzyste und Brunstsynchronisation. Ein synthetisches Prostaglandinanalogon von PGF2a zur Anwendung bei Rindern. Zusammensetzung: Jeder ml enth\u00e4lt 263 mcg Cloprostenol-Natrium IP entspricht Cloprostenol &#8230;&#8230;&#8230;&#8230;.250 mcg Wasser f\u00fcr Injektionszwecke IP &#8230;&#8230;&#8230;&#8230;&#8230;&#8230;&#8230;&#8230;&#8230;q.s. Indikationen: Behandlung von Fortpflanzungsst\u00f6rungen wie Sub\u00f6strus, Pyometra, Lutealzyste und Brunstsynchronisation. Dosierung und Gebrauchsanweisung Rinder: 2 ml CLOPROCHEM 10, entsprechend 0,5 mg Cloprostenol pro Tier intramuskul\u00e4r. Stuten: 0,5 bis 1 ml CLOPROCHEM 10, entsprechend 0,125 &#8211; 0,25 mg Cloprostenol pro Tier intramuskul\u00e4r oder nach Anweisung eines registrierten Arztes. Kurzeit: Fleisch &#8211; 1 Tag, Milch &#8211; null REZEPTPFLICHTIGES ARZNEIMITTEL DER ANORDNUNG H: ACHTUNG: Darf nicht ohne Rezept eines registrierten Tierarztes im Einzelhandel verkauft werden. Packungsgr\u00f6\u00dfen: 2-ml-Fl\u00e4schchen mit sterilem Tupfer, Einwegspritze und Nadel. Diese Packung enth\u00e4lt eine sterile Spritze mit Nadel, kostenlos, nicht von uns hergestellt. Bitte \u00fcberpr\u00fcfen Sie vor Gebrauch die Herstellerlizenz, Chargennummer, das Herstellungsdatum und das Verfallsdatum auf der Spritze. Lagerung: Lichtgesch\u00fctzt lagern. Au\u00dferhalb der Reichweite von Kindern aufbewahren. Hinweis: Den Inhalt der Ampulle in sterilem Wasser f\u00fcr Injektionszwecke aufl\u00f6sen. Wenn in der L\u00f6sung Fremdpartikel sichtbar sind, verwenden Sie die L\u00f6sung bitte nicht. Fordern Sie Ersatz an. NICHT F\u00dcR DEN MENSCHLICHEN GEBRAUCH NUR F\u00dcR DIE BEHANDLUNG VON TIEREN\" \/>\n<meta property=\"og:url\" content=\"https:\/\/vet-chem.com\/de\/product\/cloprochem-10\/\" \/>\n<meta property=\"og:site_name\" content=\"Vetchem\" \/>\n<meta property=\"article:publisher\" content=\"https:\/\/www.facebook.com\/VetChemGerman\" \/>\n<meta property=\"article:modified_time\" content=\"2024-08-31T13:51:04+00:00\" \/>\n<meta property=\"og:image\" content=\"https:\/\/vet-chem.com\/wp-content\/uploads\/2024\/08\/CLOPROCHEM-10.jpg\" \/>\n\t<meta property=\"og:image:width\" content=\"1280\" \/>\n\t<meta property=\"og:image:height\" content=\"1238\" \/>\n\t<meta property=\"og:image:type\" content=\"image\/jpeg\" \/>\n<meta name=\"twitter:card\" content=\"summary_large_image\" \/>\n<meta name=\"twitter:label1\" content=\"Gesch\u00e4tzte Lesezeit\" \/>\n\t<meta name=\"twitter:data1\" content=\"1\u00a0Minute\" \/>\n<script type=\"application\/ld+json\" class=\"yoast-schema-graph\">{\"@context\":\"https:\\\/\\\/schema.org\",\"@graph\":[{\"@type\":\"WebPage\",\"@id\":\"https:\\\/\\\/vet-chem.com\\\/de\\\/product\\\/cloprochem-10\\\/\",\"url\":\"https:\\\/\\\/vet-chem.com\\\/de\\\/product\\\/cloprochem-10\\\/\",\"name\":\"CLOPROCHEM 10 - Vetchem\",\"isPartOf\":{\"@id\":\"https:\\\/\\\/vet-chem.com\\\/de\\\/#website\"},\"primaryImageOfPage\":{\"@id\":\"https:\\\/\\\/vet-chem.com\\\/de\\\/product\\\/cloprochem-10\\\/#primaryimage\"},\"image\":{\"@id\":\"https:\\\/\\\/vet-chem.com\\\/de\\\/product\\\/cloprochem-10\\\/#primaryimage\"},\"thumbnailUrl\":\"https:\\\/\\\/vet-chem.com\\\/wp-content\\\/uploads\\\/2024\\\/08\\\/CLOPROCHEM-10.jpg\",\"datePublished\":\"2024-08-05T11:52:55+00:00\",\"dateModified\":\"2024-08-31T13:51:04+00:00\",\"breadcrumb\":{\"@id\":\"https:\\\/\\\/vet-chem.com\\\/de\\\/product\\\/cloprochem-10\\\/#breadcrumb\"},\"inLanguage\":\"de\",\"potentialAction\":[{\"@type\":\"ReadAction\",\"target\":[\"https:\\\/\\\/vet-chem.com\\\/de\\\/product\\\/cloprochem-10\\\/\"]}]},{\"@type\":\"ImageObject\",\"inLanguage\":\"de\",\"@id\":\"https:\\\/\\\/vet-chem.com\\\/de\\\/product\\\/cloprochem-10\\\/#primaryimage\",\"url\":\"https:\\\/\\\/vet-chem.com\\\/wp-content\\\/uploads\\\/2024\\\/08\\\/CLOPROCHEM-10.jpg\",\"contentUrl\":\"https:\\\/\\\/vet-chem.com\\\/wp-content\\\/uploads\\\/2024\\\/08\\\/CLOPROCHEM-10.jpg\",\"width\":1280,\"height\":1238},{\"@type\":\"BreadcrumbList\",\"@id\":\"https:\\\/\\\/vet-chem.com\\\/de\\\/product\\\/cloprochem-10\\\/#breadcrumb\",\"itemListElement\":[{\"@type\":\"ListItem\",\"position\":1,\"name\":\"Home\",\"item\":\"https:\\\/\\\/vet-chem.com\\\/de\\\/home\\\/\"},{\"@type\":\"ListItem\",\"position\":2,\"name\":\"Produkte\",\"item\":\"https:\\\/\\\/vet-chem.com\\\/de\\\/shop\\\/\"},{\"@type\":\"ListItem\",\"position\":3,\"name\":\"CLOPROCHEM 10\"}]},{\"@type\":\"WebSite\",\"@id\":\"https:\\\/\\\/vet-chem.com\\\/de\\\/#website\",\"url\":\"https:\\\/\\\/vet-chem.com\\\/de\\\/\",\"name\":\"Vetchem\",\"description\":\"\",\"publisher\":{\"@id\":\"https:\\\/\\\/vet-chem.com\\\/de\\\/#organization\"},\"potentialAction\":[{\"@type\":\"SearchAction\",\"target\":{\"@type\":\"EntryPoint\",\"urlTemplate\":\"https:\\\/\\\/vet-chem.com\\\/de\\\/?s={search_term_string}\"},\"query-input\":{\"@type\":\"PropertyValueSpecification\",\"valueRequired\":true,\"valueName\":\"search_term_string\"}}],\"inLanguage\":\"de\"},{\"@type\":\"Organization\",\"@id\":\"https:\\\/\\\/vet-chem.com\\\/de\\\/#organization\",\"name\":\"Vetchem\",\"url\":\"https:\\\/\\\/vet-chem.com\\\/de\\\/\",\"logo\":{\"@type\":\"ImageObject\",\"inLanguage\":\"de\",\"@id\":\"https:\\\/\\\/vet-chem.com\\\/de\\\/#\\\/schema\\\/logo\\\/image\\\/\",\"url\":\"https:\\\/\\\/vet-chem.com\\\/wp-content\\\/uploads\\\/2024\\\/06\\\/logo.svg\",\"contentUrl\":\"https:\\\/\\\/vet-chem.com\\\/wp-content\\\/uploads\\\/2024\\\/06\\\/logo.svg\",\"width\":412,\"height\":195,\"caption\":\"Vetchem\"},\"image\":{\"@id\":\"https:\\\/\\\/vet-chem.com\\\/de\\\/#\\\/schema\\\/logo\\\/image\\\/\"},\"sameAs\":[\"https:\\\/\\\/www.facebook.com\\\/VetChemGerman\"]}]}<\/script>\n<!-- \/ Yoast SEO plugin. -->","yoast_head_json":{"title":"CLOPROCHEM 10 - Vetchem","robots":{"index":"index","follow":"follow","max-snippet":"max-snippet:-1","max-image-preview":"max-image-preview:large","max-video-preview":"max-video-preview:-1"},"canonical":"https:\/\/vet-chem.com\/de\/product\/cloprochem-10\/","og_locale":"de_DE","og_type":"article","og_title":"CLOPROCHEM 10 - Vetchem","og_description":"CLOPROCHEM 10 hilft bei der Behandlung von Fortpflanzungsst\u00f6rungen wie Sub\u00f6strus, Pyometra, Lutealzyste und Brunstsynchronisation. Ein synthetisches Prostaglandinanalogon von PGF2a zur Anwendung bei Rindern. Zusammensetzung: Jeder ml enth\u00e4lt 263 mcg Cloprostenol-Natrium IP entspricht Cloprostenol &#8230;&#8230;&#8230;&#8230;.250 mcg Wasser f\u00fcr Injektionszwecke IP &#8230;&#8230;&#8230;&#8230;&#8230;&#8230;&#8230;&#8230;&#8230;q.s. Indikationen: Behandlung von Fortpflanzungsst\u00f6rungen wie Sub\u00f6strus, Pyometra, Lutealzyste und Brunstsynchronisation. Dosierung und Gebrauchsanweisung Rinder: 2 ml CLOPROCHEM 10, entsprechend 0,5 mg Cloprostenol pro Tier intramuskul\u00e4r. Stuten: 0,5 bis 1 ml CLOPROCHEM 10, entsprechend 0,125 &#8211; 0,25 mg Cloprostenol pro Tier intramuskul\u00e4r oder nach Anweisung eines registrierten Arztes. Kurzeit: Fleisch &#8211; 1 Tag, Milch &#8211; null REZEPTPFLICHTIGES ARZNEIMITTEL DER ANORDNUNG H: ACHTUNG: Darf nicht ohne Rezept eines registrierten Tierarztes im Einzelhandel verkauft werden. Packungsgr\u00f6\u00dfen: 2-ml-Fl\u00e4schchen mit sterilem Tupfer, Einwegspritze und Nadel. Diese Packung enth\u00e4lt eine sterile Spritze mit Nadel, kostenlos, nicht von uns hergestellt. Bitte \u00fcberpr\u00fcfen Sie vor Gebrauch die Herstellerlizenz, Chargennummer, das Herstellungsdatum und das Verfallsdatum auf der Spritze. Lagerung: Lichtgesch\u00fctzt lagern. Au\u00dferhalb der Reichweite von Kindern aufbewahren. Hinweis: Den Inhalt der Ampulle in sterilem Wasser f\u00fcr Injektionszwecke aufl\u00f6sen. Wenn in der L\u00f6sung Fremdpartikel sichtbar sind, verwenden Sie die L\u00f6sung bitte nicht. Fordern Sie Ersatz an. NICHT F\u00dcR DEN MENSCHLICHEN GEBRAUCH NUR F\u00dcR DIE BEHANDLUNG VON TIEREN","og_url":"https:\/\/vet-chem.com\/de\/product\/cloprochem-10\/","og_site_name":"Vetchem","article_publisher":"https:\/\/www.facebook.com\/VetChemGerman","article_modified_time":"2024-08-31T13:51:04+00:00","og_image":[{"width":1280,"height":1238,"url":"https:\/\/vet-chem.com\/wp-content\/uploads\/2024\/08\/CLOPROCHEM-10.jpg","type":"image\/jpeg"}],"twitter_card":"summary_large_image","twitter_misc":{"Gesch\u00e4tzte Lesezeit":"1\u00a0Minute"},"schema":{"@context":"https:\/\/schema.org","@graph":[{"@type":"WebPage","@id":"https:\/\/vet-chem.com\/de\/product\/cloprochem-10\/","url":"https:\/\/vet-chem.com\/de\/product\/cloprochem-10\/","name":"CLOPROCHEM 10 - Vetchem","isPartOf":{"@id":"https:\/\/vet-chem.com\/de\/#website"},"primaryImageOfPage":{"@id":"https:\/\/vet-chem.com\/de\/product\/cloprochem-10\/#primaryimage"},"image":{"@id":"https:\/\/vet-chem.com\/de\/product\/cloprochem-10\/#primaryimage"},"thumbnailUrl":"https:\/\/vet-chem.com\/wp-content\/uploads\/2024\/08\/CLOPROCHEM-10.jpg","datePublished":"2024-08-05T11:52:55+00:00","dateModified":"2024-08-31T13:51:04+00:00","breadcrumb":{"@id":"https:\/\/vet-chem.com\/de\/product\/cloprochem-10\/#breadcrumb"},"inLanguage":"de","potentialAction":[{"@type":"ReadAction","target":["https:\/\/vet-chem.com\/de\/product\/cloprochem-10\/"]}]},{"@type":"ImageObject","inLanguage":"de","@id":"https:\/\/vet-chem.com\/de\/product\/cloprochem-10\/#primaryimage","url":"https:\/\/vet-chem.com\/wp-content\/uploads\/2024\/08\/CLOPROCHEM-10.jpg","contentUrl":"https:\/\/vet-chem.com\/wp-content\/uploads\/2024\/08\/CLOPROCHEM-10.jpg","width":1280,"height":1238},{"@type":"BreadcrumbList","@id":"https:\/\/vet-chem.com\/de\/product\/cloprochem-10\/#breadcrumb","itemListElement":[{"@type":"ListItem","position":1,"name":"Home","item":"https:\/\/vet-chem.com\/de\/home\/"},{"@type":"ListItem","position":2,"name":"Produkte","item":"https:\/\/vet-chem.com\/de\/shop\/"},{"@type":"ListItem","position":3,"name":"CLOPROCHEM 10"}]},{"@type":"WebSite","@id":"https:\/\/vet-chem.com\/de\/#website","url":"https:\/\/vet-chem.com\/de\/","name":"Vetchem","description":"","publisher":{"@id":"https:\/\/vet-chem.com\/de\/#organization"},"potentialAction":[{"@type":"SearchAction","target":{"@type":"EntryPoint","urlTemplate":"https:\/\/vet-chem.com\/de\/?s={search_term_string}"},"query-input":{"@type":"PropertyValueSpecification","valueRequired":true,"valueName":"search_term_string"}}],"inLanguage":"de"},{"@type":"Organization","@id":"https:\/\/vet-chem.com\/de\/#organization","name":"Vetchem","url":"https:\/\/vet-chem.com\/de\/","logo":{"@type":"ImageObject","inLanguage":"de","@id":"https:\/\/vet-chem.com\/de\/#\/schema\/logo\/image\/","url":"https:\/\/vet-chem.com\/wp-content\/uploads\/2024\/06\/logo.svg","contentUrl":"https:\/\/vet-chem.com\/wp-content\/uploads\/2024\/06\/logo.svg","width":412,"height":195,"caption":"Vetchem"},"image":{"@id":"https:\/\/vet-chem.com\/de\/#\/schema\/logo\/image\/"},"sameAs":["https:\/\/www.facebook.com\/VetChemGerman"]}]}},"_links":{"self":[{"href":"https:\/\/vet-chem.com\/de\/wp-json\/wp\/v2\/product\/920","targetHints":{"allow":["GET"]}}],"collection":[{"href":"https:\/\/vet-chem.com\/de\/wp-json\/wp\/v2\/product"}],"about":[{"href":"https:\/\/vet-chem.com\/de\/wp-json\/wp\/v2\/types\/product"}],"replies":[{"embeddable":true,"href":"https:\/\/vet-chem.com\/de\/wp-json\/wp\/v2\/comments?post=920"}],"wp:featuredmedia":[{"embeddable":true,"href":"https:\/\/vet-chem.com\/de\/wp-json\/wp\/v2\/media\/769"}],"wp:attachment":[{"href":"https:\/\/vet-chem.com\/de\/wp-json\/wp\/v2\/media?parent=920"}],"wp:term":[{"taxonomy":"product_brand","embeddable":true,"href":"https:\/\/vet-chem.com\/de\/wp-json\/wp\/v2\/product_brand?post=920"},{"taxonomy":"product_cat","embeddable":true,"href":"https:\/\/vet-chem.com\/de\/wp-json\/wp\/v2\/product_cat?post=920"},{"taxonomy":"product_tag","embeddable":true,"href":"https:\/\/vet-chem.com\/de\/wp-json\/wp\/v2\/product_tag?post=920"}],"curies":[{"name":"wp","href":"https:\/\/api.w.org\/{rel}","templated":true}]}}