{"id":921,"date":"2024-08-05T14:51:12","date_gmt":"2024-08-05T11:51:12","guid":{"rendered":"https:\/\/vet-chem.com\/product\/flunichem\/"},"modified":"2024-08-31T16:51:21","modified_gmt":"2024-08-31T13:51:21","slug":"flunichem","status":"publish","type":"product","link":"https:\/\/vet-chem.com\/de\/product\/flunichem\/","title":{"rendered":"FLUNICHEM"},"content":{"rendered":"<p>Zusammensetzung: Jeder ml enth\u00e4lt<br \/>\nFlunixin Meglumin USP, \u00c4quivalent zu Flunixin: 50 mg<br \/>\nPhenol B.P.: 0,5 % W\/V (als Konservierungsmittel)<br \/>\nWasser f\u00fcr Injektionszwecke B.P.: q.s.<br \/>\nAnwendungsgebiete:<br \/>\nBei Rindern: Zur Kontrolle akuter Entz\u00fcndungen im Zusammenhang mit Atemwegserkrankungen. Flunixin-Injektionen haben sich auch bei der Behandlung von experimentellem akutem Lungenemphysem bei Rindern (Nebelfieber) als n\u00fctzlich erwiesen. Diese Injektion kann als Zusatztherapie bei der Behandlung akuter Mastitis eingesetzt werden.<br \/>\nBei Pferden: Zur Linderung von Entz\u00fcndungen und Schmerzen im Zusammenhang mit Erkrankungen des Bewegungsapparats. Zur Linderung viszeraler Schmerzen im Zusammenhang mit Koliken bei Pferden.<br \/>\nBei Schweinen: Zur Verwendung als Zusatztherapie bei der Behandlung von Atemwegserkrankungen bei Schweinen.<br \/>\nZielarten: Rinder, Schafe, Ziegen, Schweine und Pferde. Dosierung und Verabreichung:<br \/>\nRinder, Schafe, Ziegen und Kamele: 1,1 bis 2,2 mg Flunixin pro kg K\u00f6rpergewicht oder 1 bis 2 ml Flunichem-Injektion pro 45 kg K\u00f6rpergewicht, langsam intraven\u00f6s oder intramuskul\u00e4r verabreicht. Die Gesamtdosis sollte 2,2 mg\/kg K\u00f6rpergewicht nicht \u00fcberschreiten. Bei Bedarf in 24-Stunden-Intervallen bis zu 5 aufeinanderfolgenden Tagen wiederholen.<\/p>\n<p>Die empfohlene Dosis f\u00fcr Mastitis bei Rindern betr\u00e4gt 2,2 mg\/kg K\u00f6rpergewicht, einmalig langsam intraven\u00f6s oder intramuskul\u00e4r verabreicht. Bei Bedarf in 24-Stunden-Intervallen bis zu 5 aufeinanderfolgenden Tagen wiederholen.<\/p>\n<p>Wartezeit:<br \/>\nW\u00e4hrend der Behandlung d\u00fcrfen Tiere nicht f\u00fcr den menschlichen Verzehr geschlachtet werden.<br \/>\nRinder: 5 Tage seit der letzten Behandlung.<br \/>\nPferd: 7 Tage seit der letzten Behandlung.<br \/>\nSchwein: 22 Tage seit der letzten Behandlung.<\/p>\n<p>NUR F\u00dcR TIERE<br \/>\nAUF DER REICHWEITE VON KINDERN AUFBEWAHREN<br \/>\nNUR F\u00dcR TIER\u00c4RZTLICHE VERWENDUNG<\/p>\n<p>VON HITZE UND DIREKTER SONNENEINSTRAHLUNG FERNHALTEN.<\/p>\n<p>BEI KONTROLLIERTER RAUMTEMPERATUR VON NICHT MEHR ALS 25\u00a0C LAGERN.<\/p>\n","protected":false},"excerpt":{"rendered":"<p>Zusammensetzung: Jeder ml enth\u00e4lt Flunixin Meglumin USP, \u00c4quivalent zu Flunixin: 50 mg Phenol B.P.: 0,5 % W\/V (als Konservierungsmittel) Wasser f\u00fcr Injektionszwecke B.P.: q.s. Anwendungsgebiete: Bei Rindern: Zur Kontrolle akuter Entz\u00fcndungen im Zusammenhang mit Atemwegserkrankungen. Flunixin-Injektionen haben sich auch bei der Behandlung von experimentellem akutem Lungenemphysem bei Rindern (Nebelfieber) als n\u00fctzlich erwiesen. Diese Injektion kann als Zusatztherapie bei der Behandlung akuter Mastitis eingesetzt werden. Bei Pferden: Zur Linderung von Entz\u00fcndungen und Schmerzen im Zusammenhang mit Erkrankungen des Bewegungsapparats. Zur Linderung viszeraler Schmerzen im Zusammenhang mit Koliken bei Pferden. Bei Schweinen: Zur Verwendung als Zusatztherapie bei der Behandlung von Atemwegserkrankungen bei Schweinen. Zielarten: Rinder, Schafe, Ziegen, Schweine und Pferde. Dosierung und Verabreichung: Rinder, Schafe, Ziegen und Kamele: 1,1 bis 2,2 mg Flunixin pro kg K\u00f6rpergewicht oder 1 bis 2 ml Flunichem-Injektion pro 45 kg K\u00f6rpergewicht, langsam intraven\u00f6s oder intramuskul\u00e4r verabreicht. Die Gesamtdosis sollte 2,2 mg\/kg K\u00f6rpergewicht nicht \u00fcberschreiten. Bei Bedarf in 24-Stunden-Intervallen bis zu 5 aufeinanderfolgenden Tagen wiederholen. Die empfohlene Dosis f\u00fcr Mastitis bei Rindern betr\u00e4gt 2,2 mg\/kg K\u00f6rpergewicht, einmalig langsam intraven\u00f6s oder intramuskul\u00e4r verabreicht. Bei Bedarf in 24-Stunden-Intervallen bis zu 5 aufeinanderfolgenden Tagen wiederholen. Wartezeit: W\u00e4hrend der Behandlung d\u00fcrfen Tiere nicht f\u00fcr den menschlichen Verzehr geschlachtet werden. Rinder: 5 Tage seit der letzten Behandlung. Pferd: 7 Tage seit der letzten Behandlung. Schwein: 22 Tage seit der letzten Behandlung. NUR F\u00dcR TIERE AUF DER REICHWEITE VON KINDERN AUFBEWAHREN NUR F\u00dcR TIER\u00c4RZTLICHE VERWENDUNG VON HITZE UND DIREKTER SONNENEINSTRAHLUNG FERNHALTEN. BEI KONTROLLIERTER RAUMTEMPERATUR VON NICHT MEHR ALS 25\u00a0C LAGERN.<\/p>\n","protected":false},"featured_media":768,"comment_status":"open","ping_status":"closed","template":"","meta":{"site-sidebar-layout":"default","site-content-layout":"","ast-site-content-layout":"default","site-content-style":"default","site-sidebar-style":"default","ast-global-header-display":"","ast-banner-title-visibility":"","ast-main-header-display":"","ast-hfb-above-header-display":"","ast-hfb-below-header-display":"","ast-hfb-mobile-header-display":"","site-post-title":"","ast-breadcrumbs-content":"","ast-featured-img":"","footer-sml-layout":"","ast-disable-related-posts":"","theme-transparent-header-meta":"default","adv-header-id-meta":"","stick-header-meta":"","header-above-stick-meta":"","header-main-stick-meta":"","header-below-stick-meta":"","astra-migrate-meta-layouts":"set","ast-page-background-enabled":"default","ast-page-background-meta":{"desktop":{"background-color":"var(--ast-global-color-4)","background-image":"","background-repeat":"repeat","background-position":"center center","background-size":"auto","background-attachment":"scroll","background-type":"","background-media":"","overlay-type":"","overlay-color":"","overlay-opacity":"","overlay-gradient":""},"tablet":{"background-color":"","background-image":"","background-repeat":"repeat","background-position":"center center","background-size":"auto","background-attachment":"scroll","background-type":"","background-media":"","overlay-type":"","overlay-color":"","overlay-opacity":"","overlay-gradient":""},"mobile":{"background-color":"","background-image":"","background-repeat":"repeat","background-position":"center center","background-size":"auto","background-attachment":"scroll","background-type":"","background-media":"","overlay-type":"","overlay-color":"","overlay-opacity":"","overlay-gradient":""}},"ast-content-background-meta":{"desktop":{"background-color":"var(--ast-global-color-5)","background-image":"","background-repeat":"repeat","background-position":"center center","background-size":"auto","background-attachment":"scroll","background-type":"","background-media":"","overlay-type":"","overlay-color":"","overlay-opacity":"","overlay-gradient":""},"tablet":{"background-color":"var(--ast-global-color-5)","background-image":"","background-repeat":"repeat","background-position":"center center","background-size":"auto","background-attachment":"scroll","background-type":"","background-media":"","overlay-type":"","overlay-color":"","overlay-opacity":"","overlay-gradient":""},"mobile":{"background-color":"var(--ast-global-color-5)","background-image":"","background-repeat":"repeat","background-position":"center center","background-size":"auto","background-attachment":"scroll","background-type":"","background-media":"","overlay-type":"","overlay-color":"","overlay-opacity":"","overlay-gradient":""}}},"product_brand":[],"product_cat":[42],"product_tag":[],"class_list":{"0":"post-921","1":"product","2":"type-product","3":"status-publish","4":"has-post-thumbnail","6":"product_cat-unkategorisiert","7":"desktop-align-left","8":"tablet-align-left","9":"mobile-align-left","11":"first","12":"instock","13":"shipping-taxable","14":"product-type-simple"},"yoast_head":"<!-- This site is optimized with the Yoast SEO plugin v27.3 - https:\/\/yoast.com\/product\/yoast-seo-wordpress\/ -->\n<title>FLUNICHEM - Vetchem<\/title>\n<meta name=\"robots\" content=\"index, follow, max-snippet:-1, max-image-preview:large, max-video-preview:-1\" \/>\n<link rel=\"canonical\" href=\"https:\/\/vet-chem.com\/de\/product\/flunichem\/\" \/>\n<meta property=\"og:locale\" content=\"de_DE\" \/>\n<meta property=\"og:type\" content=\"article\" \/>\n<meta property=\"og:title\" content=\"FLUNICHEM - Vetchem\" \/>\n<meta property=\"og:description\" content=\"Zusammensetzung: Jeder ml enth\u00e4lt Flunixin Meglumin USP, \u00c4quivalent zu Flunixin: 50 mg Phenol B.P.: 0,5 % W\/V (als Konservierungsmittel) Wasser f\u00fcr Injektionszwecke B.P.: q.s. Anwendungsgebiete: Bei Rindern: Zur Kontrolle akuter Entz\u00fcndungen im Zusammenhang mit Atemwegserkrankungen. Flunixin-Injektionen haben sich auch bei der Behandlung von experimentellem akutem Lungenemphysem bei Rindern (Nebelfieber) als n\u00fctzlich erwiesen. Diese Injektion kann als Zusatztherapie bei der Behandlung akuter Mastitis eingesetzt werden. Bei Pferden: Zur Linderung von Entz\u00fcndungen und Schmerzen im Zusammenhang mit Erkrankungen des Bewegungsapparats. Zur Linderung viszeraler Schmerzen im Zusammenhang mit Koliken bei Pferden. Bei Schweinen: Zur Verwendung als Zusatztherapie bei der Behandlung von Atemwegserkrankungen bei Schweinen. Zielarten: Rinder, Schafe, Ziegen, Schweine und Pferde. Dosierung und Verabreichung: Rinder, Schafe, Ziegen und Kamele: 1,1 bis 2,2 mg Flunixin pro kg K\u00f6rpergewicht oder 1 bis 2 ml Flunichem-Injektion pro 45 kg K\u00f6rpergewicht, langsam intraven\u00f6s oder intramuskul\u00e4r verabreicht. Die Gesamtdosis sollte 2,2 mg\/kg K\u00f6rpergewicht nicht \u00fcberschreiten. Bei Bedarf in 24-Stunden-Intervallen bis zu 5 aufeinanderfolgenden Tagen wiederholen. Die empfohlene Dosis f\u00fcr Mastitis bei Rindern betr\u00e4gt 2,2 mg\/kg K\u00f6rpergewicht, einmalig langsam intraven\u00f6s oder intramuskul\u00e4r verabreicht. Bei Bedarf in 24-Stunden-Intervallen bis zu 5 aufeinanderfolgenden Tagen wiederholen. Wartezeit: W\u00e4hrend der Behandlung d\u00fcrfen Tiere nicht f\u00fcr den menschlichen Verzehr geschlachtet werden. Rinder: 5 Tage seit der letzten Behandlung. Pferd: 7 Tage seit der letzten Behandlung. Schwein: 22 Tage seit der letzten Behandlung. NUR F\u00dcR TIERE AUF DER REICHWEITE VON KINDERN AUFBEWAHREN NUR F\u00dcR TIER\u00c4RZTLICHE VERWENDUNG VON HITZE UND DIREKTER SONNENEINSTRAHLUNG FERNHALTEN. BEI KONTROLLIERTER RAUMTEMPERATUR VON NICHT MEHR ALS 25\u00a0C LAGERN.\" \/>\n<meta property=\"og:url\" content=\"https:\/\/vet-chem.com\/de\/product\/flunichem\/\" \/>\n<meta property=\"og:site_name\" content=\"Vetchem\" \/>\n<meta property=\"article:publisher\" content=\"https:\/\/www.facebook.com\/VetChemGerman\" \/>\n<meta property=\"article:modified_time\" content=\"2024-08-31T13:51:21+00:00\" \/>\n<meta property=\"og:image\" content=\"https:\/\/vet-chem.com\/wp-content\/uploads\/2024\/08\/FLUNICHEM.jpg\" \/>\n\t<meta property=\"og:image:width\" content=\"1280\" \/>\n\t<meta property=\"og:image:height\" content=\"1238\" \/>\n\t<meta property=\"og:image:type\" content=\"image\/jpeg\" \/>\n<meta name=\"twitter:card\" content=\"summary_large_image\" \/>\n<meta name=\"twitter:label1\" content=\"Gesch\u00e4tzte Lesezeit\" \/>\n\t<meta name=\"twitter:data1\" content=\"1\u00a0Minute\" \/>\n<script type=\"application\/ld+json\" class=\"yoast-schema-graph\">{\"@context\":\"https:\\\/\\\/schema.org\",\"@graph\":[{\"@type\":\"WebPage\",\"@id\":\"https:\\\/\\\/vet-chem.com\\\/de\\\/product\\\/flunichem\\\/\",\"url\":\"https:\\\/\\\/vet-chem.com\\\/de\\\/product\\\/flunichem\\\/\",\"name\":\"FLUNICHEM - Vetchem\",\"isPartOf\":{\"@id\":\"https:\\\/\\\/vet-chem.com\\\/de\\\/#website\"},\"primaryImageOfPage\":{\"@id\":\"https:\\\/\\\/vet-chem.com\\\/de\\\/product\\\/flunichem\\\/#primaryimage\"},\"image\":{\"@id\":\"https:\\\/\\\/vet-chem.com\\\/de\\\/product\\\/flunichem\\\/#primaryimage\"},\"thumbnailUrl\":\"https:\\\/\\\/vet-chem.com\\\/wp-content\\\/uploads\\\/2024\\\/08\\\/FLUNICHEM.jpg\",\"datePublished\":\"2024-08-05T11:51:12+00:00\",\"dateModified\":\"2024-08-31T13:51:21+00:00\",\"breadcrumb\":{\"@id\":\"https:\\\/\\\/vet-chem.com\\\/de\\\/product\\\/flunichem\\\/#breadcrumb\"},\"inLanguage\":\"de\",\"potentialAction\":[{\"@type\":\"ReadAction\",\"target\":[\"https:\\\/\\\/vet-chem.com\\\/de\\\/product\\\/flunichem\\\/\"]}]},{\"@type\":\"ImageObject\",\"inLanguage\":\"de\",\"@id\":\"https:\\\/\\\/vet-chem.com\\\/de\\\/product\\\/flunichem\\\/#primaryimage\",\"url\":\"https:\\\/\\\/vet-chem.com\\\/wp-content\\\/uploads\\\/2024\\\/08\\\/FLUNICHEM.jpg\",\"contentUrl\":\"https:\\\/\\\/vet-chem.com\\\/wp-content\\\/uploads\\\/2024\\\/08\\\/FLUNICHEM.jpg\",\"width\":1280,\"height\":1238},{\"@type\":\"BreadcrumbList\",\"@id\":\"https:\\\/\\\/vet-chem.com\\\/de\\\/product\\\/flunichem\\\/#breadcrumb\",\"itemListElement\":[{\"@type\":\"ListItem\",\"position\":1,\"name\":\"Home\",\"item\":\"https:\\\/\\\/vet-chem.com\\\/de\\\/home\\\/\"},{\"@type\":\"ListItem\",\"position\":2,\"name\":\"Produkte\",\"item\":\"https:\\\/\\\/vet-chem.com\\\/de\\\/shop\\\/\"},{\"@type\":\"ListItem\",\"position\":3,\"name\":\"FLUNICHEM\"}]},{\"@type\":\"WebSite\",\"@id\":\"https:\\\/\\\/vet-chem.com\\\/de\\\/#website\",\"url\":\"https:\\\/\\\/vet-chem.com\\\/de\\\/\",\"name\":\"Vetchem\",\"description\":\"\",\"publisher\":{\"@id\":\"https:\\\/\\\/vet-chem.com\\\/de\\\/#organization\"},\"potentialAction\":[{\"@type\":\"SearchAction\",\"target\":{\"@type\":\"EntryPoint\",\"urlTemplate\":\"https:\\\/\\\/vet-chem.com\\\/de\\\/?s={search_term_string}\"},\"query-input\":{\"@type\":\"PropertyValueSpecification\",\"valueRequired\":true,\"valueName\":\"search_term_string\"}}],\"inLanguage\":\"de\"},{\"@type\":\"Organization\",\"@id\":\"https:\\\/\\\/vet-chem.com\\\/de\\\/#organization\",\"name\":\"Vetchem\",\"url\":\"https:\\\/\\\/vet-chem.com\\\/de\\\/\",\"logo\":{\"@type\":\"ImageObject\",\"inLanguage\":\"de\",\"@id\":\"https:\\\/\\\/vet-chem.com\\\/de\\\/#\\\/schema\\\/logo\\\/image\\\/\",\"url\":\"https:\\\/\\\/vet-chem.com\\\/wp-content\\\/uploads\\\/2024\\\/06\\\/logo.svg\",\"contentUrl\":\"https:\\\/\\\/vet-chem.com\\\/wp-content\\\/uploads\\\/2024\\\/06\\\/logo.svg\",\"width\":412,\"height\":195,\"caption\":\"Vetchem\"},\"image\":{\"@id\":\"https:\\\/\\\/vet-chem.com\\\/de\\\/#\\\/schema\\\/logo\\\/image\\\/\"},\"sameAs\":[\"https:\\\/\\\/www.facebook.com\\\/VetChemGerman\"]}]}<\/script>\n<!-- \/ Yoast SEO plugin. -->","yoast_head_json":{"title":"FLUNICHEM - Vetchem","robots":{"index":"index","follow":"follow","max-snippet":"max-snippet:-1","max-image-preview":"max-image-preview:large","max-video-preview":"max-video-preview:-1"},"canonical":"https:\/\/vet-chem.com\/de\/product\/flunichem\/","og_locale":"de_DE","og_type":"article","og_title":"FLUNICHEM - Vetchem","og_description":"Zusammensetzung: Jeder ml enth\u00e4lt Flunixin Meglumin USP, \u00c4quivalent zu Flunixin: 50 mg Phenol B.P.: 0,5 % W\/V (als Konservierungsmittel) Wasser f\u00fcr Injektionszwecke B.P.: q.s. Anwendungsgebiete: Bei Rindern: Zur Kontrolle akuter Entz\u00fcndungen im Zusammenhang mit Atemwegserkrankungen. Flunixin-Injektionen haben sich auch bei der Behandlung von experimentellem akutem Lungenemphysem bei Rindern (Nebelfieber) als n\u00fctzlich erwiesen. Diese Injektion kann als Zusatztherapie bei der Behandlung akuter Mastitis eingesetzt werden. Bei Pferden: Zur Linderung von Entz\u00fcndungen und Schmerzen im Zusammenhang mit Erkrankungen des Bewegungsapparats. Zur Linderung viszeraler Schmerzen im Zusammenhang mit Koliken bei Pferden. Bei Schweinen: Zur Verwendung als Zusatztherapie bei der Behandlung von Atemwegserkrankungen bei Schweinen. Zielarten: Rinder, Schafe, Ziegen, Schweine und Pferde. Dosierung und Verabreichung: Rinder, Schafe, Ziegen und Kamele: 1,1 bis 2,2 mg Flunixin pro kg K\u00f6rpergewicht oder 1 bis 2 ml Flunichem-Injektion pro 45 kg K\u00f6rpergewicht, langsam intraven\u00f6s oder intramuskul\u00e4r verabreicht. Die Gesamtdosis sollte 2,2 mg\/kg K\u00f6rpergewicht nicht \u00fcberschreiten. Bei Bedarf in 24-Stunden-Intervallen bis zu 5 aufeinanderfolgenden Tagen wiederholen. Die empfohlene Dosis f\u00fcr Mastitis bei Rindern betr\u00e4gt 2,2 mg\/kg K\u00f6rpergewicht, einmalig langsam intraven\u00f6s oder intramuskul\u00e4r verabreicht. Bei Bedarf in 24-Stunden-Intervallen bis zu 5 aufeinanderfolgenden Tagen wiederholen. Wartezeit: W\u00e4hrend der Behandlung d\u00fcrfen Tiere nicht f\u00fcr den menschlichen Verzehr geschlachtet werden. Rinder: 5 Tage seit der letzten Behandlung. Pferd: 7 Tage seit der letzten Behandlung. Schwein: 22 Tage seit der letzten Behandlung. NUR F\u00dcR TIERE AUF DER REICHWEITE VON KINDERN AUFBEWAHREN NUR F\u00dcR TIER\u00c4RZTLICHE VERWENDUNG VON HITZE UND DIREKTER SONNENEINSTRAHLUNG FERNHALTEN. BEI KONTROLLIERTER RAUMTEMPERATUR VON NICHT MEHR ALS 25\u00a0C LAGERN.","og_url":"https:\/\/vet-chem.com\/de\/product\/flunichem\/","og_site_name":"Vetchem","article_publisher":"https:\/\/www.facebook.com\/VetChemGerman","article_modified_time":"2024-08-31T13:51:21+00:00","og_image":[{"width":1280,"height":1238,"url":"https:\/\/vet-chem.com\/wp-content\/uploads\/2024\/08\/FLUNICHEM.jpg","type":"image\/jpeg"}],"twitter_card":"summary_large_image","twitter_misc":{"Gesch\u00e4tzte Lesezeit":"1\u00a0Minute"},"schema":{"@context":"https:\/\/schema.org","@graph":[{"@type":"WebPage","@id":"https:\/\/vet-chem.com\/de\/product\/flunichem\/","url":"https:\/\/vet-chem.com\/de\/product\/flunichem\/","name":"FLUNICHEM - Vetchem","isPartOf":{"@id":"https:\/\/vet-chem.com\/de\/#website"},"primaryImageOfPage":{"@id":"https:\/\/vet-chem.com\/de\/product\/flunichem\/#primaryimage"},"image":{"@id":"https:\/\/vet-chem.com\/de\/product\/flunichem\/#primaryimage"},"thumbnailUrl":"https:\/\/vet-chem.com\/wp-content\/uploads\/2024\/08\/FLUNICHEM.jpg","datePublished":"2024-08-05T11:51:12+00:00","dateModified":"2024-08-31T13:51:21+00:00","breadcrumb":{"@id":"https:\/\/vet-chem.com\/de\/product\/flunichem\/#breadcrumb"},"inLanguage":"de","potentialAction":[{"@type":"ReadAction","target":["https:\/\/vet-chem.com\/de\/product\/flunichem\/"]}]},{"@type":"ImageObject","inLanguage":"de","@id":"https:\/\/vet-chem.com\/de\/product\/flunichem\/#primaryimage","url":"https:\/\/vet-chem.com\/wp-content\/uploads\/2024\/08\/FLUNICHEM.jpg","contentUrl":"https:\/\/vet-chem.com\/wp-content\/uploads\/2024\/08\/FLUNICHEM.jpg","width":1280,"height":1238},{"@type":"BreadcrumbList","@id":"https:\/\/vet-chem.com\/de\/product\/flunichem\/#breadcrumb","itemListElement":[{"@type":"ListItem","position":1,"name":"Home","item":"https:\/\/vet-chem.com\/de\/home\/"},{"@type":"ListItem","position":2,"name":"Produkte","item":"https:\/\/vet-chem.com\/de\/shop\/"},{"@type":"ListItem","position":3,"name":"FLUNICHEM"}]},{"@type":"WebSite","@id":"https:\/\/vet-chem.com\/de\/#website","url":"https:\/\/vet-chem.com\/de\/","name":"Vetchem","description":"","publisher":{"@id":"https:\/\/vet-chem.com\/de\/#organization"},"potentialAction":[{"@type":"SearchAction","target":{"@type":"EntryPoint","urlTemplate":"https:\/\/vet-chem.com\/de\/?s={search_term_string}"},"query-input":{"@type":"PropertyValueSpecification","valueRequired":true,"valueName":"search_term_string"}}],"inLanguage":"de"},{"@type":"Organization","@id":"https:\/\/vet-chem.com\/de\/#organization","name":"Vetchem","url":"https:\/\/vet-chem.com\/de\/","logo":{"@type":"ImageObject","inLanguage":"de","@id":"https:\/\/vet-chem.com\/de\/#\/schema\/logo\/image\/","url":"https:\/\/vet-chem.com\/wp-content\/uploads\/2024\/06\/logo.svg","contentUrl":"https:\/\/vet-chem.com\/wp-content\/uploads\/2024\/06\/logo.svg","width":412,"height":195,"caption":"Vetchem"},"image":{"@id":"https:\/\/vet-chem.com\/de\/#\/schema\/logo\/image\/"},"sameAs":["https:\/\/www.facebook.com\/VetChemGerman"]}]}},"_links":{"self":[{"href":"https:\/\/vet-chem.com\/de\/wp-json\/wp\/v2\/product\/921","targetHints":{"allow":["GET"]}}],"collection":[{"href":"https:\/\/vet-chem.com\/de\/wp-json\/wp\/v2\/product"}],"about":[{"href":"https:\/\/vet-chem.com\/de\/wp-json\/wp\/v2\/types\/product"}],"replies":[{"embeddable":true,"href":"https:\/\/vet-chem.com\/de\/wp-json\/wp\/v2\/comments?post=921"}],"wp:featuredmedia":[{"embeddable":true,"href":"https:\/\/vet-chem.com\/de\/wp-json\/wp\/v2\/media\/768"}],"wp:attachment":[{"href":"https:\/\/vet-chem.com\/de\/wp-json\/wp\/v2\/media?parent=921"}],"wp:term":[{"taxonomy":"product_brand","embeddable":true,"href":"https:\/\/vet-chem.com\/de\/wp-json\/wp\/v2\/product_brand?post=921"},{"taxonomy":"product_cat","embeddable":true,"href":"https:\/\/vet-chem.com\/de\/wp-json\/wp\/v2\/product_cat?post=921"},{"taxonomy":"product_tag","embeddable":true,"href":"https:\/\/vet-chem.com\/de\/wp-json\/wp\/v2\/product_tag?post=921"}],"curies":[{"name":"wp","href":"https:\/\/api.w.org\/{rel}","templated":true}]}}