{"id":922,"date":"2024-08-05T12:47:35","date_gmt":"2024-08-05T09:47:35","guid":{"rendered":"https:\/\/vet-chem.com\/product\/vetaphosal\/"},"modified":"2024-08-31T16:51:39","modified_gmt":"2024-08-31T13:51:39","slug":"vetaphosal","status":"publish","type":"product","link":"https:\/\/vet-chem.com\/de\/product\/vetaphosal\/","title":{"rendered":"VETAPHOSAL"},"content":{"rendered":"<p>Zusammensetzung:<br \/>\nJeder ml enth\u00e4lt:<br \/>\nButaphosphan (BP): 100 mg,<br \/>\nCyanocobalamin (BP): 50 mcg,<br \/>\nTaurin (USP): 37,3 mg,<br \/>\nNicotinamid (BP): 23 mg,<br \/>\nDL-Methionin (BP): 18,7 mg<\/p>\n<p>Indikationen:<br \/>\nVETAPHOSAL-Injektion ist angezeigt bei Anorexie, Stoffwechselst\u00f6rungen, Hypokalz\u00e4mie, Phosphormangel, Geburtssyndrom, Unfruchtbarkeitsproblemen und als unterst\u00fctzende Therapie bei allgemeinen Infektionen von Haustieren. VETAPHOSAL-Injektion ist auch wirksam f\u00fcr eine bessere Produktion, Fruchtbarkeit und Wachstumsrate bei Gefl\u00fcgel.<\/p>\n<p>Dosierung und Verabreichung:<br \/>\nVerabreichen Sie die folgende Dosis per SC-, IM- oder IV-Injektion.<br \/>\nRind\/Pferd: 5\u201325 ml,<br \/>\nKalb\/Fohlen: 5\u201312 ml<br \/>\nSchaf\/Ziege: 2,5\u20135 ml,<br \/>\nHund\/Katze: 0,5\u20135 ml<br \/>\nGefl\u00fcgel: 0,3\u20130,5 ml pro Tier<\/p>\n<p>Wartezeit:<\/p>\n<p>Fleisch: 0 Tage,<br \/>\nMilch: 0 Tage<\/p>\n<p>Vorsichtsma\u00dfnahmen:<\/p>\n<p>Vor der Anwendung den Tierarzt konsultieren.<br \/>\nUnter 25 \u00b0C an einem k\u00fchlen und trockenen Ort aufbewahren.<br \/>\nAu\u00dferhalb der Reichweite von Kindern aufbewahren.<\/p>\n<p>Lagerung:<\/p>\n<p>An einem trockenen, dunklen Ort zwischen<br \/>\n15 \u00b0C und 25 \u00b0C aufbewahren.<br \/>\nDas Arzneimittel au\u00dferhalb der Reichweite von Kindern aufbewahren.<\/p>\n<p>NICHT F\u00dcR DEN MENSCHLICHEN GEBRAUCH<br \/>\nNUR F\u00dcR DIE TIER\u00c4RZTLICHE BEHANDLUNG<br \/>\nAU\u00dfERHALB DER REICHWEITE VON KINDERN AUFBEWAHREN<\/p>\n","protected":false},"excerpt":{"rendered":"<p>Zusammensetzung: Jeder ml enth\u00e4lt: Butaphosphan (BP): 100 mg, Cyanocobalamin (BP): 50 mcg, Taurin (USP): 37,3 mg, Nicotinamid (BP): 23 mg, DL-Methionin (BP): 18,7 mg Indikationen: VETAPHOSAL-Injektion ist angezeigt bei Anorexie, Stoffwechselst\u00f6rungen, Hypokalz\u00e4mie, Phosphormangel, Geburtssyndrom, Unfruchtbarkeitsproblemen und als unterst\u00fctzende Therapie bei allgemeinen Infektionen von Haustieren. VETAPHOSAL-Injektion ist auch wirksam f\u00fcr eine bessere Produktion, Fruchtbarkeit und Wachstumsrate bei Gefl\u00fcgel. Dosierung und Verabreichung: Verabreichen Sie die folgende Dosis per SC-, IM- oder IV-Injektion. Rind\/Pferd: 5\u201325 ml, Kalb\/Fohlen: 5\u201312 ml Schaf\/Ziege: 2,5\u20135 ml, Hund\/Katze: 0,5\u20135 ml Gefl\u00fcgel: 0,3\u20130,5 ml pro Tier Wartezeit: Fleisch: 0 Tage, Milch: 0 Tage Vorsichtsma\u00dfnahmen: Vor der Anwendung den Tierarzt konsultieren. Unter 25 \u00b0C an einem k\u00fchlen und trockenen Ort aufbewahren. Au\u00dferhalb der Reichweite von Kindern aufbewahren. Lagerung: An einem trockenen, dunklen Ort zwischen 15 \u00b0C und 25 \u00b0C aufbewahren. Das Arzneimittel au\u00dferhalb der Reichweite von Kindern aufbewahren. NICHT F\u00dcR DEN MENSCHLICHEN GEBRAUCH NUR F\u00dcR DIE TIER\u00c4RZTLICHE BEHANDLUNG AU\u00dfERHALB DER REICHWEITE VON KINDERN AUFBEWAHREN<\/p>\n","protected":false},"featured_media":767,"comment_status":"open","ping_status":"closed","template":"","meta":{"site-sidebar-layout":"default","site-content-layout":"","ast-site-content-layout":"default","site-content-style":"default","site-sidebar-style":"default","ast-global-header-display":"","ast-banner-title-visibility":"","ast-main-header-display":"","ast-hfb-above-header-display":"","ast-hfb-below-header-display":"","ast-hfb-mobile-header-display":"","site-post-title":"","ast-breadcrumbs-content":"","ast-featured-img":"","footer-sml-layout":"","ast-disable-related-posts":"","theme-transparent-header-meta":"default","adv-header-id-meta":"","stick-header-meta":"","header-above-stick-meta":"","header-main-stick-meta":"","header-below-stick-meta":"","astra-migrate-meta-layouts":"set","ast-page-background-enabled":"default","ast-page-background-meta":{"desktop":{"background-color":"var(--ast-global-color-4)","background-image":"","background-repeat":"repeat","background-position":"center center","background-size":"auto","background-attachment":"scroll","background-type":"","background-media":"","overlay-type":"","overlay-color":"","overlay-opacity":"","overlay-gradient":""},"tablet":{"background-color":"","background-image":"","background-repeat":"repeat","background-position":"center center","background-size":"auto","background-attachment":"scroll","background-type":"","background-media":"","overlay-type":"","overlay-color":"","overlay-opacity":"","overlay-gradient":""},"mobile":{"background-color":"","background-image":"","background-repeat":"repeat","background-position":"center center","background-size":"auto","background-attachment":"scroll","background-type":"","background-media":"","overlay-type":"","overlay-color":"","overlay-opacity":"","overlay-gradient":""}},"ast-content-background-meta":{"desktop":{"background-color":"var(--ast-global-color-5)","background-image":"","background-repeat":"repeat","background-position":"center center","background-size":"auto","background-attachment":"scroll","background-type":"","background-media":"","overlay-type":"","overlay-color":"","overlay-opacity":"","overlay-gradient":""},"tablet":{"background-color":"var(--ast-global-color-5)","background-image":"","background-repeat":"repeat","background-position":"center center","background-size":"auto","background-attachment":"scroll","background-type":"","background-media":"","overlay-type":"","overlay-color":"","overlay-opacity":"","overlay-gradient":""},"mobile":{"background-color":"var(--ast-global-color-5)","background-image":"","background-repeat":"repeat","background-position":"center center","background-size":"auto","background-attachment":"scroll","background-type":"","background-media":"","overlay-type":"","overlay-color":"","overlay-opacity":"","overlay-gradient":""}}},"product_brand":[],"product_cat":[42],"product_tag":[],"class_list":{"0":"post-922","1":"product","2":"type-product","3":"status-publish","4":"has-post-thumbnail","6":"product_cat-unkategorisiert","7":"desktop-align-left","8":"tablet-align-left","9":"mobile-align-left","11":"first","12":"instock","13":"shipping-taxable","14":"product-type-simple"},"yoast_head":"<!-- This site is optimized with the Yoast SEO plugin v27.3 - https:\/\/yoast.com\/product\/yoast-seo-wordpress\/ -->\n<title>VETAPHOSAL - Vetchem<\/title>\n<meta name=\"robots\" content=\"index, follow, max-snippet:-1, max-image-preview:large, max-video-preview:-1\" \/>\n<link rel=\"canonical\" href=\"https:\/\/vet-chem.com\/de\/product\/vetaphosal\/\" \/>\n<meta property=\"og:locale\" content=\"de_DE\" \/>\n<meta property=\"og:type\" content=\"article\" \/>\n<meta property=\"og:title\" content=\"VETAPHOSAL - Vetchem\" \/>\n<meta property=\"og:description\" content=\"Zusammensetzung: Jeder ml enth\u00e4lt: Butaphosphan (BP): 100 mg, Cyanocobalamin (BP): 50 mcg, Taurin (USP): 37,3 mg, Nicotinamid (BP): 23 mg, DL-Methionin (BP): 18,7 mg Indikationen: VETAPHOSAL-Injektion ist angezeigt bei Anorexie, Stoffwechselst\u00f6rungen, Hypokalz\u00e4mie, Phosphormangel, Geburtssyndrom, Unfruchtbarkeitsproblemen und als unterst\u00fctzende Therapie bei allgemeinen Infektionen von Haustieren. VETAPHOSAL-Injektion ist auch wirksam f\u00fcr eine bessere Produktion, Fruchtbarkeit und Wachstumsrate bei Gefl\u00fcgel. Dosierung und Verabreichung: Verabreichen Sie die folgende Dosis per SC-, IM- oder IV-Injektion. Rind\/Pferd: 5\u201325 ml, Kalb\/Fohlen: 5\u201312 ml Schaf\/Ziege: 2,5\u20135 ml, Hund\/Katze: 0,5\u20135 ml Gefl\u00fcgel: 0,3\u20130,5 ml pro Tier Wartezeit: Fleisch: 0 Tage, Milch: 0 Tage Vorsichtsma\u00dfnahmen: Vor der Anwendung den Tierarzt konsultieren. Unter 25 \u00b0C an einem k\u00fchlen und trockenen Ort aufbewahren. Au\u00dferhalb der Reichweite von Kindern aufbewahren. Lagerung: An einem trockenen, dunklen Ort zwischen 15 \u00b0C und 25 \u00b0C aufbewahren. Das Arzneimittel au\u00dferhalb der Reichweite von Kindern aufbewahren. NICHT F\u00dcR DEN MENSCHLICHEN GEBRAUCH NUR F\u00dcR DIE TIER\u00c4RZTLICHE BEHANDLUNG AU\u00dfERHALB DER REICHWEITE VON KINDERN AUFBEWAHREN\" \/>\n<meta property=\"og:url\" content=\"https:\/\/vet-chem.com\/de\/product\/vetaphosal\/\" \/>\n<meta property=\"og:site_name\" content=\"Vetchem\" \/>\n<meta property=\"article:publisher\" content=\"https:\/\/www.facebook.com\/VetChemGerman\" \/>\n<meta property=\"article:modified_time\" content=\"2024-08-31T13:51:39+00:00\" \/>\n<meta property=\"og:image\" content=\"https:\/\/vet-chem.com\/wp-content\/uploads\/2024\/08\/VETAPHOSAL.jpg\" \/>\n\t<meta property=\"og:image:width\" content=\"740\" \/>\n\t<meta property=\"og:image:height\" content=\"710\" \/>\n\t<meta property=\"og:image:type\" content=\"image\/jpeg\" \/>\n<meta name=\"twitter:card\" content=\"summary_large_image\" \/>\n<meta name=\"twitter:label1\" content=\"Gesch\u00e4tzte Lesezeit\" \/>\n\t<meta name=\"twitter:data1\" content=\"1\u00a0Minute\" \/>\n<script type=\"application\/ld+json\" class=\"yoast-schema-graph\">{\"@context\":\"https:\\\/\\\/schema.org\",\"@graph\":[{\"@type\":\"WebPage\",\"@id\":\"https:\\\/\\\/vet-chem.com\\\/de\\\/product\\\/vetaphosal\\\/\",\"url\":\"https:\\\/\\\/vet-chem.com\\\/de\\\/product\\\/vetaphosal\\\/\",\"name\":\"VETAPHOSAL - Vetchem\",\"isPartOf\":{\"@id\":\"https:\\\/\\\/vet-chem.com\\\/de\\\/#website\"},\"primaryImageOfPage\":{\"@id\":\"https:\\\/\\\/vet-chem.com\\\/de\\\/product\\\/vetaphosal\\\/#primaryimage\"},\"image\":{\"@id\":\"https:\\\/\\\/vet-chem.com\\\/de\\\/product\\\/vetaphosal\\\/#primaryimage\"},\"thumbnailUrl\":\"https:\\\/\\\/vet-chem.com\\\/wp-content\\\/uploads\\\/2024\\\/08\\\/VETAPHOSAL.jpg\",\"datePublished\":\"2024-08-05T09:47:35+00:00\",\"dateModified\":\"2024-08-31T13:51:39+00:00\",\"breadcrumb\":{\"@id\":\"https:\\\/\\\/vet-chem.com\\\/de\\\/product\\\/vetaphosal\\\/#breadcrumb\"},\"inLanguage\":\"de\",\"potentialAction\":[{\"@type\":\"ReadAction\",\"target\":[\"https:\\\/\\\/vet-chem.com\\\/de\\\/product\\\/vetaphosal\\\/\"]}]},{\"@type\":\"ImageObject\",\"inLanguage\":\"de\",\"@id\":\"https:\\\/\\\/vet-chem.com\\\/de\\\/product\\\/vetaphosal\\\/#primaryimage\",\"url\":\"https:\\\/\\\/vet-chem.com\\\/wp-content\\\/uploads\\\/2024\\\/08\\\/VETAPHOSAL.jpg\",\"contentUrl\":\"https:\\\/\\\/vet-chem.com\\\/wp-content\\\/uploads\\\/2024\\\/08\\\/VETAPHOSAL.jpg\",\"width\":740,\"height\":710},{\"@type\":\"BreadcrumbList\",\"@id\":\"https:\\\/\\\/vet-chem.com\\\/de\\\/product\\\/vetaphosal\\\/#breadcrumb\",\"itemListElement\":[{\"@type\":\"ListItem\",\"position\":1,\"name\":\"Home\",\"item\":\"https:\\\/\\\/vet-chem.com\\\/de\\\/home\\\/\"},{\"@type\":\"ListItem\",\"position\":2,\"name\":\"Produkte\",\"item\":\"https:\\\/\\\/vet-chem.com\\\/de\\\/shop\\\/\"},{\"@type\":\"ListItem\",\"position\":3,\"name\":\"VETAPHOSAL\"}]},{\"@type\":\"WebSite\",\"@id\":\"https:\\\/\\\/vet-chem.com\\\/de\\\/#website\",\"url\":\"https:\\\/\\\/vet-chem.com\\\/de\\\/\",\"name\":\"Vetchem\",\"description\":\"\",\"publisher\":{\"@id\":\"https:\\\/\\\/vet-chem.com\\\/de\\\/#organization\"},\"potentialAction\":[{\"@type\":\"SearchAction\",\"target\":{\"@type\":\"EntryPoint\",\"urlTemplate\":\"https:\\\/\\\/vet-chem.com\\\/de\\\/?s={search_term_string}\"},\"query-input\":{\"@type\":\"PropertyValueSpecification\",\"valueRequired\":true,\"valueName\":\"search_term_string\"}}],\"inLanguage\":\"de\"},{\"@type\":\"Organization\",\"@id\":\"https:\\\/\\\/vet-chem.com\\\/de\\\/#organization\",\"name\":\"Vetchem\",\"url\":\"https:\\\/\\\/vet-chem.com\\\/de\\\/\",\"logo\":{\"@type\":\"ImageObject\",\"inLanguage\":\"de\",\"@id\":\"https:\\\/\\\/vet-chem.com\\\/de\\\/#\\\/schema\\\/logo\\\/image\\\/\",\"url\":\"https:\\\/\\\/vet-chem.com\\\/wp-content\\\/uploads\\\/2024\\\/06\\\/logo.svg\",\"contentUrl\":\"https:\\\/\\\/vet-chem.com\\\/wp-content\\\/uploads\\\/2024\\\/06\\\/logo.svg\",\"width\":412,\"height\":195,\"caption\":\"Vetchem\"},\"image\":{\"@id\":\"https:\\\/\\\/vet-chem.com\\\/de\\\/#\\\/schema\\\/logo\\\/image\\\/\"},\"sameAs\":[\"https:\\\/\\\/www.facebook.com\\\/VetChemGerman\"]}]}<\/script>\n<!-- \/ Yoast SEO plugin. -->","yoast_head_json":{"title":"VETAPHOSAL - Vetchem","robots":{"index":"index","follow":"follow","max-snippet":"max-snippet:-1","max-image-preview":"max-image-preview:large","max-video-preview":"max-video-preview:-1"},"canonical":"https:\/\/vet-chem.com\/de\/product\/vetaphosal\/","og_locale":"de_DE","og_type":"article","og_title":"VETAPHOSAL - Vetchem","og_description":"Zusammensetzung: Jeder ml enth\u00e4lt: Butaphosphan (BP): 100 mg, Cyanocobalamin (BP): 50 mcg, Taurin (USP): 37,3 mg, Nicotinamid (BP): 23 mg, DL-Methionin (BP): 18,7 mg Indikationen: VETAPHOSAL-Injektion ist angezeigt bei Anorexie, Stoffwechselst\u00f6rungen, Hypokalz\u00e4mie, Phosphormangel, Geburtssyndrom, Unfruchtbarkeitsproblemen und als unterst\u00fctzende Therapie bei allgemeinen Infektionen von Haustieren. VETAPHOSAL-Injektion ist auch wirksam f\u00fcr eine bessere Produktion, Fruchtbarkeit und Wachstumsrate bei Gefl\u00fcgel. Dosierung und Verabreichung: Verabreichen Sie die folgende Dosis per SC-, IM- oder IV-Injektion. Rind\/Pferd: 5\u201325 ml, Kalb\/Fohlen: 5\u201312 ml Schaf\/Ziege: 2,5\u20135 ml, Hund\/Katze: 0,5\u20135 ml Gefl\u00fcgel: 0,3\u20130,5 ml pro Tier Wartezeit: Fleisch: 0 Tage, Milch: 0 Tage Vorsichtsma\u00dfnahmen: Vor der Anwendung den Tierarzt konsultieren. Unter 25 \u00b0C an einem k\u00fchlen und trockenen Ort aufbewahren. Au\u00dferhalb der Reichweite von Kindern aufbewahren. Lagerung: An einem trockenen, dunklen Ort zwischen 15 \u00b0C und 25 \u00b0C aufbewahren. Das Arzneimittel au\u00dferhalb der Reichweite von Kindern aufbewahren. NICHT F\u00dcR DEN MENSCHLICHEN GEBRAUCH NUR F\u00dcR DIE TIER\u00c4RZTLICHE BEHANDLUNG AU\u00dfERHALB DER REICHWEITE VON KINDERN AUFBEWAHREN","og_url":"https:\/\/vet-chem.com\/de\/product\/vetaphosal\/","og_site_name":"Vetchem","article_publisher":"https:\/\/www.facebook.com\/VetChemGerman","article_modified_time":"2024-08-31T13:51:39+00:00","og_image":[{"width":740,"height":710,"url":"https:\/\/vet-chem.com\/wp-content\/uploads\/2024\/08\/VETAPHOSAL.jpg","type":"image\/jpeg"}],"twitter_card":"summary_large_image","twitter_misc":{"Gesch\u00e4tzte Lesezeit":"1\u00a0Minute"},"schema":{"@context":"https:\/\/schema.org","@graph":[{"@type":"WebPage","@id":"https:\/\/vet-chem.com\/de\/product\/vetaphosal\/","url":"https:\/\/vet-chem.com\/de\/product\/vetaphosal\/","name":"VETAPHOSAL - Vetchem","isPartOf":{"@id":"https:\/\/vet-chem.com\/de\/#website"},"primaryImageOfPage":{"@id":"https:\/\/vet-chem.com\/de\/product\/vetaphosal\/#primaryimage"},"image":{"@id":"https:\/\/vet-chem.com\/de\/product\/vetaphosal\/#primaryimage"},"thumbnailUrl":"https:\/\/vet-chem.com\/wp-content\/uploads\/2024\/08\/VETAPHOSAL.jpg","datePublished":"2024-08-05T09:47:35+00:00","dateModified":"2024-08-31T13:51:39+00:00","breadcrumb":{"@id":"https:\/\/vet-chem.com\/de\/product\/vetaphosal\/#breadcrumb"},"inLanguage":"de","potentialAction":[{"@type":"ReadAction","target":["https:\/\/vet-chem.com\/de\/product\/vetaphosal\/"]}]},{"@type":"ImageObject","inLanguage":"de","@id":"https:\/\/vet-chem.com\/de\/product\/vetaphosal\/#primaryimage","url":"https:\/\/vet-chem.com\/wp-content\/uploads\/2024\/08\/VETAPHOSAL.jpg","contentUrl":"https:\/\/vet-chem.com\/wp-content\/uploads\/2024\/08\/VETAPHOSAL.jpg","width":740,"height":710},{"@type":"BreadcrumbList","@id":"https:\/\/vet-chem.com\/de\/product\/vetaphosal\/#breadcrumb","itemListElement":[{"@type":"ListItem","position":1,"name":"Home","item":"https:\/\/vet-chem.com\/de\/home\/"},{"@type":"ListItem","position":2,"name":"Produkte","item":"https:\/\/vet-chem.com\/de\/shop\/"},{"@type":"ListItem","position":3,"name":"VETAPHOSAL"}]},{"@type":"WebSite","@id":"https:\/\/vet-chem.com\/de\/#website","url":"https:\/\/vet-chem.com\/de\/","name":"Vetchem","description":"","publisher":{"@id":"https:\/\/vet-chem.com\/de\/#organization"},"potentialAction":[{"@type":"SearchAction","target":{"@type":"EntryPoint","urlTemplate":"https:\/\/vet-chem.com\/de\/?s={search_term_string}"},"query-input":{"@type":"PropertyValueSpecification","valueRequired":true,"valueName":"search_term_string"}}],"inLanguage":"de"},{"@type":"Organization","@id":"https:\/\/vet-chem.com\/de\/#organization","name":"Vetchem","url":"https:\/\/vet-chem.com\/de\/","logo":{"@type":"ImageObject","inLanguage":"de","@id":"https:\/\/vet-chem.com\/de\/#\/schema\/logo\/image\/","url":"https:\/\/vet-chem.com\/wp-content\/uploads\/2024\/06\/logo.svg","contentUrl":"https:\/\/vet-chem.com\/wp-content\/uploads\/2024\/06\/logo.svg","width":412,"height":195,"caption":"Vetchem"},"image":{"@id":"https:\/\/vet-chem.com\/de\/#\/schema\/logo\/image\/"},"sameAs":["https:\/\/www.facebook.com\/VetChemGerman"]}]}},"_links":{"self":[{"href":"https:\/\/vet-chem.com\/de\/wp-json\/wp\/v2\/product\/922","targetHints":{"allow":["GET"]}}],"collection":[{"href":"https:\/\/vet-chem.com\/de\/wp-json\/wp\/v2\/product"}],"about":[{"href":"https:\/\/vet-chem.com\/de\/wp-json\/wp\/v2\/types\/product"}],"replies":[{"embeddable":true,"href":"https:\/\/vet-chem.com\/de\/wp-json\/wp\/v2\/comments?post=922"}],"wp:featuredmedia":[{"embeddable":true,"href":"https:\/\/vet-chem.com\/de\/wp-json\/wp\/v2\/media\/767"}],"wp:attachment":[{"href":"https:\/\/vet-chem.com\/de\/wp-json\/wp\/v2\/media?parent=922"}],"wp:term":[{"taxonomy":"product_brand","embeddable":true,"href":"https:\/\/vet-chem.com\/de\/wp-json\/wp\/v2\/product_brand?post=922"},{"taxonomy":"product_cat","embeddable":true,"href":"https:\/\/vet-chem.com\/de\/wp-json\/wp\/v2\/product_cat?post=922"},{"taxonomy":"product_tag","embeddable":true,"href":"https:\/\/vet-chem.com\/de\/wp-json\/wp\/v2\/product_tag?post=922"}],"curies":[{"name":"wp","href":"https:\/\/api.w.org\/{rel}","templated":true}]}}