{"id":923,"date":"2024-08-05T12:46:58","date_gmt":"2024-08-05T09:46:58","guid":{"rendered":"https:\/\/vet-chem.com\/product\/tylochem-20\/"},"modified":"2024-08-31T16:51:57","modified_gmt":"2024-08-31T13:51:57","slug":"tylochem-20","status":"publish","type":"product","link":"https:\/\/vet-chem.com\/de\/product\/tylochem-20\/","title":{"rendered":"TYLOCHEM 20%"},"content":{"rendered":"<p>Zusammensetzung:<br \/>\nEnth\u00e4lt pro ml<br \/>\nTylosin-Base\u2026.200 mg.<br \/>\nHilfsstoffe\u2026..q.s.<br \/>\nBeschreibung:<br \/>\nTylosin ist ein Makrolid-Antibiotikum mit bakteriostatischer Wirkung gegen grampositive und gramnegative Bakterien wie Campylobacter, Mycoplasma, Pasteurella, Staphylococcus, Streptococcus und Treponema spp.<br \/>\nIndikationen:<br \/>\nMagen-Darm- und Atemwegsinfektionen, die durch Tylosin-empfindliche Mikroorganismen wie Campylobacter, Mycoplasma, Pasteurella, Staphylococcus, Streptococcus und Treponema spp. bei K\u00e4lbern, Rindern, Ziegen, Schafen und Schweinen verursacht werden.<\/p>\n<p>Gegenanzeigen:<\/p>\n<p>\u00dcberempfindlichkeit gegen Tylosin.<br \/>\nGleichzeitige Verabreichung von Penicillinen,<br \/>\nCephalosporinen, Chinolonen und Cycloserin.<\/p>\n<p>Nebenwirkungen:<\/p>\n<p>Nach intramuskul\u00e4rer Verabreichung k\u00f6nnen lokale Reaktionen auftreten, die nach einigen Tagen abklingen.<\/p>\n<p>Durchfall, Oberbauchschmerzen und Hautsensibilisierung k\u00f6nnen auftreten.<\/p>\n<p>Dosierung:<\/p>\n<p>F\u00fcr intramuskul\u00e4re Verabreichung:<br \/>\nAllgemein: 1 ml pro 10-20 kg<br \/>\nK\u00f6rpergewicht f\u00fcr 3-5 Tage.<\/p>\n<p>Karenzzeiten<\/p>\n<p>&#8211; F\u00fcr Fleisch: 10 Tage.<br \/>\n&#8211; F\u00fcr Milch: 3 Tage.<\/p>\n<p>Lagerung:<\/p>\n<p>Bei kontrollierter Raumtemperatur<br \/>\nzwischen 15\u00b0 und 30\u00b0C (59\u00b0 &#8211; 86\u00b0F) lagern.<br \/>\nLichteinwirkung vermeiden.<\/p>\n<p>NUR F\u00dcR TIERE<br \/>\nAU\u00dfER REICHWEITE VON KINDERN AUFBEWAHREN<br \/>\nNUR F\u00dcR TIER\u00c4RZTLICHE VERWENDUNG<\/p>\n","protected":false},"excerpt":{"rendered":"<p>Zusammensetzung: Enth\u00e4lt pro ml Tylosin-Base\u2026.200 mg. Hilfsstoffe\u2026..q.s. Beschreibung: Tylosin ist ein Makrolid-Antibiotikum mit bakteriostatischer Wirkung gegen grampositive und gramnegative Bakterien wie Campylobacter, Mycoplasma, Pasteurella, Staphylococcus, Streptococcus und Treponema spp. Indikationen: Magen-Darm- und Atemwegsinfektionen, die durch Tylosin-empfindliche Mikroorganismen wie Campylobacter, Mycoplasma, Pasteurella, Staphylococcus, Streptococcus und Treponema spp. bei K\u00e4lbern, Rindern, Ziegen, Schafen und Schweinen verursacht werden. Gegenanzeigen: \u00dcberempfindlichkeit gegen Tylosin. Gleichzeitige Verabreichung von Penicillinen, Cephalosporinen, Chinolonen und Cycloserin. Nebenwirkungen: Nach intramuskul\u00e4rer Verabreichung k\u00f6nnen lokale Reaktionen auftreten, die nach einigen Tagen abklingen. Durchfall, Oberbauchschmerzen und Hautsensibilisierung k\u00f6nnen auftreten. Dosierung: F\u00fcr intramuskul\u00e4re Verabreichung: Allgemein: 1 ml pro 10-20 kg K\u00f6rpergewicht f\u00fcr 3-5 Tage. Karenzzeiten &#8211; F\u00fcr Fleisch: 10 Tage. &#8211; F\u00fcr Milch: 3 Tage. Lagerung: Bei kontrollierter Raumtemperatur zwischen 15\u00b0 und 30\u00b0C (59\u00b0 &#8211; 86\u00b0F) lagern. Lichteinwirkung vermeiden. NUR F\u00dcR TIERE AU\u00dfER REICHWEITE VON KINDERN AUFBEWAHREN NUR F\u00dcR TIER\u00c4RZTLICHE VERWENDUNG<\/p>\n","protected":false},"featured_media":766,"comment_status":"open","ping_status":"closed","template":"","meta":{"site-sidebar-layout":"default","site-content-layout":"","ast-site-content-layout":"default","site-content-style":"default","site-sidebar-style":"default","ast-global-header-display":"","ast-banner-title-visibility":"","ast-main-header-display":"","ast-hfb-above-header-display":"","ast-hfb-below-header-display":"","ast-hfb-mobile-header-display":"","site-post-title":"","ast-breadcrumbs-content":"","ast-featured-img":"","footer-sml-layout":"","ast-disable-related-posts":"","theme-transparent-header-meta":"default","adv-header-id-meta":"","stick-header-meta":"","header-above-stick-meta":"","header-main-stick-meta":"","header-below-stick-meta":"","astra-migrate-meta-layouts":"set","ast-page-background-enabled":"default","ast-page-background-meta":{"desktop":{"background-color":"var(--ast-global-color-4)","background-image":"","background-repeat":"repeat","background-position":"center center","background-size":"auto","background-attachment":"scroll","background-type":"","background-media":"","overlay-type":"","overlay-color":"","overlay-opacity":"","overlay-gradient":""},"tablet":{"background-color":"","background-image":"","background-repeat":"repeat","background-position":"center center","background-size":"auto","background-attachment":"scroll","background-type":"","background-media":"","overlay-type":"","overlay-color":"","overlay-opacity":"","overlay-gradient":""},"mobile":{"background-color":"","background-image":"","background-repeat":"repeat","background-position":"center center","background-size":"auto","background-attachment":"scroll","background-type":"","background-media":"","overlay-type":"","overlay-color":"","overlay-opacity":"","overlay-gradient":""}},"ast-content-background-meta":{"desktop":{"background-color":"var(--ast-global-color-5)","background-image":"","background-repeat":"repeat","background-position":"center center","background-size":"auto","background-attachment":"scroll","background-type":"","background-media":"","overlay-type":"","overlay-color":"","overlay-opacity":"","overlay-gradient":""},"tablet":{"background-color":"var(--ast-global-color-5)","background-image":"","background-repeat":"repeat","background-position":"center center","background-size":"auto","background-attachment":"scroll","background-type":"","background-media":"","overlay-type":"","overlay-color":"","overlay-opacity":"","overlay-gradient":""},"mobile":{"background-color":"var(--ast-global-color-5)","background-image":"","background-repeat":"repeat","background-position":"center center","background-size":"auto","background-attachment":"scroll","background-type":"","background-media":"","overlay-type":"","overlay-color":"","overlay-opacity":"","overlay-gradient":""}}},"product_brand":[],"product_cat":[42],"product_tag":[],"class_list":{"0":"post-923","1":"product","2":"type-product","3":"status-publish","4":"has-post-thumbnail","6":"product_cat-unkategorisiert","7":"desktop-align-left","8":"tablet-align-left","9":"mobile-align-left","11":"first","12":"instock","13":"shipping-taxable","14":"product-type-simple"},"yoast_head":"<!-- This site is optimized with the Yoast SEO plugin v27.3 - https:\/\/yoast.com\/product\/yoast-seo-wordpress\/ -->\n<title>TYLOCHEM 20% - Vetchem<\/title>\n<meta name=\"robots\" content=\"index, follow, max-snippet:-1, max-image-preview:large, max-video-preview:-1\" \/>\n<link rel=\"canonical\" href=\"https:\/\/vet-chem.com\/de\/product\/tylochem-20\/\" \/>\n<meta property=\"og:locale\" content=\"de_DE\" \/>\n<meta property=\"og:type\" content=\"article\" \/>\n<meta property=\"og:title\" content=\"TYLOCHEM 20% - Vetchem\" \/>\n<meta property=\"og:description\" content=\"Zusammensetzung: Enth\u00e4lt pro ml Tylosin-Base\u2026.200 mg. Hilfsstoffe\u2026..q.s. Beschreibung: Tylosin ist ein Makrolid-Antibiotikum mit bakteriostatischer Wirkung gegen grampositive und gramnegative Bakterien wie Campylobacter, Mycoplasma, Pasteurella, Staphylococcus, Streptococcus und Treponema spp. Indikationen: Magen-Darm- und Atemwegsinfektionen, die durch Tylosin-empfindliche Mikroorganismen wie Campylobacter, Mycoplasma, Pasteurella, Staphylococcus, Streptococcus und Treponema spp. bei K\u00e4lbern, Rindern, Ziegen, Schafen und Schweinen verursacht werden. Gegenanzeigen: \u00dcberempfindlichkeit gegen Tylosin. Gleichzeitige Verabreichung von Penicillinen, Cephalosporinen, Chinolonen und Cycloserin. Nebenwirkungen: Nach intramuskul\u00e4rer Verabreichung k\u00f6nnen lokale Reaktionen auftreten, die nach einigen Tagen abklingen. Durchfall, Oberbauchschmerzen und Hautsensibilisierung k\u00f6nnen auftreten. Dosierung: F\u00fcr intramuskul\u00e4re Verabreichung: Allgemein: 1 ml pro 10-20 kg K\u00f6rpergewicht f\u00fcr 3-5 Tage. Karenzzeiten &#8211; F\u00fcr Fleisch: 10 Tage. &#8211; F\u00fcr Milch: 3 Tage. Lagerung: Bei kontrollierter Raumtemperatur zwischen 15\u00b0 und 30\u00b0C (59\u00b0 &#8211; 86\u00b0F) lagern. Lichteinwirkung vermeiden. NUR F\u00dcR TIERE AU\u00dfER REICHWEITE VON KINDERN AUFBEWAHREN NUR F\u00dcR TIER\u00c4RZTLICHE VERWENDUNG\" \/>\n<meta property=\"og:url\" content=\"https:\/\/vet-chem.com\/de\/product\/tylochem-20\/\" \/>\n<meta property=\"og:site_name\" content=\"Vetchem\" \/>\n<meta property=\"article:publisher\" content=\"https:\/\/www.facebook.com\/VetChemGerman\" \/>\n<meta property=\"article:modified_time\" content=\"2024-08-31T13:51:57+00:00\" \/>\n<meta property=\"og:image\" content=\"https:\/\/vet-chem.com\/wp-content\/uploads\/2024\/08\/TYLOCHEM.jpg\" \/>\n\t<meta property=\"og:image:width\" content=\"740\" \/>\n\t<meta property=\"og:image:height\" content=\"710\" \/>\n\t<meta property=\"og:image:type\" content=\"image\/jpeg\" \/>\n<meta name=\"twitter:card\" content=\"summary_large_image\" \/>\n<meta name=\"twitter:label1\" content=\"Gesch\u00e4tzte Lesezeit\" \/>\n\t<meta name=\"twitter:data1\" content=\"1\u00a0Minute\" \/>\n<script type=\"application\/ld+json\" class=\"yoast-schema-graph\">{\"@context\":\"https:\\\/\\\/schema.org\",\"@graph\":[{\"@type\":\"WebPage\",\"@id\":\"https:\\\/\\\/vet-chem.com\\\/de\\\/product\\\/tylochem-20\\\/\",\"url\":\"https:\\\/\\\/vet-chem.com\\\/de\\\/product\\\/tylochem-20\\\/\",\"name\":\"TYLOCHEM 20% - Vetchem\",\"isPartOf\":{\"@id\":\"https:\\\/\\\/vet-chem.com\\\/de\\\/#website\"},\"primaryImageOfPage\":{\"@id\":\"https:\\\/\\\/vet-chem.com\\\/de\\\/product\\\/tylochem-20\\\/#primaryimage\"},\"image\":{\"@id\":\"https:\\\/\\\/vet-chem.com\\\/de\\\/product\\\/tylochem-20\\\/#primaryimage\"},\"thumbnailUrl\":\"https:\\\/\\\/vet-chem.com\\\/wp-content\\\/uploads\\\/2024\\\/08\\\/TYLOCHEM.jpg\",\"datePublished\":\"2024-08-05T09:46:58+00:00\",\"dateModified\":\"2024-08-31T13:51:57+00:00\",\"breadcrumb\":{\"@id\":\"https:\\\/\\\/vet-chem.com\\\/de\\\/product\\\/tylochem-20\\\/#breadcrumb\"},\"inLanguage\":\"de\",\"potentialAction\":[{\"@type\":\"ReadAction\",\"target\":[\"https:\\\/\\\/vet-chem.com\\\/de\\\/product\\\/tylochem-20\\\/\"]}]},{\"@type\":\"ImageObject\",\"inLanguage\":\"de\",\"@id\":\"https:\\\/\\\/vet-chem.com\\\/de\\\/product\\\/tylochem-20\\\/#primaryimage\",\"url\":\"https:\\\/\\\/vet-chem.com\\\/wp-content\\\/uploads\\\/2024\\\/08\\\/TYLOCHEM.jpg\",\"contentUrl\":\"https:\\\/\\\/vet-chem.com\\\/wp-content\\\/uploads\\\/2024\\\/08\\\/TYLOCHEM.jpg\",\"width\":740,\"height\":710},{\"@type\":\"BreadcrumbList\",\"@id\":\"https:\\\/\\\/vet-chem.com\\\/de\\\/product\\\/tylochem-20\\\/#breadcrumb\",\"itemListElement\":[{\"@type\":\"ListItem\",\"position\":1,\"name\":\"Home\",\"item\":\"https:\\\/\\\/vet-chem.com\\\/de\\\/home\\\/\"},{\"@type\":\"ListItem\",\"position\":2,\"name\":\"Produkte\",\"item\":\"https:\\\/\\\/vet-chem.com\\\/de\\\/shop\\\/\"},{\"@type\":\"ListItem\",\"position\":3,\"name\":\"TYLOCHEM 20%\"}]},{\"@type\":\"WebSite\",\"@id\":\"https:\\\/\\\/vet-chem.com\\\/de\\\/#website\",\"url\":\"https:\\\/\\\/vet-chem.com\\\/de\\\/\",\"name\":\"Vetchem\",\"description\":\"\",\"publisher\":{\"@id\":\"https:\\\/\\\/vet-chem.com\\\/de\\\/#organization\"},\"potentialAction\":[{\"@type\":\"SearchAction\",\"target\":{\"@type\":\"EntryPoint\",\"urlTemplate\":\"https:\\\/\\\/vet-chem.com\\\/de\\\/?s={search_term_string}\"},\"query-input\":{\"@type\":\"PropertyValueSpecification\",\"valueRequired\":true,\"valueName\":\"search_term_string\"}}],\"inLanguage\":\"de\"},{\"@type\":\"Organization\",\"@id\":\"https:\\\/\\\/vet-chem.com\\\/de\\\/#organization\",\"name\":\"Vetchem\",\"url\":\"https:\\\/\\\/vet-chem.com\\\/de\\\/\",\"logo\":{\"@type\":\"ImageObject\",\"inLanguage\":\"de\",\"@id\":\"https:\\\/\\\/vet-chem.com\\\/de\\\/#\\\/schema\\\/logo\\\/image\\\/\",\"url\":\"https:\\\/\\\/vet-chem.com\\\/wp-content\\\/uploads\\\/2024\\\/06\\\/logo.svg\",\"contentUrl\":\"https:\\\/\\\/vet-chem.com\\\/wp-content\\\/uploads\\\/2024\\\/06\\\/logo.svg\",\"width\":412,\"height\":195,\"caption\":\"Vetchem\"},\"image\":{\"@id\":\"https:\\\/\\\/vet-chem.com\\\/de\\\/#\\\/schema\\\/logo\\\/image\\\/\"},\"sameAs\":[\"https:\\\/\\\/www.facebook.com\\\/VetChemGerman\"]}]}<\/script>\n<!-- \/ Yoast SEO plugin. -->","yoast_head_json":{"title":"TYLOCHEM 20% - Vetchem","robots":{"index":"index","follow":"follow","max-snippet":"max-snippet:-1","max-image-preview":"max-image-preview:large","max-video-preview":"max-video-preview:-1"},"canonical":"https:\/\/vet-chem.com\/de\/product\/tylochem-20\/","og_locale":"de_DE","og_type":"article","og_title":"TYLOCHEM 20% - Vetchem","og_description":"Zusammensetzung: Enth\u00e4lt pro ml Tylosin-Base\u2026.200 mg. Hilfsstoffe\u2026..q.s. Beschreibung: Tylosin ist ein Makrolid-Antibiotikum mit bakteriostatischer Wirkung gegen grampositive und gramnegative Bakterien wie Campylobacter, Mycoplasma, Pasteurella, Staphylococcus, Streptococcus und Treponema spp. Indikationen: Magen-Darm- und Atemwegsinfektionen, die durch Tylosin-empfindliche Mikroorganismen wie Campylobacter, Mycoplasma, Pasteurella, Staphylococcus, Streptococcus und Treponema spp. bei K\u00e4lbern, Rindern, Ziegen, Schafen und Schweinen verursacht werden. Gegenanzeigen: \u00dcberempfindlichkeit gegen Tylosin. Gleichzeitige Verabreichung von Penicillinen, Cephalosporinen, Chinolonen und Cycloserin. Nebenwirkungen: Nach intramuskul\u00e4rer Verabreichung k\u00f6nnen lokale Reaktionen auftreten, die nach einigen Tagen abklingen. Durchfall, Oberbauchschmerzen und Hautsensibilisierung k\u00f6nnen auftreten. Dosierung: F\u00fcr intramuskul\u00e4re Verabreichung: Allgemein: 1 ml pro 10-20 kg K\u00f6rpergewicht f\u00fcr 3-5 Tage. Karenzzeiten &#8211; F\u00fcr Fleisch: 10 Tage. &#8211; F\u00fcr Milch: 3 Tage. Lagerung: Bei kontrollierter Raumtemperatur zwischen 15\u00b0 und 30\u00b0C (59\u00b0 &#8211; 86\u00b0F) lagern. Lichteinwirkung vermeiden. NUR F\u00dcR TIERE AU\u00dfER REICHWEITE VON KINDERN AUFBEWAHREN NUR F\u00dcR TIER\u00c4RZTLICHE VERWENDUNG","og_url":"https:\/\/vet-chem.com\/de\/product\/tylochem-20\/","og_site_name":"Vetchem","article_publisher":"https:\/\/www.facebook.com\/VetChemGerman","article_modified_time":"2024-08-31T13:51:57+00:00","og_image":[{"width":740,"height":710,"url":"https:\/\/vet-chem.com\/wp-content\/uploads\/2024\/08\/TYLOCHEM.jpg","type":"image\/jpeg"}],"twitter_card":"summary_large_image","twitter_misc":{"Gesch\u00e4tzte Lesezeit":"1\u00a0Minute"},"schema":{"@context":"https:\/\/schema.org","@graph":[{"@type":"WebPage","@id":"https:\/\/vet-chem.com\/de\/product\/tylochem-20\/","url":"https:\/\/vet-chem.com\/de\/product\/tylochem-20\/","name":"TYLOCHEM 20% - Vetchem","isPartOf":{"@id":"https:\/\/vet-chem.com\/de\/#website"},"primaryImageOfPage":{"@id":"https:\/\/vet-chem.com\/de\/product\/tylochem-20\/#primaryimage"},"image":{"@id":"https:\/\/vet-chem.com\/de\/product\/tylochem-20\/#primaryimage"},"thumbnailUrl":"https:\/\/vet-chem.com\/wp-content\/uploads\/2024\/08\/TYLOCHEM.jpg","datePublished":"2024-08-05T09:46:58+00:00","dateModified":"2024-08-31T13:51:57+00:00","breadcrumb":{"@id":"https:\/\/vet-chem.com\/de\/product\/tylochem-20\/#breadcrumb"},"inLanguage":"de","potentialAction":[{"@type":"ReadAction","target":["https:\/\/vet-chem.com\/de\/product\/tylochem-20\/"]}]},{"@type":"ImageObject","inLanguage":"de","@id":"https:\/\/vet-chem.com\/de\/product\/tylochem-20\/#primaryimage","url":"https:\/\/vet-chem.com\/wp-content\/uploads\/2024\/08\/TYLOCHEM.jpg","contentUrl":"https:\/\/vet-chem.com\/wp-content\/uploads\/2024\/08\/TYLOCHEM.jpg","width":740,"height":710},{"@type":"BreadcrumbList","@id":"https:\/\/vet-chem.com\/de\/product\/tylochem-20\/#breadcrumb","itemListElement":[{"@type":"ListItem","position":1,"name":"Home","item":"https:\/\/vet-chem.com\/de\/home\/"},{"@type":"ListItem","position":2,"name":"Produkte","item":"https:\/\/vet-chem.com\/de\/shop\/"},{"@type":"ListItem","position":3,"name":"TYLOCHEM 20%"}]},{"@type":"WebSite","@id":"https:\/\/vet-chem.com\/de\/#website","url":"https:\/\/vet-chem.com\/de\/","name":"Vetchem","description":"","publisher":{"@id":"https:\/\/vet-chem.com\/de\/#organization"},"potentialAction":[{"@type":"SearchAction","target":{"@type":"EntryPoint","urlTemplate":"https:\/\/vet-chem.com\/de\/?s={search_term_string}"},"query-input":{"@type":"PropertyValueSpecification","valueRequired":true,"valueName":"search_term_string"}}],"inLanguage":"de"},{"@type":"Organization","@id":"https:\/\/vet-chem.com\/de\/#organization","name":"Vetchem","url":"https:\/\/vet-chem.com\/de\/","logo":{"@type":"ImageObject","inLanguage":"de","@id":"https:\/\/vet-chem.com\/de\/#\/schema\/logo\/image\/","url":"https:\/\/vet-chem.com\/wp-content\/uploads\/2024\/06\/logo.svg","contentUrl":"https:\/\/vet-chem.com\/wp-content\/uploads\/2024\/06\/logo.svg","width":412,"height":195,"caption":"Vetchem"},"image":{"@id":"https:\/\/vet-chem.com\/de\/#\/schema\/logo\/image\/"},"sameAs":["https:\/\/www.facebook.com\/VetChemGerman"]}]}},"_links":{"self":[{"href":"https:\/\/vet-chem.com\/de\/wp-json\/wp\/v2\/product\/923","targetHints":{"allow":["GET"]}}],"collection":[{"href":"https:\/\/vet-chem.com\/de\/wp-json\/wp\/v2\/product"}],"about":[{"href":"https:\/\/vet-chem.com\/de\/wp-json\/wp\/v2\/types\/product"}],"replies":[{"embeddable":true,"href":"https:\/\/vet-chem.com\/de\/wp-json\/wp\/v2\/comments?post=923"}],"wp:featuredmedia":[{"embeddable":true,"href":"https:\/\/vet-chem.com\/de\/wp-json\/wp\/v2\/media\/766"}],"wp:attachment":[{"href":"https:\/\/vet-chem.com\/de\/wp-json\/wp\/v2\/media?parent=923"}],"wp:term":[{"taxonomy":"product_brand","embeddable":true,"href":"https:\/\/vet-chem.com\/de\/wp-json\/wp\/v2\/product_brand?post=923"},{"taxonomy":"product_cat","embeddable":true,"href":"https:\/\/vet-chem.com\/de\/wp-json\/wp\/v2\/product_cat?post=923"},{"taxonomy":"product_tag","embeddable":true,"href":"https:\/\/vet-chem.com\/de\/wp-json\/wp\/v2\/product_tag?post=923"}],"curies":[{"name":"wp","href":"https:\/\/api.w.org\/{rel}","templated":true}]}}