{"id":927,"date":"2024-08-05T12:43:18","date_gmt":"2024-08-05T09:43:18","guid":{"rendered":"https:\/\/vet-chem.com\/product\/iverchem-1\/"},"modified":"2024-08-31T16:53:21","modified_gmt":"2024-08-31T13:53:21","slug":"iverchem-1","status":"publish","type":"product","link":"https:\/\/vet-chem.com\/de\/product\/iverchem-1\/","title":{"rendered":"IVERCHEM 1%"},"content":{"rendered":"<p>Zusammensetzung:<br \/>\nJeder ml enth\u00e4lt:<br \/>\nIvermectin B.P.: 10 mg<br \/>\nBenzylalkohol B.P. (als Konservierungsmittel): 1,5 % v\/v<br \/>\nPropylenglykol B.P.: q.s.<\/p>\n<p>Indikationen:<\/p>\n<p>Zur Behandlung und Bek\u00e4mpfung von Magen-Darm-Nematoden, Lungenw\u00fcrmern, Augenw\u00fcrmern, Dasselfliegen und<br \/>\nEktoparasiten wie Milben, Zecken und L\u00e4usen bei Rindern,<br \/>\nB\u00fcffeln, Pferden, Schafen, Ziegen, Kamelen und Hunden.<\/p>\n<p>Gegenanzeigen:<\/p>\n<p>IVERCHEM 1 % Injektion darf nicht intraven\u00f6s oder intramuskul\u00e4r verabreicht werden. Nicht bei laktierenden K\u00fchen oder Milchk\u00fchen in den 28 Tagen vor dem Kalben anwenden.<\/p>\n<p>Dosierung und Verabreichung:<\/p>\n<p>Rinder, K\u00e4lber, Schafe und Pferde:<\/p>\n<p>Dosierung: 1 ml pro 50 kg K\u00f6rpergewicht (basierend auf einer empfohlenen Menge von 200 mcg Ivermectin pro kg K\u00f6rpergewicht).<br \/>\nVerabreichung: Subkutan vor oder hinter der Schulter injizieren.<\/p>\n<p>Wartezeit:<\/p>\n<p>Rinder: Muss innerhalb von 21 Tagen nach der Schlachtung f\u00fcr den menschlichen Verzehr behandelt werden. Nicht bei Rindern anwenden, deren Milch f\u00fcr den menschlichen Verzehr bestimmt ist, oder bei Milchk\u00fchen innerhalb von 28 Tagen vor dem Kalben.<br \/>\nSchafe: Darf nicht innerhalb von 21 Tagen nach der Schlachtung f\u00fcr den menschlichen Verzehr behandelt werden. Nicht bei s\u00e4ugenden K\u00fchen oder innerhalb von 21 Tagen vor dem Lammen, wenn die Milch f\u00fcr den menschlichen Verzehr bestimmt ist.<\/p>\n<p>Warnung:<\/p>\n<p>Es wird nicht f\u00fcr Hunde dieser Rasse empfohlen.<br \/>\nNicht intramuskul\u00e4r und intraven\u00f6s anwenden.<br \/>\nSollte nicht bei s\u00e4ugenden Tieren angewendet werden.<\/p>\n<p>ACHTUNG: Darf nicht im Einzelhandel ohne das Rezept eines zugelassenen Tierarztes verkauft werden.<\/p>\n<p>Hinweis: Wenn Fremdpartikel in der L\u00f6sung sichtbar sind,<br \/>\nverwenden Sie die L\u00f6sung bitte nicht und fordern Sie Ersatz an.<\/p>\n<p>NUR F\u00dcR TIERE<br \/>\nAUFBEWAHRUNG F\u00dcR KINDER<br \/>\nNUR F\u00dcR TIER\u00c4RZTLICHE VERWENDUNG<\/p>\n","protected":false},"excerpt":{"rendered":"<p>Zusammensetzung: Jeder ml enth\u00e4lt: Ivermectin B.P.: 10 mg Benzylalkohol B.P. (als Konservierungsmittel): 1,5 % v\/v Propylenglykol B.P.: q.s. Indikationen: Zur Behandlung und Bek\u00e4mpfung von Magen-Darm-Nematoden, Lungenw\u00fcrmern, Augenw\u00fcrmern, Dasselfliegen und Ektoparasiten wie Milben, Zecken und L\u00e4usen bei Rindern, B\u00fcffeln, Pferden, Schafen, Ziegen, Kamelen und Hunden. Gegenanzeigen: IVERCHEM 1 % Injektion darf nicht intraven\u00f6s oder intramuskul\u00e4r verabreicht werden. Nicht bei laktierenden K\u00fchen oder Milchk\u00fchen in den 28 Tagen vor dem Kalben anwenden. Dosierung und Verabreichung: Rinder, K\u00e4lber, Schafe und Pferde: Dosierung: 1 ml pro 50 kg K\u00f6rpergewicht (basierend auf einer empfohlenen Menge von 200 mcg Ivermectin pro kg K\u00f6rpergewicht). Verabreichung: Subkutan vor oder hinter der Schulter injizieren. Wartezeit: Rinder: Muss innerhalb von 21 Tagen nach der Schlachtung f\u00fcr den menschlichen Verzehr behandelt werden. Nicht bei Rindern anwenden, deren Milch f\u00fcr den menschlichen Verzehr bestimmt ist, oder bei Milchk\u00fchen innerhalb von 28 Tagen vor dem Kalben. Schafe: Darf nicht innerhalb von 21 Tagen nach der Schlachtung f\u00fcr den menschlichen Verzehr behandelt werden. Nicht bei s\u00e4ugenden K\u00fchen oder innerhalb von 21 Tagen vor dem Lammen, wenn die Milch f\u00fcr den menschlichen Verzehr bestimmt ist. Warnung: Es wird nicht f\u00fcr Hunde dieser Rasse empfohlen. Nicht intramuskul\u00e4r und intraven\u00f6s anwenden. Sollte nicht bei s\u00e4ugenden Tieren angewendet werden. ACHTUNG: Darf nicht im Einzelhandel ohne das Rezept eines zugelassenen Tierarztes verkauft werden. Hinweis: Wenn Fremdpartikel in der L\u00f6sung sichtbar sind, verwenden Sie die L\u00f6sung bitte nicht und fordern Sie Ersatz an. NUR F\u00dcR TIERE AUFBEWAHRUNG F\u00dcR KINDER NUR F\u00dcR TIER\u00c4RZTLICHE VERWENDUNG<\/p>\n","protected":false},"featured_media":762,"comment_status":"open","ping_status":"closed","template":"","meta":{"site-sidebar-layout":"default","site-content-layout":"","ast-site-content-layout":"default","site-content-style":"default","site-sidebar-style":"default","ast-global-header-display":"","ast-banner-title-visibility":"","ast-main-header-display":"","ast-hfb-above-header-display":"","ast-hfb-below-header-display":"","ast-hfb-mobile-header-display":"","site-post-title":"","ast-breadcrumbs-content":"","ast-featured-img":"","footer-sml-layout":"","ast-disable-related-posts":"","theme-transparent-header-meta":"default","adv-header-id-meta":"","stick-header-meta":"","header-above-stick-meta":"","header-main-stick-meta":"","header-below-stick-meta":"","astra-migrate-meta-layouts":"set","ast-page-background-enabled":"default","ast-page-background-meta":{"desktop":{"background-color":"var(--ast-global-color-4)","background-image":"","background-repeat":"repeat","background-position":"center center","background-size":"auto","background-attachment":"scroll","background-type":"","background-media":"","overlay-type":"","overlay-color":"","overlay-opacity":"","overlay-gradient":""},"tablet":{"background-color":"","background-image":"","background-repeat":"repeat","background-position":"center center","background-size":"auto","background-attachment":"scroll","background-type":"","background-media":"","overlay-type":"","overlay-color":"","overlay-opacity":"","overlay-gradient":""},"mobile":{"background-color":"","background-image":"","background-repeat":"repeat","background-position":"center center","background-size":"auto","background-attachment":"scroll","background-type":"","background-media":"","overlay-type":"","overlay-color":"","overlay-opacity":"","overlay-gradient":""}},"ast-content-background-meta":{"desktop":{"background-color":"var(--ast-global-color-5)","background-image":"","background-repeat":"repeat","background-position":"center center","background-size":"auto","background-attachment":"scroll","background-type":"","background-media":"","overlay-type":"","overlay-color":"","overlay-opacity":"","overlay-gradient":""},"tablet":{"background-color":"var(--ast-global-color-5)","background-image":"","background-repeat":"repeat","background-position":"center center","background-size":"auto","background-attachment":"scroll","background-type":"","background-media":"","overlay-type":"","overlay-color":"","overlay-opacity":"","overlay-gradient":""},"mobile":{"background-color":"var(--ast-global-color-5)","background-image":"","background-repeat":"repeat","background-position":"center center","background-size":"auto","background-attachment":"scroll","background-type":"","background-media":"","overlay-type":"","overlay-color":"","overlay-opacity":"","overlay-gradient":""}}},"product_brand":[],"product_cat":[42],"product_tag":[],"class_list":{"0":"post-927","1":"product","2":"type-product","3":"status-publish","4":"has-post-thumbnail","6":"product_cat-unkategorisiert","7":"desktop-align-left","8":"tablet-align-left","9":"mobile-align-left","11":"first","12":"instock","13":"shipping-taxable","14":"product-type-simple"},"yoast_head":"<!-- This site is optimized with the Yoast SEO plugin v27.3 - https:\/\/yoast.com\/product\/yoast-seo-wordpress\/ -->\n<title>IVERCHEM 1% - Vetchem<\/title>\n<meta name=\"robots\" content=\"index, follow, max-snippet:-1, max-image-preview:large, max-video-preview:-1\" \/>\n<link rel=\"canonical\" href=\"https:\/\/vet-chem.com\/de\/product\/iverchem-1\/\" \/>\n<meta property=\"og:locale\" content=\"de_DE\" \/>\n<meta property=\"og:type\" content=\"article\" \/>\n<meta property=\"og:title\" content=\"IVERCHEM 1% - Vetchem\" \/>\n<meta property=\"og:description\" content=\"Zusammensetzung: Jeder ml enth\u00e4lt: Ivermectin B.P.: 10 mg Benzylalkohol B.P. (als Konservierungsmittel): 1,5 % v\/v Propylenglykol B.P.: q.s. Indikationen: Zur Behandlung und Bek\u00e4mpfung von Magen-Darm-Nematoden, Lungenw\u00fcrmern, Augenw\u00fcrmern, Dasselfliegen und Ektoparasiten wie Milben, Zecken und L\u00e4usen bei Rindern, B\u00fcffeln, Pferden, Schafen, Ziegen, Kamelen und Hunden. Gegenanzeigen: IVERCHEM 1 % Injektion darf nicht intraven\u00f6s oder intramuskul\u00e4r verabreicht werden. Nicht bei laktierenden K\u00fchen oder Milchk\u00fchen in den 28 Tagen vor dem Kalben anwenden. Dosierung und Verabreichung: Rinder, K\u00e4lber, Schafe und Pferde: Dosierung: 1 ml pro 50 kg K\u00f6rpergewicht (basierend auf einer empfohlenen Menge von 200 mcg Ivermectin pro kg K\u00f6rpergewicht). Verabreichung: Subkutan vor oder hinter der Schulter injizieren. Wartezeit: Rinder: Muss innerhalb von 21 Tagen nach der Schlachtung f\u00fcr den menschlichen Verzehr behandelt werden. Nicht bei Rindern anwenden, deren Milch f\u00fcr den menschlichen Verzehr bestimmt ist, oder bei Milchk\u00fchen innerhalb von 28 Tagen vor dem Kalben. Schafe: Darf nicht innerhalb von 21 Tagen nach der Schlachtung f\u00fcr den menschlichen Verzehr behandelt werden. Nicht bei s\u00e4ugenden K\u00fchen oder innerhalb von 21 Tagen vor dem Lammen, wenn die Milch f\u00fcr den menschlichen Verzehr bestimmt ist. Warnung: Es wird nicht f\u00fcr Hunde dieser Rasse empfohlen. Nicht intramuskul\u00e4r und intraven\u00f6s anwenden. Sollte nicht bei s\u00e4ugenden Tieren angewendet werden. ACHTUNG: Darf nicht im Einzelhandel ohne das Rezept eines zugelassenen Tierarztes verkauft werden. Hinweis: Wenn Fremdpartikel in der L\u00f6sung sichtbar sind, verwenden Sie die L\u00f6sung bitte nicht und fordern Sie Ersatz an. NUR F\u00dcR TIERE AUFBEWAHRUNG F\u00dcR KINDER NUR F\u00dcR TIER\u00c4RZTLICHE VERWENDUNG\" \/>\n<meta property=\"og:url\" content=\"https:\/\/vet-chem.com\/de\/product\/iverchem-1\/\" \/>\n<meta property=\"og:site_name\" content=\"Vetchem\" \/>\n<meta property=\"article:publisher\" content=\"https:\/\/www.facebook.com\/VetChemGerman\" \/>\n<meta property=\"article:modified_time\" content=\"2024-08-31T13:53:21+00:00\" \/>\n<meta property=\"og:image\" content=\"https:\/\/vet-chem.com\/wp-content\/uploads\/2024\/08\/IVERCHEM.jpg\" \/>\n\t<meta property=\"og:image:width\" content=\"1280\" \/>\n\t<meta property=\"og:image:height\" content=\"1239\" \/>\n\t<meta property=\"og:image:type\" content=\"image\/jpeg\" \/>\n<meta name=\"twitter:card\" content=\"summary_large_image\" \/>\n<meta name=\"twitter:label1\" content=\"Gesch\u00e4tzte Lesezeit\" \/>\n\t<meta name=\"twitter:data1\" content=\"1\u00a0Minute\" \/>\n<script type=\"application\/ld+json\" class=\"yoast-schema-graph\">{\"@context\":\"https:\\\/\\\/schema.org\",\"@graph\":[{\"@type\":\"WebPage\",\"@id\":\"https:\\\/\\\/vet-chem.com\\\/de\\\/product\\\/iverchem-1\\\/\",\"url\":\"https:\\\/\\\/vet-chem.com\\\/de\\\/product\\\/iverchem-1\\\/\",\"name\":\"IVERCHEM 1% - Vetchem\",\"isPartOf\":{\"@id\":\"https:\\\/\\\/vet-chem.com\\\/de\\\/#website\"},\"primaryImageOfPage\":{\"@id\":\"https:\\\/\\\/vet-chem.com\\\/de\\\/product\\\/iverchem-1\\\/#primaryimage\"},\"image\":{\"@id\":\"https:\\\/\\\/vet-chem.com\\\/de\\\/product\\\/iverchem-1\\\/#primaryimage\"},\"thumbnailUrl\":\"https:\\\/\\\/vet-chem.com\\\/wp-content\\\/uploads\\\/2024\\\/08\\\/IVERCHEM.jpg\",\"datePublished\":\"2024-08-05T09:43:18+00:00\",\"dateModified\":\"2024-08-31T13:53:21+00:00\",\"breadcrumb\":{\"@id\":\"https:\\\/\\\/vet-chem.com\\\/de\\\/product\\\/iverchem-1\\\/#breadcrumb\"},\"inLanguage\":\"de\",\"potentialAction\":[{\"@type\":\"ReadAction\",\"target\":[\"https:\\\/\\\/vet-chem.com\\\/de\\\/product\\\/iverchem-1\\\/\"]}]},{\"@type\":\"ImageObject\",\"inLanguage\":\"de\",\"@id\":\"https:\\\/\\\/vet-chem.com\\\/de\\\/product\\\/iverchem-1\\\/#primaryimage\",\"url\":\"https:\\\/\\\/vet-chem.com\\\/wp-content\\\/uploads\\\/2024\\\/08\\\/IVERCHEM.jpg\",\"contentUrl\":\"https:\\\/\\\/vet-chem.com\\\/wp-content\\\/uploads\\\/2024\\\/08\\\/IVERCHEM.jpg\",\"width\":1280,\"height\":1239},{\"@type\":\"BreadcrumbList\",\"@id\":\"https:\\\/\\\/vet-chem.com\\\/de\\\/product\\\/iverchem-1\\\/#breadcrumb\",\"itemListElement\":[{\"@type\":\"ListItem\",\"position\":1,\"name\":\"Home\",\"item\":\"https:\\\/\\\/vet-chem.com\\\/de\\\/home\\\/\"},{\"@type\":\"ListItem\",\"position\":2,\"name\":\"Produkte\",\"item\":\"https:\\\/\\\/vet-chem.com\\\/de\\\/shop\\\/\"},{\"@type\":\"ListItem\",\"position\":3,\"name\":\"IVERCHEM 1%\"}]},{\"@type\":\"WebSite\",\"@id\":\"https:\\\/\\\/vet-chem.com\\\/de\\\/#website\",\"url\":\"https:\\\/\\\/vet-chem.com\\\/de\\\/\",\"name\":\"Vetchem\",\"description\":\"\",\"publisher\":{\"@id\":\"https:\\\/\\\/vet-chem.com\\\/de\\\/#organization\"},\"potentialAction\":[{\"@type\":\"SearchAction\",\"target\":{\"@type\":\"EntryPoint\",\"urlTemplate\":\"https:\\\/\\\/vet-chem.com\\\/de\\\/?s={search_term_string}\"},\"query-input\":{\"@type\":\"PropertyValueSpecification\",\"valueRequired\":true,\"valueName\":\"search_term_string\"}}],\"inLanguage\":\"de\"},{\"@type\":\"Organization\",\"@id\":\"https:\\\/\\\/vet-chem.com\\\/de\\\/#organization\",\"name\":\"Vetchem\",\"url\":\"https:\\\/\\\/vet-chem.com\\\/de\\\/\",\"logo\":{\"@type\":\"ImageObject\",\"inLanguage\":\"de\",\"@id\":\"https:\\\/\\\/vet-chem.com\\\/de\\\/#\\\/schema\\\/logo\\\/image\\\/\",\"url\":\"https:\\\/\\\/vet-chem.com\\\/wp-content\\\/uploads\\\/2024\\\/06\\\/logo.svg\",\"contentUrl\":\"https:\\\/\\\/vet-chem.com\\\/wp-content\\\/uploads\\\/2024\\\/06\\\/logo.svg\",\"width\":412,\"height\":195,\"caption\":\"Vetchem\"},\"image\":{\"@id\":\"https:\\\/\\\/vet-chem.com\\\/de\\\/#\\\/schema\\\/logo\\\/image\\\/\"},\"sameAs\":[\"https:\\\/\\\/www.facebook.com\\\/VetChemGerman\"]}]}<\/script>\n<!-- \/ Yoast SEO plugin. -->","yoast_head_json":{"title":"IVERCHEM 1% - Vetchem","robots":{"index":"index","follow":"follow","max-snippet":"max-snippet:-1","max-image-preview":"max-image-preview:large","max-video-preview":"max-video-preview:-1"},"canonical":"https:\/\/vet-chem.com\/de\/product\/iverchem-1\/","og_locale":"de_DE","og_type":"article","og_title":"IVERCHEM 1% - Vetchem","og_description":"Zusammensetzung: Jeder ml enth\u00e4lt: Ivermectin B.P.: 10 mg Benzylalkohol B.P. (als Konservierungsmittel): 1,5 % v\/v Propylenglykol B.P.: q.s. Indikationen: Zur Behandlung und Bek\u00e4mpfung von Magen-Darm-Nematoden, Lungenw\u00fcrmern, Augenw\u00fcrmern, Dasselfliegen und Ektoparasiten wie Milben, Zecken und L\u00e4usen bei Rindern, B\u00fcffeln, Pferden, Schafen, Ziegen, Kamelen und Hunden. Gegenanzeigen: IVERCHEM 1 % Injektion darf nicht intraven\u00f6s oder intramuskul\u00e4r verabreicht werden. Nicht bei laktierenden K\u00fchen oder Milchk\u00fchen in den 28 Tagen vor dem Kalben anwenden. Dosierung und Verabreichung: Rinder, K\u00e4lber, Schafe und Pferde: Dosierung: 1 ml pro 50 kg K\u00f6rpergewicht (basierend auf einer empfohlenen Menge von 200 mcg Ivermectin pro kg K\u00f6rpergewicht). Verabreichung: Subkutan vor oder hinter der Schulter injizieren. Wartezeit: Rinder: Muss innerhalb von 21 Tagen nach der Schlachtung f\u00fcr den menschlichen Verzehr behandelt werden. Nicht bei Rindern anwenden, deren Milch f\u00fcr den menschlichen Verzehr bestimmt ist, oder bei Milchk\u00fchen innerhalb von 28 Tagen vor dem Kalben. Schafe: Darf nicht innerhalb von 21 Tagen nach der Schlachtung f\u00fcr den menschlichen Verzehr behandelt werden. Nicht bei s\u00e4ugenden K\u00fchen oder innerhalb von 21 Tagen vor dem Lammen, wenn die Milch f\u00fcr den menschlichen Verzehr bestimmt ist. Warnung: Es wird nicht f\u00fcr Hunde dieser Rasse empfohlen. Nicht intramuskul\u00e4r und intraven\u00f6s anwenden. Sollte nicht bei s\u00e4ugenden Tieren angewendet werden. ACHTUNG: Darf nicht im Einzelhandel ohne das Rezept eines zugelassenen Tierarztes verkauft werden. Hinweis: Wenn Fremdpartikel in der L\u00f6sung sichtbar sind, verwenden Sie die L\u00f6sung bitte nicht und fordern Sie Ersatz an. NUR F\u00dcR TIERE AUFBEWAHRUNG F\u00dcR KINDER NUR F\u00dcR TIER\u00c4RZTLICHE VERWENDUNG","og_url":"https:\/\/vet-chem.com\/de\/product\/iverchem-1\/","og_site_name":"Vetchem","article_publisher":"https:\/\/www.facebook.com\/VetChemGerman","article_modified_time":"2024-08-31T13:53:21+00:00","og_image":[{"width":1280,"height":1239,"url":"https:\/\/vet-chem.com\/wp-content\/uploads\/2024\/08\/IVERCHEM.jpg","type":"image\/jpeg"}],"twitter_card":"summary_large_image","twitter_misc":{"Gesch\u00e4tzte Lesezeit":"1\u00a0Minute"},"schema":{"@context":"https:\/\/schema.org","@graph":[{"@type":"WebPage","@id":"https:\/\/vet-chem.com\/de\/product\/iverchem-1\/","url":"https:\/\/vet-chem.com\/de\/product\/iverchem-1\/","name":"IVERCHEM 1% - Vetchem","isPartOf":{"@id":"https:\/\/vet-chem.com\/de\/#website"},"primaryImageOfPage":{"@id":"https:\/\/vet-chem.com\/de\/product\/iverchem-1\/#primaryimage"},"image":{"@id":"https:\/\/vet-chem.com\/de\/product\/iverchem-1\/#primaryimage"},"thumbnailUrl":"https:\/\/vet-chem.com\/wp-content\/uploads\/2024\/08\/IVERCHEM.jpg","datePublished":"2024-08-05T09:43:18+00:00","dateModified":"2024-08-31T13:53:21+00:00","breadcrumb":{"@id":"https:\/\/vet-chem.com\/de\/product\/iverchem-1\/#breadcrumb"},"inLanguage":"de","potentialAction":[{"@type":"ReadAction","target":["https:\/\/vet-chem.com\/de\/product\/iverchem-1\/"]}]},{"@type":"ImageObject","inLanguage":"de","@id":"https:\/\/vet-chem.com\/de\/product\/iverchem-1\/#primaryimage","url":"https:\/\/vet-chem.com\/wp-content\/uploads\/2024\/08\/IVERCHEM.jpg","contentUrl":"https:\/\/vet-chem.com\/wp-content\/uploads\/2024\/08\/IVERCHEM.jpg","width":1280,"height":1239},{"@type":"BreadcrumbList","@id":"https:\/\/vet-chem.com\/de\/product\/iverchem-1\/#breadcrumb","itemListElement":[{"@type":"ListItem","position":1,"name":"Home","item":"https:\/\/vet-chem.com\/de\/home\/"},{"@type":"ListItem","position":2,"name":"Produkte","item":"https:\/\/vet-chem.com\/de\/shop\/"},{"@type":"ListItem","position":3,"name":"IVERCHEM 1%"}]},{"@type":"WebSite","@id":"https:\/\/vet-chem.com\/de\/#website","url":"https:\/\/vet-chem.com\/de\/","name":"Vetchem","description":"","publisher":{"@id":"https:\/\/vet-chem.com\/de\/#organization"},"potentialAction":[{"@type":"SearchAction","target":{"@type":"EntryPoint","urlTemplate":"https:\/\/vet-chem.com\/de\/?s={search_term_string}"},"query-input":{"@type":"PropertyValueSpecification","valueRequired":true,"valueName":"search_term_string"}}],"inLanguage":"de"},{"@type":"Organization","@id":"https:\/\/vet-chem.com\/de\/#organization","name":"Vetchem","url":"https:\/\/vet-chem.com\/de\/","logo":{"@type":"ImageObject","inLanguage":"de","@id":"https:\/\/vet-chem.com\/de\/#\/schema\/logo\/image\/","url":"https:\/\/vet-chem.com\/wp-content\/uploads\/2024\/06\/logo.svg","contentUrl":"https:\/\/vet-chem.com\/wp-content\/uploads\/2024\/06\/logo.svg","width":412,"height":195,"caption":"Vetchem"},"image":{"@id":"https:\/\/vet-chem.com\/de\/#\/schema\/logo\/image\/"},"sameAs":["https:\/\/www.facebook.com\/VetChemGerman"]}]}},"_links":{"self":[{"href":"https:\/\/vet-chem.com\/de\/wp-json\/wp\/v2\/product\/927","targetHints":{"allow":["GET"]}}],"collection":[{"href":"https:\/\/vet-chem.com\/de\/wp-json\/wp\/v2\/product"}],"about":[{"href":"https:\/\/vet-chem.com\/de\/wp-json\/wp\/v2\/types\/product"}],"replies":[{"embeddable":true,"href":"https:\/\/vet-chem.com\/de\/wp-json\/wp\/v2\/comments?post=927"}],"wp:featuredmedia":[{"embeddable":true,"href":"https:\/\/vet-chem.com\/de\/wp-json\/wp\/v2\/media\/762"}],"wp:attachment":[{"href":"https:\/\/vet-chem.com\/de\/wp-json\/wp\/v2\/media?parent=927"}],"wp:term":[{"taxonomy":"product_brand","embeddable":true,"href":"https:\/\/vet-chem.com\/de\/wp-json\/wp\/v2\/product_brand?post=927"},{"taxonomy":"product_cat","embeddable":true,"href":"https:\/\/vet-chem.com\/de\/wp-json\/wp\/v2\/product_cat?post=927"},{"taxonomy":"product_tag","embeddable":true,"href":"https:\/\/vet-chem.com\/de\/wp-json\/wp\/v2\/product_tag?post=927"}],"curies":[{"name":"wp","href":"https:\/\/api.w.org\/{rel}","templated":true}]}}