{"id":928,"date":"2024-08-05T12:42:36","date_gmt":"2024-08-05T09:42:36","guid":{"rendered":"https:\/\/vet-chem.com\/product\/hestachem\/"},"modified":"2024-08-31T16:53:37","modified_gmt":"2024-08-31T13:53:37","slug":"hestachem","status":"publish","type":"product","link":"https:\/\/vet-chem.com\/de\/product\/hestachem\/","title":{"rendered":"HESTACHEM"},"content":{"rendered":"<p>Zusammensetzung: Jeder ml enth\u00e4lt:<\/p>\n<p>Indikationen:<br \/>\nChlorpheniraminmaleat I.P. &#8230;&#8230;&#8230;.. 20 mg<br \/>\nBenzylalkohol I.P. (als Konservierungsmittel) . 1,5 % v\/v<br \/>\nWasser f\u00fcr Injektionszwecke I.P. &#8230;&#8230;&#8230;&#8230;&#8230;&#8230;&#8230;&#8230;.q.s.<\/p>\n<p>Indikationen:<br \/>\nHESTACHEM<br \/>\nInjektion ist ein antiallergisches Medikament, das zur Behandlung verschiedener allergischer Erkrankungen eingesetzt wird. Es blockiert die Wirkung von Histamin und lindert Symptome wie Schnupfen, Niesen, Juckreiz, Hautausschl\u00e4ge und tr\u00e4nende Augen.<\/p>\n<p>Dosierung und Verabreichung:<br \/>\nHESTACHEM kann intramuskul\u00e4r, intraven\u00f6s oder subkutan verabreicht werden.<\/p>\n<p>Gro\u00dfe Tiere: 5-10 ml oder mehr<br \/>\nKleine Tiere: \u00bd -1 ml oder mehr<br \/>\nDie Injektion kann bei Bedarf nach 8-12 Stunden wiederholt werden.<\/p>\n<p>Wartezeiten:<\/p>\n<p>Fleisch und Innereien: 1 Tag<br \/>\nMilch: 12 Stunden<\/p>\n<p>Mehrfachdosis-Ampulle<br \/>\nNicht mehr als 10 Einstiche<\/p>\n<p>K\u00fchl, dunkel und trocken lagern.<br \/>\nVor direkter Lichteinstrahlung sch\u00fctzen.<\/p>\n<p>NUR F\u00dcR TIERE<br \/>\nAUFBEWAHRUNG F\u00dcR KINDER<br \/>\nNUR F\u00dcR TIER\u00c4RZTLICHE VERWENDUNG<\/p>\n","protected":false},"excerpt":{"rendered":"<p>Zusammensetzung: Jeder ml enth\u00e4lt: Indikationen: Chlorpheniraminmaleat I.P. &#8230;&#8230;&#8230;.. 20 mg Benzylalkohol I.P. (als Konservierungsmittel) . 1,5 % v\/v Wasser f\u00fcr Injektionszwecke I.P. &#8230;&#8230;&#8230;&#8230;&#8230;&#8230;&#8230;&#8230;.q.s. Indikationen: HESTACHEM Injektion ist ein antiallergisches Medikament, das zur Behandlung verschiedener allergischer Erkrankungen eingesetzt wird. Es blockiert die Wirkung von Histamin und lindert Symptome wie Schnupfen, Niesen, Juckreiz, Hautausschl\u00e4ge und tr\u00e4nende Augen. Dosierung und Verabreichung: HESTACHEM kann intramuskul\u00e4r, intraven\u00f6s oder subkutan verabreicht werden. Gro\u00dfe Tiere: 5-10 ml oder mehr Kleine Tiere: \u00bd -1 ml oder mehr Die Injektion kann bei Bedarf nach 8-12 Stunden wiederholt werden. Wartezeiten: Fleisch und Innereien: 1 Tag Milch: 12 Stunden Mehrfachdosis-Ampulle Nicht mehr als 10 Einstiche K\u00fchl, dunkel und trocken lagern. Vor direkter Lichteinstrahlung sch\u00fctzen. NUR F\u00dcR TIERE AUFBEWAHRUNG F\u00dcR KINDER NUR F\u00dcR TIER\u00c4RZTLICHE VERWENDUNG<\/p>\n","protected":false},"featured_media":761,"comment_status":"open","ping_status":"closed","template":"","meta":{"site-sidebar-layout":"default","site-content-layout":"","ast-site-content-layout":"default","site-content-style":"default","site-sidebar-style":"default","ast-global-header-display":"","ast-banner-title-visibility":"","ast-main-header-display":"","ast-hfb-above-header-display":"","ast-hfb-below-header-display":"","ast-hfb-mobile-header-display":"","site-post-title":"","ast-breadcrumbs-content":"","ast-featured-img":"","footer-sml-layout":"","ast-disable-related-posts":"","theme-transparent-header-meta":"default","adv-header-id-meta":"","stick-header-meta":"","header-above-stick-meta":"","header-main-stick-meta":"","header-below-stick-meta":"","astra-migrate-meta-layouts":"set","ast-page-background-enabled":"default","ast-page-background-meta":{"desktop":{"background-color":"var(--ast-global-color-4)","background-image":"","background-repeat":"repeat","background-position":"center center","background-size":"auto","background-attachment":"scroll","background-type":"","background-media":"","overlay-type":"","overlay-color":"","overlay-opacity":"","overlay-gradient":""},"tablet":{"background-color":"","background-image":"","background-repeat":"repeat","background-position":"center center","background-size":"auto","background-attachment":"scroll","background-type":"","background-media":"","overlay-type":"","overlay-color":"","overlay-opacity":"","overlay-gradient":""},"mobile":{"background-color":"","background-image":"","background-repeat":"repeat","background-position":"center center","background-size":"auto","background-attachment":"scroll","background-type":"","background-media":"","overlay-type":"","overlay-color":"","overlay-opacity":"","overlay-gradient":""}},"ast-content-background-meta":{"desktop":{"background-color":"var(--ast-global-color-5)","background-image":"","background-repeat":"repeat","background-position":"center center","background-size":"auto","background-attachment":"scroll","background-type":"","background-media":"","overlay-type":"","overlay-color":"","overlay-opacity":"","overlay-gradient":""},"tablet":{"background-color":"var(--ast-global-color-5)","background-image":"","background-repeat":"repeat","background-position":"center center","background-size":"auto","background-attachment":"scroll","background-type":"","background-media":"","overlay-type":"","overlay-color":"","overlay-opacity":"","overlay-gradient":""},"mobile":{"background-color":"var(--ast-global-color-5)","background-image":"","background-repeat":"repeat","background-position":"center center","background-size":"auto","background-attachment":"scroll","background-type":"","background-media":"","overlay-type":"","overlay-color":"","overlay-opacity":"","overlay-gradient":""}}},"product_brand":[],"product_cat":[42],"product_tag":[],"class_list":{"0":"post-928","1":"product","2":"type-product","3":"status-publish","4":"has-post-thumbnail","6":"product_cat-unkategorisiert","7":"desktop-align-left","8":"tablet-align-left","9":"mobile-align-left","11":"first","12":"instock","13":"shipping-taxable","14":"product-type-simple"},"yoast_head":"<!-- This site is optimized with the Yoast SEO plugin v27.3 - https:\/\/yoast.com\/product\/yoast-seo-wordpress\/ -->\n<title>HESTACHEM - Vetchem<\/title>\n<meta name=\"robots\" content=\"index, follow, max-snippet:-1, max-image-preview:large, max-video-preview:-1\" \/>\n<link rel=\"canonical\" href=\"https:\/\/vet-chem.com\/de\/product\/hestachem\/\" \/>\n<meta property=\"og:locale\" content=\"de_DE\" \/>\n<meta property=\"og:type\" content=\"article\" \/>\n<meta property=\"og:title\" content=\"HESTACHEM - Vetchem\" \/>\n<meta property=\"og:description\" content=\"Zusammensetzung: Jeder ml enth\u00e4lt: Indikationen: Chlorpheniraminmaleat I.P. &#8230;&#8230;&#8230;.. 20 mg Benzylalkohol I.P. (als Konservierungsmittel) . 1,5 % v\/v Wasser f\u00fcr Injektionszwecke I.P. &#8230;&#8230;&#8230;&#8230;&#8230;&#8230;&#8230;&#8230;.q.s. Indikationen: HESTACHEM Injektion ist ein antiallergisches Medikament, das zur Behandlung verschiedener allergischer Erkrankungen eingesetzt wird. Es blockiert die Wirkung von Histamin und lindert Symptome wie Schnupfen, Niesen, Juckreiz, Hautausschl\u00e4ge und tr\u00e4nende Augen. Dosierung und Verabreichung: HESTACHEM kann intramuskul\u00e4r, intraven\u00f6s oder subkutan verabreicht werden. Gro\u00dfe Tiere: 5-10 ml oder mehr Kleine Tiere: \u00bd -1 ml oder mehr Die Injektion kann bei Bedarf nach 8-12 Stunden wiederholt werden. Wartezeiten: Fleisch und Innereien: 1 Tag Milch: 12 Stunden Mehrfachdosis-Ampulle Nicht mehr als 10 Einstiche K\u00fchl, dunkel und trocken lagern. Vor direkter Lichteinstrahlung sch\u00fctzen. NUR F\u00dcR TIERE AUFBEWAHRUNG F\u00dcR KINDER NUR F\u00dcR TIER\u00c4RZTLICHE VERWENDUNG\" \/>\n<meta property=\"og:url\" content=\"https:\/\/vet-chem.com\/de\/product\/hestachem\/\" \/>\n<meta property=\"og:site_name\" content=\"Vetchem\" \/>\n<meta property=\"article:publisher\" content=\"https:\/\/www.facebook.com\/VetChemGerman\" \/>\n<meta property=\"article:modified_time\" content=\"2024-08-31T13:53:37+00:00\" \/>\n<meta property=\"og:image\" content=\"https:\/\/vet-chem.com\/wp-content\/uploads\/2024\/08\/HESTACHEM.jpg\" \/>\n\t<meta property=\"og:image:width\" content=\"1280\" \/>\n\t<meta property=\"og:image:height\" content=\"1238\" \/>\n\t<meta property=\"og:image:type\" content=\"image\/jpeg\" \/>\n<meta name=\"twitter:card\" content=\"summary_large_image\" \/>\n<meta name=\"twitter:label1\" content=\"Gesch\u00e4tzte Lesezeit\" \/>\n\t<meta name=\"twitter:data1\" content=\"1\u00a0Minute\" \/>\n<script type=\"application\/ld+json\" class=\"yoast-schema-graph\">{\"@context\":\"https:\\\/\\\/schema.org\",\"@graph\":[{\"@type\":\"WebPage\",\"@id\":\"https:\\\/\\\/vet-chem.com\\\/de\\\/product\\\/hestachem\\\/\",\"url\":\"https:\\\/\\\/vet-chem.com\\\/de\\\/product\\\/hestachem\\\/\",\"name\":\"HESTACHEM - Vetchem\",\"isPartOf\":{\"@id\":\"https:\\\/\\\/vet-chem.com\\\/de\\\/#website\"},\"primaryImageOfPage\":{\"@id\":\"https:\\\/\\\/vet-chem.com\\\/de\\\/product\\\/hestachem\\\/#primaryimage\"},\"image\":{\"@id\":\"https:\\\/\\\/vet-chem.com\\\/de\\\/product\\\/hestachem\\\/#primaryimage\"},\"thumbnailUrl\":\"https:\\\/\\\/vet-chem.com\\\/wp-content\\\/uploads\\\/2024\\\/08\\\/HESTACHEM.jpg\",\"datePublished\":\"2024-08-05T09:42:36+00:00\",\"dateModified\":\"2024-08-31T13:53:37+00:00\",\"breadcrumb\":{\"@id\":\"https:\\\/\\\/vet-chem.com\\\/de\\\/product\\\/hestachem\\\/#breadcrumb\"},\"inLanguage\":\"de\",\"potentialAction\":[{\"@type\":\"ReadAction\",\"target\":[\"https:\\\/\\\/vet-chem.com\\\/de\\\/product\\\/hestachem\\\/\"]}]},{\"@type\":\"ImageObject\",\"inLanguage\":\"de\",\"@id\":\"https:\\\/\\\/vet-chem.com\\\/de\\\/product\\\/hestachem\\\/#primaryimage\",\"url\":\"https:\\\/\\\/vet-chem.com\\\/wp-content\\\/uploads\\\/2024\\\/08\\\/HESTACHEM.jpg\",\"contentUrl\":\"https:\\\/\\\/vet-chem.com\\\/wp-content\\\/uploads\\\/2024\\\/08\\\/HESTACHEM.jpg\",\"width\":1280,\"height\":1238},{\"@type\":\"BreadcrumbList\",\"@id\":\"https:\\\/\\\/vet-chem.com\\\/de\\\/product\\\/hestachem\\\/#breadcrumb\",\"itemListElement\":[{\"@type\":\"ListItem\",\"position\":1,\"name\":\"Home\",\"item\":\"https:\\\/\\\/vet-chem.com\\\/de\\\/home\\\/\"},{\"@type\":\"ListItem\",\"position\":2,\"name\":\"Produkte\",\"item\":\"https:\\\/\\\/vet-chem.com\\\/de\\\/shop\\\/\"},{\"@type\":\"ListItem\",\"position\":3,\"name\":\"HESTACHEM\"}]},{\"@type\":\"WebSite\",\"@id\":\"https:\\\/\\\/vet-chem.com\\\/de\\\/#website\",\"url\":\"https:\\\/\\\/vet-chem.com\\\/de\\\/\",\"name\":\"Vetchem\",\"description\":\"\",\"publisher\":{\"@id\":\"https:\\\/\\\/vet-chem.com\\\/de\\\/#organization\"},\"potentialAction\":[{\"@type\":\"SearchAction\",\"target\":{\"@type\":\"EntryPoint\",\"urlTemplate\":\"https:\\\/\\\/vet-chem.com\\\/de\\\/?s={search_term_string}\"},\"query-input\":{\"@type\":\"PropertyValueSpecification\",\"valueRequired\":true,\"valueName\":\"search_term_string\"}}],\"inLanguage\":\"de\"},{\"@type\":\"Organization\",\"@id\":\"https:\\\/\\\/vet-chem.com\\\/de\\\/#organization\",\"name\":\"Vetchem\",\"url\":\"https:\\\/\\\/vet-chem.com\\\/de\\\/\",\"logo\":{\"@type\":\"ImageObject\",\"inLanguage\":\"de\",\"@id\":\"https:\\\/\\\/vet-chem.com\\\/de\\\/#\\\/schema\\\/logo\\\/image\\\/\",\"url\":\"https:\\\/\\\/vet-chem.com\\\/wp-content\\\/uploads\\\/2024\\\/06\\\/logo.svg\",\"contentUrl\":\"https:\\\/\\\/vet-chem.com\\\/wp-content\\\/uploads\\\/2024\\\/06\\\/logo.svg\",\"width\":412,\"height\":195,\"caption\":\"Vetchem\"},\"image\":{\"@id\":\"https:\\\/\\\/vet-chem.com\\\/de\\\/#\\\/schema\\\/logo\\\/image\\\/\"},\"sameAs\":[\"https:\\\/\\\/www.facebook.com\\\/VetChemGerman\"]}]}<\/script>\n<!-- \/ Yoast SEO plugin. -->","yoast_head_json":{"title":"HESTACHEM - Vetchem","robots":{"index":"index","follow":"follow","max-snippet":"max-snippet:-1","max-image-preview":"max-image-preview:large","max-video-preview":"max-video-preview:-1"},"canonical":"https:\/\/vet-chem.com\/de\/product\/hestachem\/","og_locale":"de_DE","og_type":"article","og_title":"HESTACHEM - Vetchem","og_description":"Zusammensetzung: Jeder ml enth\u00e4lt: Indikationen: Chlorpheniraminmaleat I.P. &#8230;&#8230;&#8230;.. 20 mg Benzylalkohol I.P. (als Konservierungsmittel) . 1,5 % v\/v Wasser f\u00fcr Injektionszwecke I.P. &#8230;&#8230;&#8230;&#8230;&#8230;&#8230;&#8230;&#8230;.q.s. Indikationen: HESTACHEM Injektion ist ein antiallergisches Medikament, das zur Behandlung verschiedener allergischer Erkrankungen eingesetzt wird. Es blockiert die Wirkung von Histamin und lindert Symptome wie Schnupfen, Niesen, Juckreiz, Hautausschl\u00e4ge und tr\u00e4nende Augen. Dosierung und Verabreichung: HESTACHEM kann intramuskul\u00e4r, intraven\u00f6s oder subkutan verabreicht werden. Gro\u00dfe Tiere: 5-10 ml oder mehr Kleine Tiere: \u00bd -1 ml oder mehr Die Injektion kann bei Bedarf nach 8-12 Stunden wiederholt werden. Wartezeiten: Fleisch und Innereien: 1 Tag Milch: 12 Stunden Mehrfachdosis-Ampulle Nicht mehr als 10 Einstiche K\u00fchl, dunkel und trocken lagern. Vor direkter Lichteinstrahlung sch\u00fctzen. NUR F\u00dcR TIERE AUFBEWAHRUNG F\u00dcR KINDER NUR F\u00dcR TIER\u00c4RZTLICHE VERWENDUNG","og_url":"https:\/\/vet-chem.com\/de\/product\/hestachem\/","og_site_name":"Vetchem","article_publisher":"https:\/\/www.facebook.com\/VetChemGerman","article_modified_time":"2024-08-31T13:53:37+00:00","og_image":[{"width":1280,"height":1238,"url":"https:\/\/vet-chem.com\/wp-content\/uploads\/2024\/08\/HESTACHEM.jpg","type":"image\/jpeg"}],"twitter_card":"summary_large_image","twitter_misc":{"Gesch\u00e4tzte Lesezeit":"1\u00a0Minute"},"schema":{"@context":"https:\/\/schema.org","@graph":[{"@type":"WebPage","@id":"https:\/\/vet-chem.com\/de\/product\/hestachem\/","url":"https:\/\/vet-chem.com\/de\/product\/hestachem\/","name":"HESTACHEM - Vetchem","isPartOf":{"@id":"https:\/\/vet-chem.com\/de\/#website"},"primaryImageOfPage":{"@id":"https:\/\/vet-chem.com\/de\/product\/hestachem\/#primaryimage"},"image":{"@id":"https:\/\/vet-chem.com\/de\/product\/hestachem\/#primaryimage"},"thumbnailUrl":"https:\/\/vet-chem.com\/wp-content\/uploads\/2024\/08\/HESTACHEM.jpg","datePublished":"2024-08-05T09:42:36+00:00","dateModified":"2024-08-31T13:53:37+00:00","breadcrumb":{"@id":"https:\/\/vet-chem.com\/de\/product\/hestachem\/#breadcrumb"},"inLanguage":"de","potentialAction":[{"@type":"ReadAction","target":["https:\/\/vet-chem.com\/de\/product\/hestachem\/"]}]},{"@type":"ImageObject","inLanguage":"de","@id":"https:\/\/vet-chem.com\/de\/product\/hestachem\/#primaryimage","url":"https:\/\/vet-chem.com\/wp-content\/uploads\/2024\/08\/HESTACHEM.jpg","contentUrl":"https:\/\/vet-chem.com\/wp-content\/uploads\/2024\/08\/HESTACHEM.jpg","width":1280,"height":1238},{"@type":"BreadcrumbList","@id":"https:\/\/vet-chem.com\/de\/product\/hestachem\/#breadcrumb","itemListElement":[{"@type":"ListItem","position":1,"name":"Home","item":"https:\/\/vet-chem.com\/de\/home\/"},{"@type":"ListItem","position":2,"name":"Produkte","item":"https:\/\/vet-chem.com\/de\/shop\/"},{"@type":"ListItem","position":3,"name":"HESTACHEM"}]},{"@type":"WebSite","@id":"https:\/\/vet-chem.com\/de\/#website","url":"https:\/\/vet-chem.com\/de\/","name":"Vetchem","description":"","publisher":{"@id":"https:\/\/vet-chem.com\/de\/#organization"},"potentialAction":[{"@type":"SearchAction","target":{"@type":"EntryPoint","urlTemplate":"https:\/\/vet-chem.com\/de\/?s={search_term_string}"},"query-input":{"@type":"PropertyValueSpecification","valueRequired":true,"valueName":"search_term_string"}}],"inLanguage":"de"},{"@type":"Organization","@id":"https:\/\/vet-chem.com\/de\/#organization","name":"Vetchem","url":"https:\/\/vet-chem.com\/de\/","logo":{"@type":"ImageObject","inLanguage":"de","@id":"https:\/\/vet-chem.com\/de\/#\/schema\/logo\/image\/","url":"https:\/\/vet-chem.com\/wp-content\/uploads\/2024\/06\/logo.svg","contentUrl":"https:\/\/vet-chem.com\/wp-content\/uploads\/2024\/06\/logo.svg","width":412,"height":195,"caption":"Vetchem"},"image":{"@id":"https:\/\/vet-chem.com\/de\/#\/schema\/logo\/image\/"},"sameAs":["https:\/\/www.facebook.com\/VetChemGerman"]}]}},"_links":{"self":[{"href":"https:\/\/vet-chem.com\/de\/wp-json\/wp\/v2\/product\/928","targetHints":{"allow":["GET"]}}],"collection":[{"href":"https:\/\/vet-chem.com\/de\/wp-json\/wp\/v2\/product"}],"about":[{"href":"https:\/\/vet-chem.com\/de\/wp-json\/wp\/v2\/types\/product"}],"replies":[{"embeddable":true,"href":"https:\/\/vet-chem.com\/de\/wp-json\/wp\/v2\/comments?post=928"}],"wp:featuredmedia":[{"embeddable":true,"href":"https:\/\/vet-chem.com\/de\/wp-json\/wp\/v2\/media\/761"}],"wp:attachment":[{"href":"https:\/\/vet-chem.com\/de\/wp-json\/wp\/v2\/media?parent=928"}],"wp:term":[{"taxonomy":"product_brand","embeddable":true,"href":"https:\/\/vet-chem.com\/de\/wp-json\/wp\/v2\/product_brand?post=928"},{"taxonomy":"product_cat","embeddable":true,"href":"https:\/\/vet-chem.com\/de\/wp-json\/wp\/v2\/product_cat?post=928"},{"taxonomy":"product_tag","embeddable":true,"href":"https:\/\/vet-chem.com\/de\/wp-json\/wp\/v2\/product_tag?post=928"}],"curies":[{"name":"wp","href":"https:\/\/api.w.org\/{rel}","templated":true}]}}