{"id":929,"date":"2024-08-05T12:42:03","date_gmt":"2024-08-05T09:42:03","guid":{"rendered":"https:\/\/vet-chem.com\/product\/garlichem\/"},"modified":"2024-08-31T16:54:01","modified_gmt":"2024-08-31T13:54:01","slug":"garlichem","status":"publish","type":"product","link":"https:\/\/vet-chem.com\/de\/product\/garlichem\/","title":{"rendered":"GARLICHEM"},"content":{"rendered":"<p>GARLICHEM ist ein einzigartiges Kr\u00e4uterpr\u00e4parat, das als nat\u00fcrlicher Wachstumsf\u00f6rderer wirkt, um normale Magen-Darm-Funktionen aufrechtzuerhalten und die Immunit\u00e4t gegen Durchfall und Kokzidiose zu st\u00e4rken.<\/p>\n<p>Zusammensetzung:<br \/>\nF\u00fcr Fl\u00fcssigkeit:<br \/>\nJede 100 ml enth\u00e4lt<br \/>\nAllium Sativum &#8230;.. 5 %<br \/>\nOriganum vulgare &#8230;&#8230; 6 %<br \/>\nCinnamomum zeylanicum &#8230;.. 3 %<br \/>\nBasis &#8230;.. q.s.<br \/>\nF\u00fcr Pulver:<br \/>\nJede 100 g enth\u00e4lt:<br \/>\nAllium Sativum &#8230;.. 70 g<br \/>\nOriganum vulgare &#8230;.. 10 g<br \/>\nCinnamomum zeylanicum &#8230;.. 20 g<br \/>\nVorteile:<br \/>\nStimuliert Darm und D\u00fcnndarm.<br \/>\nF\u00f6rdert die Bildung von Verdauungsenzymen.<br \/>\nNat\u00fcrlicher antibiotischer Wachstumsf\u00f6rderer.<br \/>\nAllgemeines St\u00e4rkungsmittel und Futtererg\u00e4nzungsmittel f\u00f6rdert<br \/>\nVerdauung und Appetit.<br \/>\nSteigert die Widerstandskraft gegen virale und<br \/>\nbakterielle Angriffe.<br \/>\nGewichtskontrolle und Wachstum werden<br \/>\nbei allen Tierarten verbessert.<br \/>\nVerbessert die Eierproduktion und Fleischqualit\u00e4t.<br \/>\nDosierung:<br \/>\nF\u00fcr Pulver:<br \/>\n500 g pro Tonne Futter f\u00fcr Gefl\u00fcgel und<br \/>\nSchweine.<\/p>\n<p>F\u00fcr Fl\u00fcssigkeit:<br \/>\nJe 100 K\u00fcken: 0,3 ml t\u00e4glich.<br \/>\nMast- und Masth\u00fchner: 10 ml t\u00e4glich.<br \/>\nLegehennen: 10-15 ml t\u00e4glich.<br \/>\nEinnahme: 250 ml-500 ml \/1000 l<br \/>\nTrinkwasser.<br \/>\noder nach Anweisung des Tierarztes.<br \/>\nDarreichung:<br \/>\nFl\u00fcssigkeit: 500 ml, 1 l und 5 l<br \/>\nPulver: 1 kg und 20 kg.<\/p>\n","protected":false},"excerpt":{"rendered":"<p>GARLICHEM ist ein einzigartiges Kr\u00e4uterpr\u00e4parat, das als nat\u00fcrlicher Wachstumsf\u00f6rderer wirkt, um normale Magen-Darm-Funktionen aufrechtzuerhalten und die Immunit\u00e4t gegen Durchfall und Kokzidiose zu st\u00e4rken. Zusammensetzung: F\u00fcr Fl\u00fcssigkeit: Jede 100 ml enth\u00e4lt Allium Sativum &#8230;.. 5 % Origanum vulgare &#8230;&#8230; 6 % Cinnamomum zeylanicum &#8230;.. 3 % Basis &#8230;.. q.s. F\u00fcr Pulver: Jede 100 g enth\u00e4lt: Allium Sativum &#8230;.. 70 g Origanum vulgare &#8230;.. 10 g Cinnamomum zeylanicum &#8230;.. 20 g Vorteile: Stimuliert Darm und D\u00fcnndarm. F\u00f6rdert die Bildung von Verdauungsenzymen. Nat\u00fcrlicher antibiotischer Wachstumsf\u00f6rderer. Allgemeines St\u00e4rkungsmittel und Futtererg\u00e4nzungsmittel f\u00f6rdert Verdauung und Appetit. Steigert die Widerstandskraft gegen virale und bakterielle Angriffe. Gewichtskontrolle und Wachstum werden bei allen Tierarten verbessert. Verbessert die Eierproduktion und Fleischqualit\u00e4t. Dosierung: F\u00fcr Pulver: 500 g pro Tonne Futter f\u00fcr Gefl\u00fcgel und Schweine. F\u00fcr Fl\u00fcssigkeit: Je 100 K\u00fcken: 0,3 ml t\u00e4glich. Mast- und Masth\u00fchner: 10 ml t\u00e4glich. Legehennen: 10-15 ml t\u00e4glich. Einnahme: 250 ml-500 ml \/1000 l Trinkwasser. oder nach Anweisung des Tierarztes. Darreichung: Fl\u00fcssigkeit: 500 ml, 1 l und 5 l Pulver: 1 kg und 20 kg.<\/p>\n","protected":false},"featured_media":760,"comment_status":"open","ping_status":"closed","template":"","meta":{"site-sidebar-layout":"default","site-content-layout":"","ast-site-content-layout":"default","site-content-style":"default","site-sidebar-style":"default","ast-global-header-display":"","ast-banner-title-visibility":"","ast-main-header-display":"","ast-hfb-above-header-display":"","ast-hfb-below-header-display":"","ast-hfb-mobile-header-display":"","site-post-title":"","ast-breadcrumbs-content":"","ast-featured-img":"","footer-sml-layout":"","ast-disable-related-posts":"","theme-transparent-header-meta":"default","adv-header-id-meta":"","stick-header-meta":"","header-above-stick-meta":"","header-main-stick-meta":"","header-below-stick-meta":"","astra-migrate-meta-layouts":"set","ast-page-background-enabled":"default","ast-page-background-meta":{"desktop":{"background-color":"var(--ast-global-color-4)","background-image":"","background-repeat":"repeat","background-position":"center center","background-size":"auto","background-attachment":"scroll","background-type":"","background-media":"","overlay-type":"","overlay-color":"","overlay-opacity":"","overlay-gradient":""},"tablet":{"background-color":"","background-image":"","background-repeat":"repeat","background-position":"center center","background-size":"auto","background-attachment":"scroll","background-type":"","background-media":"","overlay-type":"","overlay-color":"","overlay-opacity":"","overlay-gradient":""},"mobile":{"background-color":"","background-image":"","background-repeat":"repeat","background-position":"center center","background-size":"auto","background-attachment":"scroll","background-type":"","background-media":"","overlay-type":"","overlay-color":"","overlay-opacity":"","overlay-gradient":""}},"ast-content-background-meta":{"desktop":{"background-color":"var(--ast-global-color-5)","background-image":"","background-repeat":"repeat","background-position":"center center","background-size":"auto","background-attachment":"scroll","background-type":"","background-media":"","overlay-type":"","overlay-color":"","overlay-opacity":"","overlay-gradient":""},"tablet":{"background-color":"var(--ast-global-color-5)","background-image":"","background-repeat":"repeat","background-position":"center center","background-size":"auto","background-attachment":"scroll","background-type":"","background-media":"","overlay-type":"","overlay-color":"","overlay-opacity":"","overlay-gradient":""},"mobile":{"background-color":"var(--ast-global-color-5)","background-image":"","background-repeat":"repeat","background-position":"center center","background-size":"auto","background-attachment":"scroll","background-type":"","background-media":"","overlay-type":"","overlay-color":"","overlay-opacity":"","overlay-gradient":""}}},"product_brand":[],"product_cat":[44],"product_tag":[],"class_list":{"0":"post-929","1":"product","2":"type-product","3":"status-publish","4":"has-post-thumbnail","6":"product_cat-nutritional-products-liquid-de","7":"desktop-align-left","8":"tablet-align-left","9":"mobile-align-left","11":"first","12":"instock","13":"shipping-taxable","14":"product-type-simple"},"yoast_head":"<!-- This site is optimized with the Yoast SEO plugin v27.3 - https:\/\/yoast.com\/product\/yoast-seo-wordpress\/ -->\n<title>GARLICHEM - Vetchem<\/title>\n<meta name=\"robots\" content=\"index, follow, max-snippet:-1, max-image-preview:large, max-video-preview:-1\" \/>\n<link rel=\"canonical\" href=\"https:\/\/vet-chem.com\/de\/product\/garlichem\/\" \/>\n<meta property=\"og:locale\" content=\"de_DE\" \/>\n<meta property=\"og:type\" content=\"article\" \/>\n<meta property=\"og:title\" content=\"GARLICHEM - Vetchem\" \/>\n<meta property=\"og:description\" content=\"GARLICHEM ist ein einzigartiges Kr\u00e4uterpr\u00e4parat, das als nat\u00fcrlicher Wachstumsf\u00f6rderer wirkt, um normale Magen-Darm-Funktionen aufrechtzuerhalten und die Immunit\u00e4t gegen Durchfall und Kokzidiose zu st\u00e4rken. Zusammensetzung: F\u00fcr Fl\u00fcssigkeit: Jede 100 ml enth\u00e4lt Allium Sativum &#8230;.. 5 % Origanum vulgare &#8230;&#8230; 6 % Cinnamomum zeylanicum &#8230;.. 3 % Basis &#8230;.. q.s. F\u00fcr Pulver: Jede 100 g enth\u00e4lt: Allium Sativum &#8230;.. 70 g Origanum vulgare &#8230;.. 10 g Cinnamomum zeylanicum &#8230;.. 20 g Vorteile: Stimuliert Darm und D\u00fcnndarm. F\u00f6rdert die Bildung von Verdauungsenzymen. Nat\u00fcrlicher antibiotischer Wachstumsf\u00f6rderer. Allgemeines St\u00e4rkungsmittel und Futtererg\u00e4nzungsmittel f\u00f6rdert Verdauung und Appetit. Steigert die Widerstandskraft gegen virale und bakterielle Angriffe. Gewichtskontrolle und Wachstum werden bei allen Tierarten verbessert. Verbessert die Eierproduktion und Fleischqualit\u00e4t. Dosierung: F\u00fcr Pulver: 500 g pro Tonne Futter f\u00fcr Gefl\u00fcgel und Schweine. F\u00fcr Fl\u00fcssigkeit: Je 100 K\u00fcken: 0,3 ml t\u00e4glich. Mast- und Masth\u00fchner: 10 ml t\u00e4glich. Legehennen: 10-15 ml t\u00e4glich. Einnahme: 250 ml-500 ml \/1000 l Trinkwasser. oder nach Anweisung des Tierarztes. Darreichung: Fl\u00fcssigkeit: 500 ml, 1 l und 5 l Pulver: 1 kg und 20 kg.\" \/>\n<meta property=\"og:url\" content=\"https:\/\/vet-chem.com\/de\/product\/garlichem\/\" \/>\n<meta property=\"og:site_name\" content=\"Vetchem\" \/>\n<meta property=\"article:publisher\" content=\"https:\/\/www.facebook.com\/VetChemGerman\" \/>\n<meta property=\"article:modified_time\" content=\"2024-08-31T13:54:01+00:00\" \/>\n<meta property=\"og:image\" content=\"https:\/\/vet-chem.com\/wp-content\/uploads\/2024\/08\/GARLICHEM.jpg\" \/>\n\t<meta property=\"og:image:width\" content=\"1041\" \/>\n\t<meta property=\"og:image:height\" content=\"1280\" \/>\n\t<meta property=\"og:image:type\" content=\"image\/jpeg\" \/>\n<meta name=\"twitter:card\" content=\"summary_large_image\" \/>\n<meta name=\"twitter:label1\" content=\"Gesch\u00e4tzte Lesezeit\" \/>\n\t<meta name=\"twitter:data1\" content=\"1\u00a0Minute\" \/>\n<script type=\"application\/ld+json\" class=\"yoast-schema-graph\">{\"@context\":\"https:\\\/\\\/schema.org\",\"@graph\":[{\"@type\":\"WebPage\",\"@id\":\"https:\\\/\\\/vet-chem.com\\\/de\\\/product\\\/garlichem\\\/\",\"url\":\"https:\\\/\\\/vet-chem.com\\\/de\\\/product\\\/garlichem\\\/\",\"name\":\"GARLICHEM - Vetchem\",\"isPartOf\":{\"@id\":\"https:\\\/\\\/vet-chem.com\\\/de\\\/#website\"},\"primaryImageOfPage\":{\"@id\":\"https:\\\/\\\/vet-chem.com\\\/de\\\/product\\\/garlichem\\\/#primaryimage\"},\"image\":{\"@id\":\"https:\\\/\\\/vet-chem.com\\\/de\\\/product\\\/garlichem\\\/#primaryimage\"},\"thumbnailUrl\":\"https:\\\/\\\/vet-chem.com\\\/wp-content\\\/uploads\\\/2024\\\/08\\\/GARLICHEM.jpg\",\"datePublished\":\"2024-08-05T09:42:03+00:00\",\"dateModified\":\"2024-08-31T13:54:01+00:00\",\"breadcrumb\":{\"@id\":\"https:\\\/\\\/vet-chem.com\\\/de\\\/product\\\/garlichem\\\/#breadcrumb\"},\"inLanguage\":\"de\",\"potentialAction\":[{\"@type\":\"ReadAction\",\"target\":[\"https:\\\/\\\/vet-chem.com\\\/de\\\/product\\\/garlichem\\\/\"]}]},{\"@type\":\"ImageObject\",\"inLanguage\":\"de\",\"@id\":\"https:\\\/\\\/vet-chem.com\\\/de\\\/product\\\/garlichem\\\/#primaryimage\",\"url\":\"https:\\\/\\\/vet-chem.com\\\/wp-content\\\/uploads\\\/2024\\\/08\\\/GARLICHEM.jpg\",\"contentUrl\":\"https:\\\/\\\/vet-chem.com\\\/wp-content\\\/uploads\\\/2024\\\/08\\\/GARLICHEM.jpg\",\"width\":1041,\"height\":1280},{\"@type\":\"BreadcrumbList\",\"@id\":\"https:\\\/\\\/vet-chem.com\\\/de\\\/product\\\/garlichem\\\/#breadcrumb\",\"itemListElement\":[{\"@type\":\"ListItem\",\"position\":1,\"name\":\"Home\",\"item\":\"https:\\\/\\\/vet-chem.com\\\/de\\\/home\\\/\"},{\"@type\":\"ListItem\",\"position\":2,\"name\":\"Produkte\",\"item\":\"https:\\\/\\\/vet-chem.com\\\/de\\\/shop\\\/\"},{\"@type\":\"ListItem\",\"position\":3,\"name\":\"GARLICHEM\"}]},{\"@type\":\"WebSite\",\"@id\":\"https:\\\/\\\/vet-chem.com\\\/de\\\/#website\",\"url\":\"https:\\\/\\\/vet-chem.com\\\/de\\\/\",\"name\":\"Vetchem\",\"description\":\"\",\"publisher\":{\"@id\":\"https:\\\/\\\/vet-chem.com\\\/de\\\/#organization\"},\"potentialAction\":[{\"@type\":\"SearchAction\",\"target\":{\"@type\":\"EntryPoint\",\"urlTemplate\":\"https:\\\/\\\/vet-chem.com\\\/de\\\/?s={search_term_string}\"},\"query-input\":{\"@type\":\"PropertyValueSpecification\",\"valueRequired\":true,\"valueName\":\"search_term_string\"}}],\"inLanguage\":\"de\"},{\"@type\":\"Organization\",\"@id\":\"https:\\\/\\\/vet-chem.com\\\/de\\\/#organization\",\"name\":\"Vetchem\",\"url\":\"https:\\\/\\\/vet-chem.com\\\/de\\\/\",\"logo\":{\"@type\":\"ImageObject\",\"inLanguage\":\"de\",\"@id\":\"https:\\\/\\\/vet-chem.com\\\/de\\\/#\\\/schema\\\/logo\\\/image\\\/\",\"url\":\"https:\\\/\\\/vet-chem.com\\\/wp-content\\\/uploads\\\/2024\\\/06\\\/logo.svg\",\"contentUrl\":\"https:\\\/\\\/vet-chem.com\\\/wp-content\\\/uploads\\\/2024\\\/06\\\/logo.svg\",\"width\":412,\"height\":195,\"caption\":\"Vetchem\"},\"image\":{\"@id\":\"https:\\\/\\\/vet-chem.com\\\/de\\\/#\\\/schema\\\/logo\\\/image\\\/\"},\"sameAs\":[\"https:\\\/\\\/www.facebook.com\\\/VetChemGerman\"]}]}<\/script>\n<!-- \/ Yoast SEO plugin. -->","yoast_head_json":{"title":"GARLICHEM - Vetchem","robots":{"index":"index","follow":"follow","max-snippet":"max-snippet:-1","max-image-preview":"max-image-preview:large","max-video-preview":"max-video-preview:-1"},"canonical":"https:\/\/vet-chem.com\/de\/product\/garlichem\/","og_locale":"de_DE","og_type":"article","og_title":"GARLICHEM - Vetchem","og_description":"GARLICHEM ist ein einzigartiges Kr\u00e4uterpr\u00e4parat, das als nat\u00fcrlicher Wachstumsf\u00f6rderer wirkt, um normale Magen-Darm-Funktionen aufrechtzuerhalten und die Immunit\u00e4t gegen Durchfall und Kokzidiose zu st\u00e4rken. Zusammensetzung: F\u00fcr Fl\u00fcssigkeit: Jede 100 ml enth\u00e4lt Allium Sativum &#8230;.. 5 % Origanum vulgare &#8230;&#8230; 6 % Cinnamomum zeylanicum &#8230;.. 3 % Basis &#8230;.. q.s. F\u00fcr Pulver: Jede 100 g enth\u00e4lt: Allium Sativum &#8230;.. 70 g Origanum vulgare &#8230;.. 10 g Cinnamomum zeylanicum &#8230;.. 20 g Vorteile: Stimuliert Darm und D\u00fcnndarm. F\u00f6rdert die Bildung von Verdauungsenzymen. Nat\u00fcrlicher antibiotischer Wachstumsf\u00f6rderer. Allgemeines St\u00e4rkungsmittel und Futtererg\u00e4nzungsmittel f\u00f6rdert Verdauung und Appetit. Steigert die Widerstandskraft gegen virale und bakterielle Angriffe. Gewichtskontrolle und Wachstum werden bei allen Tierarten verbessert. Verbessert die Eierproduktion und Fleischqualit\u00e4t. Dosierung: F\u00fcr Pulver: 500 g pro Tonne Futter f\u00fcr Gefl\u00fcgel und Schweine. F\u00fcr Fl\u00fcssigkeit: Je 100 K\u00fcken: 0,3 ml t\u00e4glich. Mast- und Masth\u00fchner: 10 ml t\u00e4glich. Legehennen: 10-15 ml t\u00e4glich. Einnahme: 250 ml-500 ml \/1000 l Trinkwasser. oder nach Anweisung des Tierarztes. Darreichung: Fl\u00fcssigkeit: 500 ml, 1 l und 5 l Pulver: 1 kg und 20 kg.","og_url":"https:\/\/vet-chem.com\/de\/product\/garlichem\/","og_site_name":"Vetchem","article_publisher":"https:\/\/www.facebook.com\/VetChemGerman","article_modified_time":"2024-08-31T13:54:01+00:00","og_image":[{"width":1041,"height":1280,"url":"https:\/\/vet-chem.com\/wp-content\/uploads\/2024\/08\/GARLICHEM.jpg","type":"image\/jpeg"}],"twitter_card":"summary_large_image","twitter_misc":{"Gesch\u00e4tzte Lesezeit":"1\u00a0Minute"},"schema":{"@context":"https:\/\/schema.org","@graph":[{"@type":"WebPage","@id":"https:\/\/vet-chem.com\/de\/product\/garlichem\/","url":"https:\/\/vet-chem.com\/de\/product\/garlichem\/","name":"GARLICHEM - Vetchem","isPartOf":{"@id":"https:\/\/vet-chem.com\/de\/#website"},"primaryImageOfPage":{"@id":"https:\/\/vet-chem.com\/de\/product\/garlichem\/#primaryimage"},"image":{"@id":"https:\/\/vet-chem.com\/de\/product\/garlichem\/#primaryimage"},"thumbnailUrl":"https:\/\/vet-chem.com\/wp-content\/uploads\/2024\/08\/GARLICHEM.jpg","datePublished":"2024-08-05T09:42:03+00:00","dateModified":"2024-08-31T13:54:01+00:00","breadcrumb":{"@id":"https:\/\/vet-chem.com\/de\/product\/garlichem\/#breadcrumb"},"inLanguage":"de","potentialAction":[{"@type":"ReadAction","target":["https:\/\/vet-chem.com\/de\/product\/garlichem\/"]}]},{"@type":"ImageObject","inLanguage":"de","@id":"https:\/\/vet-chem.com\/de\/product\/garlichem\/#primaryimage","url":"https:\/\/vet-chem.com\/wp-content\/uploads\/2024\/08\/GARLICHEM.jpg","contentUrl":"https:\/\/vet-chem.com\/wp-content\/uploads\/2024\/08\/GARLICHEM.jpg","width":1041,"height":1280},{"@type":"BreadcrumbList","@id":"https:\/\/vet-chem.com\/de\/product\/garlichem\/#breadcrumb","itemListElement":[{"@type":"ListItem","position":1,"name":"Home","item":"https:\/\/vet-chem.com\/de\/home\/"},{"@type":"ListItem","position":2,"name":"Produkte","item":"https:\/\/vet-chem.com\/de\/shop\/"},{"@type":"ListItem","position":3,"name":"GARLICHEM"}]},{"@type":"WebSite","@id":"https:\/\/vet-chem.com\/de\/#website","url":"https:\/\/vet-chem.com\/de\/","name":"Vetchem","description":"","publisher":{"@id":"https:\/\/vet-chem.com\/de\/#organization"},"potentialAction":[{"@type":"SearchAction","target":{"@type":"EntryPoint","urlTemplate":"https:\/\/vet-chem.com\/de\/?s={search_term_string}"},"query-input":{"@type":"PropertyValueSpecification","valueRequired":true,"valueName":"search_term_string"}}],"inLanguage":"de"},{"@type":"Organization","@id":"https:\/\/vet-chem.com\/de\/#organization","name":"Vetchem","url":"https:\/\/vet-chem.com\/de\/","logo":{"@type":"ImageObject","inLanguage":"de","@id":"https:\/\/vet-chem.com\/de\/#\/schema\/logo\/image\/","url":"https:\/\/vet-chem.com\/wp-content\/uploads\/2024\/06\/logo.svg","contentUrl":"https:\/\/vet-chem.com\/wp-content\/uploads\/2024\/06\/logo.svg","width":412,"height":195,"caption":"Vetchem"},"image":{"@id":"https:\/\/vet-chem.com\/de\/#\/schema\/logo\/image\/"},"sameAs":["https:\/\/www.facebook.com\/VetChemGerman"]}]}},"_links":{"self":[{"href":"https:\/\/vet-chem.com\/de\/wp-json\/wp\/v2\/product\/929","targetHints":{"allow":["GET"]}}],"collection":[{"href":"https:\/\/vet-chem.com\/de\/wp-json\/wp\/v2\/product"}],"about":[{"href":"https:\/\/vet-chem.com\/de\/wp-json\/wp\/v2\/types\/product"}],"replies":[{"embeddable":true,"href":"https:\/\/vet-chem.com\/de\/wp-json\/wp\/v2\/comments?post=929"}],"wp:featuredmedia":[{"embeddable":true,"href":"https:\/\/vet-chem.com\/de\/wp-json\/wp\/v2\/media\/760"}],"wp:attachment":[{"href":"https:\/\/vet-chem.com\/de\/wp-json\/wp\/v2\/media?parent=929"}],"wp:term":[{"taxonomy":"product_brand","embeddable":true,"href":"https:\/\/vet-chem.com\/de\/wp-json\/wp\/v2\/product_brand?post=929"},{"taxonomy":"product_cat","embeddable":true,"href":"https:\/\/vet-chem.com\/de\/wp-json\/wp\/v2\/product_cat?post=929"},{"taxonomy":"product_tag","embeddable":true,"href":"https:\/\/vet-chem.com\/de\/wp-json\/wp\/v2\/product_tag?post=929"}],"curies":[{"name":"wp","href":"https:\/\/api.w.org\/{rel}","templated":true}]}}