{"id":930,"date":"2024-08-05T12:41:15","date_gmt":"2024-08-05T09:41:15","guid":{"rendered":"https:\/\/vet-chem.com\/product\/florochem-100\/"},"modified":"2024-08-31T16:54:14","modified_gmt":"2024-08-31T13:54:14","slug":"florochem-100","status":"publish","type":"product","link":"https:\/\/vet-chem.com\/de\/product\/florochem-100\/","title":{"rendered":"FLOROCHEM 100"},"content":{"rendered":"<p>ZUSAMMENSETZUNG:<br \/>\nEnth\u00e4lt pro ml:<br \/>\nFlorfenicol 100 mg.<br \/>\nINDIKATIONEN:<br \/>\nZur Behandlung von:<br \/>\n&#8211; Magen-Darm- und Atemwegsinfektionen,<br \/>\nverursacht durch Florfenicol-empfindliche Mikroorganismen wie<br \/>\nActinobaccillus spp, Pasteurella spp, Salmonella spp, Streptococcus spp und E. Coli.<br \/>\nDOSIERUNG UND ANWENDUNGSART:<br \/>\nZur oralen Verabreichung \u00fcber das Trinkwasser.<br \/>\nVor Gebrauch gut sch\u00fctteln.<br \/>\nDosierung: 100 ml pro 100 Liter Trinkwasser,<br \/>\nan 3 aufeinanderfolgenden Tagen.<br \/>\nMediziniertes Trinkwasser sollte innerhalb von 24<br \/>\nStunden verbraucht werden. Dieses Produkt muss daher<br \/>\nt\u00e4glich gewechselt werden. Die Aufnahme von Wasser aus anderen<br \/>\nQuellen w\u00e4hrend der Behandlung sollte vermieden werden. Dieses Produkt sollte<br \/>\nnicht in automatischen Tr\u00e4nken (Dosierer) verwendet werden, wenn die<br \/>\nWasserh\u00e4rte h\u00f6her als 275 ppm ist.<br \/>\nGEGENANZEIGEN:<br \/>\nNicht verabreichen bei \u00dcberempfindlichkeit oder<br \/>\nResistenz gegen den Wirkstoff.<br \/>\nNicht mit Chlorinatoren kombinieren.<br \/>\nNEBENWIRKUNG:<br \/>\nEs kann zu einer Verringerung der Wasser- und Futteraufnahme kommen.<br \/>\nKARTEZEIT:<br \/>\nFleisch: 7 Tage.<br \/>\nEier: 5 Tage.<\/p>\n<p>BESONDERE VORSICHTSMASSNAHMEN F\u00dcR DIE ANWENDUNG<br \/>\nNur zur oralen Anwendung.<br \/>\nSchwer erkrankte Personen neigen dazu, weniger zu trinken und<br \/>\nk\u00f6nnen eine gleichzeitige Behandlung ben\u00f6tigen, vorzugsweise mit Medikamenten der Eltern.<br \/>\nTrinkgef\u00e4\u00dfe gr\u00fcndlich reinigen, um<br \/>\neine erneute Infektion und Ablagerungen zu verhindern.<br \/>\nTrinkwasser nicht in die Sonne stellen.<br \/>\nFlorfenicol kann Reizungen hervorrufen. Einatmen und<br \/>\nKontakt mit Haut und Augen vermeiden.<br \/>\nLAGERHINWEISE:<br \/>\nIn einem gut verschlossenen Beh\u00e4lter an einem trockenen, dunklen Ort bei<br \/>\n2-25 \u00b0C aufbewahren. Au\u00dferhalb der Reichweite und Sichtweite von<br \/>\nKindern aufbewahren. Einatmen und Kontakt mit Haut und<br \/>\nAugen vermeiden.<br \/>\nHinweise zur Abfallentsorgung:<br \/>\nEntsorgen Sie Abfallmaterial auf eine von den<br \/>\nzust\u00e4ndigen Beh\u00f6rden genehmigte Weise.<br \/>\nNICHT F\u00dcR DEN MENSCHLICHEN GEBRAUCH<br \/>\nNUR F\u00dcR TIER\u00c4RZTLICHE BEHANDLUNG<br \/>\nAUFBEWAHRUNG AUSSERHALB DER REICHWEITE VON KINDERN<\/p>\n","protected":false},"excerpt":{"rendered":"<p>ZUSAMMENSETZUNG: Enth\u00e4lt pro ml: Florfenicol 100 mg. INDIKATIONEN: Zur Behandlung von: &#8211; Magen-Darm- und Atemwegsinfektionen, verursacht durch Florfenicol-empfindliche Mikroorganismen wie Actinobaccillus spp, Pasteurella spp, Salmonella spp, Streptococcus spp und E. Coli. DOSIERUNG UND ANWENDUNGSART: Zur oralen Verabreichung \u00fcber das Trinkwasser. Vor Gebrauch gut sch\u00fctteln. Dosierung: 100 ml pro 100 Liter Trinkwasser, an 3 aufeinanderfolgenden Tagen. Mediziniertes Trinkwasser sollte innerhalb von 24 Stunden verbraucht werden. Dieses Produkt muss daher t\u00e4glich gewechselt werden. Die Aufnahme von Wasser aus anderen Quellen w\u00e4hrend der Behandlung sollte vermieden werden. Dieses Produkt sollte nicht in automatischen Tr\u00e4nken (Dosierer) verwendet werden, wenn die Wasserh\u00e4rte h\u00f6her als 275 ppm ist. GEGENANZEIGEN: Nicht verabreichen bei \u00dcberempfindlichkeit oder Resistenz gegen den Wirkstoff. Nicht mit Chlorinatoren kombinieren. NEBENWIRKUNG: Es kann zu einer Verringerung der Wasser- und Futteraufnahme kommen. KARTEZEIT: Fleisch: 7 Tage. Eier: 5 Tage. BESONDERE VORSICHTSMASSNAHMEN F\u00dcR DIE ANWENDUNG Nur zur oralen Anwendung. Schwer erkrankte Personen neigen dazu, weniger zu trinken und k\u00f6nnen eine gleichzeitige Behandlung ben\u00f6tigen, vorzugsweise mit Medikamenten der Eltern. Trinkgef\u00e4\u00dfe gr\u00fcndlich reinigen, um eine erneute Infektion und Ablagerungen zu verhindern. Trinkwasser nicht in die Sonne stellen. Florfenicol kann Reizungen hervorrufen. Einatmen und Kontakt mit Haut und Augen vermeiden. LAGERHINWEISE: In einem gut verschlossenen Beh\u00e4lter an einem trockenen, dunklen Ort bei 2-25 \u00b0C aufbewahren. Au\u00dferhalb der Reichweite und Sichtweite von Kindern aufbewahren. Einatmen und Kontakt mit Haut und Augen vermeiden. Hinweise zur Abfallentsorgung: Entsorgen Sie Abfallmaterial auf eine von den zust\u00e4ndigen Beh\u00f6rden genehmigte Weise. NICHT F\u00dcR DEN MENSCHLICHEN GEBRAUCH NUR F\u00dcR TIER\u00c4RZTLICHE BEHANDLUNG AUFBEWAHRUNG AUSSERHALB DER REICHWEITE VON KINDERN<\/p>\n","protected":false},"featured_media":759,"comment_status":"open","ping_status":"closed","template":"","meta":{"site-sidebar-layout":"default","site-content-layout":"","ast-site-content-layout":"default","site-content-style":"default","site-sidebar-style":"default","ast-global-header-display":"","ast-banner-title-visibility":"","ast-main-header-display":"","ast-hfb-above-header-display":"","ast-hfb-below-header-display":"","ast-hfb-mobile-header-display":"","site-post-title":"","ast-breadcrumbs-content":"","ast-featured-img":"","footer-sml-layout":"","ast-disable-related-posts":"","theme-transparent-header-meta":"default","adv-header-id-meta":"","stick-header-meta":"","header-above-stick-meta":"","header-main-stick-meta":"","header-below-stick-meta":"","astra-migrate-meta-layouts":"set","ast-page-background-enabled":"default","ast-page-background-meta":{"desktop":{"background-color":"var(--ast-global-color-4)","background-image":"","background-repeat":"repeat","background-position":"center center","background-size":"auto","background-attachment":"scroll","background-type":"","background-media":"","overlay-type":"","overlay-color":"","overlay-opacity":"","overlay-gradient":""},"tablet":{"background-color":"","background-image":"","background-repeat":"repeat","background-position":"center center","background-size":"auto","background-attachment":"scroll","background-type":"","background-media":"","overlay-type":"","overlay-color":"","overlay-opacity":"","overlay-gradient":""},"mobile":{"background-color":"","background-image":"","background-repeat":"repeat","background-position":"center center","background-size":"auto","background-attachment":"scroll","background-type":"","background-media":"","overlay-type":"","overlay-color":"","overlay-opacity":"","overlay-gradient":""}},"ast-content-background-meta":{"desktop":{"background-color":"var(--ast-global-color-5)","background-image":"","background-repeat":"repeat","background-position":"center center","background-size":"auto","background-attachment":"scroll","background-type":"","background-media":"","overlay-type":"","overlay-color":"","overlay-opacity":"","overlay-gradient":""},"tablet":{"background-color":"var(--ast-global-color-5)","background-image":"","background-repeat":"repeat","background-position":"center center","background-size":"auto","background-attachment":"scroll","background-type":"","background-media":"","overlay-type":"","overlay-color":"","overlay-opacity":"","overlay-gradient":""},"mobile":{"background-color":"var(--ast-global-color-5)","background-image":"","background-repeat":"repeat","background-position":"center center","background-size":"auto","background-attachment":"scroll","background-type":"","background-media":"","overlay-type":"","overlay-color":"","overlay-opacity":"","overlay-gradient":""}}},"product_brand":[],"product_cat":[46],"product_tag":[],"class_list":{"0":"post-930","1":"product","2":"type-product","3":"status-publish","4":"has-post-thumbnail","6":"product_cat-oral-liquid-de","7":"desktop-align-left","8":"tablet-align-left","9":"mobile-align-left","11":"first","12":"instock","13":"shipping-taxable","14":"product-type-simple"},"yoast_head":"<!-- This site is optimized with the Yoast SEO plugin v27.3 - https:\/\/yoast.com\/product\/yoast-seo-wordpress\/ -->\n<title>FLOROCHEM 100 - Vetchem<\/title>\n<meta name=\"robots\" content=\"index, follow, max-snippet:-1, max-image-preview:large, max-video-preview:-1\" \/>\n<link rel=\"canonical\" href=\"https:\/\/vet-chem.com\/de\/product\/florochem-100\/\" \/>\n<meta property=\"og:locale\" content=\"de_DE\" \/>\n<meta property=\"og:type\" content=\"article\" \/>\n<meta property=\"og:title\" content=\"FLOROCHEM 100 - Vetchem\" \/>\n<meta property=\"og:description\" content=\"ZUSAMMENSETZUNG: Enth\u00e4lt pro ml: Florfenicol 100 mg. INDIKATIONEN: Zur Behandlung von: &#8211; Magen-Darm- und Atemwegsinfektionen, verursacht durch Florfenicol-empfindliche Mikroorganismen wie Actinobaccillus spp, Pasteurella spp, Salmonella spp, Streptococcus spp und E. Coli. DOSIERUNG UND ANWENDUNGSART: Zur oralen Verabreichung \u00fcber das Trinkwasser. Vor Gebrauch gut sch\u00fctteln. Dosierung: 100 ml pro 100 Liter Trinkwasser, an 3 aufeinanderfolgenden Tagen. Mediziniertes Trinkwasser sollte innerhalb von 24 Stunden verbraucht werden. Dieses Produkt muss daher t\u00e4glich gewechselt werden. Die Aufnahme von Wasser aus anderen Quellen w\u00e4hrend der Behandlung sollte vermieden werden. Dieses Produkt sollte nicht in automatischen Tr\u00e4nken (Dosierer) verwendet werden, wenn die Wasserh\u00e4rte h\u00f6her als 275 ppm ist. GEGENANZEIGEN: Nicht verabreichen bei \u00dcberempfindlichkeit oder Resistenz gegen den Wirkstoff. Nicht mit Chlorinatoren kombinieren. NEBENWIRKUNG: Es kann zu einer Verringerung der Wasser- und Futteraufnahme kommen. KARTEZEIT: Fleisch: 7 Tage. Eier: 5 Tage. BESONDERE VORSICHTSMASSNAHMEN F\u00dcR DIE ANWENDUNG Nur zur oralen Anwendung. Schwer erkrankte Personen neigen dazu, weniger zu trinken und k\u00f6nnen eine gleichzeitige Behandlung ben\u00f6tigen, vorzugsweise mit Medikamenten der Eltern. Trinkgef\u00e4\u00dfe gr\u00fcndlich reinigen, um eine erneute Infektion und Ablagerungen zu verhindern. Trinkwasser nicht in die Sonne stellen. Florfenicol kann Reizungen hervorrufen. Einatmen und Kontakt mit Haut und Augen vermeiden. LAGERHINWEISE: In einem gut verschlossenen Beh\u00e4lter an einem trockenen, dunklen Ort bei 2-25 \u00b0C aufbewahren. Au\u00dferhalb der Reichweite und Sichtweite von Kindern aufbewahren. Einatmen und Kontakt mit Haut und Augen vermeiden. Hinweise zur Abfallentsorgung: Entsorgen Sie Abfallmaterial auf eine von den zust\u00e4ndigen Beh\u00f6rden genehmigte Weise. NICHT F\u00dcR DEN MENSCHLICHEN GEBRAUCH NUR F\u00dcR TIER\u00c4RZTLICHE BEHANDLUNG AUFBEWAHRUNG AUSSERHALB DER REICHWEITE VON KINDERN\" \/>\n<meta property=\"og:url\" content=\"https:\/\/vet-chem.com\/de\/product\/florochem-100\/\" \/>\n<meta property=\"og:site_name\" content=\"Vetchem\" \/>\n<meta property=\"article:publisher\" content=\"https:\/\/www.facebook.com\/VetChemGerman\" \/>\n<meta property=\"article:modified_time\" content=\"2024-08-31T13:54:14+00:00\" \/>\n<meta property=\"og:image\" content=\"https:\/\/vet-chem.com\/wp-content\/uploads\/2024\/08\/FLOROCHEM.jpg\" \/>\n\t<meta property=\"og:image:width\" content=\"1002\" \/>\n\t<meta property=\"og:image:height\" content=\"1280\" \/>\n\t<meta property=\"og:image:type\" content=\"image\/jpeg\" \/>\n<meta name=\"twitter:card\" content=\"summary_large_image\" \/>\n<meta name=\"twitter:label1\" content=\"Gesch\u00e4tzte Lesezeit\" \/>\n\t<meta name=\"twitter:data1\" content=\"1\u00a0Minute\" \/>\n<script type=\"application\/ld+json\" class=\"yoast-schema-graph\">{\"@context\":\"https:\\\/\\\/schema.org\",\"@graph\":[{\"@type\":\"WebPage\",\"@id\":\"https:\\\/\\\/vet-chem.com\\\/de\\\/product\\\/florochem-100\\\/\",\"url\":\"https:\\\/\\\/vet-chem.com\\\/de\\\/product\\\/florochem-100\\\/\",\"name\":\"FLOROCHEM 100 - Vetchem\",\"isPartOf\":{\"@id\":\"https:\\\/\\\/vet-chem.com\\\/de\\\/#website\"},\"primaryImageOfPage\":{\"@id\":\"https:\\\/\\\/vet-chem.com\\\/de\\\/product\\\/florochem-100\\\/#primaryimage\"},\"image\":{\"@id\":\"https:\\\/\\\/vet-chem.com\\\/de\\\/product\\\/florochem-100\\\/#primaryimage\"},\"thumbnailUrl\":\"https:\\\/\\\/vet-chem.com\\\/wp-content\\\/uploads\\\/2024\\\/08\\\/FLOROCHEM.jpg\",\"datePublished\":\"2024-08-05T09:41:15+00:00\",\"dateModified\":\"2024-08-31T13:54:14+00:00\",\"breadcrumb\":{\"@id\":\"https:\\\/\\\/vet-chem.com\\\/de\\\/product\\\/florochem-100\\\/#breadcrumb\"},\"inLanguage\":\"de\",\"potentialAction\":[{\"@type\":\"ReadAction\",\"target\":[\"https:\\\/\\\/vet-chem.com\\\/de\\\/product\\\/florochem-100\\\/\"]}]},{\"@type\":\"ImageObject\",\"inLanguage\":\"de\",\"@id\":\"https:\\\/\\\/vet-chem.com\\\/de\\\/product\\\/florochem-100\\\/#primaryimage\",\"url\":\"https:\\\/\\\/vet-chem.com\\\/wp-content\\\/uploads\\\/2024\\\/08\\\/FLOROCHEM.jpg\",\"contentUrl\":\"https:\\\/\\\/vet-chem.com\\\/wp-content\\\/uploads\\\/2024\\\/08\\\/FLOROCHEM.jpg\",\"width\":1002,\"height\":1280},{\"@type\":\"BreadcrumbList\",\"@id\":\"https:\\\/\\\/vet-chem.com\\\/de\\\/product\\\/florochem-100\\\/#breadcrumb\",\"itemListElement\":[{\"@type\":\"ListItem\",\"position\":1,\"name\":\"Home\",\"item\":\"https:\\\/\\\/vet-chem.com\\\/de\\\/home\\\/\"},{\"@type\":\"ListItem\",\"position\":2,\"name\":\"Produkte\",\"item\":\"https:\\\/\\\/vet-chem.com\\\/de\\\/shop\\\/\"},{\"@type\":\"ListItem\",\"position\":3,\"name\":\"FLOROCHEM 100\"}]},{\"@type\":\"WebSite\",\"@id\":\"https:\\\/\\\/vet-chem.com\\\/de\\\/#website\",\"url\":\"https:\\\/\\\/vet-chem.com\\\/de\\\/\",\"name\":\"Vetchem\",\"description\":\"\",\"publisher\":{\"@id\":\"https:\\\/\\\/vet-chem.com\\\/de\\\/#organization\"},\"potentialAction\":[{\"@type\":\"SearchAction\",\"target\":{\"@type\":\"EntryPoint\",\"urlTemplate\":\"https:\\\/\\\/vet-chem.com\\\/de\\\/?s={search_term_string}\"},\"query-input\":{\"@type\":\"PropertyValueSpecification\",\"valueRequired\":true,\"valueName\":\"search_term_string\"}}],\"inLanguage\":\"de\"},{\"@type\":\"Organization\",\"@id\":\"https:\\\/\\\/vet-chem.com\\\/de\\\/#organization\",\"name\":\"Vetchem\",\"url\":\"https:\\\/\\\/vet-chem.com\\\/de\\\/\",\"logo\":{\"@type\":\"ImageObject\",\"inLanguage\":\"de\",\"@id\":\"https:\\\/\\\/vet-chem.com\\\/de\\\/#\\\/schema\\\/logo\\\/image\\\/\",\"url\":\"https:\\\/\\\/vet-chem.com\\\/wp-content\\\/uploads\\\/2024\\\/06\\\/logo.svg\",\"contentUrl\":\"https:\\\/\\\/vet-chem.com\\\/wp-content\\\/uploads\\\/2024\\\/06\\\/logo.svg\",\"width\":412,\"height\":195,\"caption\":\"Vetchem\"},\"image\":{\"@id\":\"https:\\\/\\\/vet-chem.com\\\/de\\\/#\\\/schema\\\/logo\\\/image\\\/\"},\"sameAs\":[\"https:\\\/\\\/www.facebook.com\\\/VetChemGerman\"]}]}<\/script>\n<!-- \/ Yoast SEO plugin. -->","yoast_head_json":{"title":"FLOROCHEM 100 - Vetchem","robots":{"index":"index","follow":"follow","max-snippet":"max-snippet:-1","max-image-preview":"max-image-preview:large","max-video-preview":"max-video-preview:-1"},"canonical":"https:\/\/vet-chem.com\/de\/product\/florochem-100\/","og_locale":"de_DE","og_type":"article","og_title":"FLOROCHEM 100 - Vetchem","og_description":"ZUSAMMENSETZUNG: Enth\u00e4lt pro ml: Florfenicol 100 mg. INDIKATIONEN: Zur Behandlung von: &#8211; Magen-Darm- und Atemwegsinfektionen, verursacht durch Florfenicol-empfindliche Mikroorganismen wie Actinobaccillus spp, Pasteurella spp, Salmonella spp, Streptococcus spp und E. Coli. DOSIERUNG UND ANWENDUNGSART: Zur oralen Verabreichung \u00fcber das Trinkwasser. Vor Gebrauch gut sch\u00fctteln. Dosierung: 100 ml pro 100 Liter Trinkwasser, an 3 aufeinanderfolgenden Tagen. Mediziniertes Trinkwasser sollte innerhalb von 24 Stunden verbraucht werden. Dieses Produkt muss daher t\u00e4glich gewechselt werden. Die Aufnahme von Wasser aus anderen Quellen w\u00e4hrend der Behandlung sollte vermieden werden. Dieses Produkt sollte nicht in automatischen Tr\u00e4nken (Dosierer) verwendet werden, wenn die Wasserh\u00e4rte h\u00f6her als 275 ppm ist. GEGENANZEIGEN: Nicht verabreichen bei \u00dcberempfindlichkeit oder Resistenz gegen den Wirkstoff. Nicht mit Chlorinatoren kombinieren. NEBENWIRKUNG: Es kann zu einer Verringerung der Wasser- und Futteraufnahme kommen. KARTEZEIT: Fleisch: 7 Tage. Eier: 5 Tage. BESONDERE VORSICHTSMASSNAHMEN F\u00dcR DIE ANWENDUNG Nur zur oralen Anwendung. Schwer erkrankte Personen neigen dazu, weniger zu trinken und k\u00f6nnen eine gleichzeitige Behandlung ben\u00f6tigen, vorzugsweise mit Medikamenten der Eltern. Trinkgef\u00e4\u00dfe gr\u00fcndlich reinigen, um eine erneute Infektion und Ablagerungen zu verhindern. Trinkwasser nicht in die Sonne stellen. Florfenicol kann Reizungen hervorrufen. Einatmen und Kontakt mit Haut und Augen vermeiden. LAGERHINWEISE: In einem gut verschlossenen Beh\u00e4lter an einem trockenen, dunklen Ort bei 2-25 \u00b0C aufbewahren. Au\u00dferhalb der Reichweite und Sichtweite von Kindern aufbewahren. Einatmen und Kontakt mit Haut und Augen vermeiden. Hinweise zur Abfallentsorgung: Entsorgen Sie Abfallmaterial auf eine von den zust\u00e4ndigen Beh\u00f6rden genehmigte Weise. NICHT F\u00dcR DEN MENSCHLICHEN GEBRAUCH NUR F\u00dcR TIER\u00c4RZTLICHE BEHANDLUNG AUFBEWAHRUNG AUSSERHALB DER REICHWEITE VON KINDERN","og_url":"https:\/\/vet-chem.com\/de\/product\/florochem-100\/","og_site_name":"Vetchem","article_publisher":"https:\/\/www.facebook.com\/VetChemGerman","article_modified_time":"2024-08-31T13:54:14+00:00","og_image":[{"width":1002,"height":1280,"url":"https:\/\/vet-chem.com\/wp-content\/uploads\/2024\/08\/FLOROCHEM.jpg","type":"image\/jpeg"}],"twitter_card":"summary_large_image","twitter_misc":{"Gesch\u00e4tzte Lesezeit":"1\u00a0Minute"},"schema":{"@context":"https:\/\/schema.org","@graph":[{"@type":"WebPage","@id":"https:\/\/vet-chem.com\/de\/product\/florochem-100\/","url":"https:\/\/vet-chem.com\/de\/product\/florochem-100\/","name":"FLOROCHEM 100 - Vetchem","isPartOf":{"@id":"https:\/\/vet-chem.com\/de\/#website"},"primaryImageOfPage":{"@id":"https:\/\/vet-chem.com\/de\/product\/florochem-100\/#primaryimage"},"image":{"@id":"https:\/\/vet-chem.com\/de\/product\/florochem-100\/#primaryimage"},"thumbnailUrl":"https:\/\/vet-chem.com\/wp-content\/uploads\/2024\/08\/FLOROCHEM.jpg","datePublished":"2024-08-05T09:41:15+00:00","dateModified":"2024-08-31T13:54:14+00:00","breadcrumb":{"@id":"https:\/\/vet-chem.com\/de\/product\/florochem-100\/#breadcrumb"},"inLanguage":"de","potentialAction":[{"@type":"ReadAction","target":["https:\/\/vet-chem.com\/de\/product\/florochem-100\/"]}]},{"@type":"ImageObject","inLanguage":"de","@id":"https:\/\/vet-chem.com\/de\/product\/florochem-100\/#primaryimage","url":"https:\/\/vet-chem.com\/wp-content\/uploads\/2024\/08\/FLOROCHEM.jpg","contentUrl":"https:\/\/vet-chem.com\/wp-content\/uploads\/2024\/08\/FLOROCHEM.jpg","width":1002,"height":1280},{"@type":"BreadcrumbList","@id":"https:\/\/vet-chem.com\/de\/product\/florochem-100\/#breadcrumb","itemListElement":[{"@type":"ListItem","position":1,"name":"Home","item":"https:\/\/vet-chem.com\/de\/home\/"},{"@type":"ListItem","position":2,"name":"Produkte","item":"https:\/\/vet-chem.com\/de\/shop\/"},{"@type":"ListItem","position":3,"name":"FLOROCHEM 100"}]},{"@type":"WebSite","@id":"https:\/\/vet-chem.com\/de\/#website","url":"https:\/\/vet-chem.com\/de\/","name":"Vetchem","description":"","publisher":{"@id":"https:\/\/vet-chem.com\/de\/#organization"},"potentialAction":[{"@type":"SearchAction","target":{"@type":"EntryPoint","urlTemplate":"https:\/\/vet-chem.com\/de\/?s={search_term_string}"},"query-input":{"@type":"PropertyValueSpecification","valueRequired":true,"valueName":"search_term_string"}}],"inLanguage":"de"},{"@type":"Organization","@id":"https:\/\/vet-chem.com\/de\/#organization","name":"Vetchem","url":"https:\/\/vet-chem.com\/de\/","logo":{"@type":"ImageObject","inLanguage":"de","@id":"https:\/\/vet-chem.com\/de\/#\/schema\/logo\/image\/","url":"https:\/\/vet-chem.com\/wp-content\/uploads\/2024\/06\/logo.svg","contentUrl":"https:\/\/vet-chem.com\/wp-content\/uploads\/2024\/06\/logo.svg","width":412,"height":195,"caption":"Vetchem"},"image":{"@id":"https:\/\/vet-chem.com\/de\/#\/schema\/logo\/image\/"},"sameAs":["https:\/\/www.facebook.com\/VetChemGerman"]}]}},"_links":{"self":[{"href":"https:\/\/vet-chem.com\/de\/wp-json\/wp\/v2\/product\/930","targetHints":{"allow":["GET"]}}],"collection":[{"href":"https:\/\/vet-chem.com\/de\/wp-json\/wp\/v2\/product"}],"about":[{"href":"https:\/\/vet-chem.com\/de\/wp-json\/wp\/v2\/types\/product"}],"replies":[{"embeddable":true,"href":"https:\/\/vet-chem.com\/de\/wp-json\/wp\/v2\/comments?post=930"}],"wp:featuredmedia":[{"embeddable":true,"href":"https:\/\/vet-chem.com\/de\/wp-json\/wp\/v2\/media\/759"}],"wp:attachment":[{"href":"https:\/\/vet-chem.com\/de\/wp-json\/wp\/v2\/media?parent=930"}],"wp:term":[{"taxonomy":"product_brand","embeddable":true,"href":"https:\/\/vet-chem.com\/de\/wp-json\/wp\/v2\/product_brand?post=930"},{"taxonomy":"product_cat","embeddable":true,"href":"https:\/\/vet-chem.com\/de\/wp-json\/wp\/v2\/product_cat?post=930"},{"taxonomy":"product_tag","embeddable":true,"href":"https:\/\/vet-chem.com\/de\/wp-json\/wp\/v2\/product_tag?post=930"}],"curies":[{"name":"wp","href":"https:\/\/api.w.org\/{rel}","templated":true}]}}