{"id":931,"date":"2024-08-05T12:40:29","date_gmt":"2024-08-05T09:40:29","guid":{"rendered":"https:\/\/vet-chem.com\/product\/dexachem\/"},"modified":"2024-08-31T16:54:27","modified_gmt":"2024-08-31T13:54:27","slug":"dexachem","status":"publish","type":"product","link":"https:\/\/vet-chem.com\/de\/product\/dexachem\/","title":{"rendered":"DEXACHEM"},"content":{"rendered":"<p>Zusammensetzung:<br \/>\nEnth\u00e4lt pro ml:<br \/>\nDexamethason (als Natriumphosphat) 2 mg<br \/>\nBeschreibung:<\/p>\n<p>DEXACHEM ist ein synthetisches Glukokortikosteroid mit entz\u00fcndungshemmender, schockhemmender, antiallergischer, glukoneogenetischer und immunsupprimierender Wirkung.<\/p>\n<p>Indikationen:<br \/>\nDEXACHEM ist angezeigt bei allergischen Reaktionen, Myoglobinurie, Toxin\u00e4mie, Schock, Stress und Urtikaria.<br \/>\nLokale Behandlung von Arthritis, Bursitis, Distorsionen, Periarthritis, Tendinitis und Tendovaginitis. Bei bakteriellen Infektionen immer mit Antibiotika kombinieren.<\/p>\n<p>Dosierung und Verabreichung:<br \/>\nZur intramuskul\u00e4ren oder intraven\u00f6sen Injektion.<br \/>\nPferde, Rinder: 5 &#8211; 15 ml pro Tier.<br \/>\nK\u00e4lber, Fohlen, Schafe, Ziegen, Schweine:<br \/>\n1 &#8211; 2,5 ml pro Tier.<br \/>\nKatzen, Hunde: 0,1 &#8211; 1 ml pro 10 kg K\u00f6rpergewicht.<br \/>\nH\u00f6here Dosierung und Wiederholungsbehandlung nur auf<br \/>\nAnraten Ihres Tierarztes.<\/p>\n<p>Wartezeit:<\/p>\n<p>Fleisch: 8 Tage<br \/>\nMilch: 3 Tage<\/p>\n<p>Lagerung:<\/p>\n<p>Trocken und dunkel zwischen<br \/>\n2 \u00b0C und 15 \u00b0C lagern.<br \/>\nArzneimittel au\u00dferhalb der Reichweite von Kindern aufbewahren.<\/p>\n<p>Verpackung:<\/p>\n<p>100 ml Mehrdosenfl\u00e4schchen<\/p>\n<p>NUR F\u00dcR TIERE<br \/>\nAU\u00dfER REICHWEITE VON KINDERN AUFBEWAHREN<br \/>\nNUR F\u00dcR TIER\u00c4RZTLICHE VERWENDUNG<\/p>\n","protected":false},"excerpt":{"rendered":"<p>Zusammensetzung: Enth\u00e4lt pro ml: Dexamethason (als Natriumphosphat) 2 mg Beschreibung: DEXACHEM ist ein synthetisches Glukokortikosteroid mit entz\u00fcndungshemmender, schockhemmender, antiallergischer, glukoneogenetischer und immunsupprimierender Wirkung. Indikationen: DEXACHEM ist angezeigt bei allergischen Reaktionen, Myoglobinurie, Toxin\u00e4mie, Schock, Stress und Urtikaria. Lokale Behandlung von Arthritis, Bursitis, Distorsionen, Periarthritis, Tendinitis und Tendovaginitis. Bei bakteriellen Infektionen immer mit Antibiotika kombinieren. Dosierung und Verabreichung: Zur intramuskul\u00e4ren oder intraven\u00f6sen Injektion. Pferde, Rinder: 5 &#8211; 15 ml pro Tier. K\u00e4lber, Fohlen, Schafe, Ziegen, Schweine: 1 &#8211; 2,5 ml pro Tier. Katzen, Hunde: 0,1 &#8211; 1 ml pro 10 kg K\u00f6rpergewicht. H\u00f6here Dosierung und Wiederholungsbehandlung nur auf Anraten Ihres Tierarztes. Wartezeit: Fleisch: 8 Tage Milch: 3 Tage Lagerung: Trocken und dunkel zwischen 2 \u00b0C und 15 \u00b0C lagern. Arzneimittel au\u00dferhalb der Reichweite von Kindern aufbewahren. Verpackung: 100 ml Mehrdosenfl\u00e4schchen NUR F\u00dcR TIERE AU\u00dfER REICHWEITE VON KINDERN AUFBEWAHREN NUR F\u00dcR TIER\u00c4RZTLICHE VERWENDUNG<\/p>\n","protected":false},"featured_media":758,"comment_status":"open","ping_status":"closed","template":"","meta":{"site-sidebar-layout":"default","site-content-layout":"","ast-site-content-layout":"default","site-content-style":"default","site-sidebar-style":"default","ast-global-header-display":"","ast-banner-title-visibility":"","ast-main-header-display":"","ast-hfb-above-header-display":"","ast-hfb-below-header-display":"","ast-hfb-mobile-header-display":"","site-post-title":"","ast-breadcrumbs-content":"","ast-featured-img":"","footer-sml-layout":"","ast-disable-related-posts":"","theme-transparent-header-meta":"default","adv-header-id-meta":"","stick-header-meta":"","header-above-stick-meta":"","header-main-stick-meta":"","header-below-stick-meta":"","astra-migrate-meta-layouts":"set","ast-page-background-enabled":"default","ast-page-background-meta":{"desktop":{"background-color":"var(--ast-global-color-4)","background-image":"","background-repeat":"repeat","background-position":"center center","background-size":"auto","background-attachment":"scroll","background-type":"","background-media":"","overlay-type":"","overlay-color":"","overlay-opacity":"","overlay-gradient":""},"tablet":{"background-color":"","background-image":"","background-repeat":"repeat","background-position":"center center","background-size":"auto","background-attachment":"scroll","background-type":"","background-media":"","overlay-type":"","overlay-color":"","overlay-opacity":"","overlay-gradient":""},"mobile":{"background-color":"","background-image":"","background-repeat":"repeat","background-position":"center center","background-size":"auto","background-attachment":"scroll","background-type":"","background-media":"","overlay-type":"","overlay-color":"","overlay-opacity":"","overlay-gradient":""}},"ast-content-background-meta":{"desktop":{"background-color":"var(--ast-global-color-5)","background-image":"","background-repeat":"repeat","background-position":"center center","background-size":"auto","background-attachment":"scroll","background-type":"","background-media":"","overlay-type":"","overlay-color":"","overlay-opacity":"","overlay-gradient":""},"tablet":{"background-color":"var(--ast-global-color-5)","background-image":"","background-repeat":"repeat","background-position":"center center","background-size":"auto","background-attachment":"scroll","background-type":"","background-media":"","overlay-type":"","overlay-color":"","overlay-opacity":"","overlay-gradient":""},"mobile":{"background-color":"var(--ast-global-color-5)","background-image":"","background-repeat":"repeat","background-position":"center center","background-size":"auto","background-attachment":"scroll","background-type":"","background-media":"","overlay-type":"","overlay-color":"","overlay-opacity":"","overlay-gradient":""}}},"product_brand":[],"product_cat":[42],"product_tag":[],"class_list":{"0":"post-931","1":"product","2":"type-product","3":"status-publish","4":"has-post-thumbnail","6":"product_cat-unkategorisiert","7":"desktop-align-left","8":"tablet-align-left","9":"mobile-align-left","11":"first","12":"instock","13":"shipping-taxable","14":"product-type-simple"},"yoast_head":"<!-- This site is optimized with the Yoast SEO plugin v27.3 - https:\/\/yoast.com\/product\/yoast-seo-wordpress\/ -->\n<title>DEXACHEM - Vetchem<\/title>\n<meta name=\"robots\" content=\"index, follow, max-snippet:-1, max-image-preview:large, max-video-preview:-1\" \/>\n<link rel=\"canonical\" href=\"https:\/\/vet-chem.com\/de\/product\/dexachem\/\" \/>\n<meta property=\"og:locale\" content=\"de_DE\" \/>\n<meta property=\"og:type\" content=\"article\" \/>\n<meta property=\"og:title\" content=\"DEXACHEM - Vetchem\" \/>\n<meta property=\"og:description\" content=\"Zusammensetzung: Enth\u00e4lt pro ml: Dexamethason (als Natriumphosphat) 2 mg Beschreibung: DEXACHEM ist ein synthetisches Glukokortikosteroid mit entz\u00fcndungshemmender, schockhemmender, antiallergischer, glukoneogenetischer und immunsupprimierender Wirkung. Indikationen: DEXACHEM ist angezeigt bei allergischen Reaktionen, Myoglobinurie, Toxin\u00e4mie, Schock, Stress und Urtikaria. Lokale Behandlung von Arthritis, Bursitis, Distorsionen, Periarthritis, Tendinitis und Tendovaginitis. Bei bakteriellen Infektionen immer mit Antibiotika kombinieren. Dosierung und Verabreichung: Zur intramuskul\u00e4ren oder intraven\u00f6sen Injektion. Pferde, Rinder: 5 &#8211; 15 ml pro Tier. K\u00e4lber, Fohlen, Schafe, Ziegen, Schweine: 1 &#8211; 2,5 ml pro Tier. Katzen, Hunde: 0,1 &#8211; 1 ml pro 10 kg K\u00f6rpergewicht. H\u00f6here Dosierung und Wiederholungsbehandlung nur auf Anraten Ihres Tierarztes. Wartezeit: Fleisch: 8 Tage Milch: 3 Tage Lagerung: Trocken und dunkel zwischen 2 \u00b0C und 15 \u00b0C lagern. Arzneimittel au\u00dferhalb der Reichweite von Kindern aufbewahren. Verpackung: 100 ml Mehrdosenfl\u00e4schchen NUR F\u00dcR TIERE AU\u00dfER REICHWEITE VON KINDERN AUFBEWAHREN NUR F\u00dcR TIER\u00c4RZTLICHE VERWENDUNG\" \/>\n<meta property=\"og:url\" content=\"https:\/\/vet-chem.com\/de\/product\/dexachem\/\" \/>\n<meta property=\"og:site_name\" content=\"Vetchem\" \/>\n<meta property=\"article:publisher\" content=\"https:\/\/www.facebook.com\/VetChemGerman\" \/>\n<meta property=\"article:modified_time\" content=\"2024-08-31T13:54:27+00:00\" \/>\n<meta property=\"og:image\" content=\"https:\/\/vet-chem.com\/wp-content\/uploads\/2024\/08\/DEXACHEM.jpg\" \/>\n\t<meta property=\"og:image:width\" content=\"1280\" \/>\n\t<meta property=\"og:image:height\" content=\"1238\" \/>\n\t<meta property=\"og:image:type\" content=\"image\/jpeg\" \/>\n<meta name=\"twitter:card\" content=\"summary_large_image\" \/>\n<meta name=\"twitter:label1\" content=\"Gesch\u00e4tzte Lesezeit\" \/>\n\t<meta name=\"twitter:data1\" content=\"1\u00a0Minute\" \/>\n<script type=\"application\/ld+json\" class=\"yoast-schema-graph\">{\"@context\":\"https:\\\/\\\/schema.org\",\"@graph\":[{\"@type\":\"WebPage\",\"@id\":\"https:\\\/\\\/vet-chem.com\\\/de\\\/product\\\/dexachem\\\/\",\"url\":\"https:\\\/\\\/vet-chem.com\\\/de\\\/product\\\/dexachem\\\/\",\"name\":\"DEXACHEM - Vetchem\",\"isPartOf\":{\"@id\":\"https:\\\/\\\/vet-chem.com\\\/de\\\/#website\"},\"primaryImageOfPage\":{\"@id\":\"https:\\\/\\\/vet-chem.com\\\/de\\\/product\\\/dexachem\\\/#primaryimage\"},\"image\":{\"@id\":\"https:\\\/\\\/vet-chem.com\\\/de\\\/product\\\/dexachem\\\/#primaryimage\"},\"thumbnailUrl\":\"https:\\\/\\\/vet-chem.com\\\/wp-content\\\/uploads\\\/2024\\\/08\\\/DEXACHEM.jpg\",\"datePublished\":\"2024-08-05T09:40:29+00:00\",\"dateModified\":\"2024-08-31T13:54:27+00:00\",\"breadcrumb\":{\"@id\":\"https:\\\/\\\/vet-chem.com\\\/de\\\/product\\\/dexachem\\\/#breadcrumb\"},\"inLanguage\":\"de\",\"potentialAction\":[{\"@type\":\"ReadAction\",\"target\":[\"https:\\\/\\\/vet-chem.com\\\/de\\\/product\\\/dexachem\\\/\"]}]},{\"@type\":\"ImageObject\",\"inLanguage\":\"de\",\"@id\":\"https:\\\/\\\/vet-chem.com\\\/de\\\/product\\\/dexachem\\\/#primaryimage\",\"url\":\"https:\\\/\\\/vet-chem.com\\\/wp-content\\\/uploads\\\/2024\\\/08\\\/DEXACHEM.jpg\",\"contentUrl\":\"https:\\\/\\\/vet-chem.com\\\/wp-content\\\/uploads\\\/2024\\\/08\\\/DEXACHEM.jpg\",\"width\":1280,\"height\":1238},{\"@type\":\"BreadcrumbList\",\"@id\":\"https:\\\/\\\/vet-chem.com\\\/de\\\/product\\\/dexachem\\\/#breadcrumb\",\"itemListElement\":[{\"@type\":\"ListItem\",\"position\":1,\"name\":\"Home\",\"item\":\"https:\\\/\\\/vet-chem.com\\\/de\\\/home\\\/\"},{\"@type\":\"ListItem\",\"position\":2,\"name\":\"Produkte\",\"item\":\"https:\\\/\\\/vet-chem.com\\\/de\\\/shop\\\/\"},{\"@type\":\"ListItem\",\"position\":3,\"name\":\"DEXACHEM\"}]},{\"@type\":\"WebSite\",\"@id\":\"https:\\\/\\\/vet-chem.com\\\/de\\\/#website\",\"url\":\"https:\\\/\\\/vet-chem.com\\\/de\\\/\",\"name\":\"Vetchem\",\"description\":\"\",\"publisher\":{\"@id\":\"https:\\\/\\\/vet-chem.com\\\/de\\\/#organization\"},\"potentialAction\":[{\"@type\":\"SearchAction\",\"target\":{\"@type\":\"EntryPoint\",\"urlTemplate\":\"https:\\\/\\\/vet-chem.com\\\/de\\\/?s={search_term_string}\"},\"query-input\":{\"@type\":\"PropertyValueSpecification\",\"valueRequired\":true,\"valueName\":\"search_term_string\"}}],\"inLanguage\":\"de\"},{\"@type\":\"Organization\",\"@id\":\"https:\\\/\\\/vet-chem.com\\\/de\\\/#organization\",\"name\":\"Vetchem\",\"url\":\"https:\\\/\\\/vet-chem.com\\\/de\\\/\",\"logo\":{\"@type\":\"ImageObject\",\"inLanguage\":\"de\",\"@id\":\"https:\\\/\\\/vet-chem.com\\\/de\\\/#\\\/schema\\\/logo\\\/image\\\/\",\"url\":\"https:\\\/\\\/vet-chem.com\\\/wp-content\\\/uploads\\\/2024\\\/06\\\/logo.svg\",\"contentUrl\":\"https:\\\/\\\/vet-chem.com\\\/wp-content\\\/uploads\\\/2024\\\/06\\\/logo.svg\",\"width\":412,\"height\":195,\"caption\":\"Vetchem\"},\"image\":{\"@id\":\"https:\\\/\\\/vet-chem.com\\\/de\\\/#\\\/schema\\\/logo\\\/image\\\/\"},\"sameAs\":[\"https:\\\/\\\/www.facebook.com\\\/VetChemGerman\"]}]}<\/script>\n<!-- \/ Yoast SEO plugin. -->","yoast_head_json":{"title":"DEXACHEM - Vetchem","robots":{"index":"index","follow":"follow","max-snippet":"max-snippet:-1","max-image-preview":"max-image-preview:large","max-video-preview":"max-video-preview:-1"},"canonical":"https:\/\/vet-chem.com\/de\/product\/dexachem\/","og_locale":"de_DE","og_type":"article","og_title":"DEXACHEM - Vetchem","og_description":"Zusammensetzung: Enth\u00e4lt pro ml: Dexamethason (als Natriumphosphat) 2 mg Beschreibung: DEXACHEM ist ein synthetisches Glukokortikosteroid mit entz\u00fcndungshemmender, schockhemmender, antiallergischer, glukoneogenetischer und immunsupprimierender Wirkung. Indikationen: DEXACHEM ist angezeigt bei allergischen Reaktionen, Myoglobinurie, Toxin\u00e4mie, Schock, Stress und Urtikaria. Lokale Behandlung von Arthritis, Bursitis, Distorsionen, Periarthritis, Tendinitis und Tendovaginitis. Bei bakteriellen Infektionen immer mit Antibiotika kombinieren. Dosierung und Verabreichung: Zur intramuskul\u00e4ren oder intraven\u00f6sen Injektion. Pferde, Rinder: 5 &#8211; 15 ml pro Tier. K\u00e4lber, Fohlen, Schafe, Ziegen, Schweine: 1 &#8211; 2,5 ml pro Tier. Katzen, Hunde: 0,1 &#8211; 1 ml pro 10 kg K\u00f6rpergewicht. H\u00f6here Dosierung und Wiederholungsbehandlung nur auf Anraten Ihres Tierarztes. Wartezeit: Fleisch: 8 Tage Milch: 3 Tage Lagerung: Trocken und dunkel zwischen 2 \u00b0C und 15 \u00b0C lagern. Arzneimittel au\u00dferhalb der Reichweite von Kindern aufbewahren. Verpackung: 100 ml Mehrdosenfl\u00e4schchen NUR F\u00dcR TIERE AU\u00dfER REICHWEITE VON KINDERN AUFBEWAHREN NUR F\u00dcR TIER\u00c4RZTLICHE VERWENDUNG","og_url":"https:\/\/vet-chem.com\/de\/product\/dexachem\/","og_site_name":"Vetchem","article_publisher":"https:\/\/www.facebook.com\/VetChemGerman","article_modified_time":"2024-08-31T13:54:27+00:00","og_image":[{"width":1280,"height":1238,"url":"https:\/\/vet-chem.com\/wp-content\/uploads\/2024\/08\/DEXACHEM.jpg","type":"image\/jpeg"}],"twitter_card":"summary_large_image","twitter_misc":{"Gesch\u00e4tzte Lesezeit":"1\u00a0Minute"},"schema":{"@context":"https:\/\/schema.org","@graph":[{"@type":"WebPage","@id":"https:\/\/vet-chem.com\/de\/product\/dexachem\/","url":"https:\/\/vet-chem.com\/de\/product\/dexachem\/","name":"DEXACHEM - Vetchem","isPartOf":{"@id":"https:\/\/vet-chem.com\/de\/#website"},"primaryImageOfPage":{"@id":"https:\/\/vet-chem.com\/de\/product\/dexachem\/#primaryimage"},"image":{"@id":"https:\/\/vet-chem.com\/de\/product\/dexachem\/#primaryimage"},"thumbnailUrl":"https:\/\/vet-chem.com\/wp-content\/uploads\/2024\/08\/DEXACHEM.jpg","datePublished":"2024-08-05T09:40:29+00:00","dateModified":"2024-08-31T13:54:27+00:00","breadcrumb":{"@id":"https:\/\/vet-chem.com\/de\/product\/dexachem\/#breadcrumb"},"inLanguage":"de","potentialAction":[{"@type":"ReadAction","target":["https:\/\/vet-chem.com\/de\/product\/dexachem\/"]}]},{"@type":"ImageObject","inLanguage":"de","@id":"https:\/\/vet-chem.com\/de\/product\/dexachem\/#primaryimage","url":"https:\/\/vet-chem.com\/wp-content\/uploads\/2024\/08\/DEXACHEM.jpg","contentUrl":"https:\/\/vet-chem.com\/wp-content\/uploads\/2024\/08\/DEXACHEM.jpg","width":1280,"height":1238},{"@type":"BreadcrumbList","@id":"https:\/\/vet-chem.com\/de\/product\/dexachem\/#breadcrumb","itemListElement":[{"@type":"ListItem","position":1,"name":"Home","item":"https:\/\/vet-chem.com\/de\/home\/"},{"@type":"ListItem","position":2,"name":"Produkte","item":"https:\/\/vet-chem.com\/de\/shop\/"},{"@type":"ListItem","position":3,"name":"DEXACHEM"}]},{"@type":"WebSite","@id":"https:\/\/vet-chem.com\/de\/#website","url":"https:\/\/vet-chem.com\/de\/","name":"Vetchem","description":"","publisher":{"@id":"https:\/\/vet-chem.com\/de\/#organization"},"potentialAction":[{"@type":"SearchAction","target":{"@type":"EntryPoint","urlTemplate":"https:\/\/vet-chem.com\/de\/?s={search_term_string}"},"query-input":{"@type":"PropertyValueSpecification","valueRequired":true,"valueName":"search_term_string"}}],"inLanguage":"de"},{"@type":"Organization","@id":"https:\/\/vet-chem.com\/de\/#organization","name":"Vetchem","url":"https:\/\/vet-chem.com\/de\/","logo":{"@type":"ImageObject","inLanguage":"de","@id":"https:\/\/vet-chem.com\/de\/#\/schema\/logo\/image\/","url":"https:\/\/vet-chem.com\/wp-content\/uploads\/2024\/06\/logo.svg","contentUrl":"https:\/\/vet-chem.com\/wp-content\/uploads\/2024\/06\/logo.svg","width":412,"height":195,"caption":"Vetchem"},"image":{"@id":"https:\/\/vet-chem.com\/de\/#\/schema\/logo\/image\/"},"sameAs":["https:\/\/www.facebook.com\/VetChemGerman"]}]}},"_links":{"self":[{"href":"https:\/\/vet-chem.com\/de\/wp-json\/wp\/v2\/product\/931","targetHints":{"allow":["GET"]}}],"collection":[{"href":"https:\/\/vet-chem.com\/de\/wp-json\/wp\/v2\/product"}],"about":[{"href":"https:\/\/vet-chem.com\/de\/wp-json\/wp\/v2\/types\/product"}],"replies":[{"embeddable":true,"href":"https:\/\/vet-chem.com\/de\/wp-json\/wp\/v2\/comments?post=931"}],"wp:featuredmedia":[{"embeddable":true,"href":"https:\/\/vet-chem.com\/de\/wp-json\/wp\/v2\/media\/758"}],"wp:attachment":[{"href":"https:\/\/vet-chem.com\/de\/wp-json\/wp\/v2\/media?parent=931"}],"wp:term":[{"taxonomy":"product_brand","embeddable":true,"href":"https:\/\/vet-chem.com\/de\/wp-json\/wp\/v2\/product_brand?post=931"},{"taxonomy":"product_cat","embeddable":true,"href":"https:\/\/vet-chem.com\/de\/wp-json\/wp\/v2\/product_cat?post=931"},{"taxonomy":"product_tag","embeddable":true,"href":"https:\/\/vet-chem.com\/de\/wp-json\/wp\/v2\/product_tag?post=931"}],"curies":[{"name":"wp","href":"https:\/\/api.w.org\/{rel}","templated":true}]}}