{"id":934,"date":"2024-08-05T12:38:37","date_gmt":"2024-08-05T09:38:37","guid":{"rendered":"https:\/\/vet-chem.com\/product\/chemgro-oral-solution\/"},"modified":"2024-08-31T16:55:07","modified_gmt":"2024-08-31T13:55:07","slug":"chemgro-oral-solution","status":"publish","type":"product","link":"https:\/\/vet-chem.com\/de\/product\/chemgro-oral-solution\/","title":{"rendered":"CHEMGRO ORAL SOLUTION"},"content":{"rendered":"<p>Zusammensetzung: Jeder ML enth\u00e4lt.<br \/>\nProteinhydrolysat zur Bereitstellung eines ungef\u00e4hren Gehalts an<br \/>\nern\u00e4hrungsphysiologisch essentiellen S\u00e4uren zusammen mit anderen N\u00e4hrstoffen<\/p>\n<p>Arginin 514,06 mg<br \/>\nCystin 107,99 mg<br \/>\nGlycin 310,96 mg<br \/>\nHistidin 191,50 mg<br \/>\nIsoleucin 320,76 mg<br \/>\nLeucin 554,88 mg<br \/>\nL-Lysin 940,29 mg<br \/>\nDL-Methionin 501,45 mg<br \/>\nPhenylalanin 353,51 mg<br \/>\nSerin 374,79 mg<br \/>\nTyrosin 781,47 mg<br \/>\nTryptophan 121,06 mg<br \/>\nValin 338,77 mg<br \/>\nChlorid 277,47 mg<br \/>\nKobalt 0,40 mg<\/p>\n<p>Kupfer 0,40 mg<br \/>\nJod 300,00 mg<br \/>\nEisen 2,00 mg<br \/>\nMagnesium 166,75 mg<br \/>\nMangan 1,67 mg<br \/>\nKalium 66,70 mg<br \/>\nNatrium 200,10 mg<br \/>\nZink 2,23 mg<br \/>\nPapain 300,05 mg<br \/>\nHefeextrakt 300,10 mg<br \/>\nKohlenhydrate 1000,00 mg<br \/>\nGesamtstickstoff 1,2144 g<br \/>\nGesamtenergie 9,24 kcal<br \/>\nW\u00e4ssrige Basis Q.S.<\/p>\n<p>Darreichung: 1 l und 5 l Dose<br \/>\nDosierung: Zur oralen Verabreichung.<br \/>\nK\u00e4lber, Schafe und Ziegen: 1 ml pro 40 kg K\u00f6rpergewicht f\u00fcr 3 &#8211; 5 Tage.<br \/>\nRinder: 1 ml pro 80 kg K\u00f6rpergewicht f\u00fcr 3 &#8211; 5 Tage.<br \/>\nSchweine und Gefl\u00fcgel: 1 Liter pro 4000 Liter Trinkwasser f\u00fcr 3 &#8211; 5 Tage.<\/p>\n<p>TIERFUTTERERG\u00c4NZUNGSMITTEL<br \/>\nNICHT F\u00dcR MENSCHLICHE\/MEDIZINISCHE VERWENDUNG<br \/>\nMerkmale<br \/>\nl Einzigartige Kombinationen<br \/>\nl N\u00e4hrstoffe mit hoher Bioverf\u00fcgbarkeit<br \/>\nl Reich an essentiellen Aminos\u00e4uren<br \/>\nl Liefert zus\u00e4tzliche Energie und Proteine \u200b\u200bf\u00fcr das Wachstum<br \/>\nVorteile<br \/>\nl Verbessert die Gewichtszunahme<br \/>\nl Bessere FCR<br \/>\nl Sorgt f\u00fcr besseren ROI<br \/>\nMindesthaltbarkeitsdatum: 3 Jahre.<\/p>\n","protected":false},"excerpt":{"rendered":"<p>Zusammensetzung: Jeder ML enth\u00e4lt. Proteinhydrolysat zur Bereitstellung eines ungef\u00e4hren Gehalts an ern\u00e4hrungsphysiologisch essentiellen S\u00e4uren zusammen mit anderen N\u00e4hrstoffen Arginin 514,06 mg Cystin 107,99 mg Glycin 310,96 mg Histidin 191,50 mg Isoleucin 320,76 mg Leucin 554,88 mg L-Lysin 940,29 mg DL-Methionin 501,45 mg Phenylalanin 353,51 mg Serin 374,79 mg Tyrosin 781,47 mg Tryptophan 121,06 mg Valin 338,77 mg Chlorid 277,47 mg Kobalt 0,40 mg Kupfer 0,40 mg Jod 300,00 mg Eisen 2,00 mg Magnesium 166,75 mg Mangan 1,67 mg Kalium 66,70 mg Natrium 200,10 mg Zink 2,23 mg Papain 300,05 mg Hefeextrakt 300,10 mg Kohlenhydrate 1000,00 mg Gesamtstickstoff 1,2144 g Gesamtenergie 9,24 kcal W\u00e4ssrige Basis Q.S. Darreichung: 1 l und 5 l Dose Dosierung: Zur oralen Verabreichung. K\u00e4lber, Schafe und Ziegen: 1 ml pro 40 kg K\u00f6rpergewicht f\u00fcr 3 &#8211; 5 Tage. Rinder: 1 ml pro 80 kg K\u00f6rpergewicht f\u00fcr 3 &#8211; 5 Tage. Schweine und Gefl\u00fcgel: 1 Liter pro 4000 Liter Trinkwasser f\u00fcr 3 &#8211; 5 Tage. TIERFUTTERERG\u00c4NZUNGSMITTEL NICHT F\u00dcR MENSCHLICHE\/MEDIZINISCHE VERWENDUNG Merkmale l Einzigartige Kombinationen l N\u00e4hrstoffe mit hoher Bioverf\u00fcgbarkeit l Reich an essentiellen Aminos\u00e4uren l Liefert zus\u00e4tzliche Energie und Proteine \u200b\u200bf\u00fcr das Wachstum Vorteile l Verbessert die Gewichtszunahme l Bessere FCR l Sorgt f\u00fcr besseren ROI Mindesthaltbarkeitsdatum: 3 Jahre.<\/p>\n","protected":false},"featured_media":756,"comment_status":"open","ping_status":"closed","template":"","meta":{"site-sidebar-layout":"default","site-content-layout":"","ast-site-content-layout":"default","site-content-style":"default","site-sidebar-style":"default","ast-global-header-display":"","ast-banner-title-visibility":"","ast-main-header-display":"","ast-hfb-above-header-display":"","ast-hfb-below-header-display":"","ast-hfb-mobile-header-display":"","site-post-title":"","ast-breadcrumbs-content":"","ast-featured-img":"","footer-sml-layout":"","ast-disable-related-posts":"","theme-transparent-header-meta":"default","adv-header-id-meta":"","stick-header-meta":"","header-above-stick-meta":"","header-main-stick-meta":"","header-below-stick-meta":"","astra-migrate-meta-layouts":"set","ast-page-background-enabled":"default","ast-page-background-meta":{"desktop":{"background-color":"var(--ast-global-color-4)","background-image":"","background-repeat":"repeat","background-position":"center center","background-size":"auto","background-attachment":"scroll","background-type":"","background-media":"","overlay-type":"","overlay-color":"","overlay-opacity":"","overlay-gradient":""},"tablet":{"background-color":"","background-image":"","background-repeat":"repeat","background-position":"center center","background-size":"auto","background-attachment":"scroll","background-type":"","background-media":"","overlay-type":"","overlay-color":"","overlay-opacity":"","overlay-gradient":""},"mobile":{"background-color":"","background-image":"","background-repeat":"repeat","background-position":"center center","background-size":"auto","background-attachment":"scroll","background-type":"","background-media":"","overlay-type":"","overlay-color":"","overlay-opacity":"","overlay-gradient":""}},"ast-content-background-meta":{"desktop":{"background-color":"var(--ast-global-color-5)","background-image":"","background-repeat":"repeat","background-position":"center center","background-size":"auto","background-attachment":"scroll","background-type":"","background-media":"","overlay-type":"","overlay-color":"","overlay-opacity":"","overlay-gradient":""},"tablet":{"background-color":"var(--ast-global-color-5)","background-image":"","background-repeat":"repeat","background-position":"center center","background-size":"auto","background-attachment":"scroll","background-type":"","background-media":"","overlay-type":"","overlay-color":"","overlay-opacity":"","overlay-gradient":""},"mobile":{"background-color":"var(--ast-global-color-5)","background-image":"","background-repeat":"repeat","background-position":"center center","background-size":"auto","background-attachment":"scroll","background-type":"","background-media":"","overlay-type":"","overlay-color":"","overlay-opacity":"","overlay-gradient":""}}},"product_brand":[],"product_cat":[44],"product_tag":[],"class_list":{"0":"post-934","1":"product","2":"type-product","3":"status-publish","4":"has-post-thumbnail","6":"product_cat-nutritional-products-liquid-de","7":"desktop-align-left","8":"tablet-align-left","9":"mobile-align-left","11":"first","12":"instock","13":"shipping-taxable","14":"product-type-simple"},"yoast_head":"<!-- This site is optimized with the Yoast SEO plugin v27.3 - https:\/\/yoast.com\/product\/yoast-seo-wordpress\/ -->\n<title>CHEMGRO ORAL SOLUTION - Vetchem<\/title>\n<meta name=\"robots\" content=\"index, follow, max-snippet:-1, max-image-preview:large, max-video-preview:-1\" \/>\n<link rel=\"canonical\" href=\"https:\/\/vet-chem.com\/de\/product\/chemgro-oral-solution\/\" \/>\n<meta property=\"og:locale\" content=\"de_DE\" \/>\n<meta property=\"og:type\" content=\"article\" \/>\n<meta property=\"og:title\" content=\"CHEMGRO ORAL SOLUTION - Vetchem\" \/>\n<meta property=\"og:description\" content=\"Zusammensetzung: Jeder ML enth\u00e4lt. Proteinhydrolysat zur Bereitstellung eines ungef\u00e4hren Gehalts an ern\u00e4hrungsphysiologisch essentiellen S\u00e4uren zusammen mit anderen N\u00e4hrstoffen Arginin 514,06 mg Cystin 107,99 mg Glycin 310,96 mg Histidin 191,50 mg Isoleucin 320,76 mg Leucin 554,88 mg L-Lysin 940,29 mg DL-Methionin 501,45 mg Phenylalanin 353,51 mg Serin 374,79 mg Tyrosin 781,47 mg Tryptophan 121,06 mg Valin 338,77 mg Chlorid 277,47 mg Kobalt 0,40 mg Kupfer 0,40 mg Jod 300,00 mg Eisen 2,00 mg Magnesium 166,75 mg Mangan 1,67 mg Kalium 66,70 mg Natrium 200,10 mg Zink 2,23 mg Papain 300,05 mg Hefeextrakt 300,10 mg Kohlenhydrate 1000,00 mg Gesamtstickstoff 1,2144 g Gesamtenergie 9,24 kcal W\u00e4ssrige Basis Q.S. Darreichung: 1 l und 5 l Dose Dosierung: Zur oralen Verabreichung. K\u00e4lber, Schafe und Ziegen: 1 ml pro 40 kg K\u00f6rpergewicht f\u00fcr 3 &#8211; 5 Tage. Rinder: 1 ml pro 80 kg K\u00f6rpergewicht f\u00fcr 3 &#8211; 5 Tage. Schweine und Gefl\u00fcgel: 1 Liter pro 4000 Liter Trinkwasser f\u00fcr 3 &#8211; 5 Tage. TIERFUTTERERG\u00c4NZUNGSMITTEL NICHT F\u00dcR MENSCHLICHE\/MEDIZINISCHE VERWENDUNG Merkmale l Einzigartige Kombinationen l N\u00e4hrstoffe mit hoher Bioverf\u00fcgbarkeit l Reich an essentiellen Aminos\u00e4uren l Liefert zus\u00e4tzliche Energie und Proteine \u200b\u200bf\u00fcr das Wachstum Vorteile l Verbessert die Gewichtszunahme l Bessere FCR l Sorgt f\u00fcr besseren ROI Mindesthaltbarkeitsdatum: 3 Jahre.\" \/>\n<meta property=\"og:url\" content=\"https:\/\/vet-chem.com\/de\/product\/chemgro-oral-solution\/\" \/>\n<meta property=\"og:site_name\" content=\"Vetchem\" \/>\n<meta property=\"article:publisher\" content=\"https:\/\/www.facebook.com\/VetChemGerman\" \/>\n<meta property=\"article:modified_time\" content=\"2024-08-31T13:55:07+00:00\" \/>\n<meta property=\"og:image\" content=\"https:\/\/vet-chem.com\/wp-content\/uploads\/2024\/08\/CHEMGRO.jpg\" \/>\n\t<meta property=\"og:image:width\" content=\"1035\" \/>\n\t<meta property=\"og:image:height\" content=\"1269\" \/>\n\t<meta property=\"og:image:type\" content=\"image\/jpeg\" \/>\n<meta name=\"twitter:card\" content=\"summary_large_image\" \/>\n<meta name=\"twitter:label1\" content=\"Gesch\u00e4tzte Lesezeit\" \/>\n\t<meta name=\"twitter:data1\" content=\"1\u00a0Minute\" \/>\n<script type=\"application\/ld+json\" class=\"yoast-schema-graph\">{\"@context\":\"https:\\\/\\\/schema.org\",\"@graph\":[{\"@type\":\"WebPage\",\"@id\":\"https:\\\/\\\/vet-chem.com\\\/de\\\/product\\\/chemgro-oral-solution\\\/\",\"url\":\"https:\\\/\\\/vet-chem.com\\\/de\\\/product\\\/chemgro-oral-solution\\\/\",\"name\":\"CHEMGRO ORAL SOLUTION - Vetchem\",\"isPartOf\":{\"@id\":\"https:\\\/\\\/vet-chem.com\\\/de\\\/#website\"},\"primaryImageOfPage\":{\"@id\":\"https:\\\/\\\/vet-chem.com\\\/de\\\/product\\\/chemgro-oral-solution\\\/#primaryimage\"},\"image\":{\"@id\":\"https:\\\/\\\/vet-chem.com\\\/de\\\/product\\\/chemgro-oral-solution\\\/#primaryimage\"},\"thumbnailUrl\":\"https:\\\/\\\/vet-chem.com\\\/wp-content\\\/uploads\\\/2024\\\/08\\\/CHEMGRO.jpg\",\"datePublished\":\"2024-08-05T09:38:37+00:00\",\"dateModified\":\"2024-08-31T13:55:07+00:00\",\"breadcrumb\":{\"@id\":\"https:\\\/\\\/vet-chem.com\\\/de\\\/product\\\/chemgro-oral-solution\\\/#breadcrumb\"},\"inLanguage\":\"de\",\"potentialAction\":[{\"@type\":\"ReadAction\",\"target\":[\"https:\\\/\\\/vet-chem.com\\\/de\\\/product\\\/chemgro-oral-solution\\\/\"]}]},{\"@type\":\"ImageObject\",\"inLanguage\":\"de\",\"@id\":\"https:\\\/\\\/vet-chem.com\\\/de\\\/product\\\/chemgro-oral-solution\\\/#primaryimage\",\"url\":\"https:\\\/\\\/vet-chem.com\\\/wp-content\\\/uploads\\\/2024\\\/08\\\/CHEMGRO.jpg\",\"contentUrl\":\"https:\\\/\\\/vet-chem.com\\\/wp-content\\\/uploads\\\/2024\\\/08\\\/CHEMGRO.jpg\",\"width\":1035,\"height\":1269},{\"@type\":\"BreadcrumbList\",\"@id\":\"https:\\\/\\\/vet-chem.com\\\/de\\\/product\\\/chemgro-oral-solution\\\/#breadcrumb\",\"itemListElement\":[{\"@type\":\"ListItem\",\"position\":1,\"name\":\"Home\",\"item\":\"https:\\\/\\\/vet-chem.com\\\/de\\\/home\\\/\"},{\"@type\":\"ListItem\",\"position\":2,\"name\":\"Produkte\",\"item\":\"https:\\\/\\\/vet-chem.com\\\/de\\\/shop\\\/\"},{\"@type\":\"ListItem\",\"position\":3,\"name\":\"CHEMGRO ORAL SOLUTION\"}]},{\"@type\":\"WebSite\",\"@id\":\"https:\\\/\\\/vet-chem.com\\\/de\\\/#website\",\"url\":\"https:\\\/\\\/vet-chem.com\\\/de\\\/\",\"name\":\"Vetchem\",\"description\":\"\",\"publisher\":{\"@id\":\"https:\\\/\\\/vet-chem.com\\\/de\\\/#organization\"},\"potentialAction\":[{\"@type\":\"SearchAction\",\"target\":{\"@type\":\"EntryPoint\",\"urlTemplate\":\"https:\\\/\\\/vet-chem.com\\\/de\\\/?s={search_term_string}\"},\"query-input\":{\"@type\":\"PropertyValueSpecification\",\"valueRequired\":true,\"valueName\":\"search_term_string\"}}],\"inLanguage\":\"de\"},{\"@type\":\"Organization\",\"@id\":\"https:\\\/\\\/vet-chem.com\\\/de\\\/#organization\",\"name\":\"Vetchem\",\"url\":\"https:\\\/\\\/vet-chem.com\\\/de\\\/\",\"logo\":{\"@type\":\"ImageObject\",\"inLanguage\":\"de\",\"@id\":\"https:\\\/\\\/vet-chem.com\\\/de\\\/#\\\/schema\\\/logo\\\/image\\\/\",\"url\":\"https:\\\/\\\/vet-chem.com\\\/wp-content\\\/uploads\\\/2024\\\/06\\\/logo.svg\",\"contentUrl\":\"https:\\\/\\\/vet-chem.com\\\/wp-content\\\/uploads\\\/2024\\\/06\\\/logo.svg\",\"width\":412,\"height\":195,\"caption\":\"Vetchem\"},\"image\":{\"@id\":\"https:\\\/\\\/vet-chem.com\\\/de\\\/#\\\/schema\\\/logo\\\/image\\\/\"},\"sameAs\":[\"https:\\\/\\\/www.facebook.com\\\/VetChemGerman\"]}]}<\/script>\n<!-- \/ Yoast SEO plugin. -->","yoast_head_json":{"title":"CHEMGRO ORAL SOLUTION - Vetchem","robots":{"index":"index","follow":"follow","max-snippet":"max-snippet:-1","max-image-preview":"max-image-preview:large","max-video-preview":"max-video-preview:-1"},"canonical":"https:\/\/vet-chem.com\/de\/product\/chemgro-oral-solution\/","og_locale":"de_DE","og_type":"article","og_title":"CHEMGRO ORAL SOLUTION - Vetchem","og_description":"Zusammensetzung: Jeder ML enth\u00e4lt. Proteinhydrolysat zur Bereitstellung eines ungef\u00e4hren Gehalts an ern\u00e4hrungsphysiologisch essentiellen S\u00e4uren zusammen mit anderen N\u00e4hrstoffen Arginin 514,06 mg Cystin 107,99 mg Glycin 310,96 mg Histidin 191,50 mg Isoleucin 320,76 mg Leucin 554,88 mg L-Lysin 940,29 mg DL-Methionin 501,45 mg Phenylalanin 353,51 mg Serin 374,79 mg Tyrosin 781,47 mg Tryptophan 121,06 mg Valin 338,77 mg Chlorid 277,47 mg Kobalt 0,40 mg Kupfer 0,40 mg Jod 300,00 mg Eisen 2,00 mg Magnesium 166,75 mg Mangan 1,67 mg Kalium 66,70 mg Natrium 200,10 mg Zink 2,23 mg Papain 300,05 mg Hefeextrakt 300,10 mg Kohlenhydrate 1000,00 mg Gesamtstickstoff 1,2144 g Gesamtenergie 9,24 kcal W\u00e4ssrige Basis Q.S. Darreichung: 1 l und 5 l Dose Dosierung: Zur oralen Verabreichung. K\u00e4lber, Schafe und Ziegen: 1 ml pro 40 kg K\u00f6rpergewicht f\u00fcr 3 &#8211; 5 Tage. Rinder: 1 ml pro 80 kg K\u00f6rpergewicht f\u00fcr 3 &#8211; 5 Tage. Schweine und Gefl\u00fcgel: 1 Liter pro 4000 Liter Trinkwasser f\u00fcr 3 &#8211; 5 Tage. TIERFUTTERERG\u00c4NZUNGSMITTEL NICHT F\u00dcR MENSCHLICHE\/MEDIZINISCHE VERWENDUNG Merkmale l Einzigartige Kombinationen l N\u00e4hrstoffe mit hoher Bioverf\u00fcgbarkeit l Reich an essentiellen Aminos\u00e4uren l Liefert zus\u00e4tzliche Energie und Proteine \u200b\u200bf\u00fcr das Wachstum Vorteile l Verbessert die Gewichtszunahme l Bessere FCR l Sorgt f\u00fcr besseren ROI Mindesthaltbarkeitsdatum: 3 Jahre.","og_url":"https:\/\/vet-chem.com\/de\/product\/chemgro-oral-solution\/","og_site_name":"Vetchem","article_publisher":"https:\/\/www.facebook.com\/VetChemGerman","article_modified_time":"2024-08-31T13:55:07+00:00","og_image":[{"width":1035,"height":1269,"url":"https:\/\/vet-chem.com\/wp-content\/uploads\/2024\/08\/CHEMGRO.jpg","type":"image\/jpeg"}],"twitter_card":"summary_large_image","twitter_misc":{"Gesch\u00e4tzte Lesezeit":"1\u00a0Minute"},"schema":{"@context":"https:\/\/schema.org","@graph":[{"@type":"WebPage","@id":"https:\/\/vet-chem.com\/de\/product\/chemgro-oral-solution\/","url":"https:\/\/vet-chem.com\/de\/product\/chemgro-oral-solution\/","name":"CHEMGRO ORAL SOLUTION - Vetchem","isPartOf":{"@id":"https:\/\/vet-chem.com\/de\/#website"},"primaryImageOfPage":{"@id":"https:\/\/vet-chem.com\/de\/product\/chemgro-oral-solution\/#primaryimage"},"image":{"@id":"https:\/\/vet-chem.com\/de\/product\/chemgro-oral-solution\/#primaryimage"},"thumbnailUrl":"https:\/\/vet-chem.com\/wp-content\/uploads\/2024\/08\/CHEMGRO.jpg","datePublished":"2024-08-05T09:38:37+00:00","dateModified":"2024-08-31T13:55:07+00:00","breadcrumb":{"@id":"https:\/\/vet-chem.com\/de\/product\/chemgro-oral-solution\/#breadcrumb"},"inLanguage":"de","potentialAction":[{"@type":"ReadAction","target":["https:\/\/vet-chem.com\/de\/product\/chemgro-oral-solution\/"]}]},{"@type":"ImageObject","inLanguage":"de","@id":"https:\/\/vet-chem.com\/de\/product\/chemgro-oral-solution\/#primaryimage","url":"https:\/\/vet-chem.com\/wp-content\/uploads\/2024\/08\/CHEMGRO.jpg","contentUrl":"https:\/\/vet-chem.com\/wp-content\/uploads\/2024\/08\/CHEMGRO.jpg","width":1035,"height":1269},{"@type":"BreadcrumbList","@id":"https:\/\/vet-chem.com\/de\/product\/chemgro-oral-solution\/#breadcrumb","itemListElement":[{"@type":"ListItem","position":1,"name":"Home","item":"https:\/\/vet-chem.com\/de\/home\/"},{"@type":"ListItem","position":2,"name":"Produkte","item":"https:\/\/vet-chem.com\/de\/shop\/"},{"@type":"ListItem","position":3,"name":"CHEMGRO ORAL SOLUTION"}]},{"@type":"WebSite","@id":"https:\/\/vet-chem.com\/de\/#website","url":"https:\/\/vet-chem.com\/de\/","name":"Vetchem","description":"","publisher":{"@id":"https:\/\/vet-chem.com\/de\/#organization"},"potentialAction":[{"@type":"SearchAction","target":{"@type":"EntryPoint","urlTemplate":"https:\/\/vet-chem.com\/de\/?s={search_term_string}"},"query-input":{"@type":"PropertyValueSpecification","valueRequired":true,"valueName":"search_term_string"}}],"inLanguage":"de"},{"@type":"Organization","@id":"https:\/\/vet-chem.com\/de\/#organization","name":"Vetchem","url":"https:\/\/vet-chem.com\/de\/","logo":{"@type":"ImageObject","inLanguage":"de","@id":"https:\/\/vet-chem.com\/de\/#\/schema\/logo\/image\/","url":"https:\/\/vet-chem.com\/wp-content\/uploads\/2024\/06\/logo.svg","contentUrl":"https:\/\/vet-chem.com\/wp-content\/uploads\/2024\/06\/logo.svg","width":412,"height":195,"caption":"Vetchem"},"image":{"@id":"https:\/\/vet-chem.com\/de\/#\/schema\/logo\/image\/"},"sameAs":["https:\/\/www.facebook.com\/VetChemGerman"]}]}},"_links":{"self":[{"href":"https:\/\/vet-chem.com\/de\/wp-json\/wp\/v2\/product\/934","targetHints":{"allow":["GET"]}}],"collection":[{"href":"https:\/\/vet-chem.com\/de\/wp-json\/wp\/v2\/product"}],"about":[{"href":"https:\/\/vet-chem.com\/de\/wp-json\/wp\/v2\/types\/product"}],"replies":[{"embeddable":true,"href":"https:\/\/vet-chem.com\/de\/wp-json\/wp\/v2\/comments?post=934"}],"wp:featuredmedia":[{"embeddable":true,"href":"https:\/\/vet-chem.com\/de\/wp-json\/wp\/v2\/media\/756"}],"wp:attachment":[{"href":"https:\/\/vet-chem.com\/de\/wp-json\/wp\/v2\/media?parent=934"}],"wp:term":[{"taxonomy":"product_brand","embeddable":true,"href":"https:\/\/vet-chem.com\/de\/wp-json\/wp\/v2\/product_brand?post=934"},{"taxonomy":"product_cat","embeddable":true,"href":"https:\/\/vet-chem.com\/de\/wp-json\/wp\/v2\/product_cat?post=934"},{"taxonomy":"product_tag","embeddable":true,"href":"https:\/\/vet-chem.com\/de\/wp-json\/wp\/v2\/product_tag?post=934"}],"curies":[{"name":"wp","href":"https:\/\/api.w.org\/{rel}","templated":true}]}}