{"id":935,"date":"2024-08-05T12:35:42","date_gmt":"2024-08-05T09:35:42","guid":{"rendered":"https:\/\/vet-chem.com\/product\/buserinchem-10\/"},"modified":"2024-08-31T16:55:25","modified_gmt":"2024-08-31T13:55:25","slug":"buserinchem-10","status":"publish","type":"product","link":"https:\/\/vet-chem.com\/de\/product\/buserinchem-10\/","title":{"rendered":"BUSERINCHEM 10"},"content":{"rendered":"<p>Anwendungsgebiete:<\/p>\n<p>Rinder:<br \/>\nlZur Behandlung von Unfruchtbarkeit aufgrund von Follikelzysten.<br \/>\nlZur Verbesserung der Tr\u00e4chtigkeitsrate nach Injektion zum Zeitpunkt der k\u00fcnstlichen Besamung oder w\u00e4hrend der Lutealphase<br \/>\nnach k\u00fcnstlicher Besamung.<br \/>\nlZur Synchronisierung von \u00d6strus und Eisprung (erm\u00f6glicht k\u00fcnstliche Besamung zu einem festen Zeitpunkt) in Verbindung mit der Verabreichung von<br \/>\nProstaglandin F2a oder Gestagen.<\/p>\n<p>Stute:<br \/>\nlZur Induktion des Eisprungs, wenn ein reifer Follikel vorhanden ist, wodurch der Eisprung bei Stuten enger mit der Paarung synchronisiert wird.<br \/>\nlZur Verbesserung der Empf\u00e4ngnisrate nach Verabreichung w\u00e4hrend der sp\u00e4ten Lutealphase<br \/>\nnach Paarung oder k\u00fcnstlicher Besamung.<\/p>\n<p>Kaninchen:<br \/>\nl Induktion des Eisprungs bei Kaninchenziegen.<br \/>\nl Verbesserung der Empf\u00e4ngnisrate.<br \/>\nAnwendungsgebiete:<br \/>\nDosierung f\u00fcr jede Tierart, Verabreichungsweg(e) und -methode<br \/>\nRind:<br \/>\nlZur Behandlung von Follikelzysten mit oder ohne Nymphomaniesymptome 20 \u03bcg<br \/>\n(entspricht 5 ml Injektionsl\u00f6sung).<br \/>\nl Zur Verbesserung der Empf\u00e4ngnisrate: 10 \u03bcg (2,5 ml) \/ Tier.<br \/>\nl Zur Synchronisierung von \u00d6strus und Eisprung vor der k\u00fcnstlichen Besamung: 10 \u03bcg (2,5 ml) \/ Tier.<br \/>\nStute:<br \/>\nl Zur Eisprunginduktion: 40 \u03bcg (10 ml) \/ Tier.<br \/>\nlZur Verbesserung der Empf\u00e4ngnisrate: 40 \u03bcg (10 ml) \/ Tier.<br \/>\nKaninchen:<br \/>\nl Verbesserung der Empf\u00e4ngnisrate: 0,8 \u03bcg (0,2 ml) \/ Tier.<br \/>\nl Eisprunginduktion post partum: 0,8 \u03bcg (0,2 ml) \/ Tier.<br \/>\nDie bevorzugte Verabreichungsmethode ist die intramuskul\u00e4re Injektion (im), aber Receptal kann auch<br \/>\nintraven\u00f6s (iv) oder subkutan (sc) injiziert werden.<br \/>\nEntzugsdauer: Milch \u2013 null Tage, Fleisch \u2013 null Tage<br \/>\nLagerung: Bei 2 bis 8 \u00b0C lagern. Vor Hitze sch\u00fctzen.<\/p>\n","protected":false},"excerpt":{"rendered":"<p>Anwendungsgebiete: Rinder: lZur Behandlung von Unfruchtbarkeit aufgrund von Follikelzysten. lZur Verbesserung der Tr\u00e4chtigkeitsrate nach Injektion zum Zeitpunkt der k\u00fcnstlichen Besamung oder w\u00e4hrend der Lutealphase nach k\u00fcnstlicher Besamung. lZur Synchronisierung von \u00d6strus und Eisprung (erm\u00f6glicht k\u00fcnstliche Besamung zu einem festen Zeitpunkt) in Verbindung mit der Verabreichung von Prostaglandin F2a oder Gestagen. Stute: lZur Induktion des Eisprungs, wenn ein reifer Follikel vorhanden ist, wodurch der Eisprung bei Stuten enger mit der Paarung synchronisiert wird. lZur Verbesserung der Empf\u00e4ngnisrate nach Verabreichung w\u00e4hrend der sp\u00e4ten Lutealphase nach Paarung oder k\u00fcnstlicher Besamung. Kaninchen: l Induktion des Eisprungs bei Kaninchenziegen. l Verbesserung der Empf\u00e4ngnisrate. Anwendungsgebiete: Dosierung f\u00fcr jede Tierart, Verabreichungsweg(e) und -methode Rind: lZur Behandlung von Follikelzysten mit oder ohne Nymphomaniesymptome 20 \u03bcg (entspricht 5 ml Injektionsl\u00f6sung). l Zur Verbesserung der Empf\u00e4ngnisrate: 10 \u03bcg (2,5 ml) \/ Tier. l Zur Synchronisierung von \u00d6strus und Eisprung vor der k\u00fcnstlichen Besamung: 10 \u03bcg (2,5 ml) \/ Tier. Stute: l Zur Eisprunginduktion: 40 \u03bcg (10 ml) \/ Tier. lZur Verbesserung der Empf\u00e4ngnisrate: 40 \u03bcg (10 ml) \/ Tier. Kaninchen: l Verbesserung der Empf\u00e4ngnisrate: 0,8 \u03bcg (0,2 ml) \/ Tier. l Eisprunginduktion post partum: 0,8 \u03bcg (0,2 ml) \/ Tier. Die bevorzugte Verabreichungsmethode ist die intramuskul\u00e4re Injektion (im), aber Receptal kann auch intraven\u00f6s (iv) oder subkutan (sc) injiziert werden. Entzugsdauer: Milch \u2013 null Tage, Fleisch \u2013 null Tage Lagerung: Bei 2 bis 8 \u00b0C lagern. Vor Hitze sch\u00fctzen.<\/p>\n","protected":false},"featured_media":755,"comment_status":"open","ping_status":"closed","template":"","meta":{"site-sidebar-layout":"default","site-content-layout":"","ast-site-content-layout":"default","site-content-style":"default","site-sidebar-style":"default","ast-global-header-display":"","ast-banner-title-visibility":"","ast-main-header-display":"","ast-hfb-above-header-display":"","ast-hfb-below-header-display":"","ast-hfb-mobile-header-display":"","site-post-title":"","ast-breadcrumbs-content":"","ast-featured-img":"","footer-sml-layout":"","ast-disable-related-posts":"","theme-transparent-header-meta":"default","adv-header-id-meta":"","stick-header-meta":"","header-above-stick-meta":"","header-main-stick-meta":"","header-below-stick-meta":"","astra-migrate-meta-layouts":"set","ast-page-background-enabled":"default","ast-page-background-meta":{"desktop":{"background-color":"var(--ast-global-color-4)","background-image":"","background-repeat":"repeat","background-position":"center center","background-size":"auto","background-attachment":"scroll","background-type":"","background-media":"","overlay-type":"","overlay-color":"","overlay-opacity":"","overlay-gradient":""},"tablet":{"background-color":"","background-image":"","background-repeat":"repeat","background-position":"center center","background-size":"auto","background-attachment":"scroll","background-type":"","background-media":"","overlay-type":"","overlay-color":"","overlay-opacity":"","overlay-gradient":""},"mobile":{"background-color":"","background-image":"","background-repeat":"repeat","background-position":"center center","background-size":"auto","background-attachment":"scroll","background-type":"","background-media":"","overlay-type":"","overlay-color":"","overlay-opacity":"","overlay-gradient":""}},"ast-content-background-meta":{"desktop":{"background-color":"var(--ast-global-color-5)","background-image":"","background-repeat":"repeat","background-position":"center center","background-size":"auto","background-attachment":"scroll","background-type":"","background-media":"","overlay-type":"","overlay-color":"","overlay-opacity":"","overlay-gradient":""},"tablet":{"background-color":"var(--ast-global-color-5)","background-image":"","background-repeat":"repeat","background-position":"center center","background-size":"auto","background-attachment":"scroll","background-type":"","background-media":"","overlay-type":"","overlay-color":"","overlay-opacity":"","overlay-gradient":""},"mobile":{"background-color":"var(--ast-global-color-5)","background-image":"","background-repeat":"repeat","background-position":"center center","background-size":"auto","background-attachment":"scroll","background-type":"","background-media":"","overlay-type":"","overlay-color":"","overlay-opacity":"","overlay-gradient":""}}},"product_brand":[],"product_cat":[42],"product_tag":[],"class_list":{"0":"post-935","1":"product","2":"type-product","3":"status-publish","4":"has-post-thumbnail","6":"product_cat-unkategorisiert","7":"desktop-align-left","8":"tablet-align-left","9":"mobile-align-left","11":"first","12":"instock","13":"shipping-taxable","14":"product-type-simple"},"yoast_head":"<!-- This site is optimized with the Yoast SEO plugin v27.3 - https:\/\/yoast.com\/product\/yoast-seo-wordpress\/ -->\n<title>BUSERINCHEM 10 - Vetchem<\/title>\n<meta name=\"robots\" content=\"index, follow, max-snippet:-1, max-image-preview:large, max-video-preview:-1\" \/>\n<link rel=\"canonical\" href=\"https:\/\/vet-chem.com\/de\/product\/buserinchem-10\/\" \/>\n<meta property=\"og:locale\" content=\"de_DE\" \/>\n<meta property=\"og:type\" content=\"article\" \/>\n<meta property=\"og:title\" content=\"BUSERINCHEM 10 - Vetchem\" \/>\n<meta property=\"og:description\" content=\"Anwendungsgebiete: Rinder: lZur Behandlung von Unfruchtbarkeit aufgrund von Follikelzysten. lZur Verbesserung der Tr\u00e4chtigkeitsrate nach Injektion zum Zeitpunkt der k\u00fcnstlichen Besamung oder w\u00e4hrend der Lutealphase nach k\u00fcnstlicher Besamung. lZur Synchronisierung von \u00d6strus und Eisprung (erm\u00f6glicht k\u00fcnstliche Besamung zu einem festen Zeitpunkt) in Verbindung mit der Verabreichung von Prostaglandin F2a oder Gestagen. Stute: lZur Induktion des Eisprungs, wenn ein reifer Follikel vorhanden ist, wodurch der Eisprung bei Stuten enger mit der Paarung synchronisiert wird. lZur Verbesserung der Empf\u00e4ngnisrate nach Verabreichung w\u00e4hrend der sp\u00e4ten Lutealphase nach Paarung oder k\u00fcnstlicher Besamung. Kaninchen: l Induktion des Eisprungs bei Kaninchenziegen. l Verbesserung der Empf\u00e4ngnisrate. Anwendungsgebiete: Dosierung f\u00fcr jede Tierart, Verabreichungsweg(e) und -methode Rind: lZur Behandlung von Follikelzysten mit oder ohne Nymphomaniesymptome 20 \u03bcg (entspricht 5 ml Injektionsl\u00f6sung). l Zur Verbesserung der Empf\u00e4ngnisrate: 10 \u03bcg (2,5 ml) \/ Tier. l Zur Synchronisierung von \u00d6strus und Eisprung vor der k\u00fcnstlichen Besamung: 10 \u03bcg (2,5 ml) \/ Tier. Stute: l Zur Eisprunginduktion: 40 \u03bcg (10 ml) \/ Tier. lZur Verbesserung der Empf\u00e4ngnisrate: 40 \u03bcg (10 ml) \/ Tier. Kaninchen: l Verbesserung der Empf\u00e4ngnisrate: 0,8 \u03bcg (0,2 ml) \/ Tier. l Eisprunginduktion post partum: 0,8 \u03bcg (0,2 ml) \/ Tier. Die bevorzugte Verabreichungsmethode ist die intramuskul\u00e4re Injektion (im), aber Receptal kann auch intraven\u00f6s (iv) oder subkutan (sc) injiziert werden. Entzugsdauer: Milch \u2013 null Tage, Fleisch \u2013 null Tage Lagerung: Bei 2 bis 8 \u00b0C lagern. Vor Hitze sch\u00fctzen.\" \/>\n<meta property=\"og:url\" content=\"https:\/\/vet-chem.com\/de\/product\/buserinchem-10\/\" \/>\n<meta property=\"og:site_name\" content=\"Vetchem\" \/>\n<meta property=\"article:publisher\" content=\"https:\/\/www.facebook.com\/VetChemGerman\" \/>\n<meta property=\"article:modified_time\" content=\"2024-08-31T13:55:25+00:00\" \/>\n<meta property=\"og:image\" content=\"https:\/\/vet-chem.com\/wp-content\/uploads\/2024\/08\/BUSERINCHEM.jpg\" \/>\n\t<meta property=\"og:image:width\" content=\"1280\" \/>\n\t<meta property=\"og:image:height\" content=\"1238\" \/>\n\t<meta property=\"og:image:type\" content=\"image\/jpeg\" \/>\n<meta name=\"twitter:card\" content=\"summary_large_image\" \/>\n<meta name=\"twitter:label1\" content=\"Gesch\u00e4tzte Lesezeit\" \/>\n\t<meta name=\"twitter:data1\" content=\"1\u00a0Minute\" \/>\n<script type=\"application\/ld+json\" class=\"yoast-schema-graph\">{\"@context\":\"https:\\\/\\\/schema.org\",\"@graph\":[{\"@type\":\"WebPage\",\"@id\":\"https:\\\/\\\/vet-chem.com\\\/de\\\/product\\\/buserinchem-10\\\/\",\"url\":\"https:\\\/\\\/vet-chem.com\\\/de\\\/product\\\/buserinchem-10\\\/\",\"name\":\"BUSERINCHEM 10 - Vetchem\",\"isPartOf\":{\"@id\":\"https:\\\/\\\/vet-chem.com\\\/de\\\/#website\"},\"primaryImageOfPage\":{\"@id\":\"https:\\\/\\\/vet-chem.com\\\/de\\\/product\\\/buserinchem-10\\\/#primaryimage\"},\"image\":{\"@id\":\"https:\\\/\\\/vet-chem.com\\\/de\\\/product\\\/buserinchem-10\\\/#primaryimage\"},\"thumbnailUrl\":\"https:\\\/\\\/vet-chem.com\\\/wp-content\\\/uploads\\\/2024\\\/08\\\/BUSERINCHEM.jpg\",\"datePublished\":\"2024-08-05T09:35:42+00:00\",\"dateModified\":\"2024-08-31T13:55:25+00:00\",\"breadcrumb\":{\"@id\":\"https:\\\/\\\/vet-chem.com\\\/de\\\/product\\\/buserinchem-10\\\/#breadcrumb\"},\"inLanguage\":\"de\",\"potentialAction\":[{\"@type\":\"ReadAction\",\"target\":[\"https:\\\/\\\/vet-chem.com\\\/de\\\/product\\\/buserinchem-10\\\/\"]}]},{\"@type\":\"ImageObject\",\"inLanguage\":\"de\",\"@id\":\"https:\\\/\\\/vet-chem.com\\\/de\\\/product\\\/buserinchem-10\\\/#primaryimage\",\"url\":\"https:\\\/\\\/vet-chem.com\\\/wp-content\\\/uploads\\\/2024\\\/08\\\/BUSERINCHEM.jpg\",\"contentUrl\":\"https:\\\/\\\/vet-chem.com\\\/wp-content\\\/uploads\\\/2024\\\/08\\\/BUSERINCHEM.jpg\",\"width\":1280,\"height\":1238},{\"@type\":\"BreadcrumbList\",\"@id\":\"https:\\\/\\\/vet-chem.com\\\/de\\\/product\\\/buserinchem-10\\\/#breadcrumb\",\"itemListElement\":[{\"@type\":\"ListItem\",\"position\":1,\"name\":\"Home\",\"item\":\"https:\\\/\\\/vet-chem.com\\\/de\\\/home\\\/\"},{\"@type\":\"ListItem\",\"position\":2,\"name\":\"Produkte\",\"item\":\"https:\\\/\\\/vet-chem.com\\\/de\\\/shop\\\/\"},{\"@type\":\"ListItem\",\"position\":3,\"name\":\"BUSERINCHEM 10\"}]},{\"@type\":\"WebSite\",\"@id\":\"https:\\\/\\\/vet-chem.com\\\/de\\\/#website\",\"url\":\"https:\\\/\\\/vet-chem.com\\\/de\\\/\",\"name\":\"Vetchem\",\"description\":\"\",\"publisher\":{\"@id\":\"https:\\\/\\\/vet-chem.com\\\/de\\\/#organization\"},\"potentialAction\":[{\"@type\":\"SearchAction\",\"target\":{\"@type\":\"EntryPoint\",\"urlTemplate\":\"https:\\\/\\\/vet-chem.com\\\/de\\\/?s={search_term_string}\"},\"query-input\":{\"@type\":\"PropertyValueSpecification\",\"valueRequired\":true,\"valueName\":\"search_term_string\"}}],\"inLanguage\":\"de\"},{\"@type\":\"Organization\",\"@id\":\"https:\\\/\\\/vet-chem.com\\\/de\\\/#organization\",\"name\":\"Vetchem\",\"url\":\"https:\\\/\\\/vet-chem.com\\\/de\\\/\",\"logo\":{\"@type\":\"ImageObject\",\"inLanguage\":\"de\",\"@id\":\"https:\\\/\\\/vet-chem.com\\\/de\\\/#\\\/schema\\\/logo\\\/image\\\/\",\"url\":\"https:\\\/\\\/vet-chem.com\\\/wp-content\\\/uploads\\\/2024\\\/06\\\/logo.svg\",\"contentUrl\":\"https:\\\/\\\/vet-chem.com\\\/wp-content\\\/uploads\\\/2024\\\/06\\\/logo.svg\",\"width\":412,\"height\":195,\"caption\":\"Vetchem\"},\"image\":{\"@id\":\"https:\\\/\\\/vet-chem.com\\\/de\\\/#\\\/schema\\\/logo\\\/image\\\/\"},\"sameAs\":[\"https:\\\/\\\/www.facebook.com\\\/VetChemGerman\"]}]}<\/script>\n<!-- \/ Yoast SEO plugin. -->","yoast_head_json":{"title":"BUSERINCHEM 10 - Vetchem","robots":{"index":"index","follow":"follow","max-snippet":"max-snippet:-1","max-image-preview":"max-image-preview:large","max-video-preview":"max-video-preview:-1"},"canonical":"https:\/\/vet-chem.com\/de\/product\/buserinchem-10\/","og_locale":"de_DE","og_type":"article","og_title":"BUSERINCHEM 10 - Vetchem","og_description":"Anwendungsgebiete: Rinder: lZur Behandlung von Unfruchtbarkeit aufgrund von Follikelzysten. lZur Verbesserung der Tr\u00e4chtigkeitsrate nach Injektion zum Zeitpunkt der k\u00fcnstlichen Besamung oder w\u00e4hrend der Lutealphase nach k\u00fcnstlicher Besamung. lZur Synchronisierung von \u00d6strus und Eisprung (erm\u00f6glicht k\u00fcnstliche Besamung zu einem festen Zeitpunkt) in Verbindung mit der Verabreichung von Prostaglandin F2a oder Gestagen. Stute: lZur Induktion des Eisprungs, wenn ein reifer Follikel vorhanden ist, wodurch der Eisprung bei Stuten enger mit der Paarung synchronisiert wird. lZur Verbesserung der Empf\u00e4ngnisrate nach Verabreichung w\u00e4hrend der sp\u00e4ten Lutealphase nach Paarung oder k\u00fcnstlicher Besamung. Kaninchen: l Induktion des Eisprungs bei Kaninchenziegen. l Verbesserung der Empf\u00e4ngnisrate. Anwendungsgebiete: Dosierung f\u00fcr jede Tierart, Verabreichungsweg(e) und -methode Rind: lZur Behandlung von Follikelzysten mit oder ohne Nymphomaniesymptome 20 \u03bcg (entspricht 5 ml Injektionsl\u00f6sung). l Zur Verbesserung der Empf\u00e4ngnisrate: 10 \u03bcg (2,5 ml) \/ Tier. l Zur Synchronisierung von \u00d6strus und Eisprung vor der k\u00fcnstlichen Besamung: 10 \u03bcg (2,5 ml) \/ Tier. Stute: l Zur Eisprunginduktion: 40 \u03bcg (10 ml) \/ Tier. lZur Verbesserung der Empf\u00e4ngnisrate: 40 \u03bcg (10 ml) \/ Tier. Kaninchen: l Verbesserung der Empf\u00e4ngnisrate: 0,8 \u03bcg (0,2 ml) \/ Tier. l Eisprunginduktion post partum: 0,8 \u03bcg (0,2 ml) \/ Tier. Die bevorzugte Verabreichungsmethode ist die intramuskul\u00e4re Injektion (im), aber Receptal kann auch intraven\u00f6s (iv) oder subkutan (sc) injiziert werden. Entzugsdauer: Milch \u2013 null Tage, Fleisch \u2013 null Tage Lagerung: Bei 2 bis 8 \u00b0C lagern. Vor Hitze sch\u00fctzen.","og_url":"https:\/\/vet-chem.com\/de\/product\/buserinchem-10\/","og_site_name":"Vetchem","article_publisher":"https:\/\/www.facebook.com\/VetChemGerman","article_modified_time":"2024-08-31T13:55:25+00:00","og_image":[{"width":1280,"height":1238,"url":"https:\/\/vet-chem.com\/wp-content\/uploads\/2024\/08\/BUSERINCHEM.jpg","type":"image\/jpeg"}],"twitter_card":"summary_large_image","twitter_misc":{"Gesch\u00e4tzte Lesezeit":"1\u00a0Minute"},"schema":{"@context":"https:\/\/schema.org","@graph":[{"@type":"WebPage","@id":"https:\/\/vet-chem.com\/de\/product\/buserinchem-10\/","url":"https:\/\/vet-chem.com\/de\/product\/buserinchem-10\/","name":"BUSERINCHEM 10 - Vetchem","isPartOf":{"@id":"https:\/\/vet-chem.com\/de\/#website"},"primaryImageOfPage":{"@id":"https:\/\/vet-chem.com\/de\/product\/buserinchem-10\/#primaryimage"},"image":{"@id":"https:\/\/vet-chem.com\/de\/product\/buserinchem-10\/#primaryimage"},"thumbnailUrl":"https:\/\/vet-chem.com\/wp-content\/uploads\/2024\/08\/BUSERINCHEM.jpg","datePublished":"2024-08-05T09:35:42+00:00","dateModified":"2024-08-31T13:55:25+00:00","breadcrumb":{"@id":"https:\/\/vet-chem.com\/de\/product\/buserinchem-10\/#breadcrumb"},"inLanguage":"de","potentialAction":[{"@type":"ReadAction","target":["https:\/\/vet-chem.com\/de\/product\/buserinchem-10\/"]}]},{"@type":"ImageObject","inLanguage":"de","@id":"https:\/\/vet-chem.com\/de\/product\/buserinchem-10\/#primaryimage","url":"https:\/\/vet-chem.com\/wp-content\/uploads\/2024\/08\/BUSERINCHEM.jpg","contentUrl":"https:\/\/vet-chem.com\/wp-content\/uploads\/2024\/08\/BUSERINCHEM.jpg","width":1280,"height":1238},{"@type":"BreadcrumbList","@id":"https:\/\/vet-chem.com\/de\/product\/buserinchem-10\/#breadcrumb","itemListElement":[{"@type":"ListItem","position":1,"name":"Home","item":"https:\/\/vet-chem.com\/de\/home\/"},{"@type":"ListItem","position":2,"name":"Produkte","item":"https:\/\/vet-chem.com\/de\/shop\/"},{"@type":"ListItem","position":3,"name":"BUSERINCHEM 10"}]},{"@type":"WebSite","@id":"https:\/\/vet-chem.com\/de\/#website","url":"https:\/\/vet-chem.com\/de\/","name":"Vetchem","description":"","publisher":{"@id":"https:\/\/vet-chem.com\/de\/#organization"},"potentialAction":[{"@type":"SearchAction","target":{"@type":"EntryPoint","urlTemplate":"https:\/\/vet-chem.com\/de\/?s={search_term_string}"},"query-input":{"@type":"PropertyValueSpecification","valueRequired":true,"valueName":"search_term_string"}}],"inLanguage":"de"},{"@type":"Organization","@id":"https:\/\/vet-chem.com\/de\/#organization","name":"Vetchem","url":"https:\/\/vet-chem.com\/de\/","logo":{"@type":"ImageObject","inLanguage":"de","@id":"https:\/\/vet-chem.com\/de\/#\/schema\/logo\/image\/","url":"https:\/\/vet-chem.com\/wp-content\/uploads\/2024\/06\/logo.svg","contentUrl":"https:\/\/vet-chem.com\/wp-content\/uploads\/2024\/06\/logo.svg","width":412,"height":195,"caption":"Vetchem"},"image":{"@id":"https:\/\/vet-chem.com\/de\/#\/schema\/logo\/image\/"},"sameAs":["https:\/\/www.facebook.com\/VetChemGerman"]}]}},"_links":{"self":[{"href":"https:\/\/vet-chem.com\/de\/wp-json\/wp\/v2\/product\/935","targetHints":{"allow":["GET"]}}],"collection":[{"href":"https:\/\/vet-chem.com\/de\/wp-json\/wp\/v2\/product"}],"about":[{"href":"https:\/\/vet-chem.com\/de\/wp-json\/wp\/v2\/types\/product"}],"replies":[{"embeddable":true,"href":"https:\/\/vet-chem.com\/de\/wp-json\/wp\/v2\/comments?post=935"}],"wp:featuredmedia":[{"embeddable":true,"href":"https:\/\/vet-chem.com\/de\/wp-json\/wp\/v2\/media\/755"}],"wp:attachment":[{"href":"https:\/\/vet-chem.com\/de\/wp-json\/wp\/v2\/media?parent=935"}],"wp:term":[{"taxonomy":"product_brand","embeddable":true,"href":"https:\/\/vet-chem.com\/de\/wp-json\/wp\/v2\/product_brand?post=935"},{"taxonomy":"product_cat","embeddable":true,"href":"https:\/\/vet-chem.com\/de\/wp-json\/wp\/v2\/product_cat?post=935"},{"taxonomy":"product_tag","embeddable":true,"href":"https:\/\/vet-chem.com\/de\/wp-json\/wp\/v2\/product_tag?post=935"}],"curies":[{"name":"wp","href":"https:\/\/api.w.org\/{rel}","templated":true}]}}